{"id":3833,"date":"2025-09-23T15:42:09","date_gmt":"2025-09-23T18:42:09","guid":{"rendered":"https:\/\/utfpr.curitiba.br\/damec\/?page_id=3833"},"modified":"2025-10-02T17:07:38","modified_gmt":"2025-10-02T20:07:38","slug":"projetos","status":"publish","type":"page","link":"https:\/\/utfpr.curitiba.br\/damec\/?page_id=3833","title":{"rendered":"Projetos"},"content":{"rendered":"\t\t<div data-elementor-type=\"wp-page\" data-elementor-id=\"3833\" class=\"elementor elementor-3833\">\n\t\t\t\t\t\t<section class=\"elementor-section elementor-top-section elementor-element elementor-element-fe7a11a elementor-section-boxed elementor-section-height-default elementor-section-height-default\" data-id=\"fe7a11a\" data-element_type=\"section\" data-e-type=\"section\">\n\t\t\t\t\t\t<div class=\"elementor-container elementor-column-gap-default\">\n\t\t\t\t\t<div class=\"elementor-column elementor-col-100 elementor-top-column elementor-element elementor-element-a3c1676\" data-id=\"a3c1676\" data-element_type=\"column\" data-e-type=\"column\">\n\t\t\t<div class=\"elementor-widget-wrap elementor-element-populated\">\n\t\t\t\t\t\t<div class=\"elementor-element elementor-element-77afa1b elementor-widget elementor-widget-hfe-breadcrumbs-widget\" data-id=\"77afa1b\" data-element_type=\"widget\" data-e-type=\"widget\" data-widget_type=\"hfe-breadcrumbs-widget.default\">\n\t\t\t\t<div class=\"elementor-widget-container\">\n\t\t\t\t\t<nav aria-label=\"Breadcrumb\"><ul class=\"hfe-breadcrumbs hfe-breadcrumbs-show-home\"><li class=\"hfe-breadcrumbs-item hfe-breadcrumbs-first\"><span class=\"hfe-breadcrumbs-home-icon\"><i aria-hidden=\"true\" class=\"fas fa-home\"><\/i><\/span><a href=\"https:\/\/utfpr.curitiba.br\/damec\"><span class=\"hfe-breadcrumbs-text\">Home<\/span><\/a><\/li><\/ul><\/nav>\t\t\t\t<\/div>\n\t\t\t\t<\/div>\n\t\t\t\t<div class=\"elementor-element elementor-element-651c54a elementor-widget elementor-widget-heading\" data-id=\"651c54a\" data-element_type=\"widget\" data-e-type=\"widget\" data-widget_type=\"heading.default\">\n\t\t\t\t<div class=\"elementor-widget-container\">\n\t\t\t\t\t<h2 class=\"elementor-heading-title elementor-size-default\"><b>Projetos e Equipes<\/b><\/h2>\t\t\t\t<\/div>\n\t\t\t\t<\/div>\n\t\t\t\t<div class=\"elementor-element elementor-element-e13e0d5 elementor-widget elementor-widget-text-editor\" data-id=\"e13e0d5\" data-element_type=\"widget\" data-e-type=\"widget\" data-widget_type=\"text-editor.default\">\n\t\t\t\t<div class=\"elementor-widget-container\">\n\t\t\t\t\t\t\t\t\t<ul><li>F\u00f3rmula SAE &#8211; <a href=\"https:\/\/www.instagram.com\/formulautfpr\/\">F\u00f3rmula UTFPR<\/a><\/li><li>Baja SAE &#8211; <a href=\"https:\/\/www.instagram.com\/imperadorutfpr\/\">Imperador<\/a><\/li><li>Rob\u00f3tica &#8211; <a href=\"http:\/\/www.instagram.com\/crossbots\/\">Crossbots<\/a><\/li><li>Shell Eco Marathon &#8211; <a href=\"https:\/\/www.instagram.com\/relampinhaoutfpr\/\">Relampinh\u00e3o<\/a><\/li><li>Aerodesign &#8211; <a href=\"https:\/\/www.instagram.com\/acalantis.utfpr\/\">Acal\u00e2ntis<\/a><\/li><li>H2 Design &#8211; <a href=\"https:\/\/www.instagram.com\/protium.utfpr\/\">Protium<\/a><\/li><li>Foguetemodelismo &#8211; <a href=\"https:\/\/www.instagram.com\/antaresutfpr\/?e=6cd17536-c210-4ffe-ad48-4db49157328d&amp;g=5\">Antares<\/a><\/li><\/ul>\t\t\t\t\t\t\t\t<\/div>\n\t\t\t\t<\/div>\n\t\t\t\t\t<\/div>\n\t\t<\/div>\n\t\t\t\t\t<\/div>\n\t\t<\/section>\n\t\t\t\t<\/div>\n\t\t","protected":false},"excerpt":{"rendered":"<p>Home Projetos e Equipes F\u00f3rmula SAE &#8211; F\u00f3rmula UTFPR Baja SAE &#8211; Imperador Rob\u00f3tica &#8211; Crossbots Shell Eco Marathon &#8211;<\/p>\n","protected":false},"author":384,"featured_media":0,"parent":0,"menu_order":0,"comment_status":"closed","ping_status":"closed","template":"","meta":{"colormag_page_container_layout":"default_layout","colormag_page_sidebar_layout":"default_layout","footnotes":""},"class_list":["post-3833","page","type-page","status-publish","hentry"],"_links":{"self":[{"href":"https:\/\/utfpr.curitiba.br\/damec\/index.php?rest_route=\/wp\/v2\/pages\/3833","targetHints":{"allow":["GET"]}}],"collection":[{"href":"https:\/\/utfpr.curitiba.br\/damec\/index.php?rest_route=\/wp\/v2\/pages"}],"about":[{"href":"https:\/\/utfpr.curitiba.br\/damec\/index.php?rest_route=\/wp\/v2\/types\/page"}],"author":[{"embeddable":true,"href":"https:\/\/utfpr.curitiba.br\/damec\/index.php?rest_route=\/wp\/v2\/users\/384"}],"replies":[{"embeddable":true,"href":"https:\/\/utfpr.curitiba.br\/damec\/index.php?rest_route=%2Fwp%2Fv2%2Fcomments&post=3833"}],"version-history":[{"count":10,"href":"https:\/\/utfpr.curitiba.br\/damec\/index.php?rest_route=\/wp\/v2\/pages\/3833\/revisions"}],"predecessor-version":[{"id":4319,"href":"https:\/\/utfpr.curitiba.br\/damec\/index.php?rest_route=\/wp\/v2\/pages\/3833\/revisions\/4319"}],"wp:attachment":[{"href":"https:\/\/utfpr.curitiba.br\/damec\/index.php?rest_route=%2Fwp%2Fv2%2Fmedia&parent=3833"}],"curies":[{"name":"wp","href":"https:\/\/api.w.org\/{rel}","templated":true}]}}