{"id":3832,"date":"2025-09-23T15:42:09","date_gmt":"2025-09-23T18:42:09","guid":{"rendered":"https:\/\/utfpr.curitiba.br\/damec\/?page_id=3832"},"modified":"2026-03-20T16:28:37","modified_gmt":"2026-03-20T19:28:37","slug":"engenharia-de-producao-2","status":"publish","type":"page","link":"https:\/\/utfpr.curitiba.br\/damec\/?page_id=3832","title":{"rendered":"Engenharia de Produ\u00e7\u00e3o"},"content":{"rendered":"\t\t<div data-elementor-type=\"wp-page\" data-elementor-id=\"3832\" class=\"elementor elementor-3832\">\n\t\t\t\t\t\t<section class=\"elementor-section elementor-top-section elementor-element elementor-element-4c9719a8 elementor-section-boxed elementor-section-height-default elementor-section-height-default\" data-id=\"4c9719a8\" data-element_type=\"section\" data-e-type=\"section\">\n\t\t\t\t\t\t<div class=\"elementor-container elementor-column-gap-default\">\n\t\t\t\t\t<div class=\"elementor-column elementor-col-100 elementor-top-column elementor-element elementor-element-3feb771f\" data-id=\"3feb771f\" data-element_type=\"column\" data-e-type=\"column\">\n\t\t\t<div class=\"elementor-widget-wrap elementor-element-populated\">\n\t\t\t\t\t\t<div class=\"elementor-element elementor-element-e15f41c elementor-widget elementor-widget-hfe-breadcrumbs-widget\" data-id=\"e15f41c\" data-element_type=\"widget\" data-e-type=\"widget\" data-widget_type=\"hfe-breadcrumbs-widget.default\">\n\t\t\t\t<div class=\"elementor-widget-container\">\n\t\t\t\t\t<nav aria-label=\"Breadcrumb\"><ul class=\"hfe-breadcrumbs hfe-breadcrumbs-show-home\"><li class=\"hfe-breadcrumbs-item hfe-breadcrumbs-first\"><span class=\"hfe-breadcrumbs-home-icon\"><i aria-hidden=\"true\" class=\"fas fa-home\"><\/i><\/span><a href=\"https:\/\/utfpr.curitiba.br\/damec\"><span class=\"hfe-breadcrumbs-text\">Home<\/span><\/a><\/li><\/ul><\/nav>\t\t\t\t<\/div>\n\t\t\t\t<\/div>\n\t\t\t\t<div class=\"elementor-element elementor-element-8b66925 elementor-widget elementor-widget-heading\" data-id=\"8b66925\" data-element_type=\"widget\" data-e-type=\"widget\" data-widget_type=\"heading.default\">\n\t\t\t\t<div class=\"elementor-widget-container\">\n\t\t\t\t\t<h2 class=\"elementor-heading-title elementor-size-default\"><b>Engenharia de Produ\u00e7\u00e3o<\/b><\/h2>\t\t\t\t<\/div>\n\t\t\t\t<\/div>\n\t\t\t\t<div class=\"elementor-element elementor-element-2ea2256 elementor-widget elementor-widget-text-editor\" data-id=\"2ea2256\" data-element_type=\"widget\" data-e-type=\"widget\" data-widget_type=\"text-editor.default\">\n\t\t\t\t<div class=\"elementor-widget-container\">\n\t\t\t\t\t\t\t\t\t<p><strong>Dura\u00e7\u00e3o:<\/strong> 5 anos<br><strong>Modalidade:<\/strong> Presencial (Curitiba &#8211; Ecoville)<br><strong>Regime:<\/strong> Semestral<br><strong>Turno:<\/strong> Integral (T\/N)<br>22 vagas por semestre<\/p>\t\t\t\t\t\t\t\t<\/div>\n\t\t\t\t<\/div>\n\t\t\t\t<div class=\"elementor-element elementor-element-66668536 elementor-widget elementor-widget-text-editor\" data-id=\"66668536\" data-element_type=\"widget\" data-e-type=\"widget\" data-widget_type=\"text-editor.default\">\n\t\t\t\t<div class=\"elementor-widget-container\">\n\t\t\t\t\t\t\t\t\t<p><\/p>\n<p>O curso visa formar engenheiros que criar\u00e3o solu\u00e7\u00f5es integradas em sistemas de produ\u00e7\u00e3o para otimizar recursos e aspectos de produtividade, relacionados \u00e0 flexibilidade, velocidade, confiabilidade e qualidade, al\u00e9m de reduzir riscos.<\/p>\n<p>A forma\u00e7\u00e3o visa atender as necessidades anal\u00edticas e quantitativas para a tomada de decis\u00e3o. As mat\u00e9rias s\u00e3o multidisciplinares e abrangem o ciclo de opera\u00e7\u00e3o e do produto: estrat\u00e9gia, concep\u00e7\u00e3o, projeto, implanta\u00e7\u00e3o e opera\u00e7\u00e3o.<\/p>\n<p>O egresso estar\u00e1 preparado para analisar os elos da rede de suprimentos, produ\u00e7\u00e3o e distribui\u00e7\u00e3o, com \u00eanfase nas engenharias de capacidade, de confiabilidade, de rede de fornecedores e de sustentabilidade, planejamento, controle e sincroniza\u00e7\u00e3o. O profissional poder\u00e1 atuar em planejamento e opera\u00e7\u00f5es, solucionar problemas log\u00edsticos e da cadeia de suprimentos e conduzir pesquisas cient\u00edficas em sistemas produtivos.<\/p>\n<p><\/p>\t\t\t\t\t\t\t\t<\/div>\n\t\t\t\t<\/div>\n\t\t\t\t<div class=\"elementor-element elementor-element-a692cca elementor-widget elementor-widget-button\" data-id=\"a692cca\" data-element_type=\"widget\" data-e-type=\"widget\" data-widget_type=\"button.default\">\n\t\t\t\t<div class=\"elementor-widget-container\">\n\t\t\t\t\t\t\t\t\t<div class=\"elementor-button-wrapper\">\n\t\t\t\t\t<a class=\"elementor-button elementor-button-link elementor-size-sm\" href=\"https:\/\/www.utfpr.edu.br\/cursos\/coordenacoes\/graduacao\/curitiba\/engenharia-de-producao\">\n\t\t\t\t\t\t<span class=\"elementor-button-content-wrapper\">\n\t\t\t\t\t\t\t\t\t<span class=\"elementor-button-text\">Mais<\/span>\n\t\t\t\t\t<\/span>\n\t\t\t\t\t<\/a>\n\t\t\t\t<\/div>\n\t\t\t\t\t\t\t\t<\/div>\n\t\t\t\t<\/div>\n\t\t\t\t<div class=\"elementor-element elementor-element-2c926d2 elementor-widget elementor-widget-spacer\" data-id=\"2c926d2\" data-element_type=\"widget\" data-e-type=\"widget\" data-widget_type=\"spacer.default\">\n\t\t\t\t<div class=\"elementor-widget-container\">\n\t\t\t\t\t\t\t<div class=\"elementor-spacer\">\n\t\t\t<div class=\"elementor-spacer-inner\"><\/div>\n\t\t<\/div>\n\t\t\t\t\t\t<\/div>\n\t\t\t\t<\/div>\n\t\t\t\t\t<\/div>\n\t\t<\/div>\n\t\t\t\t\t<\/div>\n\t\t<\/section>\n\t\t\t\t<section class=\"elementor-section elementor-top-section elementor-element elementor-element-25d91af elementor-section-boxed elementor-section-height-default elementor-section-height-default\" data-id=\"25d91af\" data-element_type=\"section\" data-e-type=\"section\">\n\t\t\t\t\t\t<div class=\"elementor-container elementor-column-gap-default\">\n\t\t\t\t\t<div class=\"elementor-column elementor-col-100 elementor-top-column elementor-element elementor-element-8f07054\" data-id=\"8f07054\" data-element_type=\"column\" data-e-type=\"column\">\n\t\t\t<div class=\"elementor-widget-wrap elementor-element-populated\">\n\t\t\t\t\t\t<div class=\"elementor-element elementor-element-5539ae5 elementor-tabs-view-horizontal elementor-widget elementor-widget-tabs\" data-id=\"5539ae5\" data-element_type=\"widget\" data-e-type=\"widget\" data-widget_type=\"tabs.default\">\n\t\t\t\t<div class=\"elementor-widget-container\">\n\t\t\t\t\t\t\t<div class=\"elementor-tabs\">\n\t\t\t<div class=\"elementor-tabs-wrapper\" role=\"tablist\" >\n\t\t\t\t\t\t\t\t\t<div id=\"elementor-tab-title-8931\" class=\"elementor-tab-title elementor-tab-desktop-title\" aria-selected=\"true\" data-tab=\"1\" role=\"tab\" tabindex=\"0\" aria-controls=\"elementor-tab-content-8931\" aria-expanded=\"false\">1\u00b0 Per\u00edodo<\/div>\n\t\t\t\t\t\t\t\t\t<div id=\"elementor-tab-title-8932\" class=\"elementor-tab-title elementor-tab-desktop-title\" aria-selected=\"false\" data-tab=\"2\" role=\"tab\" tabindex=\"-1\" aria-controls=\"elementor-tab-content-8932\" aria-expanded=\"false\">2\u00b0 Per\u00edodo<\/div>\n\t\t\t\t\t\t\t\t\t<div id=\"elementor-tab-title-8933\" class=\"elementor-tab-title elementor-tab-desktop-title\" aria-selected=\"false\" data-tab=\"3\" role=\"tab\" tabindex=\"-1\" aria-controls=\"elementor-tab-content-8933\" aria-expanded=\"false\">3\u00b0 Per\u00edodo<\/div>\n\t\t\t\t\t\t\t\t\t<div id=\"elementor-tab-title-8934\" class=\"elementor-tab-title elementor-tab-desktop-title\" aria-selected=\"false\" data-tab=\"4\" role=\"tab\" tabindex=\"-1\" aria-controls=\"elementor-tab-content-8934\" aria-expanded=\"false\">4\u00b0 Per\u00edodo<\/div>\n\t\t\t\t\t\t\t\t\t<div id=\"elementor-tab-title-8935\" class=\"elementor-tab-title elementor-tab-desktop-title\" aria-selected=\"false\" data-tab=\"5\" role=\"tab\" tabindex=\"-1\" aria-controls=\"elementor-tab-content-8935\" aria-expanded=\"false\">5\u00b0 Per\u00edodo<\/div>\n\t\t\t\t\t\t\t\t\t<div id=\"elementor-tab-title-8936\" class=\"elementor-tab-title elementor-tab-desktop-title\" aria-selected=\"false\" data-tab=\"6\" role=\"tab\" tabindex=\"-1\" aria-controls=\"elementor-tab-content-8936\" aria-expanded=\"false\">6\u00b0 Per\u00edodo<\/div>\n\t\t\t\t\t\t\t\t\t<div id=\"elementor-tab-title-8937\" class=\"elementor-tab-title elementor-tab-desktop-title\" aria-selected=\"false\" data-tab=\"7\" role=\"tab\" tabindex=\"-1\" aria-controls=\"elementor-tab-content-8937\" aria-expanded=\"false\">7\u00b0 Per\u00edodo<\/div>\n\t\t\t\t\t\t\t\t\t<div id=\"elementor-tab-title-8938\" class=\"elementor-tab-title elementor-tab-desktop-title\" aria-selected=\"false\" data-tab=\"8\" role=\"tab\" tabindex=\"-1\" aria-controls=\"elementor-tab-content-8938\" aria-expanded=\"false\">8\u00b0 Per\u00edodo<\/div>\n\t\t\t\t\t\t\t\t\t<div id=\"elementor-tab-title-8939\" class=\"elementor-tab-title elementor-tab-desktop-title\" aria-selected=\"false\" data-tab=\"9\" role=\"tab\" tabindex=\"-1\" aria-controls=\"elementor-tab-content-8939\" aria-expanded=\"false\">9\u00b0 Per\u00edodo<\/div>\n\t\t\t\t\t\t\t\t\t<div id=\"elementor-tab-title-89310\" class=\"elementor-tab-title elementor-tab-desktop-title\" aria-selected=\"false\" data-tab=\"10\" role=\"tab\" tabindex=\"-1\" aria-controls=\"elementor-tab-content-89310\" aria-expanded=\"false\">10\u00b0 Per\u00edodo<\/div>\n\t\t\t\t\t\t\t<\/div>\n\t\t\t<div class=\"elementor-tabs-content-wrapper\" role=\"tablist\" aria-orientation=\"vertical\">\n\t\t\t\t\t\t\t\t\t<div class=\"elementor-tab-title elementor-tab-mobile-title\" aria-selected=\"true\" data-tab=\"1\" role=\"tab\" tabindex=\"0\" aria-controls=\"elementor-tab-content-8931\" aria-expanded=\"false\">1\u00b0 Per\u00edodo<\/div>\n\t\t\t\t\t<div id=\"elementor-tab-content-8931\" class=\"elementor-tab-content elementor-clearfix\" data-tab=\"1\" role=\"tabpanel\" aria-labelledby=\"elementor-tab-title-8931\" tabindex=\"0\" hidden=\"false\"><p>[<a>INF71A<\/a>] &#8211; Computa\u00e7\u00e3o 1<br \/>[<a>MEC71A<\/a>] &#8211; Desenho T\u00e9cnico<br \/>[MECP71A] &#8211; Geometria Analitica Para Engenharia<br \/>[MECP71B] &#8211; C\u00e1lculo Diferencial E Integral 1<br \/>[MECP71C] &#8211; Introdu\u00e7\u00e3o \u00c0 Engenharia De Produ\u00e7\u00e3o<\/p><\/div>\n\t\t\t\t\t\t\t\t\t<div class=\"elementor-tab-title elementor-tab-mobile-title\" aria-selected=\"false\" data-tab=\"2\" role=\"tab\" tabindex=\"-1\" aria-controls=\"elementor-tab-content-8932\" aria-expanded=\"false\">2\u00b0 Per\u00edodo<\/div>\n\t\t\t\t\t<div id=\"elementor-tab-content-8932\" class=\"elementor-tab-content elementor-clearfix\" data-tab=\"2\" role=\"tabpanel\" aria-labelledby=\"elementor-tab-title-8932\" tabindex=\"0\" hidden=\"hidden\"><p>[MECP72A] &#8211; \u00c1lgebra Linear Para Engenharia<br \/>[MECP72B] &#8211; C\u00e1lculo Diferencial E Integral 2<br \/>[MECP72C] &#8211; F\u00edsica Aplicada 1<br \/>[MECP72D] &#8211; Desenho Auxiliado Por Computador 1<br \/>[MECP72E] &#8211; Fundamentos De Ci\u00eancias Dos Materiais<\/p><\/div>\n\t\t\t\t\t\t\t\t\t<div class=\"elementor-tab-title elementor-tab-mobile-title\" aria-selected=\"false\" data-tab=\"3\" role=\"tab\" tabindex=\"-1\" aria-controls=\"elementor-tab-content-8933\" aria-expanded=\"false\">3\u00b0 Per\u00edodo<\/div>\n\t\t\t\t\t<div id=\"elementor-tab-content-8933\" class=\"elementor-tab-content elementor-clearfix\" data-tab=\"3\" role=\"tabpanel\" aria-labelledby=\"elementor-tab-title-8933\" tabindex=\"0\" hidden=\"hidden\"><p>[<a>EST70C<\/a>] &#8211; Introdu\u00e7\u00e3o \u00c0 Estat\u00edstica<br \/>[<a>MEC74B<\/a>] &#8211; Metrologia Mec\u00e2nica<br \/>[MECP73B] &#8211; F\u00edsica Experimental Aplicada<br \/>[MECP73C] &#8211; Organiza\u00e7\u00e3o Industrial<\/p><\/div>\n\t\t\t\t\t\t\t\t\t<div class=\"elementor-tab-title elementor-tab-mobile-title\" aria-selected=\"false\" data-tab=\"4\" role=\"tab\" tabindex=\"-1\" aria-controls=\"elementor-tab-content-8934\" aria-expanded=\"false\">4\u00b0 Per\u00edodo<\/div>\n\t\t\t\t\t<div id=\"elementor-tab-content-8934\" class=\"elementor-tab-content elementor-clearfix\" data-tab=\"4\" role=\"tabpanel\" aria-labelledby=\"elementor-tab-title-8934\" tabindex=\"0\" hidden=\"hidden\"><p>[<a>MEC73C<\/a>] &#8211; Est\u00e1tica<br \/>[<a>MEC75A<\/a>] &#8211; Fen\u00f4menos De Transporte<br \/>[MECP74A] &#8211; Gest\u00e3o De Opera\u00e7\u00f5es<br \/>[MECP74B] &#8211; Eletricidade<br \/>[MECP74C] &#8211; Processos Metal\u00fargicos De Fabrica\u00e7\u00e3o E Soldagem<\/p><\/div>\n\t\t\t\t\t\t\t\t\t<div class=\"elementor-tab-title elementor-tab-mobile-title\" aria-selected=\"false\" data-tab=\"5\" role=\"tab\" tabindex=\"-1\" aria-controls=\"elementor-tab-content-8935\" aria-expanded=\"false\">5\u00b0 Per\u00edodo<\/div>\n\t\t\t\t\t<div id=\"elementor-tab-content-8935\" class=\"elementor-tab-content elementor-clearfix\" data-tab=\"5\" role=\"tabpanel\" aria-labelledby=\"elementor-tab-title-8935\" tabindex=\"0\" hidden=\"hidden\"><p>[<a>MEC76A<\/a>] &#8211; Mec\u00e2nica Dos S\u00f3lidos 1<br \/>[MEC77C] &#8211; Fundamentos De Engenharia De Seguran\u00e7a Do Trabalho<br \/>[MEC78G] &#8211; Metodologia De Projeto De Produto<br \/>[<a>MEC79E<\/a>] &#8211; Sistemas De Gest\u00e3o Da Qualidade<br \/>[MEC7CL] &#8211; Planejamento E Controle Da Produ\u00e7\u00e3o 1<br \/>[MECP75A] &#8211; Usinagem Convencional<\/p><\/div>\n\t\t\t\t\t\t\t\t\t<div class=\"elementor-tab-title elementor-tab-mobile-title\" aria-selected=\"false\" data-tab=\"6\" role=\"tab\" tabindex=\"-1\" aria-controls=\"elementor-tab-content-8936\" aria-expanded=\"false\">6\u00b0 Per\u00edodo<\/div>\n\t\t\t\t\t<div id=\"elementor-tab-content-8936\" class=\"elementor-tab-content elementor-clearfix\" data-tab=\"6\" role=\"tabpanel\" aria-labelledby=\"elementor-tab-title-8936\" tabindex=\"0\" hidden=\"hidden\"><p>[MEC77D] &#8211; An\u00e1lise De Custos Industriais<br \/>[<a>MEC79D<\/a>] &#8211; Gest\u00e3o Ambiental<br \/>[MEC7HF] &#8211; Automa\u00e7\u00e3o Da Produ\u00e7\u00e3o<br \/>[MECP76A] &#8211; Log\u00edstica<br \/>[MECP76B] &#8211; Produ\u00e7\u00e3o Enxuta<br \/>[MECP76C] &#8211; Projeto Integrador B\u00e1sico<br \/>[MECP76D] &#8211; Est\u00e1gio Supervisionado<\/p><\/div>\n\t\t\t\t\t\t\t\t\t<div class=\"elementor-tab-title elementor-tab-mobile-title\" aria-selected=\"false\" data-tab=\"7\" role=\"tab\" tabindex=\"-1\" aria-controls=\"elementor-tab-content-8937\" aria-expanded=\"false\">7\u00b0 Per\u00edodo<\/div>\n\t\t\t\t\t<div id=\"elementor-tab-content-8937\" class=\"elementor-tab-content elementor-clearfix\" data-tab=\"7\" role=\"tabpanel\" aria-labelledby=\"elementor-tab-title-8937\" tabindex=\"0\" hidden=\"hidden\"><p>[<a>MEC78B<\/a>] &#8211; Engenharia Econ\u00f4mica<br \/>[MEC7CI] &#8211; Pesquisa Operacional 1<br \/>[MECP77A] &#8211; An\u00e1lise De Dados<br \/>[MECP77B] &#8211; Gest\u00e3o De Manuten\u00e7\u00e3o<br \/>[MECP77C] &#8211; Projeto Integrador Na Engenharia De Produ\u00e7\u00e3o 1<\/p><\/div>\n\t\t\t\t\t\t\t\t\t<div class=\"elementor-tab-title elementor-tab-mobile-title\" aria-selected=\"false\" data-tab=\"8\" role=\"tab\" tabindex=\"-1\" aria-controls=\"elementor-tab-content-8938\" aria-expanded=\"false\">8\u00b0 Per\u00edodo<\/div>\n\t\t\t\t\t<div id=\"elementor-tab-content-8938\" class=\"elementor-tab-content elementor-clearfix\" data-tab=\"8\" role=\"tabpanel\" aria-labelledby=\"elementor-tab-title-8938\" tabindex=\"0\" hidden=\"hidden\"><p>[MECP78A] &#8211; Empreendedorismo<br \/>[MECP78B] &#8211; Projeto Integrador Na Engenharia De Produ\u00e7\u00e3o 2<br \/>[MECP78C] &#8211; Metodologia Da Pesquisa<br \/>[MECP78D] &#8211; Gerenciamento De Projetos<\/p><\/div>\n\t\t\t\t\t\t\t\t\t<div class=\"elementor-tab-title elementor-tab-mobile-title\" aria-selected=\"false\" data-tab=\"9\" role=\"tab\" tabindex=\"-1\" aria-controls=\"elementor-tab-content-8939\" aria-expanded=\"false\">9\u00b0 Per\u00edodo<\/div>\n\t\t\t\t\t<div id=\"elementor-tab-content-8939\" class=\"elementor-tab-content elementor-clearfix\" data-tab=\"9\" role=\"tabpanel\" aria-labelledby=\"elementor-tab-title-8939\" tabindex=\"0\" hidden=\"hidden\"><p>[MECP79A] &#8211; Trabalho De Conclus\u00e3o De Curso 1<\/p><\/div>\n\t\t\t\t\t\t\t\t\t<div class=\"elementor-tab-title elementor-tab-mobile-title\" aria-selected=\"false\" data-tab=\"10\" role=\"tab\" tabindex=\"-1\" aria-controls=\"elementor-tab-content-89310\" aria-expanded=\"false\">10\u00b0 Per\u00edodo<\/div>\n\t\t\t\t\t<div id=\"elementor-tab-content-89310\" class=\"elementor-tab-content elementor-clearfix\" data-tab=\"10\" role=\"tabpanel\" aria-labelledby=\"elementor-tab-title-89310\" tabindex=\"0\" hidden=\"hidden\"><p>[MECP70A] &#8211; Trabalho De Conclus\u00e3o De Curso 2<\/p><\/div>\n\t\t\t\t\t\t\t<\/div>\n\t\t<\/div>\n\t\t\t\t\t\t<\/div>\n\t\t\t\t<\/div>\n\t\t\t\t\t<\/div>\n\t\t<\/div>\n\t\t\t\t\t<\/div>\n\t\t<\/section>\n\t\t\t\t<section class=\"elementor-section elementor-top-section elementor-element elementor-element-9b286da elementor-section-boxed elementor-section-height-default elementor-section-height-default\" data-id=\"9b286da\" data-element_type=\"section\" data-e-type=\"section\">\n\t\t\t\t\t\t<div class=\"elementor-container elementor-column-gap-default\">\n\t\t\t\t\t<div class=\"elementor-column elementor-col-100 elementor-top-column elementor-element elementor-element-cd9a2ee\" data-id=\"cd9a2ee\" data-element_type=\"column\" data-e-type=\"column\">\n\t\t\t<div class=\"elementor-widget-wrap elementor-element-populated\">\n\t\t\t\t\t\t<div class=\"elementor-element elementor-element-9154673 elementor-widget elementor-widget-spacer\" data-id=\"9154673\" data-element_type=\"widget\" data-e-type=\"widget\" data-widget_type=\"spacer.default\">\n\t\t\t\t<div class=\"elementor-widget-container\">\n\t\t\t\t\t\t\t<div class=\"elementor-spacer\">\n\t\t\t<div class=\"elementor-spacer-inner\"><\/div>\n\t\t<\/div>\n\t\t\t\t\t\t<\/div>\n\t\t\t\t<\/div>\n\t\t\t\t<div class=\"elementor-element elementor-element-adb353a elementor-widget elementor-widget-heading\" data-id=\"adb353a\" data-element_type=\"widget\" data-e-type=\"widget\" data-widget_type=\"heading.default\">\n\t\t\t\t<div class=\"elementor-widget-container\">\n\t\t\t\t\t<h2 class=\"elementor-heading-title elementor-size-default\"><b>Coordena\u00e7\u00e3o<\/b><\/h2>\t\t\t\t<\/div>\n\t\t\t\t<\/div>\n\t\t\t\t<div class=\"elementor-element elementor-element-ef19eab elementor-widget elementor-widget-text-editor\" data-id=\"ef19eab\" data-element_type=\"widget\" data-e-type=\"widget\" data-widget_type=\"text-editor.default\">\n\t\t\t\t<div class=\"elementor-widget-container\">\n\t\t\t\t\t\t\t\t\t<p><a href=\"mailto:coenp-ct@utfpr.edu.br\" target=\"_blank\" rel=\"noopener\">coenp-ct@utfpr.edu.br<\/a><br \/>(41) 3379-6800<\/p>\t\t\t\t\t\t\t\t<\/div>\n\t\t\t\t<\/div>\n\t\t\t\t\t<\/div>\n\t\t<\/div>\n\t\t\t\t\t<\/div>\n\t\t<\/section>\n\t\t\t\t<\/div>\n\t\t","protected":false},"excerpt":{"rendered":"<p>Home Engenharia de Produ\u00e7\u00e3o Dura\u00e7\u00e3o: 5 anosModalidade: Presencial (Curitiba &#8211; Ecoville)Regime: SemestralTurno: Integral (T\/N)22 vagas por semestre O curso visa<\/p>\n","protected":false},"author":384,"featured_media":0,"parent":0,"menu_order":0,"comment_status":"closed","ping_status":"closed","template":"","meta":{"colormag_page_container_layout":"default_layout","colormag_page_sidebar_layout":"default_layout","footnotes":""},"class_list":["post-3832","page","type-page","status-publish","hentry"],"_links":{"self":[{"href":"https:\/\/utfpr.curitiba.br\/damec\/index.php?rest_route=\/wp\/v2\/pages\/3832","targetHints":{"allow":["GET"]}}],"collection":[{"href":"https:\/\/utfpr.curitiba.br\/damec\/index.php?rest_route=\/wp\/v2\/pages"}],"about":[{"href":"https:\/\/utfpr.curitiba.br\/damec\/index.php?rest_route=\/wp\/v2\/types\/page"}],"author":[{"embeddable":true,"href":"https:\/\/utfpr.curitiba.br\/damec\/index.php?rest_route=\/wp\/v2\/users\/384"}],"replies":[{"embeddable":true,"href":"https:\/\/utfpr.curitiba.br\/damec\/index.php?rest_route=%2Fwp%2Fv2%2Fcomments&post=3832"}],"version-history":[{"count":27,"href":"https:\/\/utfpr.curitiba.br\/damec\/index.php?rest_route=\/wp\/v2\/pages\/3832\/revisions"}],"predecessor-version":[{"id":6232,"href":"https:\/\/utfpr.curitiba.br\/damec\/index.php?rest_route=\/wp\/v2\/pages\/3832\/revisions\/6232"}],"wp:attachment":[{"href":"https:\/\/utfpr.curitiba.br\/damec\/index.php?rest_route=%2Fwp%2Fv2%2Fmedia&parent=3832"}],"curies":[{"name":"wp","href":"https:\/\/api.w.org\/{rel}","templated":true}]}}