{"id":3830,"date":"2025-09-23T15:42:09","date_gmt":"2025-09-23T18:42:09","guid":{"rendered":"https:\/\/utfpr.curitiba.br\/damec\/?page_id=3830"},"modified":"2026-03-20T16:27:39","modified_gmt":"2026-03-20T19:27:39","slug":"engenharia-mecanica","status":"publish","type":"page","link":"https:\/\/utfpr.curitiba.br\/damec\/?page_id=3830","title":{"rendered":"Engenharia Mec\u00e2nica"},"content":{"rendered":"\t\t<div data-elementor-type=\"wp-page\" data-elementor-id=\"3830\" class=\"elementor elementor-3830\">\n\t\t\t\t\t\t<section class=\"elementor-section elementor-top-section elementor-element elementor-element-214491bc elementor-section-boxed elementor-section-height-default elementor-section-height-default\" data-id=\"214491bc\" data-element_type=\"section\" data-e-type=\"section\">\n\t\t\t\t\t\t<div class=\"elementor-container elementor-column-gap-default\">\n\t\t\t\t\t<div class=\"elementor-column elementor-col-100 elementor-top-column elementor-element elementor-element-5b035455\" data-id=\"5b035455\" data-element_type=\"column\" data-e-type=\"column\">\n\t\t\t<div class=\"elementor-widget-wrap elementor-element-populated\">\n\t\t\t\t\t\t<div class=\"elementor-element elementor-element-8af1740 elementor-widget elementor-widget-hfe-breadcrumbs-widget\" data-id=\"8af1740\" data-element_type=\"widget\" data-e-type=\"widget\" data-widget_type=\"hfe-breadcrumbs-widget.default\">\n\t\t\t\t<div class=\"elementor-widget-container\">\n\t\t\t\t\t<nav aria-label=\"Breadcrumb\"><ul class=\"hfe-breadcrumbs hfe-breadcrumbs-show-home\"><li class=\"hfe-breadcrumbs-item hfe-breadcrumbs-first\"><span class=\"hfe-breadcrumbs-home-icon\"><i aria-hidden=\"true\" class=\"fas fa-home\"><\/i><\/span><a href=\"https:\/\/utfpr.curitiba.br\/damec\"><span class=\"hfe-breadcrumbs-text\">Home<\/span><\/a><\/li><\/ul><\/nav>\t\t\t\t<\/div>\n\t\t\t\t<\/div>\n\t\t\t\t<div class=\"elementor-element elementor-element-0213946 elementor-widget elementor-widget-heading\" data-id=\"0213946\" data-element_type=\"widget\" data-e-type=\"widget\" data-widget_type=\"heading.default\">\n\t\t\t\t<div class=\"elementor-widget-container\">\n\t\t\t\t\t<h2 class=\"elementor-heading-title elementor-size-default\"><b>Engenharia Mec\u00e2nica<\/b><\/h2>\t\t\t\t<\/div>\n\t\t\t\t<\/div>\n\t\t\t\t<div class=\"elementor-element elementor-element-c23cc0a elementor-widget elementor-widget-text-editor\" data-id=\"c23cc0a\" data-element_type=\"widget\" data-e-type=\"widget\" data-widget_type=\"text-editor.default\">\n\t\t\t\t<div class=\"elementor-widget-container\">\n\t\t\t\t\t\t\t\t\t<p><strong>Dura\u00e7\u00e3o:<\/strong> 5 anos<br><strong>Modalidade:<\/strong> Presencial (Curitiba &#8211; Ecoville)<br><strong>Regime:<\/strong> Semestral<br><strong>Turno:<\/strong> Diurno (M\/T) e Integral (T\/N)<br>88 alunos por semestre<\/p>\t\t\t\t\t\t\t\t<\/div>\n\t\t\t\t<\/div>\n\t\t\t\t<div class=\"elementor-element elementor-element-5d2c0960 elementor-widget elementor-widget-text-editor\" data-id=\"5d2c0960\" data-element_type=\"widget\" data-e-type=\"widget\" data-widget_type=\"text-editor.default\">\n\t\t\t\t<div class=\"elementor-widget-container\">\n\t\t\t\t\t\t\t\t\t<p>O curso \u00e9 focado<em>\u00a0<\/em>nas \u00e1reas de ci\u00eancias t\u00e9rmicas, de materiais e processo de fabrica\u00e7\u00e3o, de mec\u00e2nica aplicada e dos s\u00f3lidos, de termodin\u00e2mica aplicada e de fen\u00f4menos de transporte e tecnologia mec\u00e2nica.<\/p>\n<p>O egresso ser\u00e1 capaz de desenvolver, projetar, dimensionar e fazer manuten\u00e7\u00e3o referentes a sistemas mec\u00e2nicos (equipamentos, m\u00e1quinas, elevadores); sistemas t\u00e9rmicos (c\u00e2maras frigor\u00edficas, sistemas de aquecimento, caldeiras e condicionamento de ar); processos de fabrica\u00e7\u00e3o (ind\u00fastrias de fundi\u00e7\u00e3o, usinagem, conforma\u00e7\u00e3o mec\u00e2nica); e sistemas hidr\u00e1ulicos e pneum\u00e1ticos e bombas.<\/p>\n<p>Isso permite a atua\u00e7\u00e3o em desenvolvimento e concep\u00e7\u00e3o de novos produtos; na defini\u00e7\u00e3o de par\u00e2metros de fabrica\u00e7\u00e3o; no controle do processo de fabrica\u00e7\u00e3o e de garantia da qualidade e atendimento p\u00f3s-venda. Pode ainda trabalhar em firmas de consultoria e assessoramento e em institui\u00e7\u00f5es de pesquisas, ensino e treinamento.<\/p>\n<p><!-- \/wp:paragraph --><!-- wp:paragraph --><\/p>\n<p><!-- \/wp:paragraph --><\/p>\t\t\t\t\t\t\t\t<\/div>\n\t\t\t\t<\/div>\n\t\t\t\t<div class=\"elementor-element elementor-element-37ff5f5 elementor-widget elementor-widget-button\" data-id=\"37ff5f5\" data-element_type=\"widget\" data-e-type=\"widget\" data-widget_type=\"button.default\">\n\t\t\t\t<div class=\"elementor-widget-container\">\n\t\t\t\t\t\t\t\t\t<div class=\"elementor-button-wrapper\">\n\t\t\t\t\t<a class=\"elementor-button elementor-button-link elementor-size-sm\" href=\"https:\/\/www.utfpr.edu.br\/cursos\/coordenacoes\/graduacao\/curitiba\/ct-engenharia-mecanica\">\n\t\t\t\t\t\t<span class=\"elementor-button-content-wrapper\">\n\t\t\t\t\t\t\t\t\t<span class=\"elementor-button-text\">Mais<\/span>\n\t\t\t\t\t<\/span>\n\t\t\t\t\t<\/a>\n\t\t\t\t<\/div>\n\t\t\t\t\t\t\t\t<\/div>\n\t\t\t\t<\/div>\n\t\t\t\t<div class=\"elementor-element elementor-element-28f71aa elementor-widget elementor-widget-spacer\" data-id=\"28f71aa\" data-element_type=\"widget\" data-e-type=\"widget\" data-widget_type=\"spacer.default\">\n\t\t\t\t<div class=\"elementor-widget-container\">\n\t\t\t\t\t\t\t<div class=\"elementor-spacer\">\n\t\t\t<div class=\"elementor-spacer-inner\"><\/div>\n\t\t<\/div>\n\t\t\t\t\t\t<\/div>\n\t\t\t\t<\/div>\n\t\t\t\t\t<\/div>\n\t\t<\/div>\n\t\t\t\t\t<\/div>\n\t\t<\/section>\n\t\t\t\t<section class=\"elementor-section elementor-top-section elementor-element elementor-element-eab0ba7 elementor-section-boxed elementor-section-height-default elementor-section-height-default\" data-id=\"eab0ba7\" data-element_type=\"section\" data-e-type=\"section\">\n\t\t\t\t\t\t<div class=\"elementor-container elementor-column-gap-default\">\n\t\t\t\t\t<div class=\"elementor-column elementor-col-100 elementor-top-column elementor-element elementor-element-96d616d\" data-id=\"96d616d\" data-element_type=\"column\" data-e-type=\"column\">\n\t\t\t<div class=\"elementor-widget-wrap elementor-element-populated\">\n\t\t\t\t\t\t<div class=\"elementor-element elementor-element-528f51f elementor-widget elementor-widget-heading\" data-id=\"528f51f\" data-element_type=\"widget\" data-e-type=\"widget\" data-widget_type=\"heading.default\">\n\t\t\t\t<div class=\"elementor-widget-container\">\n\t\t\t\t\t<h2 class=\"elementor-heading-title elementor-size-default\"><b>Disciplinas<\/b><\/h2>\t\t\t\t<\/div>\n\t\t\t\t<\/div>\n\t\t\t\t<div class=\"elementor-element elementor-element-862c351 elementor-tabs-view-horizontal elementor-widget elementor-widget-tabs\" data-id=\"862c351\" data-element_type=\"widget\" data-e-type=\"widget\" data-widget_type=\"tabs.default\">\n\t\t\t\t<div class=\"elementor-widget-container\">\n\t\t\t\t\t\t\t<div class=\"elementor-tabs\">\n\t\t\t<div class=\"elementor-tabs-wrapper\" role=\"tablist\" >\n\t\t\t\t\t\t\t\t\t<div id=\"elementor-tab-title-1401\" class=\"elementor-tab-title elementor-tab-desktop-title\" aria-selected=\"true\" data-tab=\"1\" role=\"tab\" tabindex=\"0\" aria-controls=\"elementor-tab-content-1401\" aria-expanded=\"false\">1\u00ba Per\u00edodo<\/div>\n\t\t\t\t\t\t\t\t\t<div id=\"elementor-tab-title-1402\" class=\"elementor-tab-title elementor-tab-desktop-title\" aria-selected=\"false\" data-tab=\"2\" role=\"tab\" tabindex=\"-1\" aria-controls=\"elementor-tab-content-1402\" aria-expanded=\"false\">2\u00ba Per\u00edodo<\/div>\n\t\t\t\t\t\t\t\t\t<div id=\"elementor-tab-title-1403\" class=\"elementor-tab-title elementor-tab-desktop-title\" aria-selected=\"false\" data-tab=\"3\" role=\"tab\" tabindex=\"-1\" aria-controls=\"elementor-tab-content-1403\" aria-expanded=\"false\">3\u00ba Per\u00edodo<\/div>\n\t\t\t\t\t\t\t\t\t<div id=\"elementor-tab-title-1404\" class=\"elementor-tab-title elementor-tab-desktop-title\" aria-selected=\"false\" data-tab=\"4\" role=\"tab\" tabindex=\"-1\" aria-controls=\"elementor-tab-content-1404\" aria-expanded=\"false\">4\u00ba Per\u00edodo<\/div>\n\t\t\t\t\t\t\t\t\t<div id=\"elementor-tab-title-1405\" class=\"elementor-tab-title elementor-tab-desktop-title\" aria-selected=\"false\" data-tab=\"5\" role=\"tab\" tabindex=\"-1\" aria-controls=\"elementor-tab-content-1405\" aria-expanded=\"false\">5\u00ba Per\u00edodo<\/div>\n\t\t\t\t\t\t\t\t\t<div id=\"elementor-tab-title-1406\" class=\"elementor-tab-title elementor-tab-desktop-title\" aria-selected=\"false\" data-tab=\"6\" role=\"tab\" tabindex=\"-1\" aria-controls=\"elementor-tab-content-1406\" aria-expanded=\"false\">6\u00ba Per\u00edodo<\/div>\n\t\t\t\t\t\t\t\t\t<div id=\"elementor-tab-title-1407\" class=\"elementor-tab-title elementor-tab-desktop-title\" aria-selected=\"false\" data-tab=\"7\" role=\"tab\" tabindex=\"-1\" aria-controls=\"elementor-tab-content-1407\" aria-expanded=\"false\">7\u00ba Per\u00edodo<\/div>\n\t\t\t\t\t\t\t\t\t<div id=\"elementor-tab-title-1408\" class=\"elementor-tab-title elementor-tab-desktop-title\" aria-selected=\"false\" data-tab=\"8\" role=\"tab\" tabindex=\"-1\" aria-controls=\"elementor-tab-content-1408\" aria-expanded=\"false\">8\u00ba Per\u00edodo<\/div>\n\t\t\t\t\t\t\t\t\t<div id=\"elementor-tab-title-1409\" class=\"elementor-tab-title elementor-tab-desktop-title\" aria-selected=\"false\" data-tab=\"9\" role=\"tab\" tabindex=\"-1\" aria-controls=\"elementor-tab-content-1409\" aria-expanded=\"false\">9\u00ba Per\u00edodo<\/div>\n\t\t\t\t\t\t\t\t\t<div id=\"elementor-tab-title-14010\" class=\"elementor-tab-title elementor-tab-desktop-title\" aria-selected=\"false\" data-tab=\"10\" role=\"tab\" tabindex=\"-1\" aria-controls=\"elementor-tab-content-14010\" aria-expanded=\"false\">10\u00ba Per\u00edodo<\/div>\n\t\t\t\t\t\t\t<\/div>\n\t\t\t<div class=\"elementor-tabs-content-wrapper\" role=\"tablist\" aria-orientation=\"vertical\">\n\t\t\t\t\t\t\t\t\t<div class=\"elementor-tab-title elementor-tab-mobile-title\" aria-selected=\"true\" data-tab=\"1\" role=\"tab\" tabindex=\"0\" aria-controls=\"elementor-tab-content-1401\" aria-expanded=\"false\">1\u00ba Per\u00edodo<\/div>\n\t\t\t\t\t<div id=\"elementor-tab-content-1401\" class=\"elementor-tab-content elementor-clearfix\" data-tab=\"1\" role=\"tabpanel\" aria-labelledby=\"elementor-tab-title-1401\" tabindex=\"0\" hidden=\"false\"><p>[FIS7F1] &#8211; F\u00edsica Te\u00f3rica 1<br \/>[INF71A] &#8211; Computa\u00e7\u00e3o<br \/>[MAT7C1] &#8211; C\u00e1lculo Diferencial e Integral 1<br \/>[<a>MAT7GA] &#8211; Geometria Anal\u00edtica<br \/><\/a><a>[MEC71A] &#8211; Desenho T\u00e9cnico<br \/><\/a><a>[MEC71B] &#8211; Introdu\u00e7\u00e3o \u00c0 Engenharia Mec\u00e2nica<\/a><\/p><\/div>\n\t\t\t\t\t\t\t\t\t<div class=\"elementor-tab-title elementor-tab-mobile-title\" aria-selected=\"false\" data-tab=\"2\" role=\"tab\" tabindex=\"-1\" aria-controls=\"elementor-tab-content-1402\" aria-expanded=\"false\">2\u00ba Per\u00edodo<\/div>\n\t\t\t\t\t<div id=\"elementor-tab-content-1402\" class=\"elementor-tab-content elementor-clearfix\" data-tab=\"2\" role=\"tabpanel\" aria-labelledby=\"elementor-tab-title-1402\" tabindex=\"0\" hidden=\"hidden\"><p>[<a>FIS7F2] &#8211; F\u00edsica Te\u00f3rica 2<br \/>[<\/a><a>MAT7AL] &#8211; \u00c1lgebra Linear<br \/>[<\/a><a>MAT7C2] &#8211; C\u00e1lculo Diferencial E Integral 2<br \/>[<\/a><a>MEC72A] &#8211; Desenho Auxiliado Por Computador 1<br \/>[<\/a><a>MEC72B] &#8211; Fundamentos De Ci\u00eancias Dos Materiais<br \/>[<\/a><a>MEC74B] &#8211; Metrologia Mec\u00e2nica<\/a><\/p><\/div>\n\t\t\t\t\t\t\t\t\t<div class=\"elementor-tab-title elementor-tab-mobile-title\" aria-selected=\"false\" data-tab=\"3\" role=\"tab\" tabindex=\"-1\" aria-controls=\"elementor-tab-content-1403\" aria-expanded=\"false\">3\u00ba Per\u00edodo<\/div>\n\t\t\t\t\t<div id=\"elementor-tab-content-1403\" class=\"elementor-tab-content elementor-clearfix\" data-tab=\"3\" role=\"tabpanel\" aria-labelledby=\"elementor-tab-title-1403\" tabindex=\"0\" hidden=\"hidden\"><p>[ELN73D] &#8211; Eletricidade<br \/>[<a>EST70A] &#8211; Introdu\u00e7\u00e3o \u00c0 Estat\u00edstica<br \/>[<\/a><a>FIS7E1] &#8211; F\u00edsica Experimental 1<br \/><\/a><a>[MAT7ED] &#8211; Equa\u00e7\u00f5es Diferenciais Ordin\u00e1rias<br \/><\/a><a>[<\/a><a>MEC73A] &#8211; Desenho Auxiliado Por Computador 2<br \/>[<\/a><a>MEC73C] &#8211; Est\u00e1tica<br \/>[MEC73D] &#8211; Tratamentos T\u00e9rmicos<br \/><\/a><\/p><\/div>\n\t\t\t\t\t\t\t\t\t<div class=\"elementor-tab-title elementor-tab-mobile-title\" aria-selected=\"false\" data-tab=\"4\" role=\"tab\" tabindex=\"-1\" aria-controls=\"elementor-tab-content-1404\" aria-expanded=\"false\">4\u00ba Per\u00edodo<\/div>\n\t\t\t\t\t<div id=\"elementor-tab-content-1404\" class=\"elementor-tab-content elementor-clearfix\" data-tab=\"4\" role=\"tabpanel\" aria-labelledby=\"elementor-tab-title-1404\" tabindex=\"0\" hidden=\"hidden\"><p>[ELT74G] &#8211; M\u00e1quinas El\u00e9tricas<br \/>[<a>MAT7N1] &#8211; C\u00e1lculo Num\u00e9rico<br \/>[<\/a><a>MEC74A] &#8211; Din\u00e2mica<br \/>[MEC74C] &#8211; Conforma\u00e7\u00e3o Pl\u00e1stica<br \/>[MEC74D] &#8211; Fundi\u00e7\u00e3o<br \/>[MEC74E] &#8211; Termodin\u00e2mica 1<br \/>[MEC74F] &#8211; Ensaios De Materiais<br \/>[MEC74G] &#8211; Materiais Cer\u00e2micos E Polim\u00e9ricos<\/a><\/p><\/div>\n\t\t\t\t\t\t\t\t\t<div class=\"elementor-tab-title elementor-tab-mobile-title\" aria-selected=\"false\" data-tab=\"5\" role=\"tab\" tabindex=\"-1\" aria-controls=\"elementor-tab-content-1405\" aria-expanded=\"false\">5\u00ba Per\u00edodo<\/div>\n\t\t\t\t\t<div id=\"elementor-tab-content-1405\" class=\"elementor-tab-content elementor-clearfix\" data-tab=\"5\" role=\"tabpanel\" aria-labelledby=\"elementor-tab-title-1405\" tabindex=\"0\" hidden=\"hidden\"><p>[MEC75D] &#8211; Soldagem<br \/>[MEC75E] &#8211; Usinagem Convencional<br \/>[MEC75F] &#8211; Termodin\u00e2mica 2<br \/>[MEC75G] &#8211; Mec\u00e2nica Dos Fluidos 1<br \/>[MEC75H] &#8211; Eletr\u00f4nica Aplicada A Engenharia Mec\u00e2nica<br \/>[<a>MEC76A] &#8211; Mec\u00e2nica Dos S\u00f3lidos 1<\/a><\/p><\/div>\n\t\t\t\t\t\t\t\t\t<div class=\"elementor-tab-title elementor-tab-mobile-title\" aria-selected=\"false\" data-tab=\"6\" role=\"tab\" tabindex=\"-1\" aria-controls=\"elementor-tab-content-1406\" aria-expanded=\"false\">6\u00ba Per\u00edodo<\/div>\n\t\t\t\t\t<div id=\"elementor-tab-content-1406\" class=\"elementor-tab-content elementor-clearfix\" data-tab=\"6\" role=\"tabpanel\" aria-labelledby=\"elementor-tab-title-1406\" tabindex=\"0\" hidden=\"hidden\"><p>[MEC70E] &#8211; Est\u00e1gio Supervisionado<br \/>[MEC76E] &#8211; Mec\u00e2nica Dos S\u00f3lidos 2<br \/>[MEC76F] &#8211; Mecanismos<br \/>[MEC76G] &#8211; Transfer\u00eancia De Calor 1<br \/>[MEC76H] &#8211; Mec\u00e2nica Dos Fluidos 2<br \/>[<a>MEC77B] &#8211; Usinagem Cnc<br \/><\/a><a>[MEC79D] &#8211; Gest\u00e3o Ambiental<br \/><\/a><a>[<\/a><a>MEC79E] &#8211; Sistemas De Gest\u00e3o Da Qualidade<\/a><\/p><\/div>\n\t\t\t\t\t\t\t\t\t<div class=\"elementor-tab-title elementor-tab-mobile-title\" aria-selected=\"false\" data-tab=\"7\" role=\"tab\" tabindex=\"-1\" aria-controls=\"elementor-tab-content-1407\" aria-expanded=\"false\">7\u00ba Per\u00edodo<\/div>\n\t\t\t\t\t<div id=\"elementor-tab-content-1407\" class=\"elementor-tab-content elementor-clearfix\" data-tab=\"7\" role=\"tabpanel\" aria-labelledby=\"elementor-tab-title-1407\" tabindex=\"0\" hidden=\"hidden\"><p>[<a>MEC76C] &#8211; Pneum\u00e1tica E Hidr\u00e1ulica<br \/>[MEC77C] &#8211; Fundamentos De Engenharia De Seguran\u00e7a Do Trabalho<br \/>[MEC77D] &#8211; An\u00e1lise De Custos Industriais<br \/>[MEC77E] &#8211; Vibra\u00e7\u00f5es<br \/>[MEC77F] &#8211; Elementos De M\u00e1quinas 1<br \/>[MEC77G] &#8211; Transfer\u00eancia De Calor 2<\/a><\/p><\/div>\n\t\t\t\t\t\t\t\t\t<div class=\"elementor-tab-title elementor-tab-mobile-title\" aria-selected=\"false\" data-tab=\"8\" role=\"tab\" tabindex=\"-1\" aria-controls=\"elementor-tab-content-1408\" aria-expanded=\"false\">8\u00ba Per\u00edodo<\/div>\n\t\t\t\t\t<div id=\"elementor-tab-content-1408\" class=\"elementor-tab-content elementor-clearfix\" data-tab=\"8\" role=\"tabpanel\" aria-labelledby=\"elementor-tab-title-1408\" tabindex=\"0\" hidden=\"hidden\"><p>[<a>MEC76D] &#8211; Gest\u00e3o Da Produ\u00e7\u00e3o<br \/>[<\/a><a>MEC77A] &#8211; Elementos De M\u00e1quinas 2<br \/><\/a><a>[MEC78B] &#8211; Engenharia Econ\u00f4mica<br \/><\/a><a>[MEC78C] &#8211; Gerenciamento De Projetos<br \/>[MEC78D] &#8211; Empreendedorismo<br \/>[MEC78E] &#8211; Manuten\u00e7\u00e3o Mec\u00e2nica<br \/>[MEC78F] &#8211; Laborat\u00f3rio De Ci\u00eancias T\u00e9rmicas<br \/>[MEC78G] &#8211; Metodologia De Projeto De Produto<br \/>[MEC78H] &#8211; Comunica\u00e7\u00e3o E Metodologia Cient\u00edfica<\/a><\/p><\/div>\n\t\t\t\t\t\t\t\t\t<div class=\"elementor-tab-title elementor-tab-mobile-title\" aria-selected=\"false\" data-tab=\"9\" role=\"tab\" tabindex=\"-1\" aria-controls=\"elementor-tab-content-1409\" aria-expanded=\"false\">9\u00ba Per\u00edodo<\/div>\n\t\t\t\t\t<div id=\"elementor-tab-content-1409\" class=\"elementor-tab-content elementor-clearfix\" data-tab=\"9\" role=\"tabpanel\" aria-labelledby=\"elementor-tab-title-1409\" tabindex=\"0\" hidden=\"hidden\"><p>[MEC70F] &#8211; Trabalho De Conclus\u00e3o De Curso 1<\/p><\/div>\n\t\t\t\t\t\t\t\t\t<div class=\"elementor-tab-title elementor-tab-mobile-title\" aria-selected=\"false\" data-tab=\"10\" role=\"tab\" tabindex=\"-1\" aria-controls=\"elementor-tab-content-14010\" aria-expanded=\"false\">10\u00ba Per\u00edodo<\/div>\n\t\t\t\t\t<div id=\"elementor-tab-content-14010\" class=\"elementor-tab-content elementor-clearfix\" data-tab=\"10\" role=\"tabpanel\" aria-labelledby=\"elementor-tab-title-14010\" tabindex=\"0\" hidden=\"hidden\"><p>[MEC70G] &#8211; Trabalho De Conclus\u00e3o De Curso 2<\/p><\/div>\n\t\t\t\t\t\t\t<\/div>\n\t\t<\/div>\n\t\t\t\t\t\t<\/div>\n\t\t\t\t<\/div>\n\t\t\t\t<div class=\"elementor-element elementor-element-0a61530 elementor-widget elementor-widget-spacer\" data-id=\"0a61530\" data-element_type=\"widget\" data-e-type=\"widget\" data-widget_type=\"spacer.default\">\n\t\t\t\t<div class=\"elementor-widget-container\">\n\t\t\t\t\t\t\t<div class=\"elementor-spacer\">\n\t\t\t<div class=\"elementor-spacer-inner\"><\/div>\n\t\t<\/div>\n\t\t\t\t\t\t<\/div>\n\t\t\t\t<\/div>\n\t\t\t\t\t<\/div>\n\t\t<\/div>\n\t\t\t\t\t<\/div>\n\t\t<\/section>\n\t\t\t\t<section class=\"elementor-section elementor-top-section elementor-element elementor-element-4b0021a elementor-section-boxed elementor-section-height-default elementor-section-height-default\" data-id=\"4b0021a\" data-element_type=\"section\" data-e-type=\"section\">\n\t\t\t\t\t\t<div class=\"elementor-container elementor-column-gap-default\">\n\t\t\t\t\t<div class=\"elementor-column elementor-col-100 elementor-top-column elementor-element elementor-element-247ee9e\" data-id=\"247ee9e\" data-element_type=\"column\" data-e-type=\"column\">\n\t\t\t<div class=\"elementor-widget-wrap elementor-element-populated\">\n\t\t\t\t\t\t<div class=\"elementor-element elementor-element-05861f0 elementor-widget elementor-widget-heading\" data-id=\"05861f0\" data-element_type=\"widget\" data-e-type=\"widget\" data-widget_type=\"heading.default\">\n\t\t\t\t<div class=\"elementor-widget-container\">\n\t\t\t\t\t<h2 class=\"elementor-heading-title elementor-size-default\"><b>Coordena\u00e7\u00e3o<\/b><\/h2>\t\t\t\t<\/div>\n\t\t\t\t<\/div>\n\t\t\t\t<div class=\"elementor-element elementor-element-4608382 elementor-widget elementor-widget-text-editor\" data-id=\"4608382\" data-element_type=\"widget\" data-e-type=\"widget\" data-widget_type=\"text-editor.default\">\n\t\t\t\t<div class=\"elementor-widget-container\">\n\t\t\t\t\t\t\t\t\t<p><a href=\"mailto:coeme-ct@utfpr.edu.br\" target=\"_blank\" rel=\"noopener\">coeme-ct@utfpr.edu.br<\/a><br \/>(41) 3279-6656<\/p>\t\t\t\t\t\t\t\t<\/div>\n\t\t\t\t<\/div>\n\t\t\t\t\t<\/div>\n\t\t<\/div>\n\t\t\t\t\t<\/div>\n\t\t<\/section>\n\t\t\t\t<section class=\"elementor-section elementor-top-section elementor-element elementor-element-7c7545a elementor-section-boxed elementor-section-height-default elementor-section-height-default\" data-id=\"7c7545a\" data-element_type=\"section\" data-e-type=\"section\">\n\t\t\t\t\t\t<div class=\"elementor-container elementor-column-gap-default\">\n\t\t\t\t\t<div class=\"elementor-column elementor-col-100 elementor-top-column elementor-element elementor-element-3009dff\" data-id=\"3009dff\" data-element_type=\"column\" data-e-type=\"column\">\n\t\t\t<div class=\"elementor-widget-wrap\">\n\t\t\t\t\t\t\t<\/div>\n\t\t<\/div>\n\t\t\t\t\t<\/div>\n\t\t<\/section>\n\t\t\t\t<section class=\"elementor-section elementor-top-section elementor-element elementor-element-e85e0d2 elementor-section-boxed elementor-section-height-default elementor-section-height-default\" data-id=\"e85e0d2\" data-element_type=\"section\" data-e-type=\"section\">\n\t\t\t\t\t\t<div class=\"elementor-container elementor-column-gap-default\">\n\t\t\t\t\t<div class=\"elementor-column elementor-col-100 elementor-top-column elementor-element elementor-element-98e4a8f\" data-id=\"98e4a8f\" data-element_type=\"column\" data-e-type=\"column\">\n\t\t\t<div class=\"elementor-widget-wrap\">\n\t\t\t\t\t\t\t<\/div>\n\t\t<\/div>\n\t\t\t\t\t<\/div>\n\t\t<\/section>\n\t\t\t\t<\/div>\n\t\t","protected":false},"excerpt":{"rendered":"<p>Home Engenharia Mec\u00e2nica Dura\u00e7\u00e3o: 5 anosModalidade: Presencial (Curitiba &#8211; Ecoville)Regime: SemestralTurno: Diurno (M\/T) e Integral (T\/N)88 alunos por semestre O<\/p>\n","protected":false},"author":384,"featured_media":0,"parent":0,"menu_order":0,"comment_status":"closed","ping_status":"closed","template":"","meta":{"colormag_page_container_layout":"default_layout","colormag_page_sidebar_layout":"default_layout","footnotes":""},"class_list":["post-3830","page","type-page","status-publish","hentry"],"_links":{"self":[{"href":"https:\/\/utfpr.curitiba.br\/damec\/index.php?rest_route=\/wp\/v2\/pages\/3830","targetHints":{"allow":["GET"]}}],"collection":[{"href":"https:\/\/utfpr.curitiba.br\/damec\/index.php?rest_route=\/wp\/v2\/pages"}],"about":[{"href":"https:\/\/utfpr.curitiba.br\/damec\/index.php?rest_route=\/wp\/v2\/types\/page"}],"author":[{"embeddable":true,"href":"https:\/\/utfpr.curitiba.br\/damec\/index.php?rest_route=\/wp\/v2\/users\/384"}],"replies":[{"embeddable":true,"href":"https:\/\/utfpr.curitiba.br\/damec\/index.php?rest_route=%2Fwp%2Fv2%2Fcomments&post=3830"}],"version-history":[{"count":44,"href":"https:\/\/utfpr.curitiba.br\/damec\/index.php?rest_route=\/wp\/v2\/pages\/3830\/revisions"}],"predecessor-version":[{"id":6233,"href":"https:\/\/utfpr.curitiba.br\/damec\/index.php?rest_route=\/wp\/v2\/pages\/3830\/revisions\/6233"}],"wp:attachment":[{"href":"https:\/\/utfpr.curitiba.br\/damec\/index.php?rest_route=%2Fwp%2Fv2%2Fmedia&parent=3830"}],"curies":[{"name":"wp","href":"https:\/\/api.w.org\/{rel}","templated":true}]}}