{"id":2992,"date":"2024-09-01T20:55:54","date_gmt":"2024-09-01T23:55:54","guid":{"rendered":"https:\/\/utfpr.curitiba.br\/damec\/?page_id=2992"},"modified":"2025-09-23T16:03:01","modified_gmt":"2025-09-23T19:03:01","slug":"engenharia-de-producao","status":"publish","type":"page","link":"https:\/\/utfpr.curitiba.br\/damec\/?page_id=2992","title":{"rendered":"Engenharia de Produ\u00e7\u00e3o"},"content":{"rendered":"<h2>Engenharia de Produ\u00e7\u00e3o <br \/>UTFPR Curitiba<\/h2>\n<blockquote>\n<p><strong>Conhe\u00e7a o mais novo curso da UTFPR do campus Curitiba: Engenharia de Produ\u00e7\u00e3o.<\/strong><\/p>\n<p><strong>&nbsp;<\/strong><\/p>\n<p><strong>A Engenharia de Produ\u00e7\u00e3o \u00e9 a \u00e1rea da Engenharia que se dedica a otimizar processos e sistemas dentro de uma organiza\u00e7\u00e3o.&nbsp;<\/strong><\/p>\n<\/blockquote>\n<p>\t\t\t\t\t\t\t\t\t\t\t\t\t\t\t<img decoding=\"async\" src=\"https:\/\/www.unicuritiba.edu.br\/wp-content\/uploads\/2022\/03\/EngProd460.jpg\" title=\"\" alt=\"\" loading=\"lazy\" \/>\t\t\t\t\t\t\t\t\t\t\t\t\t\t\t<\/p>\n<h2>O que \u00e9 Engenharia de Produ\u00e7\u00e3o?<\/h2>\n<p style=\"text-align: justify\">O curso visa formar engenheiros que criar\u00e3o solu\u00e7\u00f5es integradas em sistemas de produ\u00e7\u00e3o para otimizar recursos e aspectos de produtividade, relacionados \u00e0 flexibilidade, velocidade, confiabilidade e qualidade, al\u00e9m de reduzir riscos.<\/p>\n<p style=\"text-align: justify\">A forma\u00e7\u00e3o tem por objetivo atender as necessidades anal\u00edticas e quantitativas para a tomada de decis\u00e3o. As mat\u00e9rias s\u00e3o multidisciplinares e abrangem o ciclo de opera\u00e7\u00e3o e do produto: estrat\u00e9gia, concep\u00e7\u00e3o, projeto, implanta\u00e7\u00e3o e opera\u00e7\u00e3o.<\/p>\n<p style=\"text-align: justify\">O egresso estar\u00e1 preparado para analisar os elos da rede de suprimentos, produ\u00e7\u00e3o e distribui\u00e7\u00e3o, com \u00eanfase nas engenharias de capacidade, de confiabilidade, de rede de fornecedores e de sustentabilidade, planejamento, controle e sincroniza\u00e7\u00e3o. O profissional poder\u00e1 atuar em planejamento e opera\u00e7\u00f5es, solucionar problemas log\u00edsticos e da cadeia de suprimentos e conduzir pesquisas cient\u00edficas em sistemas produtivos.<\/p>\n<h2>Informa\u00e7\u00f5es sobre o curso<\/h2>\n<p style=\"text-align: justify\">O curso \u00e9 uma inaugura\u00e7\u00e3o promovida pelo Departamento Acad\u00eamico de Mec\u00e2nica para o primeiro semestre de 2025 (2025\/1) e conta com toda estrutura dispon\u00edvel do departamento, que tem 90 laborat\u00f3rios para desenvolvimento de ensino, pesquisa e extens\u00e3o.<\/p>\n<p style=\"text-align: justify\">O curso de Engenharia de Produ\u00e7\u00e3o <strong>ser\u00e1 integral no per\u00edodo da tarde e noite<\/strong>. As aulas s\u00e3o presenciais e ministradas <strong>100% na sede Ecoville<\/strong> do campus de Curitiba.<\/p>\n<p style=\"text-align: justify\">\u00a0<\/p>\n<figure>\n\t\t\t\t\t\t\t\t\t\t<img decoding=\"async\" src=\"https:\/\/www.utfpr.edu.br\/noticias\/curitiba\/estudantes-devem-avaliar-os-professores-ate-o-dia-6-12\/@@images\/image-1400-9d5cd33cf7604a7aaed033d02bdf2d8e.jpeg\" title=\"\" alt=\"\" loading=\"lazy\" \/><figcaption><\/figcaption><\/figure>\n<h2>INSCRI\u00c7\u00d5ES ABERTAS &#8211; VESTIBULAR UTFPR 2025\/1<\/h2>\n<p style=\"text-align: justify\">A Universidade Tecnol\u00f3gica Federal do Paran\u00e1 do Campus Curitiba &#8211; Sede Ecoville disponibilizar\u00e1 22 vagas para ingressos do primeiro semestre de 2025. Das 22 vagas, 15 delas s\u00e3o ofertadas via vestibular pr\u00f3prio e 7 (sete) ofertadas pelo SiSU. O vestibular \u00e9 composto por uma Prova de Conhecimentos Gerais e uma Prova de Reda\u00e7\u00e3o. Acesse o edital para mais informa\u00e7\u00f5es.\u00a0<\/p>\n<p style=\"text-align: justify\">D\u00favidas, informa\u00e7\u00f5es e atendimentos referentes ao vestibular, contate:<br \/>E-mail: vestibular@utfpr.edu.br<br \/>WhatsApp:\u00a0<a href=\"http:\/\/wa.me\/554133104623\">(41) 3310-4623<\/a><\/p>\n<p>\t\t\t<a href=\"https:\/\/sei.utfpr.edu.br\/sei\/publicacoes\/controlador_publicacoes.php?acao=publicacao_visualizar&#038;id_documento=4742582&#038;id_orgao_publicacao=0\"><br \/>\n\t\t\t\t\t\t<\/a><\/p>\n<p style=\"text-align: center\"><a href=\"https:\/\/sei.utfpr.edu.br\/sei\/publicacoes\/controlador_publicacoes.php?acao=publicacao_visualizar&amp;id_documento=4742582&amp;id_orgao_publicacao=0\">Acesse e leia o Edital 43\/2024 &#8211; PROGRAD (Processo Seletivo Vestibular &#8211; 2025\/1) aqui<\/a><\/p>\n<p>\t\t\t<a href=\"https:\/\/www.utfpr.edu.br\/cursos\/estudenautfpr\/vestibular\/vestibular\/cronograma\"><br \/>\n\t\t\t\t\t\t<\/a><\/p>\n<p style=\"text-align: center\"><a href=\"https:\/\/www.utfpr.edu.br\/cursos\/estudenautfpr\/vestibular\/vestibular\/cronograma\">Acesse e veja<\/a>&nbsp;o cronograma completo do vestibular publicado no site da UTFPR aqui<\/p>\n<p>\t\t\t<a href=\"https:\/\/www.utfpr.edu.br\/cursos\/estudenautfpr\/vestibular\/vestibular\/espaco-do-candidato\"><br \/>\n\t\t\t\t\t\t<\/a><\/p>\n<p style=\"text-align: center\"><a href=\"https:\/\/www.utfpr.edu.br\/cursos\/estudenautfpr\/vestibular\/vestibular\/espaco-do-candidato\">Acesse o Espa\u00e7o do Candidato aqui.<\/a><br \/>Nesse espa\u00e7o voc\u00ea pode encontrar todas informa\u00e7\u00f5es consolidadas em um s\u00f3 lugar.<\/p>\n","protected":false},"excerpt":{"rendered":"<p>Engenharia de Produ\u00e7\u00e3o UTFPR Curitiba Conhe\u00e7a o mais novo curso da UTFPR do campus Curitiba: Engenharia de Produ\u00e7\u00e3o. &nbsp; A<\/p>\n","protected":false},"author":284,"featured_media":0,"parent":0,"menu_order":0,"comment_status":"closed","ping_status":"closed","template":"","meta":{"colormag_page_container_layout":"default_layout","colormag_page_sidebar_layout":"default_layout","footnotes":""},"class_list":["post-2992","page","type-page","status-publish","hentry"],"_links":{"self":[{"href":"https:\/\/utfpr.curitiba.br\/damec\/index.php?rest_route=\/wp\/v2\/pages\/2992","targetHints":{"allow":["GET"]}}],"collection":[{"href":"https:\/\/utfpr.curitiba.br\/damec\/index.php?rest_route=\/wp\/v2\/pages"}],"about":[{"href":"https:\/\/utfpr.curitiba.br\/damec\/index.php?rest_route=\/wp\/v2\/types\/page"}],"author":[{"embeddable":true,"href":"https:\/\/utfpr.curitiba.br\/damec\/index.php?rest_route=\/wp\/v2\/users\/284"}],"replies":[{"embeddable":true,"href":"https:\/\/utfpr.curitiba.br\/damec\/index.php?rest_route=%2Fwp%2Fv2%2Fcomments&post=2992"}],"version-history":[{"count":40,"href":"https:\/\/utfpr.curitiba.br\/damec\/index.php?rest_route=\/wp\/v2\/pages\/2992\/revisions"}],"predecessor-version":[{"id":3081,"href":"https:\/\/utfpr.curitiba.br\/damec\/index.php?rest_route=\/wp\/v2\/pages\/2992\/revisions\/3081"}],"wp:attachment":[{"href":"https:\/\/utfpr.curitiba.br\/damec\/index.php?rest_route=%2Fwp%2Fv2%2Fmedia&parent=2992"}],"curies":[{"name":"wp","href":"https:\/\/api.w.org\/{rel}","templated":true}]}}