{"id":2756,"date":"2024-02-09T00:11:04","date_gmt":"2024-02-09T03:11:04","guid":{"rendered":"https:\/\/utfpr.curitiba.br\/damec\/?page_id=2756"},"modified":"2024-02-09T00:16:33","modified_gmt":"2024-02-09T03:16:33","slug":"prof-silvestre-labiak-junior","status":"publish","type":"page","link":"https:\/\/utfpr.curitiba.br\/damec\/?page_id=2756","title":{"rendered":"PROF. SILVESTRE LABIAK JUNIOR"},"content":{"rendered":"\t\t<div data-elementor-type=\"wp-page\" data-elementor-id=\"2756\" class=\"elementor elementor-2756\">\n\t\t\t\t\t\t<section class=\"elementor-section elementor-top-section elementor-element elementor-element-3a17c65c elementor-section-boxed elementor-section-height-default elementor-section-height-default\" data-id=\"3a17c65c\" data-element_type=\"section\" data-e-type=\"section\">\n\t\t\t\t\t\t<div class=\"elementor-container elementor-column-gap-default\">\n\t\t\t\t\t<div class=\"elementor-column elementor-col-100 elementor-top-column elementor-element elementor-element-1219d15d\" data-id=\"1219d15d\" data-element_type=\"column\" data-e-type=\"column\">\n\t\t\t<div class=\"elementor-widget-wrap elementor-element-populated\">\n\t\t\t\t\t\t<div class=\"elementor-element elementor-element-2c075bb2 elementor-widget elementor-widget-text-editor\" data-id=\"2c075bb2\" data-element_type=\"widget\" data-e-type=\"widget\" data-widget_type=\"text-editor.default\">\n\t\t\t\t<div class=\"elementor-widget-container\">\n\t\t\t\t\t\t\t\t\t<p><\/p>\n<div class=\"wp-block-group has-background is-vertical is-content-justification-left is-layout-flex wp-container-core-group-is-layout-a2dc6e3f wp-block-group-is-layout-flex\" style=\"border-style: none;border-width: 0px;border-radius: 10px;background: linear-gradient(135deg,#08753a 0%,#22bb64 100%);padding: 15px\">\n<p><\/p>\n<h1 class=\"wp-block-heading has-white-color has-text-color\">PROF. DR. SILVESTRE LABIAK JUNIOR<\/h1>\n<p><\/p>\n<h3 class=\"wp-block-heading has-white-color has-text-color\">&nbsp;Professor Titular<\/h3>\n<p><\/p>\n<\/div>\n<p><\/p>\n<div class=\"wp-block-spacer\" style=\"height: 50px\" aria-hidden=\"true\">&nbsp;<\/div><div class=\"wp-block-columns\">\n<div class=\"wp-block-column\" style=\"flex-basis: 33.33%\">\n<p><\/p>\n<figure class=\"wp-block-image size-full has-custom-border is-style-rounded\"><img fetchpriority=\"high\" decoding=\"async\" class=\"alignleft wp-image-2758\" style=\"border-radius: 0px\" src=\"https:\/\/utfpr-ct-static-content.s3.amazonaws.com\/utfpr.curitiba.br\/wp-content\/uploads\/sites\/67\/2024\/02\/PROF.-DR.-SILVESTRE-LABIAK-JUNIOR.png\" alt=\"\" width=\"300\" height=\"404\"><\/figure>\n<p><\/p>\n<\/div>\n<p><\/p>\n<div class=\"wp-block-column is-layout-flow wp-block-column-is-layout-flow\" style=\"flex-basis: 66.66%\">\n<p><\/p>\n<h2 class=\"wp-block-heading has-text-color\" style=\"color: #08753a\">Sobre<\/h2>\n<p><\/p>\n<p class=\"has-medium-font-size\">Gradua\u00e7\u00e3o em Tecnologia em Qu\u00edmica Ambiental &#8211; UTFPR (2001)<br>Mestre em Tecnologia &#8211; UTFPR (2004)<br>Doutor em Engenharia e Gest\u00e3o de Conhecimento &#8211; UFSC (2012)<\/p>\n<p><\/p>\n<p class=\"has-medium-font-size\" style=\"text-align: justify\">Doutor em Engenharia e Gest\u00e3o do Conhecimento &#8211; EGC \/ UFSC (2012) e P\u00f3s Doutorado Empresarial na TEKIS Tecnologias Avan\u00e7adas (FAPESC\/CAPES\/UFSC, 2015), Mestrado em Tecnologia e Desenvolvimento &#8211; PPGTE \/ UTFPR (2004), Gradua\u00e7\u00e3o em Tecnologia Qu\u00edmica Ambiental pela UTFPR (2001) e T\u00e9cnico em Mec\u00e2nica pelo CEFET-PR. Na Gest\u00e3o Acad\u00eamica atuou como: \u00c9 Pr\u00f3 Reitor de Extens\u00e3o e Inova\u00e7\u00e3o na UTFPR (2023 &#8211; atual). Pr\u00f3 Reitor de Extens\u00e3o, Pesquisa e Inova\u00e7\u00e3o no Instituto Federal do Paran\u00e1 &#8211; IFPR (2012 &#8211; 2014), Pr\u00f3-Reitor Adjunto de Rela\u00e7\u00f5es Empresariais e Comunit\u00e1rias na UTFPR (2004 &#8211; 2008). Em organiza\u00e7\u00f5es da sociedade civil atuou como: Diretor da Anprotec (2008 &#8211; 2009) e Presidente da Rede Paranaense de Incubadoras e Parques Tecnol\u00f3gicos-Reparte (2004 &#8211; 2007). Professor Permanente no Programa de P\u00f3s Gradua\u00e7\u00e3o em Tecnologia e Sociedade- PPGTE, atuando na Linha de Tecnologia e Desenvolvimento, na \u00e1rea de Sistemas Regionais de Inova\u00e7\u00e3o. Leciona na Engenharia Mec\u00e2nica as disciplinas de Empreendedorismo, Fontes de Fomento \u00e0 Inova\u00e7\u00e3o, Metodologia de Pesquisa e Projetos Empresariais e Industriais. Atua Representando a UTFPR nos Grupos de Trabalho de Inova\u00e7\u00e3o da Funda\u00e7\u00e3o Arauc\u00e1ria e de Pol\u00edticas para Parques Tecnol\u00f3gicos no SEPARTEC. Na intera\u00e7\u00e3o com o setor produtivo atua com: Assessorias, Consultorias e palestras nas \u00e1reas de Habitats de Inova\u00e7\u00e3o, Sistemas Regionais de Inova\u00e7\u00e3o, Fontes de Fomento \u00e0 Inova\u00e7\u00e3o e Empreendedorismo. \u00c9 Pesquisador Avaliador do CNPq.&nbsp;<\/p>\n<\/div>\n<\/div>\n<p><\/p>\n<div class=\"wp-block-group alignfull is-layout-constrained wp-block-group-is-layout-constrained\">\n<p><\/p>\n<div class=\"wp-block-columns are-vertically-aligned-center is-layout-flex wp-container-core-columns-is-layout-28f84493 wp-block-columns-is-layout-flex\">\n<p><\/p>\n<div class=\"wp-block-column is-vertically-aligned-center is-layout-flow wp-block-column-is-layout-flow\">\n<p><\/p>\n<p class=\"has-text-align-center has-text-color has-medium-font-size\" style=\"color: #08753a\"><strong>E-Mail<\/strong><\/p>\n<p><\/p>\n<\/div>\n<p><\/p>\n<div class=\"wp-block-column is-vertically-aligned-center is-layout-flow wp-block-column-is-layout-flow\">\n<p><\/p>\n<p class=\"has-text-align-center has-medium-font-size\">labiak@utfpr.edu.br<\/p>\n<p><\/p>\n<\/div>\n<p><\/p>\n<\/div>\n<p><\/p>\n<div class=\"wp-block-columns is-layout-flex wp-container-core-columns-is-layout-28f84493 wp-block-columns-is-layout-flex\">\n<p><\/p>\n<div class=\"wp-block-column is-layout-flow wp-block-column-is-layout-flow\">\n<p><\/p>\n<p class=\"has-text-align-center has-text-color has-medium-font-size\" style=\"color: #08753a\"><strong>Sala<\/strong><\/p>\n<p><\/p>\n<\/div>\n<p><\/p>\n<div class=\"wp-block-column is-layout-flow wp-block-column-is-layout-flow\">\n<p><\/p>\n<p class=\"has-text-align-center has-medium-font-size\">Sede Ecoville Bloco K &#8211; 301<\/p>\n<p><\/p>\n<\/div>\n<p><\/p>\n<\/div>\n<p><\/p>\n<div class=\"wp-block-columns are-vertically-aligned-center is-layout-flex wp-container-core-columns-is-layout-28f84493 wp-block-columns-is-layout-flex\">\n<p><\/p>\n<div class=\"wp-block-column is-vertically-aligned-center is-layout-flow wp-block-column-is-layout-flow\">\n<p><\/p>\n<p class=\"has-text-align-center has-text-color has-medium-font-size\" style=\"color: #08753a\"><strong>\u00c1rea<\/strong><\/p>\n<p><\/p>\n<\/div>\n<p><\/p>\n<div class=\"wp-block-column is-vertically-aligned-center is-layout-flow wp-block-column-is-layout-flow\">\n<p class=\"has-text-align-center has-medium-font-size\">Produ\u00e7\u00e3o<\/p>\n<\/div>\n<p><\/p>\n<\/div>\n<p><\/p>\n<\/div>\n<p><\/p>\n<hr class=\"wp-block-separator has-alpha-channel-opacity is-style-wide\">\n<p><\/p>\n<h2 class=\"wp-block-heading has-text-align-center has-text-color\" style=\"color: #08753a\">Disciplinas Lecionadas<\/h2>\n<p><\/p>\n<p class=\"has-text-align-center has-medium-font-size\">N\u00e3o registrada para 2024.<\/p>\n<p><\/p>\n<hr class=\"wp-block-separator has-alpha-channel-opacity is-style-wide\">\n<p><\/p>\n<p><\/p>\n<h2 class=\"wp-block-heading has-text-align-center has-text-color\" style=\"color: #08753a\">Curr\u00edculo Lattes<\/h2>\n<p><\/p>\n<p class=\"has-text-align-center has-medium-font-size\"><a href=\"http:\/\/lattes.cnpq.br\/5739819800762533\">Clique aqui para ser redirecionado \u00e0 Plataforma Lattes<\/a><\/p>\n<p><\/p>\n<p><\/p>\t\t\t\t\t\t\t\t<\/div>\n\t\t\t\t<\/div>\n\t\t\t\t\t<\/div>\n\t\t<\/div>\n\t\t\t\t\t<\/div>\n\t\t<\/section>\n\t\t\t\t<\/div>\n\t\t","protected":false},"excerpt":{"rendered":"<p>PROF. DR. SILVESTRE LABIAK JUNIOR &nbsp;Professor Titular Sobre Gradua\u00e7\u00e3o em Tecnologia em Qu\u00edmica Ambiental &#8211; UTFPR (2001)Mestre em Tecnologia &#8211;<\/p>\n","protected":false},"author":284,"featured_media":0,"parent":0,"menu_order":0,"comment_status":"closed","ping_status":"closed","template":"","meta":{"colormag_page_container_layout":"default_layout","colormag_page_sidebar_layout":"default_layout","footnotes":""},"class_list":["post-2756","page","type-page","status-publish","hentry"],"_links":{"self":[{"href":"https:\/\/utfpr.curitiba.br\/damec\/index.php?rest_route=\/wp\/v2\/pages\/2756","targetHints":{"allow":["GET"]}}],"collection":[{"href":"https:\/\/utfpr.curitiba.br\/damec\/index.php?rest_route=\/wp\/v2\/pages"}],"about":[{"href":"https:\/\/utfpr.curitiba.br\/damec\/index.php?rest_route=\/wp\/v2\/types\/page"}],"author":[{"embeddable":true,"href":"https:\/\/utfpr.curitiba.br\/damec\/index.php?rest_route=\/wp\/v2\/users\/284"}],"replies":[{"embeddable":true,"href":"https:\/\/utfpr.curitiba.br\/damec\/index.php?rest_route=%2Fwp%2Fv2%2Fcomments&post=2756"}],"version-history":[{"count":7,"href":"https:\/\/utfpr.curitiba.br\/damec\/index.php?rest_route=\/wp\/v2\/pages\/2756\/revisions"}],"predecessor-version":[{"id":2764,"href":"https:\/\/utfpr.curitiba.br\/damec\/index.php?rest_route=\/wp\/v2\/pages\/2756\/revisions\/2764"}],"wp:attachment":[{"href":"https:\/\/utfpr.curitiba.br\/damec\/index.php?rest_route=%2Fwp%2Fv2%2Fmedia&parent=2756"}],"curies":[{"name":"wp","href":"https:\/\/api.w.org\/{rel}","templated":true}]}}