{"id":2691,"date":"2024-02-08T23:01:25","date_gmt":"2024-02-09T02:01:25","guid":{"rendered":"https:\/\/utfpr.curitiba.br\/damec\/?page_id=2691"},"modified":"2024-02-08T23:08:02","modified_gmt":"2024-02-09T02:08:02","slug":"prof-paulo-andre-de-camargo-beltrao","status":"publish","type":"page","link":"https:\/\/utfpr.curitiba.br\/damec\/?page_id=2691","title":{"rendered":"PROF. PAULO ANDRE DE CAMARGO BELTRAO"},"content":{"rendered":"\t\t<div data-elementor-type=\"wp-page\" data-elementor-id=\"2691\" class=\"elementor elementor-2691\">\n\t\t\t\t\t\t<section class=\"elementor-section elementor-top-section elementor-element elementor-element-3f0d145f elementor-section-boxed elementor-section-height-default elementor-section-height-default\" data-id=\"3f0d145f\" data-element_type=\"section\" data-e-type=\"section\">\n\t\t\t\t\t\t<div class=\"elementor-container elementor-column-gap-default\">\n\t\t\t\t\t<div class=\"elementor-column elementor-col-100 elementor-top-column elementor-element elementor-element-7dc52374\" data-id=\"7dc52374\" data-element_type=\"column\" data-e-type=\"column\">\n\t\t\t<div class=\"elementor-widget-wrap elementor-element-populated\">\n\t\t\t\t\t\t<div class=\"elementor-element elementor-element-1ea34739 elementor-widget elementor-widget-text-editor\" data-id=\"1ea34739\" data-element_type=\"widget\" data-e-type=\"widget\" data-widget_type=\"text-editor.default\">\n\t\t\t\t<div class=\"elementor-widget-container\">\n\t\t\t\t\t\t\t\t\t<p><\/p>\n<div class=\"wp-block-group has-background is-vertical is-content-justification-left is-layout-flex wp-container-core-group-is-layout-a2dc6e3f wp-block-group-is-layout-flex\" style=\"border-style: none;border-width: 0px;border-radius: 10px;background: linear-gradient(135deg,#08753a 0%,#22bb64 100%);padding: 15px\">\n<p><\/p>\n<h1 class=\"wp-block-heading has-white-color has-text-color\">PROF. DR. PAULO ANDR\u00c9 DE CAMARGO BELTR\u00c3O<\/h1>\n<p><\/p>\n<h3 class=\"wp-block-heading has-white-color has-text-color\">Professor Titular<\/h3>\n<p><\/p>\n<\/div>\n<p><\/p>\n<div class=\"wp-block-spacer\" style=\"height: 50px\" aria-hidden=\"true\">&nbsp;<\/div><div class=\"wp-block-columns\">\n<div class=\"wp-block-column\" style=\"flex-basis: 33.33%\">\n<p><\/p>\n<figure class=\"wp-block-image size-full has-custom-border is-style-rounded\"><img fetchpriority=\"high\" decoding=\"async\" class=\"alignleft wp-image-2693\" style=\"border-radius: 0px\" src=\"https:\/\/utfpr-ct-static-content.s3.amazonaws.com\/utfpr.curitiba.br\/wp-content\/uploads\/sites\/67\/2024\/02\/PROF.-DR.-PAULO-ANDRE-DE-CAMARGO-BELTRAO.png\" alt=\"\" width=\"300\" height=\"401\"><\/figure>\n<p><\/p>\n<\/div>\n<p><\/p>\n<div class=\"wp-block-column is-layout-flow wp-block-column-is-layout-flow\" style=\"flex-basis: 66.66%\">\n<p><\/p>\n<h2 class=\"wp-block-heading has-text-color\" style=\"color: #08753a\">Sobre<\/h2>\n<p><\/p>\n<p class=\"has-medium-font-size\">Engenheiro Mec\u00e2nico (1984)<br>Mestre em Engenharia Mec\u00e2nica &#8211; UFSC (1991)<br>Doutor em Sistemas de Manufatura: Mec\u00e2nica de Precis\u00e3o &#8211; Universidade de Cranfield (1998)<\/p>\n<p><\/p>\n<p class=\"has-medium-font-size\" style=\"text-align: justify\">Graduado em Engenharia Mecanica pela Universidade Federal do Paran\u00e1 (1984), mestrado em Engenharia Mec\u00e2nica pela Universidade Federal de Santa Catarina (1991) e doutorado em Engenharia Mec\u00e2nica no Departamento de Sistemas de Manufatura (Mec\u00e2nica de Precis\u00e3o) pela Cranfield University da Inglaterra (1998). Atualmente \u00e9 Professor Titular de ensino superior da Universidade Tecnol\u00f3gica Federal do Paran\u00e1. Tem experi\u00eancia na \u00e1rea de usinagem e processos de fabrica\u00e7\u00e3o, com \u00eanfase em Engenharia mec\u00e2nica, atuando principalmente nos seguintes temas: otimiza\u00e7\u00e3o de processos de fabrica\u00e7\u00e3o, usinagem com ferramentas de geometria definida, usinagem de precis\u00e3o, usinagem com comando num\u00e9rico computadorizado.<\/p>\n<\/div>\n<\/div>\n<p><\/p>\n<div class=\"wp-block-group alignfull is-layout-constrained wp-block-group-is-layout-constrained\">\n<p><\/p>\n<div class=\"wp-block-columns are-vertically-aligned-center is-layout-flex wp-container-core-columns-is-layout-28f84493 wp-block-columns-is-layout-flex\">\n<p><\/p>\n<div class=\"wp-block-column is-vertically-aligned-center is-layout-flow wp-block-column-is-layout-flow\">\n<p><\/p>\n<p class=\"has-text-align-center has-text-color has-medium-font-size\" style=\"color: #08753a\"><strong>E-Mail<\/strong><\/p>\n<p><\/p>\n<\/div>\n<p><\/p>\n<div class=\"wp-block-column is-vertically-aligned-center is-layout-flow wp-block-column-is-layout-flow\">\n<p><\/p>\n<p class=\"has-text-align-center has-medium-font-size\">beltrao@utfpr.edu.br<\/p>\n<p><\/p>\n<\/div>\n<p><\/p>\n<\/div>\n<p><\/p>\n<div class=\"wp-block-columns is-layout-flex wp-container-core-columns-is-layout-28f84493 wp-block-columns-is-layout-flex\">\n<p><\/p>\n<div class=\"wp-block-column is-layout-flow wp-block-column-is-layout-flow\">\n<p><\/p>\n<p class=\"has-text-align-center has-text-color has-medium-font-size\" style=\"color: #08753a\"><strong>Sala<\/strong><\/p>\n<p><\/p>\n<\/div>\n<p><\/p>\n<div class=\"wp-block-column is-layout-flow wp-block-column-is-layout-flow\">\n<p><\/p>\n<p class=\"has-text-align-center has-medium-font-size\">Sede Ecoville Bloco K &#8211; 106<\/p>\n<p><\/p>\n<\/div>\n<p><\/p>\n<\/div>\n<p><\/p>\n<div class=\"wp-block-columns are-vertically-aligned-center is-layout-flex wp-container-core-columns-is-layout-28f84493 wp-block-columns-is-layout-flex\">\n<p><\/p>\n<div class=\"wp-block-column is-vertically-aligned-center is-layout-flow wp-block-column-is-layout-flow\">\n<p><\/p>\n<p class=\"has-text-align-center has-text-color has-medium-font-size\" style=\"color: #08753a\"><strong>\u00c1rea<\/strong><\/p>\n<p><\/p>\n<\/div>\n<p><\/p>\n<div class=\"wp-block-column is-vertically-aligned-center is-layout-flow wp-block-column-is-layout-flow\">\n<p class=\"has-text-align-center has-medium-font-size\">Fabrica\u00e7\u00e3o<\/p>\n<\/div>\n<p><\/p>\n<\/div>\n<p><\/p>\n<\/div>\n<p><\/p>\n<hr class=\"wp-block-separator has-alpha-channel-opacity is-style-wide\">\n<p><\/p>\n<h2 class=\"wp-block-heading has-text-align-center has-text-color\" style=\"color: #08753a\">Disciplinas Lecionadas<\/h2>\n<p><\/p>\n<p class=\"has-text-align-center has-medium-font-size\">Trabalho De Conclus\u00e3o De Curso 2 (ME60J &#8211; S01 e S41)<br>Gest\u00e3o De Carreira (ME7BZ &#8211; S01)<br>Usinagem Convencional (ME76F &#8211; S02)<br>Trabalho De Conclus\u00e3o De Curso 2 (ME79D &#8211; E01)<\/p>\n<p><\/p>\n<hr class=\"wp-block-separator has-alpha-channel-opacity is-style-wide\">\n<p><\/p>\n<p><\/p>\n<h2 class=\"wp-block-heading has-text-align-center has-text-color\" style=\"color: #08753a\">Curr\u00edculo Lattes<\/h2>\n<p><\/p>\n<p class=\"has-text-align-center has-medium-font-size\"><a href=\"http:\/\/lattes.cnpq.br\/0030041965419286\">Clique aqui para ser redirecionado \u00e0 Plataforma Lattes<\/a><\/p>\n<p><\/p>\n<p><\/p>\t\t\t\t\t\t\t\t<\/div>\n\t\t\t\t<\/div>\n\t\t\t\t\t<\/div>\n\t\t<\/div>\n\t\t\t\t\t<\/div>\n\t\t<\/section>\n\t\t\t\t<\/div>\n\t\t","protected":false},"excerpt":{"rendered":"<p>PROF. DR. PAULO ANDR\u00c9 DE CAMARGO BELTR\u00c3O Professor Titular Sobre Engenheiro Mec\u00e2nico (1984)Mestre em Engenharia Mec\u00e2nica &#8211; UFSC (1991)Doutor em<\/p>\n","protected":false},"author":284,"featured_media":0,"parent":0,"menu_order":0,"comment_status":"closed","ping_status":"closed","template":"","meta":{"colormag_page_container_layout":"default_layout","colormag_page_sidebar_layout":"default_layout","footnotes":""},"class_list":["post-2691","page","type-page","status-publish","hentry"],"_links":{"self":[{"href":"https:\/\/utfpr.curitiba.br\/damec\/index.php?rest_route=\/wp\/v2\/pages\/2691","targetHints":{"allow":["GET"]}}],"collection":[{"href":"https:\/\/utfpr.curitiba.br\/damec\/index.php?rest_route=\/wp\/v2\/pages"}],"about":[{"href":"https:\/\/utfpr.curitiba.br\/damec\/index.php?rest_route=\/wp\/v2\/types\/page"}],"author":[{"embeddable":true,"href":"https:\/\/utfpr.curitiba.br\/damec\/index.php?rest_route=\/wp\/v2\/users\/284"}],"replies":[{"embeddable":true,"href":"https:\/\/utfpr.curitiba.br\/damec\/index.php?rest_route=%2Fwp%2Fv2%2Fcomments&post=2691"}],"version-history":[{"count":7,"href":"https:\/\/utfpr.curitiba.br\/damec\/index.php?rest_route=\/wp\/v2\/pages\/2691\/revisions"}],"predecessor-version":[{"id":2699,"href":"https:\/\/utfpr.curitiba.br\/damec\/index.php?rest_route=\/wp\/v2\/pages\/2691\/revisions\/2699"}],"wp:attachment":[{"href":"https:\/\/utfpr.curitiba.br\/damec\/index.php?rest_route=%2Fwp%2Fv2%2Fmedia&parent=2691"}],"curies":[{"name":"wp","href":"https:\/\/api.w.org\/{rel}","templated":true}]}}