{"id":2673,"date":"2024-02-08T22:46:09","date_gmt":"2024-02-09T01:46:09","guid":{"rendered":"https:\/\/utfpr.curitiba.br\/damec\/?page_id=2673"},"modified":"2025-06-12T09:02:06","modified_gmt":"2025-06-12T12:02:06","slug":"prof-nilson-barbieri","status":"publish","type":"page","link":"https:\/\/utfpr.curitiba.br\/damec\/?page_id=2673","title":{"rendered":"PROF. NILSON BARBIERI"},"content":{"rendered":"\t\t<div data-elementor-type=\"wp-page\" data-elementor-id=\"2673\" class=\"elementor elementor-2673\">\n\t\t\t\t\t\t<section class=\"elementor-section elementor-top-section elementor-element elementor-element-441e8db9 elementor-section-boxed elementor-section-height-default elementor-section-height-default\" data-id=\"441e8db9\" data-element_type=\"section\" data-e-type=\"section\">\n\t\t\t\t\t\t<div class=\"elementor-container elementor-column-gap-default\">\n\t\t\t\t\t<div class=\"elementor-column elementor-col-100 elementor-top-column elementor-element elementor-element-7ce7f4b1\" data-id=\"7ce7f4b1\" data-element_type=\"column\" data-e-type=\"column\">\n\t\t\t<div class=\"elementor-widget-wrap elementor-element-populated\">\n\t\t\t\t\t\t<div class=\"elementor-element elementor-element-5255fa4c elementor-widget elementor-widget-text-editor\" data-id=\"5255fa4c\" data-element_type=\"widget\" data-e-type=\"widget\" data-widget_type=\"text-editor.default\">\n\t\t\t\t<div class=\"elementor-widget-container\">\n\t\t\t\t\t\t\t\t\t<div class=\"wp-block-group has-background\" style=\"border-style: none;border-width: 0px;border-radius: 10px;background: linear-gradient(135deg,#08753a 0%,#22bb64 100%);padding: 15px\">\n<p><\/p>\n<h1 class=\"wp-block-heading has-white-color has-text-color\">PROF. DR. NILSON BARBIERI<\/h1>\n<p><\/p>\n<h3 class=\"wp-block-heading has-white-color has-text-color\">Professor Titular<\/h3>\n<p><\/p>\n<\/div>\n<p><!-- \/wp:group --><!-- wp:spacer {\"height\":\"50px\"} --><\/p>\n<div class=\"wp-block-spacer\" style=\"height: 50px\" aria-hidden=\"true\">\n<\/div>\n<div class=\"wp-block-columns\">\n<div class=\"wp-block-column\" style=\"flex-basis: 33.33%\">\n<p><!-- wp:image {\"id\":1531,\"sizeSlug\":\"full\",\"linkDestination\":\"none\",\"style\":{\"border\":{\"radius\":\"0px\"}},\"className\":\"is-style-rounded\"} --><\/p>\n<figure class=\"wp-block-image size-full has-custom-border is-style-rounded\"><img fetchpriority=\"high\" decoding=\"async\" class=\"alignleft wp-image-2675\" style=\"border-radius: 0px\" src=\"https:\/\/utfpr-ct-static-content.s3.amazonaws.com\/utfpr.curitiba.br\/wp-content\/uploads\/sites\/67\/2024\/02\/PROF.-DR.-NILSON-BARBIERI.png\" alt=\"\" width=\"300\" height=\"403\"><\/figure>\n<p><!-- \/wp:image --><\/p>\n<\/div>\n<p><!-- \/wp:spacer --><!-- wp:column {\"width\":\"66.66%\"} --><\/p>\n<div class=\"wp-block-column\" style=\"flex-basis: 66.66%\">\n<p><!-- wp:heading {\"style\":{\"color\":{\"text\":\"#08753a\"}}} --><\/p>\n<h2 class=\"wp-block-heading has-text-color\" style=\"color: #08753a\">Sobre<\/h2>\n<p><!-- \/wp:heading --><!-- wp:paragraph {\"fontSize\":\"medium\"} --><\/p>\n<p class=\"has-medium-font-size\">Engenheiro Mec\u00e2nico &#8211; UNESP (1985)<br>Mestre em Engenharia Mec\u00e2nica &#8211; UNICAMP (1989)<br>Doutor em Engenharia Mec\u00e2nica &#8211; UNICAMP (1993)<\/p>\n<p><!-- \/wp:paragraph --><!-- wp:paragraph {\"fontSize\":\"medium\"} --><\/p>\n<p class=\"has-medium-font-size\" style=\"text-align: justify\">Graduado em Engenharia Mec\u00e2nica pela Universidade Estadual Paulista J\u00falio de Mesquita Filho(1985), mestrado em Engenharia Mec\u00e2nica pela Universidade Estadual de Campinas(1989) e doutorado em Engenharia Mec\u00e2nica pela Universidade Estadual de Campinas(1993). Atualmente \u00e9 professor titular da Universidade Tecnol\u00f3gica Federal do Paran\u00e1, professor titular da Pontif\u00edcia Universidade Cat\u00f3lica do Paran\u00e1, Revisor de peri\u00f3dico da Mechanical Systems and Signal Processing, Revisor de peri\u00f3dico da Journal of the Brazilian Society of Mechanical Sciences and Engineering (Im, Revisor de peri\u00f3dico da Journal of Zhejiang University-SCIENCE A, Revisor de peri\u00f3dico da Experimental Mechanics, Revisor de peri\u00f3dico da Latin American Journal of Solids and Structures (Impresso), Revisor de peri\u00f3dico da Shock and Vibration, Revisor de peri\u00f3dico da Indian Journal of Engineering and Materials Sciences (Print), Revisor de peri\u00f3dico da Recent Patents on Engineering, Revisor de peri\u00f3dico da Expert Systems with Applications, Revisor de peri\u00f3dico da Applied Acoustics, Revisor de peri\u00f3dico da Inverse Problems in Science and Engineering (Online), Revisor de peri\u00f3dico da Structural Health Monitoring, Revisor de peri\u00f3dico da Neural Computing &amp; Applications (Print), Revisor de peri\u00f3dico da Strojniski Vestnik, Revisor de peri\u00f3dico da SIAM Journal on Scientific Computing (Print), Revisor de peri\u00f3dico da Nonlinear Dynamics, Revisor de peri\u00f3dico da Smart Materials and Structures (Print), Revisor de peri\u00f3dico da Anais da Academia Brasileira de Ci\u00eancias (Impresso), Revisor de peri\u00f3dico da Mechanism and Machine Theory, Revisor de peri\u00f3dico da Measurement Science and Technology, Revisor de peri\u00f3dico da INTERNATIONAL JOURNAL FOR NUMERICAL METHODS IN ENGINEERING (ONLINE), Revisor de peri\u00f3dico da IEEE TRANSACTIONS ON RELIABILITY, Revisor de peri\u00f3dico da Vehicle System Dynamics, Revisor de peri\u00f3dico da STRUCTURAL AND MULTIDISCIPLINARY OPTIMIZATION, Revisor de peri\u00f3dico da MATHEMATICAL PROBLEMS IN ENGINEERING, Revisor de peri\u00f3dico da COMPUTER METHODS IN APPLIED MECHANICS AND ENGINEERING, Revisor de peri\u00f3dico da ENGINEERING STRUCTURES, Revisor de peri\u00f3dico da ENGINEERING ANALYSIS WITH BOUNDARY ELEMENTS, Revisor de peri\u00f3dico da MEASUREMENT, Revisor de peri\u00f3dico da Journal of Sound and Vibration, Revisor de peri\u00f3dico da Bulletin of the Polish Academy of Science, Revisor de peri\u00f3dico da Processes, Revisor de peri\u00f3dico da IEEE Transactions on Power Delivery, Revisor de peri\u00f3dico da Acoustics Australia, Revisor de peri\u00f3dico da Entropy, Revisor de peri\u00f3dico da ACTUATORS e Revisor de peri\u00f3dico da Applied Sciences-Basel. Tem experi\u00eancia na \u00e1rea de Engenharia Mec\u00e2nica, com \u00eanfase em Mec\u00e2nica dos S\u00f3lidos. Atuando principalmente nos seguintes temas:Active Suspension, Dinamica.<\/p>\n<\/div>\n<\/div>\n<p><!-- \/wp:paragraph --><!-- wp:group {\"align\":\"full\",\"layout\":{\"inherit\":true,\"type\":\"constrained\"}} --><\/p>\n<div class=\"wp-block-group alignfull\">\n<p><!-- wp:columns {\"verticalAlignment\":\"center\"} --><\/p>\n<div class=\"wp-block-columns are-vertically-aligned-center\">\n<p><!-- wp:column {\"verticalAlignment\":\"center\"} --><\/p>\n<div class=\"wp-block-column is-vertically-aligned-center\">\n<p><!-- wp:paragraph {\"align\":\"center\",\"style\":{\"color\":{\"text\":\"#08753a\"}},\"fontSize\":\"medium\"} --><\/p>\n<p class=\"has-text-align-center has-text-color has-medium-font-size\" style=\"color: #08753a\"><strong>E-Mail<\/strong><\/p>\n<p><!-- \/wp:paragraph --><\/p>\n<\/div>\n<p><!-- \/wp:column --><!-- wp:column {\"verticalAlignment\":\"center\"} --><\/p>\n<div class=\"wp-block-column is-vertically-aligned-center\">\n<p><!-- wp:paragraph {\"align\":\"center\",\"fontSize\":\"medium\"} --><\/p>\n<p class=\"has-text-align-center has-medium-font-size\">&nbsp;nilsonbarbieri@utfpr.edu.br<\/p>\n<p><!-- \/wp:paragraph --><\/p>\n<\/div>\n<p><!-- \/wp:column --><\/p>\n<\/div>\n<p><!-- \/wp:columns --><!-- wp:columns --><\/p>\n<div class=\"wp-block-columns\">\n<p><!-- wp:column --><\/p>\n<div class=\"wp-block-column\">\n<p><!-- wp:paragraph {\"align\":\"center\",\"style\":{\"color\":{\"text\":\"#08753a\"}},\"fontSize\":\"medium\"} --><\/p>\n<p class=\"has-text-align-center has-text-color has-medium-font-size\" style=\"color: #08753a\"><strong>Sala<\/strong><\/p>\n<p><!-- \/wp:paragraph --><\/p>\n<\/div>\n<p><!-- \/wp:column --><!-- wp:column --><\/p>\n<div class=\"wp-block-column\">\n<p><!-- wp:paragraph {\"align\":\"center\",\"fontSize\":\"medium\"} --><\/p>\n<p class=\"has-text-align-center has-medium-font-size\">Sede Ecoville Bloco K &#8211; 301<\/p>\n<p><!-- \/wp:paragraph --><\/p>\n<\/div>\n<p><!-- \/wp:column --><\/p>\n<\/div>\n<p><!-- \/wp:columns --><!-- wp:columns {\"verticalAlignment\":\"center\"} --><\/p>\n<div class=\"wp-block-columns are-vertically-aligned-center\">\n<p><!-- wp:column {\"verticalAlignment\":\"center\"} --><\/p>\n<div class=\"wp-block-column is-vertically-aligned-center\">\n<p><!-- wp:paragraph {\"align\":\"center\",\"style\":{\"color\":{\"text\":\"#08753a\"}},\"fontSize\":\"medium\"} --><\/p>\n<p class=\"has-text-align-center has-text-color has-medium-font-size\" style=\"color: #08753a\"><strong>\u00c1rea<\/strong><\/p>\n<p><!-- \/wp:paragraph --><\/p>\n<\/div>\n<p><!-- \/wp:column --><!-- wp:column {\"verticalAlignment\":\"center\"} --><\/p>\n<div class=\"wp-block-column is-vertically-aligned-center\">\n<p class=\"has-text-align-center has-medium-font-size\">Estrutural<\/p>\n<\/div>\n<p><!-- \/wp:column --><\/p>\n<\/div>\n<p><!-- \/wp:columns --><\/p>\n<\/div>\n<p><!-- \/wp:group --><!-- wp:separator {\"className\":\"is-style-wide\"} --><\/p>\n<hr class=\"wp-block-separator has-alpha-channel-opacity is-style-wide\">\n<p><!-- \/wp:separator --><!-- wp:heading {\"textAlign\":\"center\",\"style\":{\"color\":{\"text\":\"#08753a\"}}} --><\/p>\n<h2 class=\"wp-block-heading has-text-align-center has-text-color\" style=\"color: #08753a\">Disciplinas Lecionadas<\/h2>\n<p><!-- \/wp:heading --><!-- wp:paragraph {\"align\":\"center\",\"fontSize\":\"medium\"} --><\/p>\n<p class=\"has-text-align-center has-medium-font-size\">Est\u00e1tica (MEC73C &#8211; S43)<br>Din\u00e2mica (MEC74A &#8211; S43)<br>Mecanismos (MEC76F &#8211; S01)<\/p>\n<p><!-- \/wp:paragraph --><!-- wp:separator {\"className\":\"is-style-wide\"} --><\/p>\n<hr class=\"wp-block-separator has-alpha-channel-opacity is-style-wide\">\n<p><!-- \/wp:separator --><\/p>\n<p><!-- wp:heading {\"textAlign\":\"center\",\"style\":{\"color\":{\"text\":\"#08753a\"}}} --><\/p>\n<h2 class=\"wp-block-heading has-text-align-center has-text-color\" style=\"color: #08753a\">Curr\u00edculo Lattes<\/h2>\n<p><!-- \/wp:heading --><!-- wp:paragraph {\"align\":\"center\",\"fontSize\":\"medium\"} --><\/p>\n<p class=\"has-text-align-center has-medium-font-size\"><a href=\"http:\/\/lattes.cnpq.br\/4100755425794214\">Clique aqui para ser redirecionado \u00e0 Plataforma Lattes<\/a><\/p>\n<p><!-- \/wp:paragraph --><\/p>\n<p><!-- \/wp:column --><\/p>\t\t\t\t\t\t\t\t<\/div>\n\t\t\t\t<\/div>\n\t\t\t\t\t<\/div>\n\t\t<\/div>\n\t\t\t\t\t<\/div>\n\t\t<\/section>\n\t\t\t\t<\/div>\n\t\t","protected":false},"excerpt":{"rendered":"<p>PROF. DR. NILSON BARBIERI Professor Titular Sobre Engenheiro Mec\u00e2nico &#8211; UNESP (1985)Mestre em Engenharia Mec\u00e2nica &#8211; UNICAMP (1989)Doutor em Engenharia<\/p>\n","protected":false},"author":284,"featured_media":0,"parent":0,"menu_order":0,"comment_status":"closed","ping_status":"closed","template":"","meta":{"colormag_page_container_layout":"default_layout","colormag_page_sidebar_layout":"default_layout","footnotes":""},"class_list":["post-2673","page","type-page","status-publish","hentry"],"_links":{"self":[{"href":"https:\/\/utfpr.curitiba.br\/damec\/index.php?rest_route=\/wp\/v2\/pages\/2673","targetHints":{"allow":["GET"]}}],"collection":[{"href":"https:\/\/utfpr.curitiba.br\/damec\/index.php?rest_route=\/wp\/v2\/pages"}],"about":[{"href":"https:\/\/utfpr.curitiba.br\/damec\/index.php?rest_route=\/wp\/v2\/types\/page"}],"author":[{"embeddable":true,"href":"https:\/\/utfpr.curitiba.br\/damec\/index.php?rest_route=\/wp\/v2\/users\/284"}],"replies":[{"embeddable":true,"href":"https:\/\/utfpr.curitiba.br\/damec\/index.php?rest_route=%2Fwp%2Fv2%2Fcomments&post=2673"}],"version-history":[{"count":10,"href":"https:\/\/utfpr.curitiba.br\/damec\/index.php?rest_route=\/wp\/v2\/pages\/2673\/revisions"}],"predecessor-version":[{"id":3321,"href":"https:\/\/utfpr.curitiba.br\/damec\/index.php?rest_route=\/wp\/v2\/pages\/2673\/revisions\/3321"}],"wp:attachment":[{"href":"https:\/\/utfpr.curitiba.br\/damec\/index.php?rest_route=%2Fwp%2Fv2%2Fmedia&parent=2673"}],"curies":[{"name":"wp","href":"https:\/\/api.w.org\/{rel}","templated":true}]}}