{"id":2438,"date":"2024-02-08T17:18:34","date_gmt":"2024-02-08T20:18:34","guid":{"rendered":"https:\/\/utfpr.curitiba.br\/damec\/?page_id=2438"},"modified":"2025-06-11T11:10:41","modified_gmt":"2025-06-11T14:10:41","slug":"prof-josmael-roberto-kampa","status":"publish","type":"page","link":"https:\/\/utfpr.curitiba.br\/damec\/?page_id=2438","title":{"rendered":"PROF. JOSMAEL ROBERTO KAMPA"},"content":{"rendered":"\t\t<div data-elementor-type=\"wp-page\" data-elementor-id=\"2438\" class=\"elementor elementor-2438\">\n\t\t\t\t\t\t<section class=\"elementor-section elementor-top-section elementor-element elementor-element-19ecc654 elementor-section-boxed elementor-section-height-default elementor-section-height-default\" data-id=\"19ecc654\" data-element_type=\"section\" data-e-type=\"section\">\n\t\t\t\t\t\t<div class=\"elementor-container elementor-column-gap-default\">\n\t\t\t\t\t<div class=\"elementor-column elementor-col-100 elementor-top-column elementor-element elementor-element-1fb83563\" data-id=\"1fb83563\" data-element_type=\"column\" data-e-type=\"column\">\n\t\t\t<div class=\"elementor-widget-wrap elementor-element-populated\">\n\t\t\t\t\t\t<div class=\"elementor-element elementor-element-4b904d5e elementor-widget elementor-widget-text-editor\" data-id=\"4b904d5e\" data-element_type=\"widget\" data-e-type=\"widget\" data-widget_type=\"text-editor.default\">\n\t\t\t\t<div class=\"elementor-widget-container\">\n\t\t\t\t\t\t\t\t\t<div class=\"wp-block-group has-background\" style=\"border-style: none;border-width: 0px;border-radius: 10px;background: linear-gradient(135deg,#08753a 0%,#22bb64 100%);padding: 15px\">\n<p><\/p>\n<h1 class=\"wp-block-heading has-white-color has-text-color\">PROF. DR. JOSMAEL ROBERTO KAMPA<\/h1>\n<p><\/p>\n<h3 class=\"wp-block-heading has-white-color has-text-color\">Professor Titular<\/h3>\n<p><\/p>\n<\/div>\n<p><!-- \/wp:group --><!-- wp:spacer {\"height\":\"50px\"} --><\/p>\n<div class=\"wp-block-spacer\" style=\"height: 50px\" aria-hidden=\"true\">&nbsp;<\/div>\n<p><!-- \/wp:spacer --><!-- wp:columns --><\/p>\n<div class=\"wp-block-columns\">\n<p><!-- wp:column {\"width\":\"33.33%\"} --><\/p>\n<div class=\"wp-block-column\" style=\"flex-basis: 33.33%\">\n<p><!-- wp:image {\"id\":1531,\"sizeSlug\":\"full\",\"linkDestination\":\"none\",\"style\":{\"border\":{\"radius\":\"0px\"}},\"className\":\"is-style-rounded\"} --><\/p>\n<figure class=\"wp-block-image size-full has-custom-border is-style-rounded\"><img fetchpriority=\"high\" decoding=\"async\" class=\"alignleft wp-image-2440\" style=\"border-radius: 0px\" src=\"https:\/\/utfpr-ct-static-content.s3.amazonaws.com\/utfpr.curitiba.br\/wp-content\/uploads\/sites\/67\/2024\/02\/PROF.-DR.-JOSMAEL-ROBERTO-KAMPA.png\" alt=\"\" width=\"300\" height=\"398\"><\/figure>\n<p><!-- \/wp:image --><\/p>\n<\/div>\n<p><!-- \/wp:column --><!-- wp:column {\"width\":\"66.66%\"} --><\/p>\n<div class=\"wp-block-column\" style=\"flex-basis: 66.66%\">\n<p><!-- wp:heading {\"style\":{\"color\":{\"text\":\"#08753a\"}}} --><\/p>\n<h2 class=\"wp-block-heading has-text-color\" style=\"color: #08753a\">Sobre<\/h2>\n<p><!-- \/wp:heading --><!-- wp:paragraph {\"fontSize\":\"medium\"} --><\/p>\n<p class=\"has-medium-font-size\">T\u00e9cnico em Mec\u00e2nica &#8211; CTI (1999)<br>Gradua\u00e7\u00e3o em Tecnologia em Mecatr\u00f4nica &#8211; UTFPR (2005)<br>Especialista em Gest\u00e3o de Desenvolvimento de Produto &#8211; UTFPR (2008)<br>Mestre em Engenharia Mec\u00e2nica e de Materiais &#8211; UTFPR (2009)<br>Doutor em Engenharia Mec\u00e2nica e de Materiais &#8211; UTFPR (2019)<\/p>\n<p><!-- \/wp:paragraph --><!-- wp:paragraph {\"fontSize\":\"medium\"} --><\/p>\n<p class=\"has-medium-font-size\" style=\"text-align: justify\">Doutor em Engenharia Mec\u00e2nica pela Universidade Tecnol\u00f3gica Federal do Paran\u00e1 (UTFPR), possui gradua\u00e7\u00e3o em Tecnologia em Mecatr\u00f4nica (UTFPR, 2005) e Mestrado em Engenharia Mec\u00e2nica pela UTFPR (2009). Cursou especializa\u00e7\u00f5es em Gest\u00e3o de Desenvolvimento de Produtos (2008), Gest\u00e3o da Manufatura e em Ergonomia de Produto e de Processo pela UTFPR, e ensino m\u00e9dio profissionalizante T\u00e9cnico em Mec\u00e2nica. Seu foco de pesquisa \u00e9 a identifica\u00e7\u00e3o de oportunidades inexploradas de desenvolvimento de novos produtos, servi\u00e7os e neg\u00f3cios (inova\u00e7\u00e3o de valor). Atua na \u00e1rea de projetos desde 1998 e na \u00e1rea de ensino desde 2005. Foi professor na UTFPR, IFPR e PUCPR na \u00e1rea de Engenharia de Produto. Atualmente \u00e9 Professor da UTFPR na \u00e1rea de projetos e pesquisador do Grupo de Investiga\u00e7\u00e3o em Desenvolvimento e Manufatura de Produtos (GIDEM). Tamb\u00e9m possui experi\u00eancia em m\u00e9todos para est\u00edmulo \u00e0 criatividade, concep\u00e7\u00e3o e detalhamento de produtos e em prote\u00e7\u00e3o de propriedade intelectual.<\/p>\n<p><!-- \/wp:paragraph --><\/p>\n<\/div>\n<p><!-- \/wp:column --><\/p>\n<\/div>\n<p><!-- \/wp:columns --><!-- wp:spacer {\"height\":\"50px\"} --><\/p>\n<div class=\"wp-block-spacer\" style=\"height: 50px\" aria-hidden=\"true\">&nbsp;<\/div>\n<p><!-- \/wp:spacer --><!-- wp:group {\"align\":\"full\",\"layout\":{\"inherit\":true,\"type\":\"constrained\"}} --><\/p>\n<div class=\"wp-block-group alignfull\">\n<p><!-- wp:columns {\"verticalAlignment\":\"center\"} --><\/p>\n<div class=\"wp-block-columns are-vertically-aligned-center\">\n<p><!-- wp:column {\"verticalAlignment\":\"center\"} --><\/p>\n<div class=\"wp-block-column is-vertically-aligned-center\">\n<p><!-- wp:paragraph {\"align\":\"center\",\"style\":{\"color\":{\"text\":\"#08753a\"}},\"fontSize\":\"medium\"} --><\/p>\n<p class=\"has-text-align-center has-text-color has-medium-font-size\" style=\"color: #08753a\"><strong>E-Mail<\/strong><\/p>\n<p><!-- \/wp:paragraph --><\/p>\n<\/div>\n<p><!-- \/wp:column --><!-- wp:column {\"verticalAlignment\":\"center\"} --><\/p>\n<div class=\"wp-block-column is-vertically-aligned-center\">\n<p><!-- wp:paragraph {\"align\":\"center\",\"fontSize\":\"medium\"} --><\/p>\n<p class=\"has-text-align-center has-medium-font-size\">kampa@utfpr.edu.br<\/p>\n<p><!-- \/wp:paragraph --><\/p>\n<\/div>\n<p><!-- \/wp:column --><\/p>\n<\/div>\n<p><!-- \/wp:columns --><!-- wp:columns --><\/p>\n<div class=\"wp-block-columns\">\n<p><!-- wp:column --><\/p>\n<div class=\"wp-block-column\">\n<p><!-- wp:paragraph {\"align\":\"center\",\"style\":{\"color\":{\"text\":\"#08753a\"}},\"fontSize\":\"medium\"} --><\/p>\n<p class=\"has-text-align-center has-text-color has-medium-font-size\" style=\"color: #08753a\"><strong>Sala<\/strong><\/p>\n<p><!-- \/wp:paragraph --><\/p>\n<\/div>\n<p><!-- \/wp:column --><!-- wp:column --><\/p>\n<div class=\"wp-block-column\">\n<p><!-- wp:paragraph {\"align\":\"center\",\"fontSize\":\"medium\"} --><\/p>\n<p class=\"has-text-align-center has-medium-font-size\">Sede Ecoville Bloco M &#8211; 307<\/p>\n<p><!-- \/wp:paragraph --><\/p>\n<\/div>\n<p><!-- \/wp:column --><\/p>\n<\/div>\n<p><!-- \/wp:columns --><!-- wp:columns {\"verticalAlignment\":\"center\"} --><\/p>\n<div class=\"wp-block-columns are-vertically-aligned-center\">\n<p><!-- wp:column {\"verticalAlignment\":\"center\"} --><\/p>\n<div class=\"wp-block-column is-vertically-aligned-center\">\n<p><!-- wp:paragraph {\"align\":\"center\",\"style\":{\"color\":{\"text\":\"#08753a\"}},\"fontSize\":\"medium\"} --><\/p>\n<p class=\"has-text-align-center has-text-color has-medium-font-size\" style=\"color: #08753a\"><strong>\u00c1rea<\/strong><\/p>\n<p><!-- \/wp:paragraph --><\/p>\n<\/div>\n<p><!-- \/wp:column --><!-- wp:column {\"verticalAlignment\":\"center\"} --><\/p>\n<div class=\"wp-block-column is-vertically-aligned-center\">\n<p class=\"has-text-align-center has-medium-font-size\">Projetos<\/p>\n<\/div>\n<p><!-- \/wp:column --><\/p>\n<\/div>\n<p><!-- \/wp:columns --><\/p>\n<\/div>\n<p><!-- \/wp:group --><!-- wp:separator {\"className\":\"is-style-wide\"} --><\/p>\n<hr class=\"wp-block-separator has-alpha-channel-opacity is-style-wide\">\n<p><!-- \/wp:separator --><!-- wp:heading {\"textAlign\":\"center\",\"style\":{\"color\":{\"text\":\"#08753a\"}}} --><\/p>\n<h2 class=\"wp-block-heading has-text-align-center has-text-color\" style=\"color: #08753a\">Disciplinas Lecionadas<\/h2>\n<p><!-- \/wp:heading --><!-- wp:paragraph {\"align\":\"center\",\"fontSize\":\"medium\"} --><\/p>\n<p class=\"has-text-align-center has-medium-font-size\">Desenho T\u00e9cnico (MEC71A &#8211; S15 e S43)<br>Desenho Auxiliado Por Computador 1 (MEC72A &#8211; S01)<br>Desenho Auxiliado Por Computador 2 (MEC73A &#8211; S16)<br><\/p>\n<p><!-- \/wp:paragraph --><!-- wp:separator {\"className\":\"is-style-wide\"} --><\/p>\n<hr class=\"wp-block-separator has-alpha-channel-opacity is-style-wide\">\n<p><!-- \/wp:separator --><\/p>\n<p><!-- wp:heading {\"textAlign\":\"center\",\"style\":{\"color\":{\"text\":\"#08753a\"}}} --><\/p>\n<h2 class=\"wp-block-heading has-text-align-center has-text-color\" style=\"color: #08753a\">Curr\u00edculo Lattes<\/h2>\n<p><!-- \/wp:heading --><!-- wp:paragraph {\"align\":\"center\",\"fontSize\":\"medium\"} --><\/p>\n<p class=\"has-text-align-center has-medium-font-size\"><a href=\"http:\/\/lattes.cnpq.br\/8043095517221940\">Clique aqui para ser redirecionado \u00e0 Plataforma Lattes<\/a><\/p>\n<p><!-- \/wp:paragraph --><\/p>\t\t\t\t\t\t\t\t<\/div>\n\t\t\t\t<\/div>\n\t\t\t\t\t<\/div>\n\t\t<\/div>\n\t\t\t\t\t<\/div>\n\t\t<\/section>\n\t\t\t\t<\/div>\n\t\t","protected":false},"excerpt":{"rendered":"<p>PROF. DR. JOSMAEL ROBERTO KAMPA Professor Titular &nbsp; Sobre T\u00e9cnico em Mec\u00e2nica &#8211; CTI (1999)Gradua\u00e7\u00e3o em Tecnologia em Mecatr\u00f4nica &#8211;<\/p>\n","protected":false},"author":284,"featured_media":0,"parent":0,"menu_order":0,"comment_status":"closed","ping_status":"closed","template":"","meta":{"colormag_page_container_layout":"default_layout","colormag_page_sidebar_layout":"default_layout","footnotes":""},"class_list":["post-2438","page","type-page","status-publish","hentry"],"_links":{"self":[{"href":"https:\/\/utfpr.curitiba.br\/damec\/index.php?rest_route=\/wp\/v2\/pages\/2438","targetHints":{"allow":["GET"]}}],"collection":[{"href":"https:\/\/utfpr.curitiba.br\/damec\/index.php?rest_route=\/wp\/v2\/pages"}],"about":[{"href":"https:\/\/utfpr.curitiba.br\/damec\/index.php?rest_route=\/wp\/v2\/types\/page"}],"author":[{"embeddable":true,"href":"https:\/\/utfpr.curitiba.br\/damec\/index.php?rest_route=\/wp\/v2\/users\/284"}],"replies":[{"embeddable":true,"href":"https:\/\/utfpr.curitiba.br\/damec\/index.php?rest_route=%2Fwp%2Fv2%2Fcomments&post=2438"}],"version-history":[{"count":7,"href":"https:\/\/utfpr.curitiba.br\/damec\/index.php?rest_route=\/wp\/v2\/pages\/2438\/revisions"}],"predecessor-version":[{"id":3261,"href":"https:\/\/utfpr.curitiba.br\/damec\/index.php?rest_route=\/wp\/v2\/pages\/2438\/revisions\/3261"}],"wp:attachment":[{"href":"https:\/\/utfpr.curitiba.br\/damec\/index.php?rest_route=%2Fwp%2Fv2%2Fmedia&parent=2438"}],"curies":[{"name":"wp","href":"https:\/\/api.w.org\/{rel}","templated":true}]}}