{"id":2415,"date":"2024-02-08T01:49:01","date_gmt":"2024-02-08T04:49:01","guid":{"rendered":"https:\/\/utfpr.curitiba.br\/damec\/?page_id=2415"},"modified":"2024-02-08T01:55:50","modified_gmt":"2024-02-08T04:55:50","slug":"prof-jorge-luiz-de-sa-riechi","status":"publish","type":"page","link":"https:\/\/utfpr.curitiba.br\/damec\/?page_id=2415","title":{"rendered":"PROF. JORGE LUIZ DE SA RIECHI"},"content":{"rendered":"\t\t<div data-elementor-type=\"wp-page\" data-elementor-id=\"2415\" class=\"elementor elementor-2415\">\n\t\t\t\t\t\t<section class=\"elementor-section elementor-top-section elementor-element elementor-element-475f9af1 elementor-section-boxed elementor-section-height-default elementor-section-height-default\" data-id=\"475f9af1\" data-element_type=\"section\" data-e-type=\"section\">\n\t\t\t\t\t\t<div class=\"elementor-container elementor-column-gap-default\">\n\t\t\t\t\t<div class=\"elementor-column elementor-col-100 elementor-top-column elementor-element elementor-element-4185ca2d\" data-id=\"4185ca2d\" data-element_type=\"column\" data-e-type=\"column\">\n\t\t\t<div class=\"elementor-widget-wrap elementor-element-populated\">\n\t\t\t\t\t\t<div class=\"elementor-element elementor-element-5b5d2f6f elementor-widget elementor-widget-text-editor\" data-id=\"5b5d2f6f\" data-element_type=\"widget\" data-e-type=\"widget\" data-widget_type=\"text-editor.default\">\n\t\t\t\t<div class=\"elementor-widget-container\">\n\t\t\t\t\t\t\t\t\t<p><\/p><div class=\"wp-block-group has-background is-vertical is-content-justification-left is-layout-flex wp-container-core-group-is-layout-a2dc6e3f wp-block-group-is-layout-flex\" style=\"border-style: none;border-width: 0px;border-radius: 10px;background: linear-gradient(135deg,#08753a 0%,#22bb64 100%);padding: 15px\"><p><\/p><h1 class=\"wp-block-heading has-white-color has-text-color\">PROF. DR. JORGE LUIZ DE SA RIECHI<\/h1><p><\/p><h3 class=\"wp-block-heading has-white-color has-text-color\">Professor Titular<\/h3><p><\/p><\/div><p><\/p><div class=\"wp-block-spacer\" style=\"height: 50px\" aria-hidden=\"true\">\u00a0<\/div><p><\/p><div class=\"wp-block-columns is-layout-flex wp-container-core-columns-is-layout-28f84493 wp-block-columns-is-layout-flex\"><p><\/p><div class=\"wp-block-column is-layout-flow wp-block-column-is-layout-flow\" style=\"flex-basis: 33.33%\"><p><\/p><figure class=\"wp-block-image size-full has-custom-border is-style-rounded\"><img fetchpriority=\"high\" decoding=\"async\" class=\"alignleft wp-image-2418\" style=\"border-radius: 0px\" src=\"https:\/\/utfpr-ct-static-content.s3.amazonaws.com\/utfpr.curitiba.br\/wp-content\/uploads\/sites\/67\/2024\/02\/PROF.-DR.-JORGE-LUIZ-DE-SA-RIECHI.png\" alt=\"\" width=\"300\" height=\"405\" \/><\/figure><p><\/p><\/div><p><\/p><div class=\"wp-block-column is-layout-flow wp-block-column-is-layout-flow\" style=\"flex-basis: 66.66%\"><p><\/p><h2 class=\"wp-block-heading has-text-color\" style=\"color: #08753a\">Sobre<\/h2><p><\/p><p class=\"has-medium-font-size\">Engenheiro Mec\u00e2nico &#8211; UFPR (1991)<br \/>Especialista em Engenharia de Manuten\u00e7\u00e3o &#8211; Instituto de Soldadura e Qualidade (1993)<br \/>Especialista em Inova\u00e7\u00e3o Tecnol\u00f3gica em Empresas &#8211; Simon Fraser University (2001)<br \/>Mestre em Engenharia de Produ\u00e7\u00e3o &#8211; UFSC (2002)<br \/>Doutor em Sistemas Propulsivos em Meios de Transporte &#8211; Universidade Polit\u00e9cnica de Val\u00e8ncia (2018)<\/p><p><\/p><p class=\"has-medium-font-size\" style=\"text-align: justify\">H\u00e1 trinta e cinco anos \u00e9 professor da Universidade Tecnol\u00f3gica Federal do Paran\u00e1, na \u00e1rea Engenharia Mec\u00e2nica. Possui gradua\u00e7\u00e3o em Engenharia Mec\u00e2nica pela Universidade Federal do Paran\u00e1 (1991); especializa\u00e7\u00e3o em Gest\u00e3o da Manuten\u00e7\u00e3o pelo Instituto de Soldadura e Qualidade de Lisboa ?Portugal (1993) e especializa\u00e7\u00e3o em Inova\u00e7\u00e3o Tecnol\u00f3gica pelo conv\u00eanio PUC\/PR &#8211; Universidade da Columbia-Canad\u00e1 (2001). Possui dois mestrados: 1) Mestre em Engenharia de Produ\u00e7\u00e3o pela Universidade Federal de Santa Catarina (2002); 2) Mestre em Motores Alternativos de Combust\u00e3o Interna pela Universidade Polit\u00e9cnica de Valencia &#8211; Espanha. Informa-se ainda que \u00e9 Doutor em Sistemas Propulsivos em Meios de Transporte pela Universidade Polit\u00e9cnica de Valencia &#8211; Espanha. Foi Coordenador do Curso de Especializa\u00e7\u00e3o em Motores e Combust\u00edveis da UTFPR em parceria com o Instituto Frances de Petr\u00f3leo entre os anos 2004-2008. Coordena desde 2009 o Curso de Especializa\u00e7\u00e3o em Engenharia Automotiva da UTFPR . Professor respons\u00e1vel do Projeto SAE Baja do Departamento Acad\u00eamico de Mec\u00e2nica da UTFPR.<\/p><p><\/p><\/div><p><\/p><\/div><p><\/p><div class=\"wp-block-spacer\" style=\"height: 50px\" aria-hidden=\"true\">\u00a0<\/div><p><\/p><div class=\"wp-block-group alignfull is-layout-constrained wp-block-group-is-layout-constrained\"><p><\/p><div class=\"wp-block-columns are-vertically-aligned-center is-layout-flex wp-container-core-columns-is-layout-28f84493 wp-block-columns-is-layout-flex\"><p><\/p><div class=\"wp-block-column is-vertically-aligned-center is-layout-flow wp-block-column-is-layout-flow\"><p><\/p><p class=\"has-text-align-center has-text-color has-medium-font-size\" style=\"color: #08753a\"><strong>E-Mail<\/strong><\/p><p><\/p><\/div><p><\/p><div class=\"wp-block-column is-vertically-aligned-center is-layout-flow wp-block-column-is-layout-flow\"><p><\/p><p class=\"has-text-align-center has-medium-font-size\">riechi@utfpr.edu.br<\/p><p><\/p><\/div><p><\/p><\/div><p><\/p><div class=\"wp-block-columns is-layout-flex wp-container-core-columns-is-layout-28f84493 wp-block-columns-is-layout-flex\"><p><\/p><div class=\"wp-block-column is-layout-flow wp-block-column-is-layout-flow\"><p><\/p><p class=\"has-text-align-center has-text-color has-medium-font-size\" style=\"color: #08753a\"><strong>Sala<\/strong><\/p><p><\/p><\/div><p><\/p><div class=\"wp-block-column is-layout-flow wp-block-column-is-layout-flow\"><p><\/p><p class=\"has-text-align-center has-medium-font-size\">Sede Ecoville Bloco K &#8211; 106<\/p><p><\/p><\/div><p><\/p><\/div><p><\/p><div class=\"wp-block-columns are-vertically-aligned-center is-layout-flex wp-container-core-columns-is-layout-28f84493 wp-block-columns-is-layout-flex\"><p><\/p><div class=\"wp-block-column is-vertically-aligned-center is-layout-flow wp-block-column-is-layout-flow\"><p><\/p><p class=\"has-text-align-center has-text-color has-medium-font-size\" style=\"color: #08753a\"><strong>\u00c1rea<\/strong><\/p><p><\/p><\/div><p><\/p><div class=\"wp-block-column is-vertically-aligned-center is-layout-flow wp-block-column-is-layout-flow\"><p class=\"has-text-align-center has-medium-font-size\">Produ\u00e7\u00e3o<\/p><\/div><p><\/p><\/div><p><\/p><\/div><p><\/p><hr class=\"wp-block-separator has-alpha-channel-opacity is-style-wide\" \/><p><\/p><h2 class=\"wp-block-heading has-text-align-center has-text-color\" style=\"color: #08753a\">Disciplinas Lecionadas<\/h2><p><\/p><p class=\"has-text-align-center has-medium-font-size\">Ainda n\u00e3o registrada para 2024.<\/p><p><\/p><hr class=\"wp-block-separator has-alpha-channel-opacity is-style-wide\" \/><p><\/p><p><\/p><h2 class=\"wp-block-heading has-text-align-center has-text-color\" style=\"color: #08753a\">Curr\u00edculo Lattes<\/h2><p><\/p><p class=\"has-text-align-center has-medium-font-size\"><a href=\"http:\/\/lattes.cnpq.br\/6996580690632601\">Clique aqui para ser redirecionado \u00e0 Plataforma Lattes<\/a><\/p><p><\/p>\t\t\t\t\t\t\t\t<\/div>\n\t\t\t\t<\/div>\n\t\t\t\t\t<\/div>\n\t\t<\/div>\n\t\t\t\t\t<\/div>\n\t\t<\/section>\n\t\t\t\t<\/div>\n\t\t","protected":false},"excerpt":{"rendered":"<p>PROF. DR. JORGE LUIZ DE SA RIECHI Professor Titular Sobre Engenheiro Mec\u00e2nico &#8211; UFPR (1991)Especialista em Engenharia de Manuten\u00e7\u00e3o &#8211;<\/p>\n","protected":false},"author":284,"featured_media":0,"parent":0,"menu_order":0,"comment_status":"closed","ping_status":"closed","template":"","meta":{"colormag_page_container_layout":"default_layout","colormag_page_sidebar_layout":"default_layout","footnotes":""},"class_list":["post-2415","page","type-page","status-publish","hentry"],"_links":{"self":[{"href":"https:\/\/utfpr.curitiba.br\/damec\/index.php?rest_route=\/wp\/v2\/pages\/2415","targetHints":{"allow":["GET"]}}],"collection":[{"href":"https:\/\/utfpr.curitiba.br\/damec\/index.php?rest_route=\/wp\/v2\/pages"}],"about":[{"href":"https:\/\/utfpr.curitiba.br\/damec\/index.php?rest_route=\/wp\/v2\/types\/page"}],"author":[{"embeddable":true,"href":"https:\/\/utfpr.curitiba.br\/damec\/index.php?rest_route=\/wp\/v2\/users\/284"}],"replies":[{"embeddable":true,"href":"https:\/\/utfpr.curitiba.br\/damec\/index.php?rest_route=%2Fwp%2Fv2%2Fcomments&post=2415"}],"version-history":[{"count":4,"href":"https:\/\/utfpr.curitiba.br\/damec\/index.php?rest_route=\/wp\/v2\/pages\/2415\/revisions"}],"predecessor-version":[{"id":2421,"href":"https:\/\/utfpr.curitiba.br\/damec\/index.php?rest_route=\/wp\/v2\/pages\/2415\/revisions\/2421"}],"wp:attachment":[{"href":"https:\/\/utfpr.curitiba.br\/damec\/index.php?rest_route=%2Fwp%2Fv2%2Fmedia&parent=2415"}],"curies":[{"name":"wp","href":"https:\/\/api.w.org\/{rel}","templated":true}]}}