{"id":2382,"date":"2024-02-08T01:02:13","date_gmt":"2024-02-08T04:02:13","guid":{"rendered":"https:\/\/utfpr.curitiba.br\/damec\/?page_id=2382"},"modified":"2025-06-23T09:23:35","modified_gmt":"2025-06-23T12:23:35","slug":"prof-giuseppe-pintaude","status":"publish","type":"page","link":"https:\/\/utfpr.curitiba.br\/damec\/?page_id=2382","title":{"rendered":"PROF. GIUSEPPE PINTAUDE"},"content":{"rendered":"\t\t<div data-elementor-type=\"wp-page\" data-elementor-id=\"2382\" class=\"elementor elementor-2382\">\n\t\t\t\t\t\t<section class=\"elementor-section elementor-top-section elementor-element elementor-element-4a8da98a elementor-section-boxed elementor-section-height-default elementor-section-height-default\" data-id=\"4a8da98a\" data-element_type=\"section\" data-e-type=\"section\">\n\t\t\t\t\t\t<div class=\"elementor-container elementor-column-gap-default\">\n\t\t\t\t\t<div class=\"elementor-column elementor-col-100 elementor-top-column elementor-element elementor-element-49577d14\" data-id=\"49577d14\" data-element_type=\"column\" data-e-type=\"column\">\n\t\t\t<div class=\"elementor-widget-wrap elementor-element-populated\">\n\t\t\t\t\t\t<div class=\"elementor-element elementor-element-3184015b elementor-widget elementor-widget-text-editor\" data-id=\"3184015b\" data-element_type=\"widget\" data-e-type=\"widget\" data-widget_type=\"text-editor.default\">\n\t\t\t\t<div class=\"elementor-widget-container\">\n\t\t\t\t\t\t\t\t\t<div class=\"wp-block-group has-background\" style=\"border-style: none;border-width: 0px;border-radius: 10px;background: linear-gradient(135deg,#08753a 0%,#22bb64 100%);padding: 15px\">\n<p><\/p>\n<h1 class=\"wp-block-heading has-white-color has-text-color\">PROF. DR. GIUSEPPE PINTAUDE<\/h1>\n<p><\/p>\n<h3 class=\"wp-block-heading has-white-color has-text-color\">Coordenador do Programa de P\u00f3s-Gradua\u00e7\u00e3o em Engenharia Mec\u00e2nica e de Materiais<\/h3>\n<p><\/p>\n<\/div>\n<p><!-- \/wp:group --><!-- wp:spacer {\"height\":\"50px\"} --><\/p>\n<div class=\"wp-block-spacer\" style=\"height: 50px\" aria-hidden=\"true\">\u00a0<\/div>\n<p><!-- \/wp:spacer --><!-- wp:columns --><\/p>\n<div class=\"wp-block-columns\">\n<p><!-- wp:column {\"width\":\"33.33%\"} --><\/p>\n<div class=\"wp-block-column\" style=\"flex-basis: 33.33%\">\n<p><!-- wp:image {\"id\":1531,\"sizeSlug\":\"full\",\"linkDestination\":\"none\",\"style\":{\"border\":{\"radius\":\"0px\"}},\"className\":\"is-style-rounded\"} --><\/p>\n<figure class=\"wp-block-image size-full has-custom-border is-style-rounded\"><img fetchpriority=\"high\" decoding=\"async\" class=\"alignnone wp-image-2964\" style=\"border-radius: 0px\" src=\"https:\/\/utfpr-ct-static-content.s3.amazonaws.com\/utfpr.curitiba.br\/wp-content\/uploads\/sites\/67\/2024\/04\/PROF.-DR.-GIUSEPPE-PINTAUDE-1-248x300.jpg\" alt=\"\" width=\"300\" height=\"363\" srcset=\"https:\/\/utfpr-ct-static-content.s3.amazonaws.com\/utfpr.curitiba.br\/wp-content\/uploads\/sites\/67\/2024\/04\/PROF.-DR.-GIUSEPPE-PINTAUDE-1-248x300.jpg 248w, https:\/\/utfpr-ct-static-content.s3.amazonaws.com\/utfpr.curitiba.br\/wp-content\/uploads\/sites\/67\/2024\/04\/PROF.-DR.-GIUSEPPE-PINTAUDE-1.jpg 413w\" sizes=\"(max-width: 300px) 100vw, 300px\" \/><\/figure>\n<p><!-- \/wp:image --><\/p>\n<\/div>\n<p><!-- \/wp:column --><!-- wp:column {\"width\":\"66.66%\"} --><\/p>\n<div class=\"wp-block-column\" style=\"flex-basis: 66.66%\">\n<p><!-- wp:heading {\"style\":{\"color\":{\"text\":\"#08753a\"}}} --><\/p>\n<h2 class=\"wp-block-heading has-text-color\" style=\"color: #08753a\">Sobre<\/h2>\n<p><!-- \/wp:heading --><!-- wp:paragraph {\"fontSize\":\"medium\"} --><\/p>\n<p class=\"has-medium-font-size\">Engenheiro Metal\u00fargico &#8211; UFRGS (1996)<br \/>Mestre em Engenharia Mec\u00e2nica &#8211; USP (1998)<br \/>Doutor em Engenharia Mec\u00e2nica &#8211; USP (2002)<\/p>\n<p><!-- \/wp:paragraph --><!-- wp:paragraph {\"fontSize\":\"medium\"} --><\/p>\n<p class=\"has-medium-font-size\" style=\"text-align: justify\">Possui gradua\u00e7\u00e3o em Engenharia Metal\u00fargica pela Universidade Federal do Rio Grande do Sul (1996), mestrado em Engenharia Mec\u00e2nica pela Universidade de S\u00e3o Paulo (1998) e doutorado em Engenharia Mec\u00e2nica pela Universidade de S\u00e3o Paulo (2002). Atualmente \u00e9 professor titular da Universidade Tecnol\u00f3gica Federal do Paran\u00e1 (UTFPR) e Coordenador do Programa de P\u00f3s-Gradua\u00e7\u00e3o em Engenharia Mec\u00e2nica e de Materiais (PPGEM-CT) do Campus Curitiba da mesma Institui\u00e7\u00e3o. Atuou como professor visitante na Universidad Nacional del Sur, campus Bah\u00eda Blanca, Argentina, em 2023. Entre 2015 e 2016 foi professor visitante na Escola de Metalurgia e Materiais da University of Birmingham (UK). Como gestor universit\u00e1rio j\u00e1 esteve a frente dos seguintes cargos: Diretor de Pesquisa e P\u00f3s-Gradua\u00e7\u00e3o do Campus Curitiba, Coordenador de Empreendedorismo do Campus Curitiba, membro do Conselho Universit\u00e1rio (COUNI), Diretor de P\u00f3s-Gradua\u00e7\u00e3o Stricto Sensu da UTFPR\/Reitoria, Coordenador Institucional de Projeto CT-Infra\/FINEP, e coordenador do Programa de P\u00f3s-Gradua\u00e7\u00e3o em Engenharia Mec\u00e2nica e de Materiais (PPGEM-CT). Foi o respons\u00e1vel pela APCN de Doutorado do PPGEM-CT. Tem experi\u00eancia na \u00e1rea de Engenharia de Materiais e Metal\u00fargica, com \u00eanfase em Tribologia e Propriedades Mec\u00e2nicas dos Metais e Ligas e principalmente na caracteriza\u00e7\u00e3o dos seguintes materiais: ferros fundidos, revestimentos, a\u00e7os inoxid\u00e1veis, part\u00edculas abrasivas e \u00f3leos minerais. Busca atuar em conson\u00e2ncia com as demandas industriais na \u00e1rea de Fabrica\u00e7\u00e3o Mec\u00e2nica, em especial da ind\u00fastria automotiva.<\/p>\n<p><!-- \/wp:paragraph --><\/p>\n<\/div>\n<p><!-- \/wp:column --><\/p>\n<\/div>\n<p><!-- \/wp:columns --><!-- wp:spacer {\"height\":\"50px\"} --><\/p>\n<div class=\"wp-block-spacer\" style=\"height: 50px\" aria-hidden=\"true\">\u00a0<\/div>\n<p><!-- \/wp:spacer --><!-- wp:group {\"align\":\"full\",\"layout\":{\"inherit\":true,\"type\":\"constrained\"}} --><\/p>\n<div class=\"wp-block-group alignfull\">\n<p><!-- wp:columns {\"verticalAlignment\":\"center\"} --><\/p>\n<div class=\"wp-block-columns are-vertically-aligned-center\">\n<p><!-- wp:column {\"verticalAlignment\":\"center\"} --><\/p>\n<div class=\"wp-block-column is-vertically-aligned-center\">\n<p><!-- wp:paragraph {\"align\":\"center\",\"style\":{\"color\":{\"text\":\"#08753a\"}},\"fontSize\":\"medium\"} --><\/p>\n<p class=\"has-text-align-center has-text-color has-medium-font-size\" style=\"color: #08753a\"><strong>E-Mail<\/strong><\/p>\n<p><!-- \/wp:paragraph --><\/p>\n<\/div>\n<p><!-- \/wp:column --><!-- wp:column {\"verticalAlignment\":\"center\"} --><\/p>\n<div class=\"wp-block-column is-vertically-aligned-center\">\n<p><!-- wp:paragraph {\"align\":\"center\",\"fontSize\":\"medium\"} --><\/p>\n<p class=\"has-text-align-center has-medium-font-size\">pintaude@utfpr.edu.br<\/p>\n<p><!-- \/wp:paragraph --><\/p>\n<\/div>\n<p><!-- \/wp:column --><\/p>\n<\/div>\n<p><!-- \/wp:columns --><!-- wp:columns --><\/p>\n<div class=\"wp-block-columns\">\n<p><!-- wp:column --><\/p>\n<div class=\"wp-block-column\">\n<p><!-- wp:paragraph {\"align\":\"center\",\"style\":{\"color\":{\"text\":\"#08753a\"}},\"fontSize\":\"medium\"} --><\/p>\n<p class=\"has-text-align-center has-text-color has-medium-font-size\" style=\"color: #08753a\"><strong>Sala<\/strong><\/p>\n<p><!-- \/wp:paragraph --><\/p>\n<\/div>\n<p><!-- \/wp:column --><!-- wp:column --><\/p>\n<div class=\"wp-block-column\">\n<p><!-- wp:paragraph {\"align\":\"center\",\"fontSize\":\"medium\"} --><\/p>\n<p class=\"has-text-align-center has-medium-font-size\">Sede Ecoville Bloco K &#8211; 109<\/p>\n<p><!-- \/wp:paragraph --><\/p>\n<\/div>\n<p><!-- \/wp:column --><\/p>\n<\/div>\n<p><!-- \/wp:columns --><!-- wp:columns {\"verticalAlignment\":\"center\"} --><\/p>\n<div class=\"wp-block-columns are-vertically-aligned-center\">\n<p><!-- wp:column {\"verticalAlignment\":\"center\"} --><\/p>\n<div class=\"wp-block-column is-vertically-aligned-center\">\n<p><!-- wp:paragraph {\"align\":\"center\",\"style\":{\"color\":{\"text\":\"#08753a\"}},\"fontSize\":\"medium\"} --><\/p>\n<p class=\"has-text-align-center has-text-color has-medium-font-size\" style=\"color: #08753a\"><strong>\u00c1rea<\/strong><\/p>\n<p><!-- \/wp:paragraph --><\/p>\n<\/div>\n<p><!-- \/wp:column --><!-- wp:column {\"verticalAlignment\":\"center\"} --><\/p>\n<div class=\"wp-block-column is-vertically-aligned-center\">\n<p class=\"has-text-align-center has-medium-font-size\">Materiais<\/p>\n<\/div>\n<p><!-- \/wp:column --><\/p>\n<\/div>\n<p><!-- \/wp:columns --><\/p>\n<\/div>\n<p><!-- \/wp:group --><!-- wp:separator {\"className\":\"is-style-wide\"} --><\/p>\n<hr class=\"wp-block-separator has-alpha-channel-opacity is-style-wide\" \/>\n<p><!-- \/wp:separator --><!-- wp:heading {\"textAlign\":\"center\",\"style\":{\"color\":{\"text\":\"#08753a\"}}} --><\/p>\n<h2 class=\"wp-block-heading has-text-align-center has-text-color\" style=\"color: #08753a\">Disciplinas Lecionadas<\/h2>\n<p><!-- \/wp:heading --><!-- wp:paragraph {\"align\":\"center\",\"fontSize\":\"medium\"} --><\/p>\n<p class=\"has-text-align-center has-medium-font-size\">&#8211;<\/p>\n<p><!-- \/wp:paragraph --><!-- wp:separator {\"className\":\"is-style-wide\"} --><\/p>\n<hr class=\"wp-block-separator has-alpha-channel-opacity is-style-wide\" \/>\n<p><!-- \/wp:separator --><\/p>\n<p><!-- wp:heading {\"textAlign\":\"center\",\"style\":{\"color\":{\"text\":\"#08753a\"}}} --><\/p>\n<h2 class=\"wp-block-heading has-text-align-center has-text-color\" style=\"color: #08753a\">Curr\u00edculo Lattes<\/h2>\n<p><!-- \/wp:heading --><!-- wp:paragraph {\"align\":\"center\",\"fontSize\":\"medium\"} --><\/p>\n<p class=\"has-text-align-center has-medium-font-size\"><a href=\"http:\/\/lattes.cnpq.br\/1793127692371314\">Clique aqui para ser redirecionado \u00e0 Plataforma Lattes<\/a><\/p>\n<p><!-- \/wp:paragraph --><\/p>\t\t\t\t\t\t\t\t<\/div>\n\t\t\t\t<\/div>\n\t\t\t\t\t<\/div>\n\t\t<\/div>\n\t\t\t\t\t<\/div>\n\t\t<\/section>\n\t\t\t\t<\/div>\n\t\t","protected":false},"excerpt":{"rendered":"<p>PROF. DR. GIUSEPPE PINTAUDE Coordenador do Programa de P\u00f3s-Gradua\u00e7\u00e3o em Engenharia Mec\u00e2nica e de Materiais \u00a0 Sobre Engenheiro Metal\u00fargico &#8211;<\/p>\n","protected":false},"author":284,"featured_media":0,"parent":0,"menu_order":0,"comment_status":"closed","ping_status":"closed","template":"","meta":{"colormag_page_container_layout":"default_layout","colormag_page_sidebar_layout":"default_layout","footnotes":""},"class_list":["post-2382","page","type-page","status-publish","hentry"],"_links":{"self":[{"href":"https:\/\/utfpr.curitiba.br\/damec\/index.php?rest_route=\/wp\/v2\/pages\/2382","targetHints":{"allow":["GET"]}}],"collection":[{"href":"https:\/\/utfpr.curitiba.br\/damec\/index.php?rest_route=\/wp\/v2\/pages"}],"about":[{"href":"https:\/\/utfpr.curitiba.br\/damec\/index.php?rest_route=\/wp\/v2\/types\/page"}],"author":[{"embeddable":true,"href":"https:\/\/utfpr.curitiba.br\/damec\/index.php?rest_route=\/wp\/v2\/users\/284"}],"replies":[{"embeddable":true,"href":"https:\/\/utfpr.curitiba.br\/damec\/index.php?rest_route=%2Fwp%2Fv2%2Fcomments&post=2382"}],"version-history":[{"count":19,"href":"https:\/\/utfpr.curitiba.br\/damec\/index.php?rest_route=\/wp\/v2\/pages\/2382\/revisions"}],"predecessor-version":[{"id":3365,"href":"https:\/\/utfpr.curitiba.br\/damec\/index.php?rest_route=\/wp\/v2\/pages\/2382\/revisions\/3365"}],"wp:attachment":[{"href":"https:\/\/utfpr.curitiba.br\/damec\/index.php?rest_route=%2Fwp%2Fv2%2Fmedia&parent=2382"}],"curies":[{"name":"wp","href":"https:\/\/api.w.org\/{rel}","templated":true}]}}