{"id":2255,"date":"2024-02-07T16:32:59","date_gmt":"2024-02-07T19:32:59","guid":{"rendered":"https:\/\/utfpr.curitiba.br\/damec\/?page_id=2255"},"modified":"2025-06-11T10:12:23","modified_gmt":"2025-06-11T13:12:23","slug":"prof-carlos-cziulik","status":"publish","type":"page","link":"https:\/\/utfpr.curitiba.br\/damec\/?page_id=2255","title":{"rendered":"PROF. CARLOS CZIULIK"},"content":{"rendered":"\t\t<div data-elementor-type=\"wp-page\" data-elementor-id=\"2255\" class=\"elementor elementor-2255\">\n\t\t\t\t\t\t<section class=\"elementor-section elementor-top-section elementor-element elementor-element-46c2936c elementor-section-boxed elementor-section-height-default elementor-section-height-default\" data-id=\"46c2936c\" data-element_type=\"section\" data-e-type=\"section\">\n\t\t\t\t\t\t<div class=\"elementor-container elementor-column-gap-default\">\n\t\t\t\t\t<div class=\"elementor-column elementor-col-100 elementor-top-column elementor-element elementor-element-100e6db0\" data-id=\"100e6db0\" data-element_type=\"column\" data-e-type=\"column\">\n\t\t\t<div class=\"elementor-widget-wrap elementor-element-populated\">\n\t\t\t\t\t\t<div class=\"elementor-element elementor-element-60bbba68 elementor-widget elementor-widget-text-editor\" data-id=\"60bbba68\" data-element_type=\"widget\" data-e-type=\"widget\" data-widget_type=\"text-editor.default\">\n\t\t\t\t<div class=\"elementor-widget-container\">\n\t\t\t\t\t\t\t\t\t<div class=\"wp-block-group has-background\" style=\"border-style: none;border-width: 0px;border-radius: 10px;background: linear-gradient(135deg,#08753a 0%,#22bb64 100%);padding: 15px\">\n<p><\/p>\n<h1 class=\"wp-block-heading has-white-color has-text-color\">PROF. DR. CARLOS CZIULIK<\/h1>\n<p><\/p>\n<h3 class=\"wp-block-heading has-white-color has-text-color\">Professor Titular<\/h3>\n<p><\/p>\n<\/div>\n<p><!-- \/wp:group --><!-- wp:spacer {\"height\":\"50px\"} --><\/p>\n<div class=\"wp-block-spacer\" style=\"height: 50px\" aria-hidden=\"true\">&nbsp;<\/div>\n<p><!-- \/wp:spacer --><!-- wp:columns --><\/p>\n<div class=\"wp-block-columns\">\n<p><!-- wp:column {\"width\":\"33.33%\"} --><\/p>\n<div class=\"wp-block-column\" style=\"flex-basis: 33.33%\">\n<p><!-- wp:image {\"id\":1531,\"sizeSlug\":\"full\",\"linkDestination\":\"none\",\"style\":{\"border\":{\"radius\":\"0px\"}},\"className\":\"is-style-rounded\"} --><\/p>\n<figure class=\"wp-block-image size-full has-custom-border is-style-rounded\"><img fetchpriority=\"high\" decoding=\"async\" class=\"alignleft wp-image-2257\" style=\"border-radius: 0px\" src=\"https:\/\/utfpr-ct-static-content.s3.amazonaws.com\/utfpr.curitiba.br\/wp-content\/uploads\/sites\/67\/2024\/02\/PROF.-DR.-CARLOS-CZIULIK.png\" alt=\"\" width=\"300\" height=\"402\"><\/figure>\n<p><!-- \/wp:image --><\/p>\n<\/div>\n<p><!-- \/wp:column --><!-- wp:column {\"width\":\"66.66%\"} --><\/p>\n<div class=\"wp-block-column\" style=\"flex-basis: 66.66%\">\n<p><!-- wp:heading {\"style\":{\"color\":{\"text\":\"#08753a\"}}} --><\/p>\n<h2 class=\"wp-block-heading has-text-color\" style=\"color: #08753a\">Sobre<\/h2>\n<p><!-- \/wp:heading --><!-- wp:paragraph {\"fontSize\":\"medium\"} --><\/p>\n<p class=\"has-medium-font-size\">T\u00e9cnico em Mec\u00e2nica &#8211; UTFPR (1980)<br>Bacharel em Administra\u00e7\u00e3o de Empresas &#8211; FAE (1984)<br>Especialista em Engenharia Econ\u00f4mica &#8211; FAE (1985)<br>Gradua\u00e7\u00e3o em Licenciatura P\/ Professores de Disciplinas Espec. &#8211; UTFPR (1987)<br>Mestre em Engenharia de Produ\u00e7\u00e3o &#8211; UFSC (1989)<br>Doutor em Engenharia Mec\u00e2nica &#8211; Universidade de Surrey (1998)<\/p>\n<p class=\"has-medium-font-size\">Doutorado em Engenharia Mec\u00e2nica pela University of Surrey &#8211; Inglaterra em 1998. O foco principal de seu trabalho foram os mecanismos de avalia\u00e7\u00e3o de alternativas na etapa do projeto conceitual no processo de desenvolvimento de produtos. Seu mestrado foi conclu\u00eddo em 1990, junto ao Departamento de Engenharia de Produ\u00e7\u00e3o da UFSC, na \u00e1rea de Engenharia de Produto (desenvolvimento de m\u00e1quinas agr\u00edcolas), sob a orienta\u00e7\u00e3o do Professor Nelson Back. Tamb\u00e9m, \u00e9 graduado em Licenciatura Para Forma\u00e7\u00e3o de Professores de Disciplinas Espec\u00edficas (Tecnologia Mec\u00e2nica e Desenho Mec\u00e2nico) pela Universidade Tecnol\u00f3gica Federal do Paran\u00e1 (1987) e Bacharel Em Administra\u00e7\u00e3o de Empresas pela Faculdade Cat\u00f3lica de Administra\u00e7\u00e3o e Economia (1984). Atualmente, \u00e9 Professor da Classe Especial, do Ensino B\u00e1sico e Tecnol\u00f3gico, da Universidade Tecnol\u00f3gica Federal do Paran\u00e1, onde tem desenvolvido atividades de ensino e pesquisa nos \u00faltimos 31 anos. Publicou v\u00e1rios artigos em revistas e eventos. Orientou 26 disserta\u00e7\u00f5es de mestrado, mais de 40 Trabalhos de Conclus\u00e3o de Curso, 26 Monografias de Especializa\u00e7\u00e3o, 10 Trabalhos de Inicia\u00e7\u00e3o Cient\u00edfica. Tem experi\u00eancia na \u00e1rea de Engenharia de Produ\u00e7\u00e3o e ramos da Engenharia Mec\u00e2nica, com \u00eanfase em Desenvolvimento de Produto, atuando principalmente nas seguintes \u00e1reas: desenvolvimento de produto, desenvolvimento de prot\u00f3tipo, projeto conceitual e metodologia de projeto. Tamb\u00e9m, tem interesse em pesquisar ferramentas espec\u00edficas para o desenvolvimento de produtos tais como: QFD, FMEA, Matriz Morfol\u00f3gica, entre outras. Estes termos tamb\u00e9m servem para contextualiza\u00e7\u00e3o de sua produ\u00e7\u00e3o cient\u00edfica e tecnol\u00f3gica em diversas bases de dados. Desenvolveu v\u00e1rios produtos em colabora\u00e7\u00e3o com a ind\u00fastria (e.g. Gabinete para GPS agr\u00edcola (Montana Pulverizadores Ltda); Sistema Concentrador Secund\u00e1rio de Energia (Landis Gyr Ltda); Pr\u00f3tese de Queixo e Mam\u00e1ria (Sculpture Cirurgia Pl\u00e1stica); entre outros). Atualmente, desenvolve projetos para automa\u00e7\u00e3o de inspe\u00e7\u00e3o de tanques de armazenamento de petr\u00f3leo<\/p>\n<p><!-- \/wp:paragraph --><!-- wp:paragraph {\"fontSize\":\"medium\"} --><\/p>\n<p><!-- \/wp:paragraph --><\/p>\n<\/div>\n<p><!-- \/wp:column --><\/p>\n<\/div>\n<p><!-- \/wp:columns --><!-- wp:spacer {\"height\":\"50px\"} --><\/p>\n<div class=\"wp-block-spacer\" style=\"height: 50px\" aria-hidden=\"true\">&nbsp;<\/div>\n<p><!-- \/wp:spacer --><!-- wp:group {\"align\":\"full\",\"layout\":{\"inherit\":true,\"type\":\"constrained\"}} --><\/p>\n<div class=\"wp-block-group alignfull\">\n<p><!-- wp:columns {\"verticalAlignment\":\"center\"} --><\/p>\n<div class=\"wp-block-columns are-vertically-aligned-center\">\n<p><!-- wp:column {\"verticalAlignment\":\"center\"} --><\/p>\n<div class=\"wp-block-column is-vertically-aligned-center\">\n<p><!-- wp:paragraph {\"align\":\"center\",\"style\":{\"color\":{\"text\":\"#08753a\"}},\"fontSize\":\"medium\"} --><\/p>\n<p class=\"has-text-align-center has-text-color has-medium-font-size\" style=\"color: #08753a\"><strong>E-Mail<\/strong><\/p>\n<p><!-- \/wp:paragraph --><\/p>\n<\/div>\n<p><!-- \/wp:column --><!-- wp:column {\"verticalAlignment\":\"center\"} --><\/p>\n<div class=\"wp-block-column is-vertically-aligned-center\">\n<p><!-- wp:paragraph {\"align\":\"center\",\"fontSize\":\"medium\"} --><\/p>\n<p class=\"has-text-align-center has-medium-font-size\">c<a href=\"mailto:cziulik@utfpr.edu.br\" target=\"_blank\" rel=\"noopener\">ziulik@utfpr.edu.br<\/a><\/p>\n<p><!-- \/wp:paragraph --><\/p>\n<\/div>\n<p><!-- \/wp:column --><\/p>\n<\/div>\n<p><!-- \/wp:columns --><!-- wp:columns --><\/p>\n<div class=\"wp-block-columns\">\n<p><!-- wp:column --><\/p>\n<div class=\"wp-block-column\">\n<p><!-- wp:paragraph {\"align\":\"center\",\"style\":{\"color\":{\"text\":\"#08753a\"}},\"fontSize\":\"medium\"} --><\/p>\n<p class=\"has-text-align-center has-text-color has-medium-font-size\" style=\"color: #08753a\"><strong>Sala<\/strong><\/p>\n<p><!-- \/wp:paragraph --><\/p>\n<\/div>\n<p><!-- \/wp:column --><!-- wp:column --><\/p>\n<div class=\"wp-block-column\">\n<p><!-- wp:paragraph {\"align\":\"center\",\"fontSize\":\"medium\"} --><\/p>\n<p class=\"has-text-align-center has-medium-font-size\">Sede Ecoville Bloco M &#8211; 307<\/p>\n<p><!-- \/wp:paragraph --><\/p>\n<\/div>\n<p><!-- \/wp:column --><\/p>\n<\/div>\n<p><!-- \/wp:columns --><!-- wp:columns {\"verticalAlignment\":\"center\"} --><\/p>\n<div class=\"wp-block-columns are-vertically-aligned-center\">\n<p><!-- wp:column {\"verticalAlignment\":\"center\"} --><\/p>\n<div class=\"wp-block-column is-vertically-aligned-center\">\n<p><!-- wp:paragraph {\"align\":\"center\",\"style\":{\"color\":{\"text\":\"#08753a\"}},\"fontSize\":\"medium\"} --><\/p>\n<p class=\"has-text-align-center has-text-color has-medium-font-size\" style=\"color: #08753a\"><strong>\u00c1rea<\/strong><\/p>\n<p><!-- \/wp:paragraph --><\/p>\n<\/div>\n<p><!-- \/wp:column --><!-- wp:column {\"verticalAlignment\":\"center\"} --><\/p>\n<div class=\"wp-block-column is-vertically-aligned-center\">\n<p class=\"has-text-align-center has-medium-font-size\">Projetos<\/p>\n<\/div>\n<p><!-- \/wp:column --><\/p>\n<\/div>\n<p><!-- \/wp:columns --><\/p>\n<\/div>\n<p><!-- \/wp:group --><!-- wp:separator {\"className\":\"is-style-wide\"} --><\/p>\n<hr class=\"wp-block-separator has-alpha-channel-opacity is-style-wide\">\n<p><!-- \/wp:separator --><!-- wp:heading {\"textAlign\":\"center\",\"style\":{\"color\":{\"text\":\"#08753a\"}}} --><\/p>\n<h2 class=\"wp-block-heading has-text-align-center has-text-color\" style=\"color: #08753a\">Disciplinas Lecionadas<\/h2>\n<p><!-- \/wp:heading --><!-- wp:paragraph {\"align\":\"center\",\"fontSize\":\"medium\"} --><\/p>\n<p class=\"has-text-align-center has-medium-font-size\">Metodologia De Projeto De Produto (ME77I &#8211; S41)<\/p>\n<p><!-- \/wp:paragraph --><!-- wp:separator {\"className\":\"is-style-wide\"} --><\/p>\n<hr class=\"wp-block-separator has-alpha-channel-opacity is-style-wide\">\n<p><!-- \/wp:separator --><\/p>\n<p><!-- wp:heading {\"textAlign\":\"center\",\"style\":{\"color\":{\"text\":\"#08753a\"}}} --><\/p>\n<h2 class=\"wp-block-heading has-text-align-center has-text-color\" style=\"color: #08753a\">Curr\u00edculo Lattes<\/h2>\n<p><!-- \/wp:heading --><!-- wp:paragraph {\"align\":\"center\",\"fontSize\":\"medium\"} --><\/p>\n<p class=\"has-text-align-center has-medium-font-size\"><a href=\"http:\/\/lattes.cnpq.br\/8679063413468690\">Clique aqui para ser redirecionado \u00e0 Plataforma Lattes<\/a><\/p>\n<p><!-- \/wp:paragraph --><\/p>\t\t\t\t\t\t\t\t<\/div>\n\t\t\t\t<\/div>\n\t\t\t\t\t<\/div>\n\t\t<\/div>\n\t\t\t\t\t<\/div>\n\t\t<\/section>\n\t\t\t\t<\/div>\n\t\t","protected":false},"excerpt":{"rendered":"<p>PROF. DR. CARLOS CZIULIK Professor Titular &nbsp; Sobre T\u00e9cnico em Mec\u00e2nica &#8211; UTFPR (1980)Bacharel em Administra\u00e7\u00e3o de Empresas &#8211; FAE<\/p>\n","protected":false},"author":284,"featured_media":0,"parent":0,"menu_order":0,"comment_status":"closed","ping_status":"closed","template":"","meta":{"colormag_page_container_layout":"default_layout","colormag_page_sidebar_layout":"default_layout","footnotes":""},"class_list":["post-2255","page","type-page","status-publish","hentry"],"_links":{"self":[{"href":"https:\/\/utfpr.curitiba.br\/damec\/index.php?rest_route=\/wp\/v2\/pages\/2255","targetHints":{"allow":["GET"]}}],"collection":[{"href":"https:\/\/utfpr.curitiba.br\/damec\/index.php?rest_route=\/wp\/v2\/pages"}],"about":[{"href":"https:\/\/utfpr.curitiba.br\/damec\/index.php?rest_route=\/wp\/v2\/types\/page"}],"author":[{"embeddable":true,"href":"https:\/\/utfpr.curitiba.br\/damec\/index.php?rest_route=\/wp\/v2\/users\/284"}],"replies":[{"embeddable":true,"href":"https:\/\/utfpr.curitiba.br\/damec\/index.php?rest_route=%2Fwp%2Fv2%2Fcomments&post=2255"}],"version-history":[{"count":7,"href":"https:\/\/utfpr.curitiba.br\/damec\/index.php?rest_route=\/wp\/v2\/pages\/2255\/revisions"}],"predecessor-version":[{"id":3208,"href":"https:\/\/utfpr.curitiba.br\/damec\/index.php?rest_route=\/wp\/v2\/pages\/2255\/revisions\/3208"}],"wp:attachment":[{"href":"https:\/\/utfpr.curitiba.br\/damec\/index.php?rest_route=%2Fwp%2Fv2%2Fmedia&parent=2255"}],"curies":[{"name":"wp","href":"https:\/\/api.w.org\/{rel}","templated":true}]}}