{"id":2099,"date":"2024-02-07T01:22:43","date_gmt":"2024-02-07T04:22:43","guid":{"rendered":"https:\/\/utfpr.curitiba.br\/damec\/?page_id=2099"},"modified":"2025-06-11T08:56:29","modified_gmt":"2025-06-11T11:56:29","slug":"admilson-teixeira-franco","status":"publish","type":"page","link":"https:\/\/utfpr.curitiba.br\/damec\/?page_id=2099","title":{"rendered":"PROF. ADMILSON TEIXEIRA FRANCO"},"content":{"rendered":"\t\t<div data-elementor-type=\"wp-page\" data-elementor-id=\"2099\" class=\"elementor elementor-2099\">\n\t\t\t\t\t\t<section class=\"elementor-section elementor-top-section elementor-element elementor-element-6e3120b9 elementor-section-boxed elementor-section-height-default elementor-section-height-default\" data-id=\"6e3120b9\" data-element_type=\"section\" data-e-type=\"section\">\n\t\t\t\t\t\t<div class=\"elementor-container elementor-column-gap-default\">\n\t\t\t\t\t<div class=\"elementor-column elementor-col-100 elementor-top-column elementor-element elementor-element-5aae236f\" data-id=\"5aae236f\" data-element_type=\"column\" data-e-type=\"column\">\n\t\t\t<div class=\"elementor-widget-wrap elementor-element-populated\">\n\t\t\t\t\t\t<div class=\"elementor-element elementor-element-34464eb2 elementor-widget elementor-widget-text-editor\" data-id=\"34464eb2\" data-element_type=\"widget\" data-e-type=\"widget\" data-widget_type=\"text-editor.default\">\n\t\t\t\t<div class=\"elementor-widget-container\">\n\t\t\t\t\t\t\t\t\t<div class=\"wp-block-group has-background\" style=\"border-style: none;border-width: 0px;border-radius: 10px;background: linear-gradient(135deg,#08753a 0%,#22bb64 100%);padding: 15px\">\n<p><\/p>\n<h1 class=\"wp-block-heading has-white-color has-text-color\">PROF. DR. ADMILSON TEIXEIRA FRANCO<\/h1>\n<p><\/p>\n<h3 class=\"wp-block-heading has-white-color has-text-color\">Professor Titular<\/h3>\n<p><\/p>\n<\/div>\n<p><!-- \/wp:group --><!-- wp:spacer {\"height\":\"50px\"} --><\/p>\n<div class=\"wp-block-spacer\" style=\"height: 50px\" aria-hidden=\"true\">&nbsp;<\/div>\n<p><!-- \/wp:spacer --><!-- wp:columns --><\/p>\n<div class=\"wp-block-columns\">\n<p><!-- wp:column {\"width\":\"33.33%\"} --><\/p>\n<div class=\"wp-block-column\" style=\"flex-basis: 33.33%\">\n<p><!-- wp:image {\"id\":1531,\"sizeSlug\":\"full\",\"linkDestination\":\"none\",\"style\":{\"border\":{\"radius\":\"0px\"}},\"className\":\"is-style-rounded\"} --><\/p>\n<figure class=\"wp-block-image size-full has-custom-border is-style-rounded\"><img fetchpriority=\"high\" decoding=\"async\" class=\"wp-image-2101 alignleft\" style=\"border-radius: 0px\" src=\"https:\/\/utfpr-ct-static-content.s3.amazonaws.com\/utfpr.curitiba.br\/wp-content\/uploads\/sites\/67\/2024\/02\/PROF.-DR.-ADMILSON-TEIXEIRA-FRANCO.jpeg\" alt=\"\" width=\"300\" height=\"377\"><\/figure>\n<p><!-- \/wp:image --><\/p>\n<\/div>\n<p><!-- \/wp:column --><!-- wp:column {\"width\":\"66.66%\"} --><\/p>\n<div class=\"wp-block-column\" style=\"flex-basis: 66.66%\">\n<p><!-- wp:heading {\"style\":{\"color\":{\"text\":\"#08753a\"}}} --><\/p>\n<h2 class=\"wp-block-heading has-text-color\" style=\"color: #08753a\">Sobre<\/h2>\n<p><!-- \/wp:heading --><!-- wp:paragraph {\"fontSize\":\"medium\"} --><\/p>\n<p class=\"has-medium-font-size\">Engenheiro Mec\u00e2nico &#8211; EEP (1990)<br>Mestre em Engenharia Mec\u00e2nica &#8211; UNICAMP (1993) <br>Doutor em Engenharia Mec\u00e2nica &#8211; UNICAMP (1999)<\/p>\n<p><!-- \/wp:paragraph --><!-- wp:paragraph {\"fontSize\":\"medium\"} --><\/p>\n<p class=\"has-medium-font-size\" style=\"text-align: justify\">Engenheiro Mec\u00e2nico (1990), com Mestrado (1993) e Doutorado (1999) na \u00e1rea de Transfer\u00eancia de Calor e Mec\u00e2nica dos Fluidos pela Faculdade de Engenharia Mec\u00e2nica da UNICAMP. \u00c9 professor do Curso de Engenharia Mec\u00e2nica da UTFPR, C\u00e2mpus Curitiba, desde 1994, e do Programa de P\u00f3s-gradua\u00e7\u00e3o em Engenharia Mec\u00e2nica e de Materiais da UTFPR desde 2001. Atualmente \u00e9 Professor Titular. Atuou como Consultor S\u00eanior na \u00e1rea de resfriamento de equipamentos eletroeletr\u00f4nicos no N\u00facleo de Pesquisa em Engenharia Simult\u00e2nea &#8211; NuPES\/UTFPR de 1995 a 2001, em conv\u00eanio com a empresa Siemens Telecomunica\u00e7\u00f5es, sendo respons\u00e1vel pela \u00e1rea de Din\u00e2mica de Fluidos Computacional (CFD). Tamb\u00e9m exerceu a fun\u00e7\u00e3o de Coordenador Funcional do grupo de mec\u00e2nica no per\u00edodo de 1998 a 2000, gerenciando os projetos desenvolvidos na \u00e1rea de mec\u00e2nica. Foi tamb\u00e9m coordenador do curso de Engenharia Industrial Mec\u00e2nica da UTFPR, no per\u00edodo de 2002 a 2004. Tem trabalhado ativamente nos \u00faltimos 15 anos em atividades de pesquisa e desenvolvimento tecnol\u00f3gico, em projetos financiados pelas empresas Siemens Telecomunica\u00e7\u00f5es e Petrobras e pelas ag\u00eancias de fomento FINEP, CNPq e ANP. Atualmente trabalha em problemas de perfura\u00e7\u00e3o de po\u00e7os e de eleva\u00e7\u00e3o de petr\u00f3leo e g\u00e1s, com \u00eanfase em escoamento de fluidos n\u00e3o newtonianos. Faz parte do programa de forma\u00e7\u00e3o de recursos humanos para o setor de petr\u00f3leo e g\u00e1s da ANP\/PRH-10 e do PRH-Petrobras.<\/p>\n<p><!-- \/wp:paragraph --><\/p>\n<\/div>\n<p><!-- \/wp:column --><\/p>\n<\/div>\n<p><!-- \/wp:columns --><!-- wp:spacer {\"height\":\"50px\"} --><\/p>\n<div class=\"wp-block-spacer\" style=\"height: 50px\" aria-hidden=\"true\">&nbsp;<\/div>\n<p><!-- \/wp:spacer --><!-- wp:group {\"align\":\"full\",\"layout\":{\"inherit\":true,\"type\":\"constrained\"}} --><\/p>\n<div class=\"wp-block-group alignfull\">\n<p><!-- wp:columns {\"verticalAlignment\":\"center\"} --><\/p>\n<div class=\"wp-block-columns are-vertically-aligned-center\">\n<p><!-- wp:column {\"verticalAlignment\":\"center\"} --><\/p>\n<div class=\"wp-block-column is-vertically-aligned-center\">\n<p><!-- wp:paragraph {\"align\":\"center\",\"style\":{\"color\":{\"text\":\"#08753a\"}},\"fontSize\":\"medium\"} --><\/p>\n<p class=\"has-text-align-center has-text-color has-medium-font-size\" style=\"color: #08753a\"><strong>E-Mail<\/strong><\/p>\n<p><!-- \/wp:paragraph --><\/p>\n<\/div>\n<p><!-- \/wp:column --><!-- wp:column {\"verticalAlignment\":\"center\"} --><\/p>\n<div class=\"wp-block-column is-vertically-aligned-center\">\n<p><!-- wp:paragraph {\"align\":\"center\",\"fontSize\":\"medium\"} --><\/p>\n<p class=\"has-text-align-center has-medium-font-size\">admilson@utfpr.edu.br<\/p>\n<p><!-- \/wp:paragraph --><\/p>\n<\/div>\n<p><!-- \/wp:column --><\/p>\n<\/div>\n<p><!-- \/wp:columns --><!-- wp:columns --><\/p>\n<div class=\"wp-block-columns\">\n<p><!-- wp:column --><\/p>\n<div class=\"wp-block-column\">\n<p><!-- wp:paragraph {\"align\":\"center\",\"style\":{\"color\":{\"text\":\"#08753a\"}},\"fontSize\":\"medium\"} --><\/p>\n<p class=\"has-text-align-center has-text-color has-medium-font-size\" style=\"color: #08753a\"><strong>Sala<\/strong><\/p>\n<p><!-- \/wp:paragraph --><\/p>\n<\/div>\n<p><!-- \/wp:column --><!-- wp:column --><\/p>\n<div class=\"wp-block-column\">\n<p><!-- wp:paragraph {\"align\":\"center\",\"fontSize\":\"medium\"} --><\/p>\n<p class=\"has-text-align-center has-medium-font-size\">Sede Ecoville Bloco L &#8211; 3\u00ba andar<\/p>\n<p><!-- \/wp:paragraph --><\/p>\n<\/div>\n<p><!-- \/wp:column --><\/p>\n<\/div>\n<p><!-- \/wp:columns --><!-- wp:columns {\"verticalAlignment\":\"center\"} --><\/p>\n<div class=\"wp-block-columns are-vertically-aligned-center\">\n<p><!-- wp:column {\"verticalAlignment\":\"center\"} --><\/p>\n<div class=\"wp-block-column is-vertically-aligned-center\">\n<p><!-- wp:paragraph {\"align\":\"center\",\"style\":{\"color\":{\"text\":\"#08753a\"}},\"fontSize\":\"medium\"} --><\/p>\n<p class=\"has-text-align-center has-text-color has-medium-font-size\" style=\"color: #08753a\"><strong>\u00c1rea<\/strong><\/p>\n<p><!-- \/wp:paragraph --><\/p>\n<\/div>\n<p><!-- \/wp:column --><!-- wp:column {\"verticalAlignment\":\"center\"} --><\/p>\n<div class=\"wp-block-column is-vertically-aligned-center\">\n<p class=\"has-text-align-center has-medium-font-size\">T\u00e9rmica<\/p>\n<\/div>\n<p><!-- \/wp:column --><\/p>\n<\/div>\n<p><!-- \/wp:columns --><\/p>\n<\/div>\n<p><!-- \/wp:group --><!-- wp:separator {\"className\":\"is-style-wide\"} --><\/p>\n<hr class=\"wp-block-separator has-alpha-channel-opacity is-style-wide\">\n<p><!-- \/wp:separator --><!-- wp:heading {\"textAlign\":\"center\",\"style\":{\"color\":{\"text\":\"#08753a\"}}} --><\/p>\n<h2 class=\"wp-block-heading has-text-align-center has-text-color\" style=\"color: #08753a\">Disciplinas Lecionadas<\/h2>\n<p><!-- \/wp:heading --><!-- wp:paragraph {\"align\":\"center\",\"fontSize\":\"medium\"} --><\/p>\n<p class=\"has-text-align-center has-medium-font-size\">Mec\u00e2nica Dos Fluidos 2 (MEC76H &#8211; S43)<\/p>\n<p><!-- \/wp:paragraph --><!-- wp:separator {\"className\":\"is-style-wide\"} --><\/p>\n<hr class=\"wp-block-separator has-alpha-channel-opacity is-style-wide\">\n<p><!-- \/wp:separator --><\/p>\n<p><!-- wp:heading {\"textAlign\":\"center\",\"style\":{\"color\":{\"text\":\"#08753a\"}}} --><\/p>\n<h2 class=\"wp-block-heading has-text-align-center has-text-color\" style=\"color: #08753a\">Curr\u00edculo Lattes<\/h2>\n<p><!-- \/wp:heading --><!-- wp:paragraph {\"align\":\"center\",\"fontSize\":\"medium\"} --><\/p>\n<p class=\"has-text-align-center has-medium-font-size\"><a href=\"http:\/\/lattes.cnpq.br\/3561428456009236\" target=\"_blank\" rel=\"noopener\">Clique aqui para ser redirecionado \u00e0 Plataforma Lattes<\/a><\/p>\n<p><!-- \/wp:paragraph --><\/p>\t\t\t\t\t\t\t\t<\/div>\n\t\t\t\t<\/div>\n\t\t\t\t\t<\/div>\n\t\t<\/div>\n\t\t\t\t\t<\/div>\n\t\t<\/section>\n\t\t\t\t<\/div>\n\t\t","protected":false},"excerpt":{"rendered":"<p>PROF. DR. ADMILSON TEIXEIRA FRANCO Professor Titular &nbsp; Sobre Engenheiro Mec\u00e2nico &#8211; EEP (1990)Mestre em Engenharia Mec\u00e2nica &#8211; UNICAMP (1993)<\/p>\n","protected":false},"author":284,"featured_media":0,"parent":0,"menu_order":0,"comment_status":"closed","ping_status":"closed","template":"","meta":{"colormag_page_container_layout":"default_layout","colormag_page_sidebar_layout":"default_layout","footnotes":""},"class_list":["post-2099","page","type-page","status-publish","hentry"],"_links":{"self":[{"href":"https:\/\/utfpr.curitiba.br\/damec\/index.php?rest_route=\/wp\/v2\/pages\/2099","targetHints":{"allow":["GET"]}}],"collection":[{"href":"https:\/\/utfpr.curitiba.br\/damec\/index.php?rest_route=\/wp\/v2\/pages"}],"about":[{"href":"https:\/\/utfpr.curitiba.br\/damec\/index.php?rest_route=\/wp\/v2\/types\/page"}],"author":[{"embeddable":true,"href":"https:\/\/utfpr.curitiba.br\/damec\/index.php?rest_route=\/wp\/v2\/users\/284"}],"replies":[{"embeddable":true,"href":"https:\/\/utfpr.curitiba.br\/damec\/index.php?rest_route=%2Fwp%2Fv2%2Fcomments&post=2099"}],"version-history":[{"count":21,"href":"https:\/\/utfpr.curitiba.br\/damec\/index.php?rest_route=\/wp\/v2\/pages\/2099\/revisions"}],"predecessor-version":[{"id":3190,"href":"https:\/\/utfpr.curitiba.br\/damec\/index.php?rest_route=\/wp\/v2\/pages\/2099\/revisions\/3190"}],"wp:attachment":[{"href":"https:\/\/utfpr.curitiba.br\/damec\/index.php?rest_route=%2Fwp%2Fv2%2Fmedia&parent=2099"}],"curies":[{"name":"wp","href":"https:\/\/api.w.org\/{rel}","templated":true}]}}