{"id":72,"date":"2020-12-16T22:03:27","date_gmt":"2020-12-17T01:03:27","guid":{"rendered":"https:\/\/damat.ct.utfpr.edu.br\/?page_id=72"},"modified":"2026-04-16T17:44:55","modified_gmt":"2026-04-16T20:44:55","slug":"monitoria","status":"publish","type":"page","link":"https:\/\/utfpr.curitiba.br\/damat\/monitoria\/","title":{"rendered":"Monitoria"},"content":{"rendered":"\t\t<div data-elementor-type=\"wp-page\" data-elementor-id=\"72\" class=\"elementor elementor-72\">\n\t\t\t\t\t\t<section class=\"elementor-section elementor-top-section elementor-element elementor-element-c7f5061 elementor-section-boxed elementor-section-height-default elementor-section-height-default\" data-id=\"c7f5061\" data-element_type=\"section\" data-e-type=\"section\">\n\t\t\t\t\t\t<div class=\"elementor-container elementor-column-gap-default\">\n\t\t\t\t\t<div class=\"elementor-column elementor-col-100 elementor-top-column elementor-element elementor-element-bed676a\" data-id=\"bed676a\" data-element_type=\"column\" data-e-type=\"column\">\n\t\t\t<div class=\"elementor-widget-wrap elementor-element-populated\">\n\t\t\t\t\t\t<div class=\"elementor-element elementor-element-3a142f0 elementor-widget elementor-widget-text-editor\" data-id=\"3a142f0\" data-element_type=\"widget\" data-e-type=\"widget\" data-widget_type=\"text-editor.default\">\n\t\t\t\t<div class=\"elementor-widget-container\">\n\t\t\t\t\t\t\t\t\t<p><span style=\"color: #000000\"><span style=\"font-weight: 400\">Neste semestre (2026.1) os atendimentos do Programa de Monitoria da UTFPR-CT ocorrer\u00e3o de 06\/04\/2026 at\u00e9 08\/07\/2026. Conforme previsto no<\/span><a style=\"color: #000000\" href=\"https:\/\/www.utfpr.edu.br\/editais\/graduacao-e-educacao-profissional\/curitiba\/edital-12-2026-dirgrad-edital-do-programa-de-monitoria-primeiro-semestre-letivo-de-2026-selecao-2026-1-de-estudantes-monitores-da-utfpr-do-campus-curitiba\"><b> Edital 12\/2026 &#8211; DIRGRAD<\/b><\/a><b>, <\/b><span style=\"font-weight: 400\">neste per\u00edodo teremos atendimentos remotos e presenciais.\u00a0<\/span><\/span><\/p><p><span style=\"color: #000000\">O DAMAT disponibilizar\u00e1 monitores para as seguintes disciplinas:<\/span><\/p><p><em>Clique na disciplina para ver os hor\u00e1rios<\/em><\/p>\t\t\t\t\t\t\t\t<\/div>\n\t\t\t\t<\/div>\n\t\t\t\t\t<\/div>\n\t\t<\/div>\n\t\t\t\t\t<\/div>\n\t\t<\/section>\n\t\t\t\t<section class=\"elementor-section elementor-top-section elementor-element elementor-element-2c4f9dc elementor-section-boxed elementor-section-height-default elementor-section-height-default\" data-id=\"2c4f9dc\" data-element_type=\"section\" data-e-type=\"section\">\n\t\t\t\t\t\t<div class=\"elementor-container elementor-column-gap-default\">\n\t\t\t\t\t<div class=\"elementor-column elementor-col-100 elementor-top-column elementor-element elementor-element-2b80988\" data-id=\"2b80988\" data-element_type=\"column\" data-e-type=\"column\">\n\t\t\t<div class=\"elementor-widget-wrap elementor-element-populated\">\n\t\t\t\t\t\t<div class=\"elementor-element elementor-element-a455b91 elementor-widget elementor-widget-toggle\" data-id=\"a455b91\" data-element_type=\"widget\" data-e-type=\"widget\" data-widget_type=\"toggle.default\">\n\t\t\t\t<div class=\"elementor-widget-container\">\n\t\t\t\t\t\t\t<div class=\"elementor-toggle\">\n\t\t\t\t\t\t\t<div class=\"elementor-toggle-item\">\n\t\t\t\t\t<div id=\"elementor-tab-title-1721\" class=\"elementor-tab-title\" data-tab=\"1\" role=\"button\" aria-controls=\"elementor-tab-content-1721\" aria-expanded=\"false\">\n\t\t\t\t\t\t\t\t\t\t\t\t<span class=\"elementor-toggle-icon elementor-toggle-icon-left\" aria-hidden=\"true\">\n\t\t\t\t\t\t\t\t\t\t\t\t\t\t\t<span class=\"elementor-toggle-icon-closed\"><i class=\"fas fa-caret-right\"><\/i><\/span>\n\t\t\t\t\t\t\t\t<span class=\"elementor-toggle-icon-opened\"><i class=\"elementor-toggle-icon-opened fas fa-caret-up\"><\/i><\/span>\n\t\t\t\t\t\t\t\t\t\t\t\t\t<\/span>\n\t\t\t\t\t\t\t\t\t\t\t\t<a class=\"elementor-toggle-title\" tabindex=\"0\">\u00c1lgebra Linear (MAT7AL)<\/a>\n\t\t\t\t\t<\/div>\n\n\t\t\t\t\t<div id=\"elementor-tab-content-1721\" class=\"elementor-tab-content elementor-clearfix\" data-tab=\"1\" role=\"region\" aria-labelledby=\"elementor-tab-title-1721\"><p data-start=\"87\" data-end=\"115\"><strong>HOR\u00c1RIOS DE ATENDIMENTO<\/strong><\/p><p><strong>Presencial<\/strong><\/p><div><ul><li><strong>Quarta:<\/strong> 12h30 &#8211; 15h00\u202f (Monitora Marina &#8211; <strong>Centro<\/strong>)<\/li><\/ul><\/div><div><ul><li><strong>Sexta:<\/strong> 7h30 &#8211; 12h30 (Monitora Isabel &#8211; <strong>Ecoville) \/<\/strong> 11h30 &#8211; 14h00\u202f (Monitora Marina &#8211; <strong>Centro<\/strong>)<\/li><\/ul><\/div><p data-start=\"378\" data-end=\"390\"><strong>Remoto<\/strong><\/p><ul><li><strong>Segunda:<\/strong> 9h10 &#8211; 11h10 (Monitora Marina)<\/li><\/ul><ul><li><strong>Quinta:<\/strong> 9h10 &#8211; 11h10 (Monitora Isabel)<strong> \/<\/strong> 9h10 &#8211; 12h10\u202f (Monitora Marina)<\/li><\/ul><ul><li><strong>S\u00e1bado:<\/strong> 8h45 &#8211; 11h45 (Monitora Isabel)\u00a0<\/li><\/ul><\/div>\n\t\t\t\t<\/div>\n\t\t\t\t\t\t\t<div class=\"elementor-toggle-item\">\n\t\t\t\t\t<div id=\"elementor-tab-title-1722\" class=\"elementor-tab-title\" data-tab=\"2\" role=\"button\" aria-controls=\"elementor-tab-content-1722\" aria-expanded=\"false\">\n\t\t\t\t\t\t\t\t\t\t\t\t<span class=\"elementor-toggle-icon elementor-toggle-icon-left\" aria-hidden=\"true\">\n\t\t\t\t\t\t\t\t\t\t\t\t\t\t\t<span class=\"elementor-toggle-icon-closed\"><i class=\"fas fa-caret-right\"><\/i><\/span>\n\t\t\t\t\t\t\t\t<span class=\"elementor-toggle-icon-opened\"><i class=\"elementor-toggle-icon-opened fas fa-caret-up\"><\/i><\/span>\n\t\t\t\t\t\t\t\t\t\t\t\t\t<\/span>\n\t\t\t\t\t\t\t\t\t\t\t\t<a class=\"elementor-toggle-title\" tabindex=\"0\">C\u00e1lculo Diferencial e Integral 1 (MAT7C1)<\/a>\n\t\t\t\t\t<\/div>\n\n\t\t\t\t\t<div id=\"elementor-tab-content-1722\" class=\"elementor-tab-content elementor-clearfix\" data-tab=\"2\" role=\"region\" aria-labelledby=\"elementor-tab-title-1722\"><p data-start=\"59\" data-end=\"87\"><strong>HOR\u00c1RIOS DE ATENDIMENTO<\/strong><\/p><p data-start=\"89\" data-end=\"105\"><strong>Presencial<\/strong><\/p><div><ul><li><strong>Segunda:<\/strong> 9h00 &#8211; 12h00\u202f (Monitora P\u00e2mela &#8211; <strong>Ecoville<\/strong>)<\/li><\/ul><\/div><div><ul><li><strong>Ter\u00e7a:<\/strong> 15h30 &#8211; 16h30\u202f (Monitora P\u00e2mela &#8211; <strong>Ecoville<\/strong>)<\/li><li><strong>Quarta:<\/strong> 17h30 &#8211; 19h30\u202f (Monitor Pedro &#8211; <strong>Ecoville<\/strong>)<\/li><li><strong>Quinta:<\/strong> 13h50 &#8211; 15h50\u202f (Monitor Pedro &#8211; <strong>Ecoville<\/strong>)<\/li><li><strong>Sexta:<\/strong> 15h30 &#8211; 16h30\u202f (Monitora P\u00e2mela &#8211; <strong>Ecoville<\/strong>) \/ 17h30 \u2013 19h30 (Monitor Pedro &#8211; <strong>Ecoville<\/strong>)<\/li><\/ul><\/div><p data-start=\"226\" data-end=\"238\"><strong>Remoto<\/strong><\/p><ul data-start=\"239\" data-end=\"357\"><li data-start=\"239\" data-end=\"298\"><strong>Segunda: <\/strong>19h00 &#8211; 21h00\u202f (Monitora P\u00e2mela)<\/li><\/ul><ul data-start=\"239\" data-end=\"357\"><li data-start=\"299\" data-end=\"357\"><strong>Ter\u00e7a:\u00a0<\/strong>19h00 &#8211; 21h00\u202f (Monitora P\u00e2mela)<\/li><li data-start=\"299\" data-end=\"357\"><strong>Quarta: <\/strong>19h00 &#8211; 20h00\u202f (Monitora P\u00e2mela)<\/li><\/ul><\/div>\n\t\t\t\t<\/div>\n\t\t\t\t\t\t\t<div class=\"elementor-toggle-item\">\n\t\t\t\t\t<div id=\"elementor-tab-title-1723\" class=\"elementor-tab-title\" data-tab=\"3\" role=\"button\" aria-controls=\"elementor-tab-content-1723\" aria-expanded=\"false\">\n\t\t\t\t\t\t\t\t\t\t\t\t<span class=\"elementor-toggle-icon elementor-toggle-icon-left\" aria-hidden=\"true\">\n\t\t\t\t\t\t\t\t\t\t\t\t\t\t\t<span class=\"elementor-toggle-icon-closed\"><i class=\"fas fa-caret-right\"><\/i><\/span>\n\t\t\t\t\t\t\t\t<span class=\"elementor-toggle-icon-opened\"><i class=\"elementor-toggle-icon-opened fas fa-caret-up\"><\/i><\/span>\n\t\t\t\t\t\t\t\t\t\t\t\t\t<\/span>\n\t\t\t\t\t\t\t\t\t\t\t\t<a class=\"elementor-toggle-title\" tabindex=\"0\">C\u00e1lculo Diferencial e Integral 2   (MAT7C2)<\/a>\n\t\t\t\t\t<\/div>\n\n\t\t\t\t\t<div id=\"elementor-tab-content-1723\" class=\"elementor-tab-content elementor-clearfix\" data-tab=\"3\" role=\"region\" aria-labelledby=\"elementor-tab-title-1723\"><div><p><strong>HOR\u00c1RIOS DE ATENDIMENTO<\/strong><\/p><p><strong>Presencial:<\/strong><\/p><\/div><div><ul><li><strong>Segunda:<\/strong> 16h40 &#8211; 18h40\u202f (Monitor Gustavo &#8211; <strong>Centro<\/strong>) \/ 17h50 &#8211; 19h30 (Monitora Cec\u00edlia &#8211; <strong>Ecoville<\/strong>)<\/li><li><strong>Ter\u00e7a:\u00a0<\/strong>18h40 &#8211; 20h20 (Monitora Cec\u00edlia &#8211; <strong>Ecoville<\/strong>)<\/li><li><strong>Quarta: <\/strong>17h50 &#8211; 19h30 (Monitora Cec\u00edlia &#8211; <strong>Ecoville<\/strong>)<\/li><\/ul><\/div><div><ul><li><strong>Sexta:<\/strong> 14h40 &#8211; 17h40\u202f (Monitor Gustavo &#8211; <strong>Centro<\/strong>)<\/li><\/ul><\/div><div><p><strong>Remoto:<br \/><\/strong><\/p><ul><li><strong>Segunda:<\/strong> 10h20 &#8211; 12h00 (Monitora Cec\u00edlia)<\/li><\/ul><\/div><div><ul><li><strong>Ter\u00e7a:<\/strong> 19h00 &#8211; 21h30\u202f (Monitor Gustavo)<\/li><\/ul><\/div><div><ul><li><strong>Quarta:<\/strong> 19h00 &#8211; 21h30 (Monitor Gustavo)<\/li><li><strong>Quinta: <\/strong>13h00 &#8211; 14h40 (Monitora Cec\u00edlia)<\/li><li><strong>Sexta: <\/strong>10h20 &#8211; 12h00 (Monitora Cec\u00edlia)<\/li><\/ul><\/div><\/div>\n\t\t\t\t<\/div>\n\t\t\t\t\t\t\t<div class=\"elementor-toggle-item\">\n\t\t\t\t\t<div id=\"elementor-tab-title-1724\" class=\"elementor-tab-title\" data-tab=\"4\" role=\"button\" aria-controls=\"elementor-tab-content-1724\" aria-expanded=\"false\">\n\t\t\t\t\t\t\t\t\t\t\t\t<span class=\"elementor-toggle-icon elementor-toggle-icon-left\" aria-hidden=\"true\">\n\t\t\t\t\t\t\t\t\t\t\t\t\t\t\t<span class=\"elementor-toggle-icon-closed\"><i class=\"fas fa-caret-right\"><\/i><\/span>\n\t\t\t\t\t\t\t\t<span class=\"elementor-toggle-icon-opened\"><i class=\"elementor-toggle-icon-opened fas fa-caret-up\"><\/i><\/span>\n\t\t\t\t\t\t\t\t\t\t\t\t\t<\/span>\n\t\t\t\t\t\t\t\t\t\t\t\t<a class=\"elementor-toggle-title\" tabindex=\"0\">Constru\u00e7\u00f5es Geom\u00e9tricas e Geometria Descritiva (MAT72D)<\/a>\n\t\t\t\t\t<\/div>\n\n\t\t\t\t\t<div id=\"elementor-tab-content-1724\" class=\"elementor-tab-content elementor-clearfix\" data-tab=\"4\" role=\"region\" aria-labelledby=\"elementor-tab-title-1724\"><p data-start=\"46\" data-end=\"74\"><strong>HOR\u00c1RIOS DE ATENDIMENTO<\/strong><\/p><p data-start=\"76\" data-end=\"92\"><strong>Presencial<\/strong><\/p><ul data-start=\"93\" data-end=\"165\"><li data-start=\"130\" data-end=\"165\"><p data-start=\"132\" data-end=\"165\">\u00a0<\/p><\/li><\/ul><p data-start=\"167\" data-end=\"179\"><strong>Remoto<\/strong><\/p><ul data-start=\"180\" data-end=\"249\"><li data-start=\"180\" data-end=\"214\"><p data-start=\"182\" data-end=\"214\">\u00a0<\/p><\/li><\/ul><\/div>\n\t\t\t\t<\/div>\n\t\t\t\t\t\t\t<div class=\"elementor-toggle-item\">\n\t\t\t\t\t<div id=\"elementor-tab-title-1725\" class=\"elementor-tab-title\" data-tab=\"5\" role=\"button\" aria-controls=\"elementor-tab-content-1725\" aria-expanded=\"false\">\n\t\t\t\t\t\t\t\t\t\t\t\t<span class=\"elementor-toggle-icon elementor-toggle-icon-left\" aria-hidden=\"true\">\n\t\t\t\t\t\t\t\t\t\t\t\t\t\t\t<span class=\"elementor-toggle-icon-closed\"><i class=\"fas fa-caret-right\"><\/i><\/span>\n\t\t\t\t\t\t\t\t<span class=\"elementor-toggle-icon-opened\"><i class=\"elementor-toggle-icon-opened fas fa-caret-up\"><\/i><\/span>\n\t\t\t\t\t\t\t\t\t\t\t\t\t<\/span>\n\t\t\t\t\t\t\t\t\t\t\t\t<a class=\"elementor-toggle-title\" tabindex=\"0\"> Ensino e Aprendizagem de Geometria Plana (MAT71E)<\/a>\n\t\t\t\t\t<\/div>\n\n\t\t\t\t\t<div id=\"elementor-tab-content-1725\" class=\"elementor-tab-content elementor-clearfix\" data-tab=\"5\" role=\"region\" aria-labelledby=\"elementor-tab-title-1725\"><p data-start=\"46\" data-end=\"74\"><strong>HOR\u00c1RIOS DE ATENDIMENTO<\/strong><\/p><p data-start=\"76\" data-end=\"92\"><strong>Presencial<\/strong><\/p><ul data-start=\"93\" data-end=\"165\"><li data-start=\"93\" data-end=\"129\">\u00a0<\/li><li data-start=\"130\" data-end=\"165\"><p data-start=\"132\" data-end=\"165\">\u00a0<\/p><\/li><\/ul><p data-start=\"167\" data-end=\"179\"><strong>Remoto<\/strong><\/p><ul data-start=\"180\" data-end=\"249\"><li data-start=\"180\" data-end=\"214\">\u00a0<\/li><li data-start=\"215\" data-end=\"249\"><p data-start=\"217\" data-end=\"249\">\u00a0<\/p><\/li><\/ul><\/div>\n\t\t\t\t<\/div>\n\t\t\t\t\t\t\t<div class=\"elementor-toggle-item\">\n\t\t\t\t\t<div id=\"elementor-tab-title-1726\" class=\"elementor-tab-title\" data-tab=\"6\" role=\"button\" aria-controls=\"elementor-tab-content-1726\" aria-expanded=\"false\">\n\t\t\t\t\t\t\t\t\t\t\t\t<span class=\"elementor-toggle-icon elementor-toggle-icon-left\" aria-hidden=\"true\">\n\t\t\t\t\t\t\t\t\t\t\t\t\t\t\t<span class=\"elementor-toggle-icon-closed\"><i class=\"fas fa-caret-right\"><\/i><\/span>\n\t\t\t\t\t\t\t\t<span class=\"elementor-toggle-icon-opened\"><i class=\"elementor-toggle-icon-opened fas fa-caret-up\"><\/i><\/span>\n\t\t\t\t\t\t\t\t\t\t\t\t\t<\/span>\n\t\t\t\t\t\t\t\t\t\t\t\t<a class=\"elementor-toggle-title\" tabindex=\"0\">Equa\u00e7\u00f5es Diferenciais Ordin\u00e1rias  (MAT7ED)<\/a>\n\t\t\t\t\t<\/div>\n\n\t\t\t\t\t<div id=\"elementor-tab-content-1726\" class=\"elementor-tab-content elementor-clearfix\" data-tab=\"6\" role=\"region\" aria-labelledby=\"elementor-tab-title-1726\"><p data-start=\"54\" data-end=\"82\"><strong>HOR\u00c1RIOS DE ATENDIMENTO<\/strong><\/p><p data-start=\"84\" data-end=\"100\"><strong>Presencial<\/strong><\/p><ul data-start=\"101\" data-end=\"213\"><li data-start=\"228\" data-end=\"282\"><strong>Ter\u00e7a: <\/strong>17h50 &#8211; 18h40 (Monitor Gabriel &#8211; <strong>Centro<\/strong>)<\/li><li><strong>Quarta:<\/strong> 17h50 &#8211; 18h40 (Monitor Gabriel &#8211; <strong>Centro<\/strong>)<\/li><li><strong>Quinta:<\/strong> 13h50 &#8211; 17h30 (Monitor Gabriel &#8211; <strong>Centro<\/strong>)<\/li><\/ul><p data-start=\"215\" data-end=\"227\"><strong>Remoto<\/strong><\/p><ul><li data-start=\"228\" data-end=\"282\"><strong>Ter\u00e7a: <\/strong>09h10 &#8211; 11h10 (Monitor Gabriel)<\/li><li><strong>Quinta:<\/strong> 09h10 &#8211; 11h10 (Monitor Gabriel)<\/li><li><strong>Sexta:<\/strong> 09h10 &#8211; 11h10 (Monitor Gabriel)<\/li><\/ul><\/div>\n\t\t\t\t<\/div>\n\t\t\t\t\t\t\t<div class=\"elementor-toggle-item\">\n\t\t\t\t\t<div id=\"elementor-tab-title-1727\" class=\"elementor-tab-title\" data-tab=\"7\" role=\"button\" aria-controls=\"elementor-tab-content-1727\" aria-expanded=\"false\">\n\t\t\t\t\t\t\t\t\t\t\t\t<span class=\"elementor-toggle-icon elementor-toggle-icon-left\" aria-hidden=\"true\">\n\t\t\t\t\t\t\t\t\t\t\t\t\t\t\t<span class=\"elementor-toggle-icon-closed\"><i class=\"fas fa-caret-right\"><\/i><\/span>\n\t\t\t\t\t\t\t\t<span class=\"elementor-toggle-icon-opened\"><i class=\"elementor-toggle-icon-opened fas fa-caret-up\"><\/i><\/span>\n\t\t\t\t\t\t\t\t\t\t\t\t\t<\/span>\n\t\t\t\t\t\t\t\t\t\t\t\t<a class=\"elementor-toggle-title\" tabindex=\"0\">Fundamentos de Aritm\u00e9tica (MAT73E)<\/a>\n\t\t\t\t\t<\/div>\n\n\t\t\t\t\t<div id=\"elementor-tab-content-1727\" class=\"elementor-tab-content elementor-clearfix\" data-tab=\"7\" role=\"region\" aria-labelledby=\"elementor-tab-title-1727\"><p data-start=\"80\" data-end=\"108\"><strong>HOR\u00c1RIOS DE ATENDIMENTO<\/strong><\/p><p data-start=\"110\" data-end=\"126\"><strong>Presencial<\/strong><\/p><ul data-start=\"127\" data-end=\"184\"><li data-start=\"127\" data-end=\"184\"><p data-start=\"129\" data-end=\"184\">\u00a0<\/p><\/li><\/ul><p data-start=\"186\" data-end=\"198\"><strong>Remoto<\/strong><\/p><ul data-start=\"199\" data-end=\"344\"><li data-start=\"199\" data-end=\"271\">\u00a0<\/li><li data-start=\"272\" data-end=\"344\"><p data-start=\"274\" data-end=\"344\">\u00a0<\/p><\/li><\/ul><\/div>\n\t\t\t\t<\/div>\n\t\t\t\t\t\t\t<div class=\"elementor-toggle-item\">\n\t\t\t\t\t<div id=\"elementor-tab-title-1728\" class=\"elementor-tab-title\" data-tab=\"8\" role=\"button\" aria-controls=\"elementor-tab-content-1728\" aria-expanded=\"false\">\n\t\t\t\t\t\t\t\t\t\t\t\t<span class=\"elementor-toggle-icon elementor-toggle-icon-left\" aria-hidden=\"true\">\n\t\t\t\t\t\t\t\t\t\t\t\t\t\t\t<span class=\"elementor-toggle-icon-closed\"><i class=\"fas fa-caret-right\"><\/i><\/span>\n\t\t\t\t\t\t\t\t<span class=\"elementor-toggle-icon-opened\"><i class=\"elementor-toggle-icon-opened fas fa-caret-up\"><\/i><\/span>\n\t\t\t\t\t\t\t\t\t\t\t\t\t<\/span>\n\t\t\t\t\t\t\t\t\t\t\t\t<a class=\"elementor-toggle-title\" tabindex=\"0\">Fundamentos de Matem\u00e1tica (MAT71B)<\/a>\n\t\t\t\t\t<\/div>\n\n\t\t\t\t\t<div id=\"elementor-tab-content-1728\" class=\"elementor-tab-content elementor-clearfix\" data-tab=\"8\" role=\"region\" aria-labelledby=\"elementor-tab-title-1728\"><p data-start=\"91\" data-end=\"119\"><strong>HOR\u00c1RIOS DE ATENDIMENTO<\/strong><\/p><p data-start=\"121\" data-end=\"137\"><strong>Presencial<\/strong><\/p><ul data-start=\"138\" data-end=\"465\"><li data-start=\"138\" data-end=\"203\"><p data-start=\"140\" data-end=\"203\">\u00a0<\/p><\/li><\/ul><p data-start=\"467\" data-end=\"479\"><strong>Remoto<\/strong><\/p><ul data-start=\"480\" data-end=\"728\"><li data-start=\"569\" data-end=\"621\">\u00a0<\/li><li data-start=\"676\" data-end=\"728\"><p data-start=\"678\" data-end=\"728\">\u00a0<\/p><\/li><\/ul><\/div>\n\t\t\t\t<\/div>\n\t\t\t\t\t\t\t<div class=\"elementor-toggle-item\">\n\t\t\t\t\t<div id=\"elementor-tab-title-1729\" class=\"elementor-tab-title\" data-tab=\"9\" role=\"button\" aria-controls=\"elementor-tab-content-1729\" aria-expanded=\"false\">\n\t\t\t\t\t\t\t\t\t\t\t\t<span class=\"elementor-toggle-icon elementor-toggle-icon-left\" aria-hidden=\"true\">\n\t\t\t\t\t\t\t\t\t\t\t\t\t\t\t<span class=\"elementor-toggle-icon-closed\"><i class=\"fas fa-caret-right\"><\/i><\/span>\n\t\t\t\t\t\t\t\t<span class=\"elementor-toggle-icon-opened\"><i class=\"elementor-toggle-icon-opened fas fa-caret-up\"><\/i><\/span>\n\t\t\t\t\t\t\t\t\t\t\t\t\t<\/span>\n\t\t\t\t\t\t\t\t\t\t\t\t<a class=\"elementor-toggle-title\" tabindex=\"0\">Geometria Anal\u00edtica (MAT7GA) <\/a>\n\t\t\t\t\t<\/div>\n\n\t\t\t\t\t<div id=\"elementor-tab-content-1729\" class=\"elementor-tab-content elementor-clearfix\" data-tab=\"9\" role=\"region\" aria-labelledby=\"elementor-tab-title-1729\"><p data-start=\"97\" data-end=\"125\"><strong>HOR\u00c1RIOS DE ATENDIMENTO<\/strong><\/p><p data-start=\"127\" data-end=\"143\"><strong>Presencial<\/strong><\/p><ul><li><strong>Segunda:<\/strong> <span class=\"_aupe copyable-text xkrh14z\">17h50 &#8211; 21h10 (Monitor Itaru &#8211;\u00a0 <strong>Centro<\/strong>)<\/span><\/li><\/ul><div><ul><li><strong>Quarta:<\/strong> 13h50 &#8211; 15h30\u202f (Monitora Vit\u00f3ria &#8211; <strong>Ecoville<\/strong>)<br \/><br \/><\/li><li><strong>Quinta:<\/strong> 8h00 &#8211; 10h00 (Monitor Davy &#8211; <span class=\"_aupe copyable-text xkrh14z\"><strong>Centro<\/strong>)<\/span><\/li><\/ul><\/div><div><ul><li><strong>Sexta:<\/strong> 10h30 &#8211; 13h00 e 13h30 &#8211; 16h00 (Monitor Eduardo &#8211; <strong>Ecoville<\/strong>) \/ 14h40 &#8211; 16h40 e 18h40 &#8211; 21h10 (Monitor Itaru &#8211; <strong>Centro<\/strong>)<\/li><\/ul><\/div><p data-start=\"284\" data-end=\"296\"><strong>Remoto<\/strong><\/p><ul><li><strong>Segunda:<\/strong> 10h20 &#8211; 12h00 (Monitora Vit\u00f3ria)<br \/><br \/><\/li><li><strong>Ter\u00e7a:<\/strong> 18h30 &#8211; 21h00 (Monitor Eduardo)<br \/><br \/><\/li><li><strong>Quarta:<\/strong> 18h30 &#8211; 21h00 (Monitor Eduardo) \/ 18h40 &#8211; 21h10 (Monitor Itaru)<\/li><\/ul><\/div>\n\t\t\t\t<\/div>\n\t\t\t\t\t\t\t<div class=\"elementor-toggle-item\">\n\t\t\t\t\t<div id=\"elementor-tab-title-17210\" class=\"elementor-tab-title\" data-tab=\"10\" role=\"button\" aria-controls=\"elementor-tab-content-17210\" aria-expanded=\"false\">\n\t\t\t\t\t\t\t\t\t\t\t\t<span class=\"elementor-toggle-icon elementor-toggle-icon-left\" aria-hidden=\"true\">\n\t\t\t\t\t\t\t\t\t\t\t\t\t\t\t<span class=\"elementor-toggle-icon-closed\"><i class=\"fas fa-caret-right\"><\/i><\/span>\n\t\t\t\t\t\t\t\t<span class=\"elementor-toggle-icon-opened\"><i class=\"elementor-toggle-icon-opened fas fa-caret-up\"><\/i><\/span>\n\t\t\t\t\t\t\t\t\t\t\t\t\t<\/span>\n\t\t\t\t\t\t\t\t\t\t\t\t<a class=\"elementor-toggle-title\" tabindex=\"0\">Pensamento Alg\u00e9brico (MAT72C)<\/a>\n\t\t\t\t\t<\/div>\n\n\t\t\t\t\t<div id=\"elementor-tab-content-17210\" class=\"elementor-tab-content elementor-clearfix\" data-tab=\"10\" role=\"region\" aria-labelledby=\"elementor-tab-title-17210\"><p data-start=\"91\" data-end=\"119\"><strong>HOR\u00c1RIOS DE ATENDIMENTO<\/strong><\/p><p data-start=\"121\" data-end=\"137\"><strong>Presencial<\/strong><\/p><ul data-start=\"138\" data-end=\"465\"><li data-start=\"138\" data-end=\"203\"><strong>Segunda:<\/strong> 13h00 &#8211; 18h00 (Monitor F\u00e1bio &#8211; <strong>Centro<\/strong>)<\/li><li data-start=\"138\" data-end=\"203\"><strong>Quarta:<\/strong> 15h00 &#8211; 18:00\u00a0(Monitor F\u00e1bio &#8211; <strong>Centro<\/strong>)<\/li><\/ul><p data-start=\"467\" data-end=\"479\"><strong>Remoto<\/strong><\/p><ul data-start=\"480\" data-end=\"728\"><li data-start=\"480\" data-end=\"568\"><strong>Sexta:<\/strong> 17h00 &#8211; 19h00 (Monitor F\u00e1bio)<\/li><\/ul><\/div>\n\t\t\t\t<\/div>\n\t\t\t\t\t\t\t<div class=\"elementor-toggle-item\">\n\t\t\t\t\t<div id=\"elementor-tab-title-17211\" class=\"elementor-tab-title\" data-tab=\"11\" role=\"button\" aria-controls=\"elementor-tab-content-17211\" aria-expanded=\"false\">\n\t\t\t\t\t\t\t\t\t\t\t\t<span class=\"elementor-toggle-icon elementor-toggle-icon-left\" aria-hidden=\"true\">\n\t\t\t\t\t\t\t\t\t\t\t\t\t\t\t<span class=\"elementor-toggle-icon-closed\"><i class=\"fas fa-caret-right\"><\/i><\/span>\n\t\t\t\t\t\t\t\t<span class=\"elementor-toggle-icon-opened\"><i class=\"elementor-toggle-icon-opened fas fa-caret-up\"><\/i><\/span>\n\t\t\t\t\t\t\t\t\t\t\t\t\t<\/span>\n\t\t\t\t\t\t\t\t\t\t\t\t<a class=\"elementor-toggle-title\" tabindex=\"0\">Pr\u00e9 Calculo (MAT7PC)<\/a>\n\t\t\t\t\t<\/div>\n\n\t\t\t\t\t<div id=\"elementor-tab-content-17211\" class=\"elementor-tab-content elementor-clearfix\" data-tab=\"11\" role=\"region\" aria-labelledby=\"elementor-tab-title-17211\"><p data-start=\"91\" data-end=\"119\"><strong>HOR\u00c1RIOS DE ATENDIMENTO<\/strong><\/p><p data-start=\"121\" data-end=\"137\"><strong>Presencial<\/strong><\/p><ul data-start=\"138\" data-end=\"465\"><li data-start=\"138\" data-end=\"203\"><strong>Segunda:<\/strong> 16h00 &#8211; 17h50 (Monitora J\u00falia &#8211; <strong>Centro<\/strong>)<\/li><li data-start=\"138\" data-end=\"203\"><strong>Ter\u00e7a:<\/strong> 16h00 &#8211; 18h30 (Monitora J\u00falia &#8211; <strong>Centro<\/strong>)<\/li><li data-start=\"138\" data-end=\"203\"><strong>Quinta:<\/strong> 16h00 &#8211; 17h40 (Monitora J\u00falia &#8211; <strong>Centro<\/strong>)<\/li><\/ul><p data-start=\"467\" data-end=\"479\"><strong>Remoto<\/strong><\/p><ul data-start=\"480\" data-end=\"728\"><li data-start=\"480\" data-end=\"568\">\u00a0<\/li><li data-start=\"676\" data-end=\"728\"><p data-start=\"678\" data-end=\"728\">\u00a0<\/p><\/li><\/ul><\/div>\n\t\t\t\t<\/div>\n\t\t\t\t\t\t\t\t<\/div>\n\t\t\t\t\t\t<\/div>\n\t\t\t\t<\/div>\n\t\t\t\t\t<\/div>\n\t\t<\/div>\n\t\t\t\t\t<\/div>\n\t\t<\/section>\n\t\t\t\t<section class=\"elementor-section elementor-top-section elementor-element elementor-element-6b973a7 elementor-section-boxed elementor-section-height-default elementor-section-height-default\" data-id=\"6b973a7\" data-element_type=\"section\" data-e-type=\"section\">\n\t\t\t\t\t\t<div class=\"elementor-container elementor-column-gap-default\">\n\t\t\t\t\t<div class=\"elementor-column elementor-col-100 elementor-top-column elementor-element elementor-element-07599da\" data-id=\"07599da\" data-element_type=\"column\" data-e-type=\"column\">\n\t\t\t<div class=\"elementor-widget-wrap elementor-element-populated\">\n\t\t\t\t\t\t<div class=\"elementor-element elementor-element-bea5b85 elementor-widget elementor-widget-text-editor\" data-id=\"bea5b85\" data-element_type=\"widget\" data-e-type=\"widget\" data-widget_type=\"text-editor.default\">\n\t\t\t\t<div class=\"elementor-widget-container\">\n\t\t\t\t\t\t\t\t\t<p><span style=\"color: #000000\"><b>ATENDIMENTO<\/b><\/span><\/p><ul><li style=\"font-weight: 400\"><span style=\"color: #000000\"><span style=\"font-weight: 400\">Atendimentos Remotos: ocorrer\u00e3o no Servidor Discord do Programa de Monitoria da UTFPR-CT (acesse o link na p\u00e1gina do Programa de Monitoria da UTFPR-CT:<\/span><a style=\"color: #000000\" href=\"https:\/\/sites.google.com\/view\/monitoriautfpr-ct\"><span style=\"font-weight: 400\"> https:\/\/sites.google.com\/view\/monitoriautfpr-ct<\/span><\/a><\/span><\/li><li style=\"font-weight: 400\"><span style=\"color: #000000\"><span style=\"font-weight: 400\">Atendimentos presenciais sede Centro: <\/span><b>CA-208<\/b><\/span><\/li><li style=\"font-weight: 400\"><span style=\"color: #000000\"><span style=\"font-weight: 400\">Atendimentos presenciais sede Ecoville: <\/span><b>Bloco EB 3\u00ba andar<\/b><span style=\"font-weight: 400\"> (em cima da sala 24h)<\/span><\/span><\/li><\/ul><p><span style=\"color: #000000\"><b>FALE CONOSCO<\/b><\/span><\/p><ul><li style=\"font-weight: 400\"><span style=\"font-weight: 400;color: #000000\">monitoriadamat-ct@utfpr.edu.br (Assessoria de Ensino e Monitoria do DAMAT-CT)<\/span><\/li><li style=\"font-weight: 400\"><span style=\"font-weight: 400;color: #000000\">monitoria-ct@utfpr.edu.br (Equipe de monitoria da UTFPR-CT)<\/span><\/li><\/ul>\t\t\t\t\t\t\t\t<\/div>\n\t\t\t\t<\/div>\n\t\t\t\t\t<\/div>\n\t\t<\/div>\n\t\t\t\t\t<\/div>\n\t\t<\/section>\n\t\t\t\t<\/div>\n\t\t","protected":false},"excerpt":{"rendered":"<p>Neste semestre (2026.1) os atendimentos do Programa de Monitoria da UTFPR-CT ocorrer\u00e3o de 06\/04\/2026 at\u00e9 08\/07\/2026. Conforme previsto no Edital 12\/2026 &#8211; DIRGRAD, neste per\u00edodo teremos atendimentos remotos e presenciais.\u00a0 O DAMAT disponibilizar\u00e1 monitores para as seguintes disciplinas: Clique na disciplina para ver os hor\u00e1rios \u00c1lgebra Linear (MAT7AL) HOR\u00c1RIOS DE ATENDIMENTO Presencial Quarta: 12h30 &#8211; [&hellip;]<\/p>\n","protected":false},"author":3,"featured_media":0,"parent":0,"menu_order":0,"comment_status":"closed","ping_status":"closed","template":"","meta":{"footnotes":""},"class_list":["post-72","page","type-page","status-publish","hentry"],"_links":{"self":[{"href":"https:\/\/utfpr.curitiba.br\/damat\/wp-json\/wp\/v2\/pages\/72","targetHints":{"allow":["GET"]}}],"collection":[{"href":"https:\/\/utfpr.curitiba.br\/damat\/wp-json\/wp\/v2\/pages"}],"about":[{"href":"https:\/\/utfpr.curitiba.br\/damat\/wp-json\/wp\/v2\/types\/page"}],"author":[{"embeddable":true,"href":"https:\/\/utfpr.curitiba.br\/damat\/wp-json\/wp\/v2\/users\/3"}],"replies":[{"embeddable":true,"href":"https:\/\/utfpr.curitiba.br\/damat\/wp-json\/wp\/v2\/comments?post=72"}],"version-history":[{"count":261,"href":"https:\/\/utfpr.curitiba.br\/damat\/wp-json\/wp\/v2\/pages\/72\/revisions"}],"predecessor-version":[{"id":1464,"href":"https:\/\/utfpr.curitiba.br\/damat\/wp-json\/wp\/v2\/pages\/72\/revisions\/1464"}],"wp:attachment":[{"href":"https:\/\/utfpr.curitiba.br\/damat\/wp-json\/wp\/v2\/media?parent=72"}],"curies":[{"name":"wp","href":"https:\/\/api.w.org\/{rel}","templated":true}]}}