{"id":32,"date":"2020-12-16T20:17:42","date_gmt":"2020-12-16T23:17:42","guid":{"rendered":"https:\/\/damat.ct.utfpr.edu.br\/?page_id=32"},"modified":"2025-09-03T15:24:37","modified_gmt":"2025-09-03T18:24:37","slug":"pos-graduacao","status":"publish","type":"page","link":"https:\/\/utfpr.curitiba.br\/damat\/pos-graduacao\/","title":{"rendered":"P\u00f3s-Gradua\u00e7\u00e3o"},"content":{"rendered":"\t\t<div data-elementor-type=\"wp-page\" data-elementor-id=\"32\" class=\"elementor elementor-32\">\n\t\t\t\t\t\t<section class=\"elementor-section elementor-top-section elementor-element elementor-element-2d9f7b5 elementor-section-boxed elementor-section-height-default elementor-section-height-default\" data-id=\"2d9f7b5\" data-element_type=\"section\" data-e-type=\"section\">\n\t\t\t\t\t\t<div class=\"elementor-container elementor-column-gap-default\">\n\t\t\t\t\t<div class=\"elementor-column elementor-col-100 elementor-top-column elementor-element elementor-element-52b21a4\" data-id=\"52b21a4\" data-element_type=\"column\" data-e-type=\"column\">\n\t\t\t<div class=\"elementor-widget-wrap elementor-element-populated\">\n\t\t\t\t\t\t<div class=\"elementor-element elementor-element-ef61a71 elementor-widget elementor-widget-text-editor\" data-id=\"ef61a71\" data-element_type=\"widget\" data-e-type=\"widget\" data-widget_type=\"text-editor.default\">\n\t\t\t\t<div class=\"elementor-widget-container\">\n\t\t\t\t\t\t\t\t\t<p><span style=\"font-weight: 400\">O DAMAT-CT abriga um dos polos do Mestrado Profissional em Matem\u00e1tica em Rede Nacional \u2013 PROFMAT, um programa de mestrado semipresencial na \u00e1rea de Matem\u00e1tica com oferta nacional.<\/span><\/p><p style=\"text-align: justify\"><span style=\"font-weight: 400\">\u00c9 formado por uma rede de Institui\u00e7\u00f5es de Ensino Superior, no contexto da Universidade Aberta do Brasil\/Coordena\u00e7\u00e3o de Aperfei\u00e7oamento Pessoal de N\u00edvel Superior (CAPES), e coordenado pela\u00a0<\/span><span style=\"color: #e3b600\"><span style=\"color: #ffcc00\"><strong><a style=\"color: #ffcc00\" href=\"http:\/\/www.sbm.org.br\/\" target=\"_blank\" rel=\"noopener\">Sociedade Brasileira de Matem\u00e1tica<\/a><\/strong><\/span>\u00a0<\/span><span style=\"font-weight: 400\">(SBM), que representa a comunidade cient\u00edfica da \u00e1rea de Matem\u00e1tica, com apoio do Instituto Nacional de Matem\u00e1tica Pura e Aplicada (IMPA).<\/span><\/p><ul><li style=\"font-weight: 400\"><strong><span style=\"color: #ffcc00\"><a style=\"color: #ffcc00\" href=\"https:\/\/www.utfpr.edu.br\/cursos\/programas-de-pos-graduacao\/profmat-ct\" target=\"_blank\" rel=\"noopener\">Site PROFMAT Regional<\/a><\/span><\/strong><\/li><\/ul><ul><li style=\"font-weight: 400\"><strong><span style=\"color: #ffcc00\"><a style=\"color: #ffcc00\" href=\"https:\/\/profmat-sbm.org.br\/\" target=\"_blank\" rel=\"noopener\">Site PROFMAT Nacional<\/a><\/span><\/strong><\/li><\/ul>\t\t\t\t\t\t\t\t<\/div>\n\t\t\t\t<\/div>\n\t\t\t\t\t<\/div>\n\t\t<\/div>\n\t\t\t\t\t<\/div>\n\t\t<\/section>\n\t\t\t\t<section class=\"elementor-section elementor-top-section elementor-element elementor-element-6aa1f93 elementor-section-boxed elementor-section-height-default elementor-section-height-default\" data-id=\"6aa1f93\" data-element_type=\"section\" data-e-type=\"section\">\n\t\t\t\t\t\t<div class=\"elementor-container elementor-column-gap-default\">\n\t\t\t\t\t<div class=\"elementor-column elementor-col-100 elementor-top-column elementor-element elementor-element-d923951\" data-id=\"d923951\" data-element_type=\"column\" data-e-type=\"column\">\n\t\t\t<div class=\"elementor-widget-wrap elementor-element-populated\">\n\t\t\t\t\t\t<div class=\"elementor-element elementor-element-a9fbe4b elementor-widget elementor-widget-text-editor\" data-id=\"a9fbe4b\" data-element_type=\"widget\" data-e-type=\"widget\" data-widget_type=\"text-editor.default\">\n\t\t\t\t<div class=\"elementor-widget-container\">\n\t\t\t\t\t\t\t\t\t<p><span style=\"font-weight: 400\">Al\u00e9m de abrigar o PROFMAT, docentes do DAMAT-CT tem atuado nos seguintes programas de P\u00f3s-Gradua\u00e7\u00e3o Stricto Sensus:<\/span><\/p>\t\t\t\t\t\t\t\t<\/div>\n\t\t\t\t<\/div>\n\t\t\t\t\t<\/div>\n\t\t<\/div>\n\t\t\t\t\t<\/div>\n\t\t<\/section>\n\t\t\t\t<section class=\"elementor-section elementor-top-section elementor-element elementor-element-56f36ab elementor-section-boxed elementor-section-height-default elementor-section-height-default\" data-id=\"56f36ab\" data-element_type=\"section\" data-e-type=\"section\">\n\t\t\t\t\t\t<div class=\"elementor-container elementor-column-gap-default\">\n\t\t\t\t\t<div class=\"elementor-column elementor-col-100 elementor-top-column elementor-element elementor-element-ee17efb\" data-id=\"ee17efb\" data-element_type=\"column\" data-e-type=\"column\">\n\t\t\t<div class=\"elementor-widget-wrap elementor-element-populated\">\n\t\t\t\t\t\t<div class=\"elementor-element elementor-element-2462ddd elementor-widget__width-initial elementor-icon-list--layout-traditional elementor-list-item-link-full_width elementor-widget elementor-widget-icon-list\" data-id=\"2462ddd\" data-element_type=\"widget\" data-e-type=\"widget\" data-widget_type=\"icon-list.default\">\n\t\t\t\t<div class=\"elementor-widget-container\">\n\t\t\t\t\t\t\t<ul class=\"elementor-icon-list-items\">\n\t\t\t\t\t\t\t<li class=\"elementor-icon-list-item\">\n\t\t\t\t\t\t\t\t\t\t\t<a href=\"https:\/\/www.utfpr.edu.br\/cursos\/mestrado-e-doutorado\/ppgfcet-ct\" target=\"_blank\">\n\n\t\t\t\t\t\t\t\t\t\t\t\t<span class=\"elementor-icon-list-icon\">\n\t\t\t\t\t\t\t<i aria-hidden=\"true\" class=\"fas fa-user-graduate\"><\/i>\t\t\t\t\t\t<\/span>\n\t\t\t\t\t\t\t\t\t\t<span class=\"elementor-icon-list-text\">Programa de P\u00f3s-Gradua\u00e7\u00e3o em Forma\u00e7\u00e3o Cient\u00edfica, Educacional e Tecnol\u00f3gica \u2013 PPGFCET, da UTFPR<\/span>\n\t\t\t\t\t\t\t\t\t\t\t<\/a>\n\t\t\t\t\t\t\t\t\t<\/li>\n\t\t\t\t\t\t\t\t<li class=\"elementor-icon-list-item\">\n\t\t\t\t\t\t\t\t\t\t\t<a href=\"https:\/\/www.utfpr.edu.br\/cursos\/coordenacoes\/stricto-sensu\/ppgpgp-ct\" target=\"_blank\">\n\n\t\t\t\t\t\t\t\t\t\t\t\t<span class=\"elementor-icon-list-icon\">\n\t\t\t\t\t\t\t<i aria-hidden=\"true\" class=\"fas fa-user-graduate\"><\/i>\t\t\t\t\t\t<\/span>\n\t\t\t\t\t\t\t\t\t\t<span class=\"elementor-icon-list-text\">Programa de P\u00f3s-Gradua\u00e7\u00e3o em Planejamento e Governan\u00e7a P\u00fablica \u2013 PPGPGP, da UTFPR<\/span>\n\t\t\t\t\t\t\t\t\t\t\t<\/a>\n\t\t\t\t\t\t\t\t\t<\/li>\n\t\t\t\t\t\t\t\t<li class=\"elementor-icon-list-item\">\n\t\t\t\t\t\t\t\t\t\t\t<a href=\"https:\/\/exatas.ufpr.br\/ppgecm\/\" target=\"_blank\">\n\n\t\t\t\t\t\t\t\t\t\t\t\t<span class=\"elementor-icon-list-icon\">\n\t\t\t\t\t\t\t<i aria-hidden=\"true\" class=\"fas fa-user-graduate\"><\/i>\t\t\t\t\t\t<\/span>\n\t\t\t\t\t\t\t\t\t\t<span class=\"elementor-icon-list-text\">Programa de P\u00f3s-gradua\u00e7\u00e3o em Educa\u00e7\u00e3o em Ci\u00eancias e em Matem\u00e1tica \u2013 PPGECM, da UFPR<\/span>\n\t\t\t\t\t\t\t\t\t\t\t<\/a>\n\t\t\t\t\t\t\t\t\t<\/li>\n\t\t\t\t\t\t<\/ul>\n\t\t\t\t\t\t<\/div>\n\t\t\t\t<\/div>\n\t\t\t\t\t<\/div>\n\t\t<\/div>\n\t\t\t\t\t<\/div>\n\t\t<\/section>\n\t\t\t\t<section class=\"elementor-section elementor-top-section elementor-element elementor-element-1f994f1 elementor-section-boxed elementor-section-height-default elementor-section-height-default\" data-id=\"1f994f1\" data-element_type=\"section\" data-e-type=\"section\">\n\t\t\t\t\t\t<div class=\"elementor-container elementor-column-gap-default\">\n\t\t\t\t\t<div class=\"elementor-column elementor-col-100 elementor-top-column elementor-element elementor-element-e675ea0\" data-id=\"e675ea0\" data-element_type=\"column\" data-e-type=\"column\">\n\t\t\t<div class=\"elementor-widget-wrap elementor-element-populated\">\n\t\t\t\t\t\t<div class=\"elementor-element elementor-element-4fed297 elementor-widget elementor-widget-text-editor\" data-id=\"4fed297\" data-element_type=\"widget\" data-e-type=\"widget\" data-widget_type=\"text-editor.default\">\n\t\t\t\t<div class=\"elementor-widget-container\">\n\t\t\t\t\t\t\t\t\t<p><span style=\"font-weight: 400;color: #000000\">Entre outras variadas especializa\u00e7\u00f5es lato sensu.<\/span><\/p>\t\t\t\t\t\t\t\t<\/div>\n\t\t\t\t<\/div>\n\t\t\t\t\t<\/div>\n\t\t<\/div>\n\t\t\t\t\t<\/div>\n\t\t<\/section>\n\t\t\t\t<\/div>\n\t\t","protected":false},"excerpt":{"rendered":"<p>O DAMAT-CT abriga um dos polos do Mestrado Profissional em Matem\u00e1tica em Rede Nacional \u2013 PROFMAT, um programa de mestrado semipresencial na \u00e1rea de Matem\u00e1tica com oferta nacional. \u00c9 formado por uma rede de Institui\u00e7\u00f5es de Ensino Superior, no contexto da Universidade Aberta do Brasil\/Coordena\u00e7\u00e3o de Aperfei\u00e7oamento Pessoal de N\u00edvel Superior (CAPES), e coordenado pela\u00a0Sociedade [&hellip;]<\/p>\n","protected":false},"author":3,"featured_media":0,"parent":0,"menu_order":0,"comment_status":"closed","ping_status":"closed","template":"","meta":{"footnotes":""},"class_list":["post-32","page","type-page","status-publish","hentry"],"_links":{"self":[{"href":"https:\/\/utfpr.curitiba.br\/damat\/wp-json\/wp\/v2\/pages\/32","targetHints":{"allow":["GET"]}}],"collection":[{"href":"https:\/\/utfpr.curitiba.br\/damat\/wp-json\/wp\/v2\/pages"}],"about":[{"href":"https:\/\/utfpr.curitiba.br\/damat\/wp-json\/wp\/v2\/types\/page"}],"author":[{"embeddable":true,"href":"https:\/\/utfpr.curitiba.br\/damat\/wp-json\/wp\/v2\/users\/3"}],"replies":[{"embeddable":true,"href":"https:\/\/utfpr.curitiba.br\/damat\/wp-json\/wp\/v2\/comments?post=32"}],"version-history":[{"count":49,"href":"https:\/\/utfpr.curitiba.br\/damat\/wp-json\/wp\/v2\/pages\/32\/revisions"}],"predecessor-version":[{"id":1306,"href":"https:\/\/utfpr.curitiba.br\/damat\/wp-json\/wp\/v2\/pages\/32\/revisions\/1306"}],"wp:attachment":[{"href":"https:\/\/utfpr.curitiba.br\/damat\/wp-json\/wp\/v2\/media?parent=32"}],"curies":[{"name":"wp","href":"https:\/\/api.w.org\/{rel}","templated":true}]}}