{"id":227,"date":"2021-05-05T09:30:44","date_gmt":"2021-05-05T12:30:44","guid":{"rendered":"https:\/\/damat.ct.utfpr.edu.br\/?page_id=227"},"modified":"2021-06-11T15:43:28","modified_gmt":"2021-06-11T18:43:28","slug":"laboratorios","status":"publish","type":"page","link":"https:\/\/utfpr.curitiba.br\/damat\/laboratorios\/","title":{"rendered":"Laborat\u00f3rios"},"content":{"rendered":"\n<p class=\"has-text-align-left\"><\/p>\n\n\n\n<p>O Departamento Acad\u00eamico de Matem\u00e1tica conta com os seguintes laborat\u00f3rios para o apoio \u00e0s atividades de ensino, extens\u00e3o e pesquisa:<\/p>\n\n\n\n<p><a rel=\"noreferrer noopener\" href=\"https:\/\/sites.google.com\/view\/laboratorio-matematica-utfpr\/kkkkk?authuser=0\" data-type=\"URL\" data-id=\"https:\/\/sites.google.com\/view\/laboratorio-matematica-utfpr\/kkkkk?authuser=0\" target=\"_blank\">LEMAT &#8211; Laborat\u00f3rio de Ensino de Matem\u00e1tica<\/a><\/p>\n\n\n\n<p><a href=\"https:\/\/damat.ct.utfpr.edu.br\/limat\/\" data-type=\"URL\" data-id=\"https:\/\/damat.ct.utfpr.edu.br\/limat\/\">LIMAT &#8211; Laborat\u00f3rio de Inform\u00e1tica do Departamento Acad\u00eamico de Matem\u00e1tica<\/a><\/p>\n\n\n\n<p class=\"has-text-align-right\">Clique no laborat\u00f3rio para acessar a respectiva p\u00e1gina.<\/p>\n","protected":false},"excerpt":{"rendered":"<p>O Departamento Acad\u00eamico de Matem\u00e1tica conta com os seguintes laborat\u00f3rios para o apoio \u00e0s atividades de ensino, extens\u00e3o e pesquisa: LEMAT &#8211; Laborat\u00f3rio de Ensino de Matem\u00e1tica LIMAT &#8211; Laborat\u00f3rio de Inform\u00e1tica do Departamento Acad\u00eamico de Matem\u00e1tica Clique no laborat\u00f3rio para acessar a respectiva p\u00e1gina.<\/p>\n","protected":false},"author":3,"featured_media":0,"parent":0,"menu_order":0,"comment_status":"closed","ping_status":"closed","template":"","meta":{"footnotes":""},"class_list":["post-227","page","type-page","status-publish","hentry"],"_links":{"self":[{"href":"https:\/\/utfpr.curitiba.br\/damat\/wp-json\/wp\/v2\/pages\/227","targetHints":{"allow":["GET"]}}],"collection":[{"href":"https:\/\/utfpr.curitiba.br\/damat\/wp-json\/wp\/v2\/pages"}],"about":[{"href":"https:\/\/utfpr.curitiba.br\/damat\/wp-json\/wp\/v2\/types\/page"}],"author":[{"embeddable":true,"href":"https:\/\/utfpr.curitiba.br\/damat\/wp-json\/wp\/v2\/users\/3"}],"replies":[{"embeddable":true,"href":"https:\/\/utfpr.curitiba.br\/damat\/wp-json\/wp\/v2\/comments?post=227"}],"version-history":[{"count":6,"href":"https:\/\/utfpr.curitiba.br\/damat\/wp-json\/wp\/v2\/pages\/227\/revisions"}],"predecessor-version":[{"id":434,"href":"https:\/\/utfpr.curitiba.br\/damat\/wp-json\/wp\/v2\/pages\/227\/revisions\/434"}],"wp:attachment":[{"href":"https:\/\/utfpr.curitiba.br\/damat\/wp-json\/wp\/v2\/media?parent=227"}],"curies":[{"name":"wp","href":"https:\/\/api.w.org\/{rel}","templated":true}]}}