{"id":14,"date":"2020-12-16T20:09:07","date_gmt":"2020-12-16T23:09:07","guid":{"rendered":"https:\/\/damat.ct.utfpr.edu.br\/?page_id=14"},"modified":"2025-07-04T17:10:54","modified_gmt":"2025-07-04T20:10:54","slug":"contato","status":"publish","type":"page","link":"https:\/\/utfpr.curitiba.br\/damat\/contato\/","title":{"rendered":"Contato"},"content":{"rendered":"\t\t<div data-elementor-type=\"wp-page\" data-elementor-id=\"14\" class=\"elementor elementor-14\">\n\t\t\t\t\t\t<section class=\"elementor-section elementor-top-section elementor-element elementor-element-4ea4850 elementor-section-boxed elementor-section-height-default elementor-section-height-default\" data-id=\"4ea4850\" data-element_type=\"section\" data-e-type=\"section\">\n\t\t\t\t\t\t<div class=\"elementor-container elementor-column-gap-default\">\n\t\t\t\t\t<div class=\"elementor-column elementor-col-100 elementor-top-column elementor-element elementor-element-5b16ad19\" data-id=\"5b16ad19\" data-element_type=\"column\" data-e-type=\"column\">\n\t\t\t<div class=\"elementor-widget-wrap elementor-element-populated\">\n\t\t\t\t\t\t<div class=\"elementor-element elementor-element-7dcc176d elementor-widget elementor-widget-text-editor\" data-id=\"7dcc176d\" data-element_type=\"widget\" data-e-type=\"widget\" data-widget_type=\"text-editor.default\">\n\t\t\t\t<div class=\"elementor-widget-container\">\n\t\t\t\t\t\t\t\t\t\n<p><strong>Departamento Acad\u00eamico de Matem\u00e1tica<\/strong><\/p>\n\n<p>Universidade Tecnol\u00f3gica Federal do Paran\u00e1 &#8211; Campus Curitiba<\/p>\n\n<p>Av. Sete de Setembro, 3165 &#8211; Bloco F &#8211; Rebou\u00e7as, Curitiba-PR &#8211; CEP 80230-901<\/p>\n\n<p>Telefone: +55 (41) 3310-4650<\/p>\n\n<p>E-mail: damat-ct@utfpr.edu.br<\/p>\n<hr class=\"wp-block-separator has-css-opacity is-style-dots\" \/>\n<p class=\"has-text-align-right\"><strong>Chefe de Departamento:<\/strong> Prof\u00aa. Dra. Ana Cristina Corr\u00eaa Munaretto<\/p>\n\n<p class=\"has-text-align-right\"><strong>Secret\u00e1ria:<\/strong> Gheysa Marques de Siqueira<\/p>\n\n<p class=\"has-text-align-right\"><strong>Estagi\u00e1ria: <\/strong>Alexia de Paula Ferreira<\/p>\n\n<p class=\"has-text-align-right\">\u00a0<\/p>\n\n<p>\u00a0<\/p>\n<hr class=\"wp-block-separator has-css-opacity is-style-dots\" \/>\t\t\t\t\t\t\t\t<\/div>\n\t\t\t\t<\/div>\n\t\t\t\t\t<\/div>\n\t\t<\/div>\n\t\t\t\t\t<\/div>\n\t\t<\/section>\n\t\t\t\t<\/div>\n\t\t","protected":false},"excerpt":{"rendered":"<p>Departamento Acad\u00eamico de Matem\u00e1tica Universidade Tecnol\u00f3gica Federal do Paran\u00e1 &#8211; Campus Curitiba Av. Sete de Setembro, 3165 &#8211; Bloco F &#8211; Rebou\u00e7as, Curitiba-PR &#8211; CEP 80230-901 Telefone: +55 (41) 3310-4650 E-mail: damat-ct@utfpr.edu.br Chefe de Departamento: Prof\u00aa. Dra. Ana Cristina Corr\u00eaa Munaretto Secret\u00e1ria: Gheysa Marques de Siqueira Estagi\u00e1ria: Alexia de Paula Ferreira \u00a0 \u00a0<\/p>\n","protected":false},"author":3,"featured_media":0,"parent":0,"menu_order":0,"comment_status":"closed","ping_status":"closed","template":"","meta":{"footnotes":""},"class_list":["post-14","page","type-page","status-publish","hentry"],"_links":{"self":[{"href":"https:\/\/utfpr.curitiba.br\/damat\/wp-json\/wp\/v2\/pages\/14","targetHints":{"allow":["GET"]}}],"collection":[{"href":"https:\/\/utfpr.curitiba.br\/damat\/wp-json\/wp\/v2\/pages"}],"about":[{"href":"https:\/\/utfpr.curitiba.br\/damat\/wp-json\/wp\/v2\/types\/page"}],"author":[{"embeddable":true,"href":"https:\/\/utfpr.curitiba.br\/damat\/wp-json\/wp\/v2\/users\/3"}],"replies":[{"embeddable":true,"href":"https:\/\/utfpr.curitiba.br\/damat\/wp-json\/wp\/v2\/comments?post=14"}],"version-history":[{"count":23,"href":"https:\/\/utfpr.curitiba.br\/damat\/wp-json\/wp\/v2\/pages\/14\/revisions"}],"predecessor-version":[{"id":1151,"href":"https:\/\/utfpr.curitiba.br\/damat\/wp-json\/wp\/v2\/pages\/14\/revisions\/1151"}],"wp:attachment":[{"href":"https:\/\/utfpr.curitiba.br\/damat\/wp-json\/wp\/v2\/media?parent=14"}],"curies":[{"name":"wp","href":"https:\/\/api.w.org\/{rel}","templated":true}]}}