{"id":12,"date":"2023-03-10T08:00:07","date_gmt":"2023-03-10T11:00:07","guid":{"rendered":"https:\/\/damat.ct.utfpr.edu.br\/?page_id=12"},"modified":"2025-09-03T15:55:17","modified_gmt":"2025-09-03T18:55:17","slug":"damat-ct","status":"publish","type":"page","link":"https:\/\/utfpr.curitiba.br\/damat\/","title":{"rendered":"DAMAT-CT"},"content":{"rendered":"\t\t<div data-elementor-type=\"wp-page\" data-elementor-id=\"12\" class=\"elementor elementor-12\">\n\t\t\t\t\t\t<section class=\"elementor-section elementor-top-section elementor-element elementor-element-6cbdf155 elementor-section-boxed elementor-section-height-default elementor-section-height-default\" data-id=\"6cbdf155\" data-element_type=\"section\" data-e-type=\"section\">\n\t\t\t\t\t\t<div class=\"elementor-container elementor-column-gap-default\">\n\t\t\t\t\t<div class=\"elementor-column elementor-col-100 elementor-top-column elementor-element elementor-element-5250ad4\" data-id=\"5250ad4\" data-element_type=\"column\" data-e-type=\"column\">\n\t\t\t<div class=\"elementor-widget-wrap elementor-element-populated\">\n\t\t\t\t\t\t<div class=\"elementor-element elementor-element-2e994224 elementor-widget elementor-widget-text-editor\" data-id=\"2e994224\" data-element_type=\"widget\" data-e-type=\"widget\" data-widget_type=\"text-editor.default\">\n\t\t\t\t<div class=\"elementor-widget-container\">\n\t\t\t\t\t\t\t\t\t\n<div class=\"wp-block-columns is-layout-flex wp-container-core-columns-is-layout-9d6595d7 wp-block-columns-is-layout-flex\">\n<div class=\"wp-block-column is-layout-flow wp-block-column-is-layout-flow\" style=\"flex-basis: 100%\">\n<div class=\"wp-block-columns is-layout-flex wp-container-core-columns-is-layout-9d6595d7 wp-block-columns-is-layout-flex\">\n<div class=\"wp-block-column is-layout-flow wp-block-column-is-layout-flow\" style=\"flex-basis: 100%\">\n<div class=\"wp-block-columns alignfull are-vertically-aligned-top has-white-background-color has-background is-layout-flex wp-container-core-columns-is-layout-9d6595d7 wp-block-columns-is-layout-flex\">\n<div class=\"wp-block-column is-vertically-aligned-top is-layout-flow wp-block-column-is-layout-flow\" style=\"flex-basis: 95%\">\n<div class=\"wp-block-columns is-layout-flex wp-container-core-columns-is-layout-9d6595d7 wp-block-columns-is-layout-flex\">\n<div class=\"wp-block-column is-layout-flow wp-block-column-is-layout-flow\" style=\"flex-basis: 20%;text-align: left\">\u00a0<\/div>\n\n<div class=\"wp-block-column is-vertically-aligned-center is-layout-flow wp-block-column-is-layout-flow\" style=\"flex-basis: 75%\">\n<p id=\"block-4b7e0e6f-d4ff-411e-84e7-454349b2113f\">Seja bem-vindo ao Departamento Acad\u00eamico de Matem\u00e1tica da Universidade Tecnol\u00f3gica Federal do Paran\u00e1, Campus Curitiba!<\/p>\n\n<p class=\"has-text-align-left has-text-align-justify\">Atualmente, o Departamento Acad\u00eamico de Matem\u00e1tica oferece o curso de <strong><a href=\"http:\/\/portal.utfpr.edu.br\/cursos\/coordenacoes\/graduacao\/curitiba\/ct-licenciatura-em-matematica\" target=\"_blank\" rel=\"noreferrer noopener\">Licenciatura em Matem\u00e1tica<\/a><\/strong>. Al\u00e9m disso, \u00e9 respons\u00e1vel por ministrar a maioria das disciplinas b\u00e1sicas da Matem\u00e1tica em todo o Campus Curitiba da UTFPR.<\/p>\n\n<p id=\"block-8a53e05c-1ebf-4093-a296-fcade440c21a\">Os docentes do departamento atuam tamb\u00e9m no <strong><a href=\"http:\/\/www.utfpr.edu.br\/cursos\/coordenacoes\/stricto-sensu\/profmat-ct\/home\" target=\"_blank\" rel=\"noopener\"> Programa de P\u00f3s-Gradua\u00e7\u00e3o em Matem\u00e1tica em Rede Nacional &#8211; PROFMAT<\/a><\/strong>, no <strong><a href=\"http:\/\/www.utfpr.edu.br\/cursos\/coordenacoes\/stricto-sensu\/ppgfcet\/home\" target=\"_blank\" rel=\"noopener\">Programa de P\u00f3s-Gradua\u00e7\u00e3o em Forma\u00e7\u00e3o Cient\u00edfica, Educacional e Tecnol\u00f3gica &#8211; PPGFCET<\/a><\/strong>, no <strong><a href=\"http:\/\/www.utfpr.edu.br\/cursos\/coordenacoes\/stricto-sensu\/pgp\" target=\"_blank\" rel=\"noopener\">Programa de P\u00f3s-Gradua\u00e7\u00e3o em Planejamento e Governan\u00e7a P\u00fablica &#8211; PPGPGP<\/a><\/strong>, da UTFPR, e no <strong><a href=\"http:\/\/www.exatas.ufpr.br\/portal\/ppgecm\/\" target=\"_blank\" rel=\"noopener\"> Programa de P\u00f3s-gradua\u00e7\u00e3o em Educa\u00e7\u00e3o em Ci\u00eancias e em Matem\u00e1tica &#8211; PPGECM<\/a><\/strong>, da UFPR, al\u00e9m de especializa\u00e7\u00f5es <em>lato sensu<\/em>.<\/p>\n\n<p id=\"block-6728dc6c-9c06-481e-9e36-3bb517a2a99b\">O Departamento Acad\u00eamico de Matem\u00e1tica tem compromisso com a excel\u00eancia nas \u00e1reas de ensino, pesquisa e extens\u00e3o, proporcionando uma base s\u00f3lida para a forma\u00e7\u00e3o de profissionais capazes de atender \u00e0s necessidades atuais e futuras do nosso pa\u00eds.<\/p>\n<\/div>\n<\/div>\n<\/div>\n<\/div>\n<\/div>\n<\/div>\n<\/div>\n<\/div>\n\t\t\t\t\t\t\t\t<\/div>\n\t\t\t\t<\/div>\n\t\t\t\t\t<\/div>\n\t\t<\/div>\n\t\t\t\t\t<\/div>\n\t\t<\/section>\n\t\t\t\t<\/div>\n\t\t","protected":false},"excerpt":{"rendered":"<p>\u00a0 Seja bem-vindo ao Departamento Acad\u00eamico de Matem\u00e1tica da Universidade Tecnol\u00f3gica Federal do Paran\u00e1, Campus Curitiba! Atualmente, o Departamento Acad\u00eamico de Matem\u00e1tica oferece o curso de Licenciatura em Matem\u00e1tica. Al\u00e9m disso, \u00e9 respons\u00e1vel por ministrar a maioria das disciplinas b\u00e1sicas da Matem\u00e1tica em todo o Campus Curitiba da UTFPR. Os docentes do departamento atuam tamb\u00e9m [&hellip;]<\/p>\n","protected":false},"author":3,"featured_media":0,"parent":0,"menu_order":0,"comment_status":"closed","ping_status":"closed","template":"","meta":{"footnotes":""},"class_list":["post-12","page","type-page","status-publish","hentry"],"_links":{"self":[{"href":"https:\/\/utfpr.curitiba.br\/damat\/wp-json\/wp\/v2\/pages\/12","targetHints":{"allow":["GET"]}}],"collection":[{"href":"https:\/\/utfpr.curitiba.br\/damat\/wp-json\/wp\/v2\/pages"}],"about":[{"href":"https:\/\/utfpr.curitiba.br\/damat\/wp-json\/wp\/v2\/types\/page"}],"author":[{"embeddable":true,"href":"https:\/\/utfpr.curitiba.br\/damat\/wp-json\/wp\/v2\/users\/3"}],"replies":[{"embeddable":true,"href":"https:\/\/utfpr.curitiba.br\/damat\/wp-json\/wp\/v2\/comments?post=12"}],"version-history":[{"count":40,"href":"https:\/\/utfpr.curitiba.br\/damat\/wp-json\/wp\/v2\/pages\/12\/revisions"}],"predecessor-version":[{"id":1320,"href":"https:\/\/utfpr.curitiba.br\/damat\/wp-json\/wp\/v2\/pages\/12\/revisions\/1320"}],"wp:attachment":[{"href":"https:\/\/utfpr.curitiba.br\/damat\/wp-json\/wp\/v2\/media?parent=12"}],"curies":[{"name":"wp","href":"https:\/\/api.w.org\/{rel}","templated":true}]}}