{"id":5359,"date":"2025-09-04T14:19:33","date_gmt":"2025-09-04T17:19:33","guid":{"rendered":"https:\/\/utfpr.curitiba.br\/dalem\/?page_id=5359"},"modified":"2026-03-18T15:22:11","modified_gmt":"2026-03-18T18:22:11","slug":"noticias","status":"publish","type":"page","link":"https:\/\/utfpr.curitiba.br\/dalem\/?page_id=5359","title":{"rendered":"Not\u00edcias"},"content":{"rendered":"\n<div class=\"wp-block-query is-layout-flow wp-block-query-is-layout-flow\"><ul class=\"wp-block-post-template is-layout-flow wp-block-post-template-is-layout-flow\"><li class=\"wp-block-post post-5793 post type-post status-publish format-standard hentry category-dalem-ct category-editais category-proficiencia\">\n<h2 class=\"wp-block-post-title\">RESULTADO FINAL &#8211; Exame de Profici\u00eancia em L\u00edngua Estrangeira &#8211; Edital 01\/2026<\/h2>\n\n<div class=\"wp-block-post-excerpt\"><p class=\"wp-block-post-excerpt__excerpt\"><\/p><p class=\"wp-block-post-excerpt__more-text\"><a class=\"wp-block-post-excerpt__more-link\" href=\"https:\/\/utfpr.curitiba.br\/dalem\/?p=5793\"><strong><mark style=\"background-color:#FFFFFF;font-size:20px\" class=\"has-inline-color has-cm-color: ##163c64\">LEIA MAIS<\/mark><\/strong><\/a><\/p><\/div>\n\n<div class=\"wp-block-post-date\"><time datetime=\"2026-04-01T18:39:53-03:00\">1 de abril de 2026<\/time><\/div>\n<\/li><li class=\"wp-block-post post-5767 post type-post status-publish format-standard hentry category-dalem-ct category-proficiencia\">\n<h2 class=\"wp-block-post-title\">Resultado Preliminar &#8211; Prova de Profici\u00eancia em L\u00edngua Estrangeira &#8211; Edital 01\/2026<\/h2>\n\n<div class=\"wp-block-post-excerpt\"><p class=\"wp-block-post-excerpt__excerpt\"><\/p><p class=\"wp-block-post-excerpt__more-text\"><a class=\"wp-block-post-excerpt__more-link\" href=\"https:\/\/utfpr.curitiba.br\/dalem\/?p=5767\"><strong><mark style=\"background-color:#FFFFFF;font-size:20px\" class=\"has-inline-color has-cm-color: ##163c64\">LEIA MAIS<\/mark><\/strong><\/a><\/p><\/div>\n\n<div class=\"wp-block-post-date\"><time datetime=\"2026-03-27T15:36:16-03:00\">27 de mar\u00e7o de 2026<\/time><\/div>\n<\/li><li class=\"wp-block-post post-5763 post type-post status-publish format-standard hentry category-dalem-ct category-proficiencia\">\n<h2 class=\"wp-block-post-title\">Divulga\u00e7\u00e3o do Gabarito do Exame de Profici\u00eancia &#8211; Edital 2026\/01<\/h2>\n\n<div class=\"wp-block-post-excerpt\"><p class=\"wp-block-post-excerpt__excerpt\"><\/p><p class=\"wp-block-post-excerpt__more-text\"><a class=\"wp-block-post-excerpt__more-link\" href=\"https:\/\/utfpr.curitiba.br\/dalem\/?p=5763\"><strong><mark style=\"background-color:#FFFFFF;font-size:20px\" class=\"has-inline-color has-cm-color: ##163c64\">LEIA MAIS<\/mark><\/strong><\/a><\/p><\/div>\n\n<div class=\"wp-block-post-date\"><time datetime=\"2026-03-24T16:18:47-03:00\">24 de mar\u00e7o de 2026<\/time><\/div>\n<\/li><li class=\"wp-block-post post-5743 post type-post status-publish format-standard hentry category-dalem-ct category-proficiencia\">\n<h2 class=\"wp-block-post-title\">Ensalamento &#8211; Exame de Profici\u00eancia &#8211; Edital 01\/2026<\/h2>\n\n<div class=\"wp-block-post-excerpt\"><p class=\"wp-block-post-excerpt__excerpt\"><\/p><p class=\"wp-block-post-excerpt__more-text\"><a class=\"wp-block-post-excerpt__more-link\" href=\"https:\/\/utfpr.curitiba.br\/dalem\/?p=5743\"><strong><mark style=\"background-color:#FFFFFF;font-size:20px\" class=\"has-inline-color has-cm-color: ##163c64\">LEIA MAIS<\/mark><\/strong><\/a><\/p><\/div>\n\n<div class=\"wp-block-post-date\"><time datetime=\"2026-03-18T14:55:38-03:00\">18 de mar\u00e7o de 2026<\/time><\/div>\n<\/li><li class=\"wp-block-post post-5740 post type-post status-publish format-standard hentry category-dalem-ct category-proficiencia\">\n<h2 class=\"wp-block-post-title\">Homologa\u00e7\u00e3o das Inscri\u00e7\u00f5es &#8211; EDITAL 01\/2026 &#8211; Resultado<\/h2>\n\n<div class=\"wp-block-post-excerpt\"><p class=\"wp-block-post-excerpt__excerpt\"><\/p><p class=\"wp-block-post-excerpt__more-text\"><a class=\"wp-block-post-excerpt__more-link\" href=\"https:\/\/utfpr.curitiba.br\/dalem\/?p=5740\"><strong><mark style=\"background-color:#FFFFFF;font-size:20px\" class=\"has-inline-color has-cm-color: ##163c64\">LEIA MAIS<\/mark><\/strong><\/a><\/p><\/div>\n\n<div class=\"wp-block-post-date\"><time datetime=\"2026-03-16T20:12:16-03:00\">16 de mar\u00e7o de 2026<\/time><\/div>\n<\/li><li class=\"wp-block-post post-5684 post type-post status-publish format-standard hentry category-dalem-ct category-noticia category-proficiencia\">\n<h2 class=\"wp-block-post-title\">HOMOLOGA\u00c7\u00c3O DAS INSCRI\u00c7\u00d5ES &#8211; Edital 01\/2026 &#8211; Exame de Profici\u00eancia em L\u00edngua Estrangeira<\/h2>\n\n<div class=\"wp-block-post-excerpt\"><p class=\"wp-block-post-excerpt__excerpt\"><\/p><p class=\"wp-block-post-excerpt__more-text\"><a class=\"wp-block-post-excerpt__more-link\" href=\"https:\/\/utfpr.curitiba.br\/dalem\/?p=5684\"><strong><mark style=\"background-color:#FFFFFF;font-size:20px\" class=\"has-inline-color has-cm-color: ##163c64\">LEIA MAIS<\/mark><\/strong><\/a><\/p><\/div>\n\n<div class=\"wp-block-post-date\"><time datetime=\"2026-03-11T19:02:14-03:00\">11 de mar\u00e7o de 2026<\/time><\/div>\n<\/li><li class=\"wp-block-post post-5681 post type-post status-publish format-standard hentry category-dalem-ct category-editais category-letras-ingles category-noticia category-sem-categoria\">\n<h2 class=\"wp-block-post-title\">RESULTADO SELE\u00c7\u00c3O DE BOLSISTAS E N\u00c3O BOLSISTAS &#8211; PROJETO LICENCIANDO 2026\/1<\/h2>\n\n<div class=\"wp-block-post-excerpt\"><p class=\"wp-block-post-excerpt__excerpt\"><\/p><p class=\"wp-block-post-excerpt__more-text\"><a class=\"wp-block-post-excerpt__more-link\" href=\"https:\/\/utfpr.curitiba.br\/dalem\/?p=5681\"><strong><mark style=\"background-color:#FFFFFF;font-size:20px\" class=\"has-inline-color has-cm-color: ##163c64\">LEIA MAIS<\/mark><\/strong><\/a><\/p><\/div>\n\n<div class=\"wp-block-post-date\"><time datetime=\"2026-03-04T16:01:08-03:00\">4 de mar\u00e7o de 2026<\/time><\/div>\n<\/li><li class=\"wp-block-post post-5664 post type-post status-publish format-standard hentry category-calem category-cursos category-noticia category-sem-categoria\">\n<h2 class=\"wp-block-post-title\">Resultado Final do Teste de Nivelamento &#8211; CALEM &#8211; 2026\/1<\/h2>\n\n<div class=\"wp-block-post-excerpt\"><p class=\"wp-block-post-excerpt__excerpt\"><\/p><p class=\"wp-block-post-excerpt__more-text\"><a class=\"wp-block-post-excerpt__more-link\" href=\"https:\/\/utfpr.curitiba.br\/dalem\/?p=5664\"><strong><mark style=\"background-color:#FFFFFF;font-size:20px\" class=\"has-inline-color has-cm-color: ##163c64\">LEIA MAIS<\/mark><\/strong><\/a><\/p><\/div>\n\n<div class=\"wp-block-post-date\"><time datetime=\"2026-02-26T15:46:11-03:00\">26 de fevereiro de 2026<\/time><\/div>\n<\/li><li class=\"wp-block-post post-5660 post type-post status-publish format-standard hentry category-sem-categoria\">\n<h2 class=\"wp-block-post-title\">Orienta\u00e7\u00f5es para inscri\u00e7\u00e3o no CALEM 2026\/1<\/h2>\n\n<div class=\"wp-block-post-excerpt\"><p class=\"wp-block-post-excerpt__excerpt\">Para se inscrever nos Cursos de L\u00ednguas do CALEM : ATEN\u00c7\u00c3O&nbsp;: A inscri\u00e7\u00e3o n\u00e3o garante a matricula, ela segue o<\/p><p class=\"wp-block-post-excerpt__more-text\"><a class=\"wp-block-post-excerpt__more-link\" href=\"https:\/\/utfpr.curitiba.br\/dalem\/?p=5660\"><strong><mark style=\"background-color:#FFFFFF;font-size:20px\" class=\"has-inline-color has-cm-color: ##163c64\">LEIA MAIS<\/mark><\/strong><\/a><\/p><\/div>\n\n<div class=\"wp-block-post-date\"><time datetime=\"2026-02-26T08:57:00-03:00\">26 de fevereiro de 2026<\/time><\/div>\n<\/li><li class=\"wp-block-post post-5655 post type-post status-publish format-standard hentry category-dalem-ct category-letras-ingles category-noticia category-sem-categoria\">\n<h2 class=\"wp-block-post-title\">RESULTADO FINAL &#8211; Edital n\u00ba 14\/2025 &#8211; NUCLI<\/h2>\n\n<div class=\"wp-block-post-excerpt\"><p class=\"wp-block-post-excerpt__excerpt\"><\/p><p class=\"wp-block-post-excerpt__more-text\"><a class=\"wp-block-post-excerpt__more-link\" href=\"https:\/\/utfpr.curitiba.br\/dalem\/?p=5655\"><strong><mark style=\"background-color:#FFFFFF;font-size:20px\" class=\"has-inline-color has-cm-color: ##163c64\">LEIA MAIS<\/mark><\/strong><\/a><\/p><\/div>\n\n<div class=\"wp-block-post-date\"><time datetime=\"2026-02-25T15:17:44-03:00\">25 de fevereiro de 2026<\/time><\/div>\n<\/li><\/ul>\n\n<nav class=\"alignwide wp-block-query-pagination is-content-justification-center is-layout-flex wp-container-core-query-pagination-is-layout-a89b3969 wp-block-query-pagination-is-layout-flex\" aria-label=\"Pagina\u00e7\u00e3o\">\n\n\n<div class=\"wp-block-query-pagination-numbers\"><span aria-current=\"page\" class=\"page-numbers current\">1<\/span>\n<a class=\"page-numbers\" href=\"?query-76-page=2&#038;rest_route=%2Fwp%2Fv2%2Fpages%2F5359\">2<\/a>\n<a class=\"page-numbers\" href=\"?query-76-page=3&#038;rest_route=%2Fwp%2Fv2%2Fpages%2F5359\">3<\/a>\n<span class=\"page-numbers dots\">&hellip;<\/span>\n<a class=\"page-numbers\" href=\"?query-76-page=19&#038;rest_route=%2Fwp%2Fv2%2Fpages%2F5359\">19<\/a><\/div>\n\n<a href=\"\/dalem\/index.php?rest_route=%2Fwp%2Fv2%2Fpages%2F5359&#038;query-76-page=2\" class=\"wp-block-query-pagination-next\">Pr\u00f3xima p\u00e1gina<\/a>\n<\/nav>\n\n<\/div>\n\n\n\n<p><\/p>\n","protected":false},"excerpt":{"rendered":"","protected":false},"author":353,"featured_media":0,"parent":0,"menu_order":0,"comment_status":"closed","ping_status":"closed","template":"","meta":{"colormag_page_container_layout":"default_layout","colormag_page_sidebar_layout":"default_layout","footnotes":""},"class_list":["post-5359","page","type-page","status-publish","hentry"],"_links":{"self":[{"href":"https:\/\/utfpr.curitiba.br\/dalem\/index.php?rest_route=\/wp\/v2\/pages\/5359","targetHints":{"allow":["GET"]}}],"collection":[{"href":"https:\/\/utfpr.curitiba.br\/dalem\/index.php?rest_route=\/wp\/v2\/pages"}],"about":[{"href":"https:\/\/utfpr.curitiba.br\/dalem\/index.php?rest_route=\/wp\/v2\/types\/page"}],"author":[{"embeddable":true,"href":"https:\/\/utfpr.curitiba.br\/dalem\/index.php?rest_route=\/wp\/v2\/users\/353"}],"replies":[{"embeddable":true,"href":"https:\/\/utfpr.curitiba.br\/dalem\/index.php?rest_route=%2Fwp%2Fv2%2Fcomments&post=5359"}],"version-history":[{"count":29,"href":"https:\/\/utfpr.curitiba.br\/dalem\/index.php?rest_route=\/wp\/v2\/pages\/5359\/revisions"}],"predecessor-version":[{"id":5761,"href":"https:\/\/utfpr.curitiba.br\/dalem\/index.php?rest_route=\/wp\/v2\/pages\/5359\/revisions\/5761"}],"wp:attachment":[{"href":"https:\/\/utfpr.curitiba.br\/dalem\/index.php?rest_route=%2Fwp%2Fv2%2Fmedia&parent=5359"}],"curies":[{"name":"wp","href":"https:\/\/api.w.org\/{rel}","templated":true}]}}