{"id":3709,"date":"2022-10-11T10:51:23","date_gmt":"2022-10-11T13:51:23","guid":{"rendered":"https:\/\/utfpr.curitiba.br\/dalem\/?page_id=3709"},"modified":"2025-09-11T16:09:39","modified_gmt":"2025-09-11T19:09:39","slug":"portugues-para-estrangeiros","status":"publish","type":"page","link":"https:\/\/utfpr.curitiba.br\/dalem\/?page_id=3709","title":{"rendered":"PFOL"},"content":{"rendered":"\t\t<div data-elementor-type=\"wp-page\" data-elementor-id=\"3709\" class=\"elementor elementor-3709\">\n\t\t\t\t\t\t<section class=\"elementor-section elementor-top-section elementor-element elementor-element-3bd96fa1 elementor-section-full_width elementor-section-height-default elementor-section-height-default\" data-id=\"3bd96fa1\" data-element_type=\"section\" data-e-type=\"section\">\n\t\t\t\t\t\t<div class=\"elementor-container elementor-column-gap-wide\">\n\t\t\t\t\t<div class=\"elementor-column elementor-col-66 elementor-top-column elementor-element elementor-element-4c8d347e\" data-id=\"4c8d347e\" data-element_type=\"column\" data-e-type=\"column\">\n\t\t\t<div class=\"elementor-widget-wrap elementor-element-populated\">\n\t\t\t\t\t\t<div class=\"elementor-element elementor-element-76923d1d elementor-widget elementor-widget-heading\" data-id=\"76923d1d\" data-element_type=\"widget\" data-e-type=\"widget\" data-widget_type=\"heading.default\">\n\t\t\t\t<div class=\"elementor-widget-container\">\n\t\t\t\t\t<h2 class=\"elementor-heading-title elementor-size-large\"><b>Portugu\u00eas para Estrangeiros (PFOL)<\/b><\/h2>\t\t\t\t<\/div>\n\t\t\t\t<\/div>\n\t\t\t\t<div class=\"elementor-element elementor-element-485a4eb8 elementor-widget elementor-widget-text-editor\" data-id=\"485a4eb8\" data-element_type=\"widget\" data-e-type=\"widget\" data-widget_type=\"text-editor.default\">\n\t\t\t\t<div class=\"elementor-widget-container\">\n\t\t\t\t\t\t\t\t\t<p><span style=\"font-weight: 400\">O <strong>Portugu\u00eas para Falantes de Outras L\u00ednguas<\/strong> (PFOL) \u00e9 um Programa de Extens\u00e3o Universit\u00e1ria do DALEM que oferece cursos e outras atividades de portugu\u00eas a estrangeiros residentes em Curitiba e regi\u00e3o metropolitana. <\/span><\/p><p><span style=\"font-weight: 400\">Oferecemos, ainda, a\u00e7\u00f5es pontuais voltadas para o p\u00fablico estrangeiro em geral e tamb\u00e9m algumas a\u00e7\u00f5es espec\u00edficas para determinados grupos. Por configurar-se como lugar de pesquisa e por atender amplo perfil de estrangeiros e, mais recentemente, ter projetos espec\u00edficos para migrantes e refugiados, o curso \u00e9 gratuito para os participantes.<\/span><\/p><p><span style=\"font-weight: 400\">O Programa tamb\u00e9m tem em sua base a forma\u00e7\u00e3o de professores, que se concretiza com a\u00e7\u00f5es com estudantes do <strong>Curso de Letras Ingl\u00eas<\/strong>, interessados em profissionalizar-se e tornarem-se professores de portugu\u00eas para estrangeiros. Esses estudantes participam de diversas atividades (projetos de ensino, cursos, orienta\u00e7\u00f5es, grupos de estudo) em que pesquisam aspectos do portugu\u00eas brasileiro, seu ensino e aprendizagem, bem como refletem sobre quest\u00f5es de subjetividade, identidade, aula de l\u00edngua adicional, entre outros. Eles ainda atuam como monitores dentro e fora de aula (bolsistas e volunt\u00e1rios), sempre sob supervis\u00e3o de uma das professoras integrantes do Programa de Extens\u00e3o.<\/span><\/p><p><span style=\"font-weight: 400\">O PFOL na UTFPR-CT relaciona ensino, pesquisa, extens\u00e3o e tem ligado ao Programa de Extens\u00e3o um Projeto de Pesquisa com o mesmo t\u00edtulo cadastrado no CNPq. Entendemos que, da mesma forma que \u00e9 necess\u00e1rio aliar ensino, pesquisa e extens\u00e3o, \u00e9 essencial nos relacionarmos com \u00f3rg\u00e3os da sociedade civil.<\/span><\/p>\t\t\t\t\t\t\t\t<\/div>\n\t\t\t\t<\/div>\n\t\t\t\t\t<\/div>\n\t\t<\/div>\n\t\t\t\t<div class=\"elementor-column elementor-col-33 elementor-top-column elementor-element elementor-element-2e4c1473\" data-id=\"2e4c1473\" data-element_type=\"column\" data-e-type=\"column\">\n\t\t\t<div class=\"elementor-widget-wrap elementor-element-populated\">\n\t\t\t\t\t\t<div class=\"elementor-element elementor-element-5e89402c elementor-widget elementor-widget-spacer\" data-id=\"5e89402c\" data-element_type=\"widget\" data-e-type=\"widget\" data-widget_type=\"spacer.default\">\n\t\t\t\t<div class=\"elementor-widget-container\">\n\t\t\t\t\t\t\t<div class=\"elementor-spacer\">\n\t\t\t<div class=\"elementor-spacer-inner\"><\/div>\n\t\t<\/div>\n\t\t\t\t\t\t<\/div>\n\t\t\t\t<\/div>\n\t\t\t\t<div class=\"elementor-element elementor-element-fabc69d elementor-align-justify elementor-widget__width-inherit elementor-widget elementor-widget-button\" data-id=\"fabc69d\" data-element_type=\"widget\" data-e-type=\"widget\" data-widget_type=\"button.default\">\n\t\t\t\t<div class=\"elementor-widget-container\">\n\t\t\t\t\t\t\t\t\t<div class=\"elementor-button-wrapper\">\n\t\t\t\t\t<a class=\"elementor-button elementor-button-link elementor-size-sm\" href=\"https:\/\/forms.gle\/nNkPVjUBfvrEJ2bJ8\">\n\t\t\t\t\t\t<span class=\"elementor-button-content-wrapper\">\n\t\t\t\t\t\t\t\t\t<span class=\"elementor-button-text\">Formul\u00e1rio de Inscri\u00e7\u00e3o               <\/span>\n\t\t\t\t\t<\/span>\n\t\t\t\t\t<\/a>\n\t\t\t\t<\/div>\n\t\t\t\t\t\t\t\t<\/div>\n\t\t\t\t<\/div>\n\t\t\t\t<div class=\"elementor-element elementor-element-9eb75ee elementor-widget__width-initial elementor-view-default elementor-widget elementor-widget-icon\" data-id=\"9eb75ee\" data-element_type=\"widget\" data-e-type=\"widget\" data-widget_type=\"icon.default\">\n\t\t\t\t<div class=\"elementor-widget-container\">\n\t\t\t\t\t\t\t<div class=\"elementor-icon-wrapper\">\n\t\t\t<a class=\"elementor-icon\" href=\"https:\/\/www.instagram.com\/pfol_utfpr.ct\/\">\n\t\t\t<i aria-hidden=\"true\" class=\"fab fa-instagram\"><\/i>\t\t\t<\/a>\n\t\t<\/div>\n\t\t\t\t\t\t<\/div>\n\t\t\t\t<\/div>\n\t\t\t\t<div class=\"elementor-element elementor-element-2be4b85 elementor-widget__width-initial elementor-view-default elementor-widget elementor-widget-icon\" data-id=\"2be4b85\" data-element_type=\"widget\" data-e-type=\"widget\" data-widget_type=\"icon.default\">\n\t\t\t\t<div class=\"elementor-widget-container\">\n\t\t\t\t\t\t\t<div class=\"elementor-icon-wrapper\">\n\t\t\t<a class=\"elementor-icon\" href=\"mailto:pfolutfpr.ct@gmail.com\">\n\t\t\t<i aria-hidden=\"true\" class=\"icon icon-email\"><\/i>\t\t\t<\/a>\n\t\t<\/div>\n\t\t\t\t\t\t<\/div>\n\t\t\t\t<\/div>\n\t\t\t\t\t<\/div>\n\t\t<\/div>\n\t\t\t\t\t<\/div>\n\t\t<\/section>\n\t\t\t\t<\/div>\n\t\t","protected":false},"excerpt":{"rendered":"<p>Portugu\u00eas para Estrangeiros (PFOL) O Portugu\u00eas para Falantes de Outras L\u00ednguas (PFOL) \u00e9 um Programa de Extens\u00e3o Universit\u00e1ria do DALEM<\/p>\n","protected":false},"author":21,"featured_media":0,"parent":0,"menu_order":0,"comment_status":"closed","ping_status":"closed","template":"","meta":{"colormag_page_container_layout":"default_layout","colormag_page_sidebar_layout":"default_layout","footnotes":""},"class_list":["post-3709","page","type-page","status-publish","hentry"],"_links":{"self":[{"href":"https:\/\/utfpr.curitiba.br\/dalem\/index.php?rest_route=\/wp\/v2\/pages\/3709","targetHints":{"allow":["GET"]}}],"collection":[{"href":"https:\/\/utfpr.curitiba.br\/dalem\/index.php?rest_route=\/wp\/v2\/pages"}],"about":[{"href":"https:\/\/utfpr.curitiba.br\/dalem\/index.php?rest_route=\/wp\/v2\/types\/page"}],"author":[{"embeddable":true,"href":"https:\/\/utfpr.curitiba.br\/dalem\/index.php?rest_route=\/wp\/v2\/users\/21"}],"replies":[{"embeddable":true,"href":"https:\/\/utfpr.curitiba.br\/dalem\/index.php?rest_route=%2Fwp%2Fv2%2Fcomments&post=3709"}],"version-history":[{"count":20,"href":"https:\/\/utfpr.curitiba.br\/dalem\/index.php?rest_route=\/wp\/v2\/pages\/3709\/revisions"}],"predecessor-version":[{"id":5446,"href":"https:\/\/utfpr.curitiba.br\/dalem\/index.php?rest_route=\/wp\/v2\/pages\/3709\/revisions\/5446"}],"wp:attachment":[{"href":"https:\/\/utfpr.curitiba.br\/dalem\/index.php?rest_route=%2Fwp%2Fv2%2Fmedia&parent=3709"}],"curies":[{"name":"wp","href":"https:\/\/api.w.org\/{rel}","templated":true}]}}