{"id":2246,"date":"2022-04-08T14:48:56","date_gmt":"2022-04-08T17:48:56","guid":{"rendered":"https:\/\/utfpr.curitiba.br\/dalem\/?page_id=2246"},"modified":"2026-03-12T14:35:52","modified_gmt":"2026-03-12T17:35:52","slug":"exame-de-proficiencia","status":"publish","type":"page","link":"https:\/\/utfpr.curitiba.br\/dalem\/?page_id=2246","title":{"rendered":"Profici\u00eancia"},"content":{"rendered":"\t\t<div data-elementor-type=\"wp-page\" data-elementor-id=\"2246\" class=\"elementor elementor-2246\">\n\t\t\t\t\t\t<section class=\"elementor-section elementor-top-section elementor-element elementor-element-637f48a7 elementor-section-full_width elementor-section-height-default elementor-section-height-default\" data-id=\"637f48a7\" data-element_type=\"section\" data-e-type=\"section\">\n\t\t\t\t\t\t<div class=\"elementor-container elementor-column-gap-wide\">\n\t\t\t\t\t<div class=\"elementor-column elementor-col-66 elementor-top-column elementor-element elementor-element-67f9ebae\" data-id=\"67f9ebae\" data-element_type=\"column\" data-e-type=\"column\">\n\t\t\t<div class=\"elementor-widget-wrap elementor-element-populated\">\n\t\t\t\t\t\t<div class=\"elementor-element elementor-element-110109e7 elementor-widget elementor-widget-heading\" data-id=\"110109e7\" data-element_type=\"widget\" data-e-type=\"widget\" data-widget_type=\"heading.default\">\n\t\t\t\t<div class=\"elementor-widget-container\">\n\t\t\t\t\t<h2 class=\"elementor-heading-title elementor-size-large\"><b>Exame de Profici\u00eancia<\/b><\/h2>\t\t\t\t<\/div>\n\t\t\t\t<\/div>\n\t\t\t\t<div class=\"elementor-element elementor-element-10b71dbe elementor-widget elementor-widget-text-editor\" data-id=\"10b71dbe\" data-element_type=\"widget\" data-e-type=\"widget\" data-widget_type=\"text-editor.default\">\n\t\t\t\t<div class=\"elementor-widget-container\">\n\t\t\t\t\t\t\t\t\t<p>O\u00a0<b>Exame de Profici\u00eancia em Leitura em L\u00edngua Estrangeira<\/b>, ofertado pelo\u00a0<b>DALEM<\/b>, avalia a capacidade de compreens\u00e3o e interpreta\u00e7\u00e3o de textos escritos e \u00e9\u00a0destinado aos <strong>alunos\/candidatos<\/strong>\u00a0dos cursos de <strong>Mestrado<\/strong> e <strong>Doutorado.<\/strong><\/p><p>O que se privilegia em um exame dessa natureza s\u00e3o as estrat\u00e9gias empregadas pelo candidato na constru\u00e7\u00e3o de um sentido para os textos em quest\u00e3o. Isso significa observar o seu entorno: t\u00edtulos, subt\u00edtulos, diagramas, gr\u00e1ficos, fotografias, tabelas, autor, fonte, data ou qualquer outro elemento relevante que contribua para a compreens\u00e3o dos significados expressos.<\/p><p>Dessa maneira, entende-se como Leitor Proficiente em L\u00edngua Estrangeira o leitor ativo, que interage com o texto na constru\u00e7\u00e3o de significados. N\u00e3o se trata, portanto, de um exame que se concentra em conhecimentos gramaticais e lexicais, mas sim em compet\u00eancia em leitura.<\/p>\t\t\t\t\t\t\t\t<\/div>\n\t\t\t\t<\/div>\n\t\t\t\t<div class=\"elementor-element elementor-element-d499a65 elementor-alert-info elementor-invisible elementor-widget elementor-widget-alert\" data-id=\"d499a65\" data-element_type=\"widget\" data-e-type=\"widget\" data-settings=\"{&quot;_animation&quot;:&quot;fadeIn&quot;}\" data-widget_type=\"alert.default\">\n\t\t\t\t<div class=\"elementor-widget-container\">\n\t\t\t\t\t\t\t<div class=\"elementor-alert\" role=\"alert\">\n\n\t\t\t\t\t\t<span class=\"elementor-alert-title\">Exame 2026\/1: 21 de mar\u00e7o<\/span>\n\t\t\t\n\t\t\t\t\t\t<span class=\"elementor-alert-description\">\n\n<\/span>\n\t\t\t\n\t\t\t\n\t\t<\/div>\n\t\t\t\t\t\t<\/div>\n\t\t\t\t<\/div>\n\t\t\t\t<div class=\"elementor-element elementor-element-3e85eda elementor-widget elementor-widget-text-editor\" data-id=\"3e85eda\" data-element_type=\"widget\" data-e-type=\"widget\" data-widget_type=\"text-editor.default\">\n\t\t\t\t<div class=\"elementor-widget-container\">\n\t\t\t\t\t\t\t\t\t<p><a href=\"https:\/\/utfpr-ct-static-content.s3.amazonaws.com\/utfpr.curitiba.br\/wp-content\/uploads\/sites\/7\/2026\/01\/SEI_UTFPR-5480451-Graduacao_-Edital-DIRGRAD-1.pdf\">Edital de profici\u00eancia em leitura em l\u00edngua estrangeira 1\/2026 &#8211; DIRGRAD (clique aqui)<\/a><\/p>\t\t\t\t\t\t\t\t<\/div>\n\t\t\t\t<\/div>\n\t\t\t\t<div class=\"elementor-element elementor-element-6f05280 elementor-widget elementor-widget-heading\" data-id=\"6f05280\" data-element_type=\"widget\" data-e-type=\"widget\" data-widget_type=\"heading.default\">\n\t\t\t\t<div class=\"elementor-widget-container\">\n\t\t\t\t\t<h2 class=\"elementor-heading-title elementor-size-medium\">Exames Anteriores<\/h2>\t\t\t\t<\/div>\n\t\t\t\t<\/div>\n\t\t\t\t<div class=\"elementor-element elementor-element-3888404 elementor-alert-success elementor-invisible elementor-widget elementor-widget-alert\" data-id=\"3888404\" data-element_type=\"widget\" data-e-type=\"widget\" data-settings=\"{&quot;_animation&quot;:&quot;fadeIn&quot;}\" data-widget_type=\"alert.default\">\n\t\t\t\t<div class=\"elementor-widget-container\">\n\t\t\t\t\t\t\t<div class=\"elementor-alert\" role=\"alert\">\n\n\t\t\t\t\t\t<span class=\"elementor-alert-title\">Resultado final do exame de profici\u00eancia - 2025\/2<\/span>\n\t\t\t\n\t\t\t\t\t\t<span class=\"elementor-alert-description\">Confira o Resultado Preliminar do Exame de Profici\u00eancia correspondente ao Edital 21\/2025 (DIRGRAD-CT) em L\u00edngua em Leitura em L\u00edngua Estrangeira  (para os idiomas de Ingl\u00eas, Portugu\u00eas, Alem\u00e3o, Franc\u00eas e Espanhol) <a href=\"https:\/\/utfpr.curitiba.br\/dalem\/?p=5219\/\"> clicando aqui. <\/a>\n(Legenda: P = Proficiente; NP = N\u00e3o Proficiente; NC = N\u00e3o Compareceu.)<\/span>\n\t\t\t\n\t\t\t\n\t\t<\/div>\n\t\t\t\t\t\t<\/div>\n\t\t\t\t<\/div>\n\t\t\t\t\t<\/div>\n\t\t<\/div>\n\t\t\t\t<div class=\"elementor-column elementor-col-33 elementor-top-column elementor-element elementor-element-308cd401\" data-id=\"308cd401\" data-element_type=\"column\" data-e-type=\"column\">\n\t\t\t<div class=\"elementor-widget-wrap elementor-element-populated\">\n\t\t\t\t\t\t<div class=\"elementor-element elementor-element-e60536e elementor-widget elementor-widget-spacer\" data-id=\"e60536e\" data-element_type=\"widget\" data-e-type=\"widget\" data-widget_type=\"spacer.default\">\n\t\t\t\t<div class=\"elementor-widget-container\">\n\t\t\t\t\t\t\t<div class=\"elementor-spacer\">\n\t\t\t<div class=\"elementor-spacer-inner\"><\/div>\n\t\t<\/div>\n\t\t\t\t\t\t<\/div>\n\t\t\t\t<\/div>\n\t\t\t\t<div class=\"elementor-element elementor-element-5732a11 elementor-widget elementor-widget-wp-widget-colormag_featured_posts_vertical_widget\" data-id=\"5732a11\" data-element_type=\"widget\" data-e-type=\"widget\" data-widget_type=\"wp-widget-colormag_featured_posts_vertical_widget.default\">\n\t\t\t\t<div class=\"elementor-widget-container\">\n\t\t\t\t\t<section class=\"widget widget_featured_posts widget_featured_posts_vertical widget_featured_meta clearfix\">\r\n\t\t<div class=\"cm-first-post\">\r\n\t\t\t<div class=\"cm-post\">\r\n\t\t\t\t\r\n\t\t\t\t<div class=\"cm-post-content\">\r\n\t\t\t\t\t<div class=\"cm-entry-header-meta\"><div class=\"cm-post-categories\"><a href=\"https:\/\/utfpr.curitiba.br\/dalem\/?cat=44\" rel=\"category tag\">DALEM<\/a><a href=\"https:\/\/utfpr.curitiba.br\/dalem\/?cat=47\" rel=\"category tag\">Editais<\/a><a href=\"https:\/\/utfpr.curitiba.br\/dalem\/?cat=10\" rel=\"category tag\">Profici\u00eancia<\/a><\/div><\/div>\t\t<h3 class=\"cm-entry-title\">\r\n\t\t\t<a href=\"https:\/\/utfpr.curitiba.br\/dalem\/?p=5793\" title=\"RESULTADO FINAL &#8211; Exame de Profici\u00eancia em L\u00edngua Estrangeira &#8211; Edital 01\/2026\">\r\n\t\t\t\tRESULTADO FINAL &#8211; Exame de Profici\u00eancia em L\u00edngua Estrangeira &#8211; Edital 01\/2026\t\t\t<\/a>\r\n\t\t<\/h3>\r\n\t\t<div class=\"cm-below-entry-meta \"><span class=\"cm-post-date\"><a href=\"https:\/\/utfpr.curitiba.br\/dalem\/?p=5793\" title=\"18:39\" rel=\"bookmark\"><svg class=\"cm-icon cm-icon--calendar-fill\" xmlns=\"http:\/\/www.w3.org\/2000\/svg\" viewBox=\"0 0 24 24\"><path d=\"M21.1 6.6v1.6c0 .6-.4 1-1 1H3.9c-.6 0-1-.4-1-1V6.6c0-1.5 1.3-2.8 2.8-2.8h1.7V3c0-.6.4-1 1-1s1 .4 1 1v.8h5.2V3c0-.6.4-1 1-1s1 .4 1 1v.8h1.7c1.5 0 2.8 1.3 2.8 2.8zm-1 4.6H3.9c-.6 0-1 .4-1 1v7c0 1.5 1.3 2.8 2.8 2.8h12.6c1.5 0 2.8-1.3 2.8-2.8v-7c0-.6-.4-1-1-1z\"><\/path><\/svg> <time class=\"entry-date published updated\" datetime=\"2026-04-01T18:39:53-03:00\">1 de abril de 2026<\/time><\/a><\/span>\r\n\t\t<span class=\"cm-author cm-vcard\">\r\n\t\t\t<svg class=\"cm-icon cm-icon--user\" xmlns=\"http:\/\/www.w3.org\/2000\/svg\" viewBox=\"0 0 24 24\"><path d=\"M7 7c0-2.8 2.2-5 5-5s5 2.2 5 5-2.2 5-5 5-5-2.2-5-5zm9 7H8c-2.8 0-5 2.2-5 5v2c0 .6.4 1 1 1h16c.6 0 1-.4 1-1v-2c0-2.8-2.2-5-5-5z\"><\/path><\/svg>\t\t\t<a class=\"url fn n\"\r\n\t\t\thref=\"https:\/\/utfpr.curitiba.br\/dalem\/?author=362\"\r\n\t\t\ttitle=\"KALIANNI DEJAVITE GONCALVES\"\r\n\t\t\t>\r\n\t\t\t\tKALIANNI DEJAVITE GONCALVES\t\t\t<\/a>\r\n\t\t<\/span>\r\n\r\n\t\t<\/div>\r\n\t\t\t\t\t\t\t\t\t\t\t<div class=\"cm-entry-summary\">\r\n\t\t\t\t\t\t\t\t\t\t\t\t\t<\/div>\r\n\t\t\t\t\t\t\t\t\t<\/div>\r\n\t\t\t<\/div>\r\n\r\n\t\t\t<\/div><div class=\"cm-posts\">\r\n\t\t\t<div class=\"cm-post\">\r\n\t\t\t\t\r\n\t\t\t\t<div class=\"cm-post-content\">\r\n\t\t\t\t\t<div class=\"cm-entry-header-meta\"><div class=\"cm-post-categories\"><a href=\"https:\/\/utfpr.curitiba.br\/dalem\/?cat=44\" rel=\"category tag\">DALEM<\/a><a href=\"https:\/\/utfpr.curitiba.br\/dalem\/?cat=10\" rel=\"category tag\">Profici\u00eancia<\/a><\/div><\/div>\t\t<h3 class=\"cm-entry-title\">\r\n\t\t\t<a href=\"https:\/\/utfpr.curitiba.br\/dalem\/?p=5767\" title=\"Resultado Preliminar &#8211; Prova de Profici\u00eancia em L\u00edngua Estrangeira &#8211; Edital 01\/2026\">\r\n\t\t\t\tResultado Preliminar &#8211; Prova de Profici\u00eancia em L\u00edngua Estrangeira &#8211; Edital 01\/2026\t\t\t<\/a>\r\n\t\t<\/h3>\r\n\t\t<div class=\"cm-below-entry-meta \"><span class=\"cm-post-date\"><a href=\"https:\/\/utfpr.curitiba.br\/dalem\/?p=5767\" title=\"15:36\" rel=\"bookmark\"><svg class=\"cm-icon cm-icon--calendar-fill\" xmlns=\"http:\/\/www.w3.org\/2000\/svg\" viewBox=\"0 0 24 24\"><path d=\"M21.1 6.6v1.6c0 .6-.4 1-1 1H3.9c-.6 0-1-.4-1-1V6.6c0-1.5 1.3-2.8 2.8-2.8h1.7V3c0-.6.4-1 1-1s1 .4 1 1v.8h5.2V3c0-.6.4-1 1-1s1 .4 1 1v.8h1.7c1.5 0 2.8 1.3 2.8 2.8zm-1 4.6H3.9c-.6 0-1 .4-1 1v7c0 1.5 1.3 2.8 2.8 2.8h12.6c1.5 0 2.8-1.3 2.8-2.8v-7c0-.6-.4-1-1-1z\"><\/path><\/svg> <time class=\"entry-date published updated\" datetime=\"2026-03-27T15:36:16-03:00\">27 de mar\u00e7o de 2026<\/time><\/a><\/span>\r\n\t\t<span class=\"cm-author cm-vcard\">\r\n\t\t\t<svg class=\"cm-icon cm-icon--user\" xmlns=\"http:\/\/www.w3.org\/2000\/svg\" viewBox=\"0 0 24 24\"><path d=\"M7 7c0-2.8 2.2-5 5-5s5 2.2 5 5-2.2 5-5 5-5-2.2-5-5zm9 7H8c-2.8 0-5 2.2-5 5v2c0 .6.4 1 1 1h16c.6 0 1-.4 1-1v-2c0-2.8-2.2-5-5-5z\"><\/path><\/svg>\t\t\t<a class=\"url fn n\"\r\n\t\t\thref=\"https:\/\/utfpr.curitiba.br\/dalem\/?author=362\"\r\n\t\t\ttitle=\"KALIANNI DEJAVITE GONCALVES\"\r\n\t\t\t>\r\n\t\t\t\tKALIANNI DEJAVITE GONCALVES\t\t\t<\/a>\r\n\t\t<\/span>\r\n\r\n\t\t<\/div>\r\n\t\t\t\t\t\t\t\t\t<\/div>\r\n\t\t\t<\/div>\r\n\r\n\t\t\t\r\n\t\t\t<div class=\"cm-post\">\r\n\t\t\t\t\r\n\t\t\t\t<div class=\"cm-post-content\">\r\n\t\t\t\t\t<div class=\"cm-entry-header-meta\"><div class=\"cm-post-categories\"><a href=\"https:\/\/utfpr.curitiba.br\/dalem\/?cat=44\" rel=\"category tag\">DALEM<\/a><a href=\"https:\/\/utfpr.curitiba.br\/dalem\/?cat=10\" rel=\"category tag\">Profici\u00eancia<\/a><\/div><\/div>\t\t<h3 class=\"cm-entry-title\">\r\n\t\t\t<a href=\"https:\/\/utfpr.curitiba.br\/dalem\/?p=5763\" title=\"Divulga\u00e7\u00e3o do Gabarito do Exame de Profici\u00eancia &#8211; Edital 2026\/01\">\r\n\t\t\t\tDivulga\u00e7\u00e3o do Gabarito do Exame de Profici\u00eancia &#8211; Edital 2026\/01\t\t\t<\/a>\r\n\t\t<\/h3>\r\n\t\t<div class=\"cm-below-entry-meta \"><span class=\"cm-post-date\"><a href=\"https:\/\/utfpr.curitiba.br\/dalem\/?p=5763\" title=\"16:18\" rel=\"bookmark\"><svg class=\"cm-icon cm-icon--calendar-fill\" xmlns=\"http:\/\/www.w3.org\/2000\/svg\" viewBox=\"0 0 24 24\"><path d=\"M21.1 6.6v1.6c0 .6-.4 1-1 1H3.9c-.6 0-1-.4-1-1V6.6c0-1.5 1.3-2.8 2.8-2.8h1.7V3c0-.6.4-1 1-1s1 .4 1 1v.8h5.2V3c0-.6.4-1 1-1s1 .4 1 1v.8h1.7c1.5 0 2.8 1.3 2.8 2.8zm-1 4.6H3.9c-.6 0-1 .4-1 1v7c0 1.5 1.3 2.8 2.8 2.8h12.6c1.5 0 2.8-1.3 2.8-2.8v-7c0-.6-.4-1-1-1z\"><\/path><\/svg> <time class=\"entry-date published updated\" datetime=\"2026-03-24T16:18:47-03:00\">24 de mar\u00e7o de 2026<\/time><\/a><\/span>\r\n\t\t<span class=\"cm-author cm-vcard\">\r\n\t\t\t<svg class=\"cm-icon cm-icon--user\" xmlns=\"http:\/\/www.w3.org\/2000\/svg\" viewBox=\"0 0 24 24\"><path d=\"M7 7c0-2.8 2.2-5 5-5s5 2.2 5 5-2.2 5-5 5-5-2.2-5-5zm9 7H8c-2.8 0-5 2.2-5 5v2c0 .6.4 1 1 1h16c.6 0 1-.4 1-1v-2c0-2.8-2.2-5-5-5z\"><\/path><\/svg>\t\t\t<a class=\"url fn n\"\r\n\t\t\thref=\"https:\/\/utfpr.curitiba.br\/dalem\/?author=362\"\r\n\t\t\ttitle=\"KALIANNI DEJAVITE GONCALVES\"\r\n\t\t\t>\r\n\t\t\t\tKALIANNI DEJAVITE GONCALVES\t\t\t<\/a>\r\n\t\t<\/span>\r\n\r\n\t\t<\/div>\r\n\t\t\t\t\t\t\t\t\t<\/div>\r\n\t\t\t<\/div>\r\n\r\n\t\t\t<\/div><\/section>\t\t\t\t<\/div>\n\t\t\t\t<\/div>\n\t\t\t\t<div class=\"elementor-element elementor-element-eec28bd elementor-align-center elementor-invisible elementor-widget elementor-widget-button\" data-id=\"eec28bd\" data-element_type=\"widget\" data-e-type=\"widget\" data-settings=\"{&quot;_animation&quot;:&quot;fadeIn&quot;}\" data-widget_type=\"button.default\">\n\t\t\t\t<div class=\"elementor-widget-container\">\n\t\t\t\t\t\t\t\t\t<div class=\"elementor-button-wrapper\">\n\t\t\t\t\t<a class=\"elementor-button elementor-button-link elementor-size-xs elementor-animation-bob\" href=\"https:\/\/utfpr.curitiba.br\/dalem\/category\/dalem-ct\/proficiencia\/\">\n\t\t\t\t\t\t<span class=\"elementor-button-content-wrapper\">\n\t\t\t\t\t\t\t\t\t<span class=\"elementor-button-text\">Leia Mais<\/span>\n\t\t\t\t\t<\/span>\n\t\t\t\t\t<\/a>\n\t\t\t\t<\/div>\n\t\t\t\t\t\t\t\t<\/div>\n\t\t\t\t<\/div>\n\t\t\t\t\t<\/div>\n\t\t<\/div>\n\t\t\t\t\t<\/div>\n\t\t<\/section>\n\t\t\t\t<section class=\"elementor-section elementor-top-section elementor-element elementor-element-98593ae elementor-section-boxed elementor-section-height-default elementor-section-height-default\" data-id=\"98593ae\" data-element_type=\"section\" data-e-type=\"section\">\n\t\t\t\t\t\t<div class=\"elementor-container elementor-column-gap-default\">\n\t\t\t\t\t<div class=\"elementor-column elementor-col-100 elementor-top-column elementor-element elementor-element-e27c537\" data-id=\"e27c537\" data-element_type=\"column\" data-e-type=\"column\">\n\t\t\t<div class=\"elementor-widget-wrap\">\n\t\t\t\t\t\t\t<\/div>\n\t\t<\/div>\n\t\t\t\t\t<\/div>\n\t\t<\/section>\n\t\t\t\t<\/div>\n\t\t","protected":false},"excerpt":{"rendered":"<p>Exame de Profici\u00eancia O\u00a0Exame de Profici\u00eancia em Leitura em L\u00edngua Estrangeira, ofertado pelo\u00a0DALEM, avalia a capacidade de compreens\u00e3o e interpreta\u00e7\u00e3o<\/p>\n","protected":false},"author":21,"featured_media":0,"parent":0,"menu_order":0,"comment_status":"closed","ping_status":"closed","template":"","meta":{"colormag_page_container_layout":"default_layout","colormag_page_sidebar_layout":"default_layout","footnotes":""},"class_list":["post-2246","page","type-page","status-publish","hentry"],"_links":{"self":[{"href":"https:\/\/utfpr.curitiba.br\/dalem\/index.php?rest_route=\/wp\/v2\/pages\/2246","targetHints":{"allow":["GET"]}}],"collection":[{"href":"https:\/\/utfpr.curitiba.br\/dalem\/index.php?rest_route=\/wp\/v2\/pages"}],"about":[{"href":"https:\/\/utfpr.curitiba.br\/dalem\/index.php?rest_route=\/wp\/v2\/types\/page"}],"author":[{"embeddable":true,"href":"https:\/\/utfpr.curitiba.br\/dalem\/index.php?rest_route=\/wp\/v2\/users\/21"}],"replies":[{"embeddable":true,"href":"https:\/\/utfpr.curitiba.br\/dalem\/index.php?rest_route=%2Fwp%2Fv2%2Fcomments&post=2246"}],"version-history":[{"count":222,"href":"https:\/\/utfpr.curitiba.br\/dalem\/index.php?rest_route=\/wp\/v2\/pages\/2246\/revisions"}],"predecessor-version":[{"id":5701,"href":"https:\/\/utfpr.curitiba.br\/dalem\/index.php?rest_route=\/wp\/v2\/pages\/2246\/revisions\/5701"}],"wp:attachment":[{"href":"https:\/\/utfpr.curitiba.br\/dalem\/index.php?rest_route=%2Fwp%2Fv2%2Fmedia&parent=2246"}],"curies":[{"name":"wp","href":"https:\/\/api.w.org\/{rel}","templated":true}]}}