{"id":159,"date":"2023-07-12T15:12:40","date_gmt":"2023-07-12T18:12:40","guid":{"rendered":"https:\/\/utfpr.curitiba.br\/dainf\/?page_id=159"},"modified":"2026-01-07T01:55:32","modified_gmt":"2026-01-07T04:55:32","slug":"estagio","status":"publish","type":"page","link":"https:\/\/utfpr.curitiba.br\/dainf\/estagio\/","title":{"rendered":"Est\u00e1gio"},"content":{"rendered":"\t\t<div data-elementor-type=\"wp-page\" data-elementor-id=\"159\" class=\"elementor elementor-159\">\n\t\t\t\t\t\t<section class=\"elementor-section elementor-top-section elementor-element elementor-element-709cbf0c elementor-section-boxed elementor-section-height-default elementor-section-height-default\" data-id=\"709cbf0c\" data-element_type=\"section\" data-e-type=\"section\">\n\t\t\t\t\t\t<div class=\"elementor-container elementor-column-gap-default\">\n\t\t\t\t\t<div class=\"elementor-column elementor-col-100 elementor-top-column elementor-element elementor-element-65f457e9\" data-id=\"65f457e9\" data-element_type=\"column\" data-e-type=\"column\">\n\t\t\t<div class=\"elementor-widget-wrap elementor-element-populated\">\n\t\t\t\t\t\t<div class=\"elementor-element elementor-element-2c5e293a elementor-widget elementor-widget-text-editor\" data-id=\"2c5e293a\" data-element_type=\"widget\" data-e-type=\"widget\" data-widget_type=\"text-editor.default\">\n\t\t\t\t<div class=\"elementor-widget-container\">\n\t\t\t\t\t\t\t\t\t\n<p>O est\u00e1gio \u00e9 o ato educativo escolar supervisionado, desenvolvido no ambiente de trabalho, que visa ao aprendizado de compet\u00eancias pr\u00f3prias da atividade profissional e \u00e0 contextualiza\u00e7\u00e3o curricular, objetivando o desenvolvimento do discente para a vida cidad\u00e3 e para a carreira profissional. O est\u00e1gio poder\u00e1 ser obrigat\u00f3rio ou n\u00e3o-obrigat\u00f3rio, conforme determina\u00e7\u00e3o das diretrizes curriculares do projeto pedag\u00f3gico do curso.<\/p>\n\n<p>Est\u00e1gio obrigat\u00f3rio \u00e9 aquele definido como tal no projeto do curso, cuja carga hor\u00e1ria \u00e9 requisito para aprova\u00e7\u00e3o e obten\u00e7\u00e3o de diploma. J\u00e1 o est\u00e1gio n\u00e3o-obrigat\u00f3rio \u00e9 aquele desenvolvido como atividade opcional, acrescida \u00e0 carga hor\u00e1ria regular e obrigat\u00f3ria. (Fonte: Lei 11.788\/2008)<\/p>\n\n<p>Os cursos de Engenharia de Computa\u00e7\u00e3o e de Sistemas de Informa\u00e7\u00e3o t\u00eam em sua matriz curricular uma carga hor\u00e1ria obrigat\u00f3ria de est\u00e1gio. Al\u00e9m disso, \u00e9 permitido aos estudantes a pr\u00e1tica de est\u00e1gio n\u00e3o obrigat\u00f3ria. Para acessar as informa\u00e7\u00f5es de est\u00e1gio de cada curso, acesse as p\u00e1ginas correspondentes:<\/p>\n\n<ul class=\"wp-block-list\">\n<li><a href=\"https:\/\/portal.utfpr.edu.br\/cursos\/coordenacoes\/graduacao\/curitiba\/ct-engenharia-de-computacao\/area-academica\/estagio\" target=\"_blank\" rel=\"noreferrer noopener\">Engenharia de Computa\u00e7\u00e3o<\/a><\/li>\n\n<li><a href=\"https:\/\/portal.utfpr.edu.br\/cursos\/coordenacoes\/graduacao\/curitiba\/ct-sistemas-de-informacao\/area-academica\/estagio-curricular\" target=\"_blank\" rel=\"noreferrer noopener\">Sistemas de Informa\u00e7\u00e3o<\/a><\/li>\n<\/ul>\n\n<p>\u00a0<\/p>\n\t\t\t\t\t\t\t\t<\/div>\n\t\t\t\t<\/div>\n\t\t\t\t\t<\/div>\n\t\t<\/div>\n\t\t\t\t\t<\/div>\n\t\t<\/section>\n\t\t\t\t<\/div>\n\t\t","protected":false},"excerpt":{"rendered":"<p>O est\u00e1gio \u00e9 o ato educativo escolar supervisionado, desenvolvido no ambiente de trabalho, que visa ao aprendizado de compet\u00eancias pr\u00f3prias da atividade profissional e \u00e0 contextualiza\u00e7\u00e3o curricular, objetivando o desenvolvimento do discente para a vida cidad\u00e3 e para a carreira profissional. O est\u00e1gio poder\u00e1 ser obrigat\u00f3rio ou n\u00e3o-obrigat\u00f3rio, conforme determina\u00e7\u00e3o das diretrizes curriculares do projeto&hellip;&nbsp;<\/p>\n","protected":false},"author":245,"featured_media":0,"parent":0,"menu_order":0,"comment_status":"closed","ping_status":"closed","template":"","meta":{"neve_meta_sidebar":"","neve_meta_container":"","neve_meta_enable_content_width":"","neve_meta_content_width":0,"neve_meta_title_alignment":"","neve_meta_author_avatar":"","neve_post_elements_order":"","neve_meta_disable_header":"","neve_meta_disable_footer":"","neve_meta_disable_title":"","footnotes":""},"class_list":["post-159","page","type-page","status-publish","hentry"],"_links":{"self":[{"href":"https:\/\/utfpr.curitiba.br\/dainf\/wp-json\/wp\/v2\/pages\/159","targetHints":{"allow":["GET"]}}],"collection":[{"href":"https:\/\/utfpr.curitiba.br\/dainf\/wp-json\/wp\/v2\/pages"}],"about":[{"href":"https:\/\/utfpr.curitiba.br\/dainf\/wp-json\/wp\/v2\/types\/page"}],"author":[{"embeddable":true,"href":"https:\/\/utfpr.curitiba.br\/dainf\/wp-json\/wp\/v2\/users\/245"}],"replies":[{"embeddable":true,"href":"https:\/\/utfpr.curitiba.br\/dainf\/wp-json\/wp\/v2\/comments?post=159"}],"version-history":[{"count":12,"href":"https:\/\/utfpr.curitiba.br\/dainf\/wp-json\/wp\/v2\/pages\/159\/revisions"}],"predecessor-version":[{"id":928,"href":"https:\/\/utfpr.curitiba.br\/dainf\/wp-json\/wp\/v2\/pages\/159\/revisions\/928"}],"wp:attachment":[{"href":"https:\/\/utfpr.curitiba.br\/dainf\/wp-json\/wp\/v2\/media?parent=159"}],"curies":[{"name":"wp","href":"https:\/\/api.w.org\/{rel}","templated":true}]}}