{"id":157,"date":"2023-07-12T15:12:02","date_gmt":"2023-07-12T18:12:02","guid":{"rendered":"https:\/\/utfpr.curitiba.br\/dainf\/?page_id=157"},"modified":"2025-08-21T13:09:39","modified_gmt":"2025-08-21T16:09:39","slug":"projetos","status":"publish","type":"page","link":"https:\/\/utfpr.curitiba.br\/dainf\/projetos\/","title":{"rendered":""},"content":{"rendered":"\t\t<div data-elementor-type=\"wp-page\" data-elementor-id=\"157\" class=\"elementor elementor-157\">\n\t\t\t\t\t\t<section class=\"elementor-section elementor-top-section elementor-element elementor-element-74d1bad elementor-section-boxed elementor-section-height-default elementor-section-height-default\" data-id=\"74d1bad\" data-element_type=\"section\" data-e-type=\"section\">\n\t\t\t\t\t\t<div class=\"elementor-container elementor-column-gap-default\">\n\t\t\t\t\t<div class=\"elementor-column elementor-col-100 elementor-top-column elementor-element elementor-element-171c262\" data-id=\"171c262\" data-element_type=\"column\" data-e-type=\"column\">\n\t\t\t<div class=\"elementor-widget-wrap elementor-element-populated\">\n\t\t\t\t\t\t\t<\/div>\n\t\t<\/div>\n\t\t\t\t\t<\/div>\n\t\t<\/section>\n\t\t\t\t<section class=\"elementor-section elementor-top-section elementor-element elementor-element-77fe766e elementor-section-boxed elementor-section-height-default elementor-section-height-default\" data-id=\"77fe766e\" data-element_type=\"section\" data-e-type=\"section\">\n\t\t\t\t\t\t<div class=\"elementor-container elementor-column-gap-default\">\n\t\t\t\t\t<div class=\"elementor-column elementor-col-100 elementor-top-column elementor-element elementor-element-7118749a\" data-id=\"7118749a\" data-element_type=\"column\" data-e-type=\"column\">\n\t\t\t<div class=\"elementor-widget-wrap elementor-element-populated\">\n\t\t\t\t\t\t<div class=\"elementor-element elementor-element-d8540a3 elementor-widget elementor-widget-text-editor\" data-id=\"d8540a3\" data-element_type=\"widget\" data-e-type=\"widget\" data-widget_type=\"text-editor.default\">\n\t\t\t\t<div class=\"elementor-widget-container\">\n\t\t\t\t\t\t\t\t\t<p>O DAINF do Campus Curitiba conta com v\u00e1rios projetos e programas de Extens\u00e3o, e tamb\u00e9m com dois grupos de Programas de Educa\u00e7\u00e3o Tutorial (PET).<\/p><p><!-- \/wp:paragraph --><\/p>\t\t\t\t\t\t\t\t<\/div>\n\t\t\t\t<\/div>\n\t\t\t\t\t<\/div>\n\t\t<\/div>\n\t\t\t\t\t<\/div>\n\t\t<\/section>\n\t\t\t\t<section class=\"elementor-section elementor-top-section elementor-element elementor-element-46b0c93 elementor-section-boxed elementor-section-height-default elementor-section-height-default\" data-id=\"46b0c93\" data-element_type=\"section\" data-e-type=\"section\">\n\t\t\t\t\t\t<div class=\"elementor-container elementor-column-gap-default\">\n\t\t\t\t\t<div class=\"elementor-column elementor-col-100 elementor-top-column elementor-element elementor-element-04691bb\" data-id=\"04691bb\" data-element_type=\"column\" data-e-type=\"column\">\n\t\t\t<div class=\"elementor-widget-wrap elementor-element-populated\">\n\t\t\t\t\t\t<div class=\"elementor-element elementor-element-3642447 elementor-widget elementor-widget-text-editor\" data-id=\"3642447\" data-element_type=\"widget\" data-e-type=\"widget\" data-widget_type=\"text-editor.default\">\n\t\t\t\t<div class=\"elementor-widget-container\">\n\t\t\t\t\t\t\t\t\t<h3>Projetos e Programas de Extens\u00e3o<\/h3>\t\t\t\t\t\t\t\t<\/div>\n\t\t\t\t<\/div>\n\t\t\t\t\t<\/div>\n\t\t<\/div>\n\t\t\t\t\t<\/div>\n\t\t<\/section>\n\t\t\t\t<section class=\"elementor-section elementor-top-section elementor-element elementor-element-f8f48f3 elementor-section-boxed elementor-section-height-default elementor-section-height-default\" data-id=\"f8f48f3\" data-element_type=\"section\" data-e-type=\"section\">\n\t\t\t\t\t\t<div class=\"elementor-container elementor-column-gap-default\">\n\t\t\t\t\t<div class=\"elementor-column elementor-col-50 elementor-top-column elementor-element elementor-element-ad39b30\" data-id=\"ad39b30\" data-element_type=\"column\" data-e-type=\"column\">\n\t\t\t<div class=\"elementor-widget-wrap elementor-element-populated\">\n\t\t\t\t\t\t<div class=\"elementor-element elementor-element-f9cf296 elementor-widget elementor-widget-text-editor\" data-id=\"f9cf296\" data-element_type=\"widget\" data-e-type=\"widget\" data-widget_type=\"text-editor.default\">\n\t\t\t\t<div class=\"elementor-widget-container\">\n\t\t\t\t\t\t\t\t\t<h4>Cafez\u00edneos<\/h4>\n<p>Projeto de divulga\u00e7\u00e3o acad\u00eamica e cient\u00edfica.\u00a0<br \/><em>Coordena\u00e7\u00e3o: Daniel Pigatto<br \/><\/em><a href=\"https:\/\/www.instagram.com\/cafezineos\/\">@cafezineos<\/a><\/p>\t\t\t\t\t\t\t\t<\/div>\n\t\t\t\t<\/div>\n\t\t\t\t<div class=\"elementor-element elementor-element-17e6378 elementor-widget elementor-widget-text-editor\" data-id=\"17e6378\" data-element_type=\"widget\" data-e-type=\"widget\" data-widget_type=\"text-editor.default\">\n\t\t\t\t<div class=\"elementor-widget-container\">\n\t\t\t\t\t\t\t\t\t<h4>Clube de Programa\u00e7\u00e3o<\/h4>\n<p>Clube de programa\u00e7\u00e3o competitiva<br \/><em>Coordena\u00e7\u00e3o: Leandro Zatesko<br \/><\/em><a href=\"https:\/\/www.instagram.com\/cdp_utfprct\/\">@cdp_utfprct<\/a><\/p>\t\t\t\t\t\t\t\t<\/div>\n\t\t\t\t<\/div>\n\t\t\t\t<div class=\"elementor-element elementor-element-2d96b37 elementor-widget elementor-widget-text-editor\" data-id=\"2d96b37\" data-element_type=\"widget\" data-e-type=\"widget\" data-widget_type=\"text-editor.default\">\n\t\t\t\t<div class=\"elementor-widget-container\">\n\t\t\t\t\t\t\t\t\t<h4>Em\u00edli@s: Arma\u00e7\u00e3o em Bits<\/h4>\n<p>Projeto de extens\u00e3o que tem como objetivo realizar a\u00e7\u00f5es para aumentar a representatividade das mulheres na \u00e1rea da Computa\u00e7\u00e3o.<br \/><br \/><em>Coordena\u00e7\u00e3o: Maria Cl\u00e1udia Emer<\/em><br \/><a href=\"https:\/\/www.instagram.com\/emilias_utfpr\/\">@emilias_utfpr<\/a><\/p>\t\t\t\t\t\t\t\t<\/div>\n\t\t\t\t<\/div>\n\t\t\t\t<div class=\"elementor-element elementor-element-f0373b8 elementor-widget elementor-widget-text-editor\" data-id=\"f0373b8\" data-element_type=\"widget\" data-e-type=\"widget\" data-widget_type=\"text-editor.default\">\n\t\t\t\t<div class=\"elementor-widget-container\">\n\t\t\t\t\t\t\t\t\t<h4>Laser<\/h4>\n<p>Laborat\u00f3rio de Engenharia de Sistemas e Rob\u00f3tica.<\/p>\n<p><em>Coordena\u00e7\u00e3o: Jo\u00e3o Alberto Fabro.<\/em><br \/><a href=\"https:\/\/www.instagram.com\/laser_laboratory\/\">@laser_laboratory<\/a><\/p>\t\t\t\t\t\t\t\t<\/div>\n\t\t\t\t<\/div>\n\t\t\t\t<div class=\"elementor-element elementor-element-90096af elementor-widget elementor-widget-text-editor\" data-id=\"90096af\" data-element_type=\"widget\" data-e-type=\"widget\" data-widget_type=\"text-editor.default\">\n\t\t\t\t<div class=\"elementor-widget-container\">\n\t\t\t\t\t\t\t\t\t<h4>MUTEC<\/h4>\n<p>Museu de Tecnologias da UTFPR.<\/p>\n<p><em>Coordena\u00e7\u00e3o: Luiz Augusto Pelisson.<\/em><br \/><a href=\"https:\/\/www.instagram.com\/mutec.utfpr\/\">@mutec.utfpr<\/a><\/p>\t\t\t\t\t\t\t\t<\/div>\n\t\t\t\t<\/div>\n\t\t\t\t\t<\/div>\n\t\t<\/div>\n\t\t\t\t<div class=\"elementor-column elementor-col-50 elementor-top-column elementor-element elementor-element-e569cf8\" data-id=\"e569cf8\" data-element_type=\"column\" data-e-type=\"column\">\n\t\t\t<div class=\"elementor-widget-wrap elementor-element-populated\">\n\t\t\t\t\t\t<div class=\"elementor-element elementor-element-4576ab0 elementor-widget elementor-widget-text-editor\" data-id=\"4576ab0\" data-element_type=\"widget\" data-e-type=\"widget\" data-widget_type=\"text-editor.default\">\n\t\t\t\t<div class=\"elementor-widget-container\">\n\t\t\t\t\t\t\t\t\t<h4>Petiscos de Ci\u00eancia<\/h4>\n<p>Petiscos de Ci\u00eancia \u00e9 um projeto de extens\u00e3o que tem como objetivo divulgar as diferentes \u00e1reas de pesquisas realizadas pelo DAINF-CT da UTFPR.<\/p>\n<p><em>Coordena\u00e7\u00e3o: Marina Esther Groshaus<\/em><br \/><a href=\"https:\/\/www.instagram.com\/petiscosdeciencia\/\">@petiscosdeciencia<\/a><\/p>\t\t\t\t\t\t\t\t<\/div>\n\t\t\t\t<\/div>\n\t\t\t\t<div class=\"elementor-element elementor-element-f83481a elementor-widget elementor-widget-text-editor\" data-id=\"f83481a\" data-element_type=\"widget\" data-e-type=\"widget\" data-widget_type=\"text-editor.default\">\n\t\t\t\t<div class=\"elementor-widget-container\">\n\t\t\t\t\t\t\t\t\t<h4>TIChers<\/h4>\n<p>Projeto de extens\u00e3o que tem como objetivo aumentar a representatividade de mulheres na Computa\u00e7\u00e3o, realizando a\u00e7\u00f5es de conscientiza\u00e7\u00e3o e forma\u00e7\u00e3o de docentes.<\/p>\n<p><em>Coordena\u00e7\u00e3o: Rita Berardi<br \/><a href=\"https:\/\/www.instagram.com\/tichers_utfpr\/\">@tichers_utfpr<\/a><\/em><\/p>\t\t\t\t\t\t\t\t<\/div>\n\t\t\t\t<\/div>\n\t\t\t\t<div class=\"elementor-element elementor-element-8fd5307 elementor-widget elementor-widget-text-editor\" data-id=\"8fd5307\" data-element_type=\"widget\" data-e-type=\"widget\" data-widget_type=\"text-editor.default\">\n\t\t\t\t<div class=\"elementor-widget-container\">\n\t\t\t\t\t\t\t\t\t<h4>Vespas<\/h4>\n<p>Projeto de extens\u00e3o de Ciberseguran\u00e7a.\u00a0<br \/><br \/><a href=\"https:\/\/www.instagram.com\/vespas.utfpr\/\">@vespas.utfpr<\/a><\/p>\t\t\t\t\t\t\t\t<\/div>\n\t\t\t\t<\/div>\n\t\t\t\t\t<\/div>\n\t\t<\/div>\n\t\t\t\t\t<\/div>\n\t\t<\/section>\n\t\t\t\t<section class=\"elementor-section elementor-top-section elementor-element elementor-element-00956de elementor-section-boxed elementor-section-height-default elementor-section-height-default\" data-id=\"00956de\" data-element_type=\"section\" data-e-type=\"section\">\n\t\t\t\t\t\t<div class=\"elementor-container elementor-column-gap-default\">\n\t\t\t\t\t<div class=\"elementor-column elementor-col-100 elementor-top-column elementor-element elementor-element-035fe2b\" data-id=\"035fe2b\" data-element_type=\"column\" data-e-type=\"column\">\n\t\t\t<div class=\"elementor-widget-wrap\">\n\t\t\t\t\t\t\t<\/div>\n\t\t<\/div>\n\t\t\t\t\t<\/div>\n\t\t<\/section>\n\t\t\t\t<section class=\"elementor-section elementor-top-section elementor-element elementor-element-8f6a79c elementor-section-boxed elementor-section-height-default elementor-section-height-default\" data-id=\"8f6a79c\" data-element_type=\"section\" data-e-type=\"section\">\n\t\t\t\t\t\t<div class=\"elementor-container elementor-column-gap-default\">\n\t\t\t\t\t<div class=\"elementor-column elementor-col-100 elementor-top-column elementor-element elementor-element-bfc03a0\" data-id=\"bfc03a0\" data-element_type=\"column\" data-e-type=\"column\">\n\t\t\t<div class=\"elementor-widget-wrap elementor-element-populated\">\n\t\t\t\t\t\t<div class=\"elementor-element elementor-element-940b37a elementor-widget elementor-widget-text-editor\" data-id=\"940b37a\" data-element_type=\"widget\" data-e-type=\"widget\" data-widget_type=\"text-editor.default\">\n\t\t\t\t<div class=\"elementor-widget-container\">\n\t\t\t\t\t\t\t\t\t<h2 style=\"font-size: var(--h2fontsize);font-weight: var(--h2fontweight);font-family: Roboto, sans-serif;line-height: var(--h2lineheight);letter-spacing: normal;text-transform: none\">PET<\/h2><p>O\u00a0<a href=\"http:\/\/portal.mec.gov.br\/pet\" target=\"_blank\" rel=\"noopener\">Programa de Educa\u00e7\u00e3o Tutorial<\/a>\u00a0(PET) foi criado em 1979 pela CAPES (Coordena\u00e7\u00e3o de Aperfei\u00e7oamento de Pessoal de N\u00edvel Superior) e visa<span style=\"color: var( --e-global-color-nvtextcolor );background-color: var(--nv-site-bg);font-size: var(--bodyfontsize);letter-spacing: var(--bodyletterspacing);text-transform: var(--bodytexttransform)\">\u00a0apoiar atividades acad\u00eamicas que integram ensino, pesquisa e extens\u00e3o. Formado por grupos tutoriais de aprendizagem, o PET propicia aos estudantes participantes, sob a orienta\u00e7\u00e3o de um(a) professor(a) tutor(a), a realiza\u00e7\u00e3o de atividades extracurriculares que complementem a forma\u00e7\u00e3o acad\u00eamica do estudante e atendam \u00e0s necessidades do pr\u00f3prio curso de gradua\u00e7\u00e3o.<\/span><\/p>\t\t\t\t\t\t\t\t<\/div>\n\t\t\t\t<\/div>\n\t\t\t\t\t<\/div>\n\t\t<\/div>\n\t\t\t\t\t<\/div>\n\t\t<\/section>\n\t\t\t\t<section class=\"elementor-section elementor-top-section elementor-element elementor-element-b4c2d5b elementor-section-boxed elementor-section-height-default elementor-section-height-default\" data-id=\"b4c2d5b\" data-element_type=\"section\" data-e-type=\"section\">\n\t\t\t\t\t\t<div class=\"elementor-container elementor-column-gap-default\">\n\t\t\t\t\t<div class=\"elementor-column elementor-col-50 elementor-top-column elementor-element elementor-element-3c0a371\" data-id=\"3c0a371\" data-element_type=\"column\" data-e-type=\"column\">\n\t\t\t<div class=\"elementor-widget-wrap elementor-element-populated\">\n\t\t\t\t\t\t<div class=\"elementor-element elementor-element-e158c9c elementor-widget elementor-widget-text-editor\" data-id=\"e158c9c\" data-element_type=\"widget\" data-e-type=\"widget\" data-widget_type=\"text-editor.default\">\n\t\t\t\t<div class=\"elementor-widget-container\">\n\t\t\t\t\t\t\t\t\t<h4>PET-CoCE<\/h4><p>Programa de Educa\u00e7\u00e3o Tutorial Computando Culturas em Equidade<\/p><p><em>Tutora: Mar\u00edlia Abrah\u00e3o Amaral<\/em><br \/><a href=\"https:\/\/www.instagram.com\/petcoce_utfpr\/\">@petcoce_utfpr<\/a><\/p>\t\t\t\t\t\t\t\t<\/div>\n\t\t\t\t<\/div>\n\t\t\t\t\t<\/div>\n\t\t<\/div>\n\t\t\t\t<div class=\"elementor-column elementor-col-50 elementor-top-column elementor-element elementor-element-a1accf8\" data-id=\"a1accf8\" data-element_type=\"column\" data-e-type=\"column\">\n\t\t\t<div class=\"elementor-widget-wrap elementor-element-populated\">\n\t\t\t\t\t\t<div class=\"elementor-element elementor-element-d074bc7 elementor-widget elementor-widget-text-editor\" data-id=\"d074bc7\" data-element_type=\"widget\" data-e-type=\"widget\" data-widget_type=\"text-editor.default\">\n\t\t\t\t<div class=\"elementor-widget-container\">\n\t\t\t\t\t\t\t\t\t<h4>PETECO<\/h4><p>Programa de Educa\u00e7\u00e3o Tutorial de Eng\u00aa de Computac\u0327a\u0303o<\/p><p><em>Tutor: C\u00e9sar Augusto Tacla<\/em><br \/><a href=\"https:\/\/www.instagram.com\/peteco_utfpr\/\">@peteco_utfpr<\/a><\/p>\t\t\t\t\t\t\t\t<\/div>\n\t\t\t\t<\/div>\n\t\t\t\t\t<\/div>\n\t\t<\/div>\n\t\t\t\t\t<\/div>\n\t\t<\/section>\n\t\t\t\t<section class=\"elementor-section elementor-top-section elementor-element elementor-element-558f973 elementor-section-boxed elementor-section-height-default elementor-section-height-default\" data-id=\"558f973\" data-element_type=\"section\" data-e-type=\"section\">\n\t\t\t\t\t\t<div class=\"elementor-container elementor-column-gap-default\">\n\t\t\t\t\t<div class=\"elementor-column elementor-col-100 elementor-top-column elementor-element elementor-element-1f732fe\" data-id=\"1f732fe\" data-element_type=\"column\" data-e-type=\"column\">\n\t\t\t<div class=\"elementor-widget-wrap\">\n\t\t\t\t\t\t\t<\/div>\n\t\t<\/div>\n\t\t\t\t\t<\/div>\n\t\t<\/section>\n\t\t\t\t<section class=\"elementor-section elementor-top-section elementor-element elementor-element-a49ba8b elementor-section-boxed elementor-section-height-default elementor-section-height-default\" data-id=\"a49ba8b\" data-element_type=\"section\" data-e-type=\"section\">\n\t\t\t\t\t\t<div class=\"elementor-container elementor-column-gap-default\">\n\t\t\t\t\t<div class=\"elementor-column elementor-col-100 elementor-top-column elementor-element elementor-element-50272b7\" data-id=\"50272b7\" data-element_type=\"column\" data-e-type=\"column\">\n\t\t\t<div class=\"elementor-widget-wrap\">\n\t\t\t\t\t\t\t<\/div>\n\t\t<\/div>\n\t\t\t\t\t<\/div>\n\t\t<\/section>\n\t\t\t\t<section class=\"elementor-section elementor-top-section elementor-element elementor-element-0b0fcf3 elementor-section-boxed elementor-section-height-default elementor-section-height-default\" data-id=\"0b0fcf3\" data-element_type=\"section\" data-e-type=\"section\">\n\t\t\t\t\t\t<div class=\"elementor-container elementor-column-gap-default\">\n\t\t\t\t\t<div class=\"elementor-column elementor-col-100 elementor-top-column elementor-element elementor-element-5140711\" data-id=\"5140711\" data-element_type=\"column\" data-e-type=\"column\">\n\t\t\t<div class=\"elementor-widget-wrap elementor-element-populated\">\n\t\t\t\t\t\t\t<\/div>\n\t\t<\/div>\n\t\t\t\t\t<\/div>\n\t\t<\/section>\n\t\t\t\t<\/div>\n\t\t","protected":false},"excerpt":{"rendered":"<p>O DAINF do Campus Curitiba conta com v\u00e1rios projetos e programas de Extens\u00e3o, e tamb\u00e9m com dois grupos de Programas de Educa\u00e7\u00e3o Tutorial (PET). Projetos e Programas de Extens\u00e3o Cafez\u00edneos Projeto de divulga\u00e7\u00e3o acad\u00eamica e cient\u00edfica.\u00a0Coordena\u00e7\u00e3o: Daniel Pigatto@cafezineos Clube de Programa\u00e7\u00e3o Clube de programa\u00e7\u00e3o competitivaCoordena\u00e7\u00e3o: Leandro Zatesko@cdp_utfprct Em\u00edli@s: Arma\u00e7\u00e3o em Bits Projeto de extens\u00e3o que&hellip;&nbsp;<\/p>\n","protected":false},"author":245,"featured_media":0,"parent":0,"menu_order":0,"comment_status":"closed","ping_status":"closed","template":"","meta":{"neve_meta_sidebar":"","neve_meta_container":"","neve_meta_enable_content_width":"","neve_meta_content_width":0,"neve_meta_title_alignment":"","neve_meta_author_avatar":"","neve_post_elements_order":"","neve_meta_disable_header":"","neve_meta_disable_footer":"","neve_meta_disable_title":"","footnotes":""},"class_list":["post-157","page","type-page","status-publish","hentry"],"_links":{"self":[{"href":"https:\/\/utfpr.curitiba.br\/dainf\/wp-json\/wp\/v2\/pages\/157","targetHints":{"allow":["GET"]}}],"collection":[{"href":"https:\/\/utfpr.curitiba.br\/dainf\/wp-json\/wp\/v2\/pages"}],"about":[{"href":"https:\/\/utfpr.curitiba.br\/dainf\/wp-json\/wp\/v2\/types\/page"}],"author":[{"embeddable":true,"href":"https:\/\/utfpr.curitiba.br\/dainf\/wp-json\/wp\/v2\/users\/245"}],"replies":[{"embeddable":true,"href":"https:\/\/utfpr.curitiba.br\/dainf\/wp-json\/wp\/v2\/comments?post=157"}],"version-history":[{"count":81,"href":"https:\/\/utfpr.curitiba.br\/dainf\/wp-json\/wp\/v2\/pages\/157\/revisions"}],"predecessor-version":[{"id":905,"href":"https:\/\/utfpr.curitiba.br\/dainf\/wp-json\/wp\/v2\/pages\/157\/revisions\/905"}],"wp:attachment":[{"href":"https:\/\/utfpr.curitiba.br\/dainf\/wp-json\/wp\/v2\/media?parent=157"}],"curies":[{"name":"wp","href":"https:\/\/api.w.org\/{rel}","templated":true}]}}