{"id":100,"date":"2023-07-07T14:48:29","date_gmt":"2023-07-07T17:48:29","guid":{"rendered":"https:\/\/utfpr.curitiba.br\/dainf\/?page_id=100"},"modified":"2025-05-19T11:14:05","modified_gmt":"2025-05-19T14:14:05","slug":"home","status":"publish","type":"page","link":"https:\/\/utfpr.curitiba.br\/dainf\/","title":{"rendered":""},"content":{"rendered":"\t\t<div data-elementor-type=\"wp-page\" data-elementor-id=\"100\" class=\"elementor elementor-100\">\n\t\t\t\t\t\t<section class=\"elementor-section elementor-top-section elementor-element elementor-element-208fbd8 elementor-section-boxed elementor-section-height-default elementor-section-height-default\" data-id=\"208fbd8\" data-element_type=\"section\" data-e-type=\"section\">\n\t\t\t\t\t\t<div class=\"elementor-container elementor-column-gap-default\">\n\t\t\t\t\t<div class=\"elementor-column elementor-col-50 elementor-top-column elementor-element elementor-element-01f2135\" data-id=\"01f2135\" data-element_type=\"column\" data-e-type=\"column\">\n\t\t\t<div class=\"elementor-widget-wrap elementor-element-populated\">\n\t\t\t\t\t\t<div class=\"elementor-element elementor-element-b44a43f elementor-widget elementor-widget-text-editor\" data-id=\"b44a43f\" data-element_type=\"widget\" data-e-type=\"widget\" data-widget_type=\"text-editor.default\">\n\t\t\t\t<div class=\"elementor-widget-container\">\n\t\t\t\t\t\t\t\t\t<p>\u00a0<\/p>\n<p><img fetchpriority=\"high\" decoding=\"async\" class=\"alignnone wp-image-749 size-full\" src=\"https:\/\/utfpr-ct-static-content.s3.amazonaws.com\/utfpr.curitiba.br\/wp-content\/uploads\/sites\/160\/2025\/04\/Sem-titulo-2.png\" alt=\"\" width=\"4202\" height=\"577\" srcset=\"https:\/\/utfpr-ct-static-content.s3.amazonaws.com\/utfpr.curitiba.br\/wp-content\/uploads\/sites\/160\/2025\/04\/Sem-titulo-2.png 4202w, https:\/\/utfpr-ct-static-content.s3.amazonaws.com\/utfpr.curitiba.br\/wp-content\/uploads\/sites\/160\/2025\/04\/Sem-titulo-2-300x41.png 300w, https:\/\/utfpr-ct-static-content.s3.amazonaws.com\/utfpr.curitiba.br\/wp-content\/uploads\/sites\/160\/2025\/04\/Sem-titulo-2-1024x141.png 1024w, https:\/\/utfpr-ct-static-content.s3.amazonaws.com\/utfpr.curitiba.br\/wp-content\/uploads\/sites\/160\/2025\/04\/Sem-titulo-2-768x105.png 768w, https:\/\/utfpr-ct-static-content.s3.amazonaws.com\/utfpr.curitiba.br\/wp-content\/uploads\/sites\/160\/2025\/04\/Sem-titulo-2-1536x211.png 1536w, https:\/\/utfpr-ct-static-content.s3.amazonaws.com\/utfpr.curitiba.br\/wp-content\/uploads\/sites\/160\/2025\/04\/Sem-titulo-2-2048x281.png 2048w\" sizes=\"(max-width: 4202px) 100vw, 4202px\" \/><\/p>\n<p>O DAINF (Departamento Acad\u00eamico de Inform\u00e1tica), da\u00a0<a href=\"https:\/\/utfpr.edu.br\/\" target=\"_blank\" rel=\"noopener\">UTFPR<\/a>\u00a0&#8211; Universidade Tecnol\u00f3gica Federal do Paran\u00e1 &#8211; Campus Curitiba, oferece dois cursos de gradua\u00e7\u00e3o: o Bacharelado em\u00a0<a href=\"https:\/\/utfpr.curitiba.br\/dainf\/engenharia-de-computacao\/\">Engenharia de Computa\u00e7\u00e3o<\/a>\u00a0e o Bacharelado em\u00a0<a href=\"https:\/\/utfpr.curitiba.br\/dainf\/sistemas-de-informacao\/\">Sistemas de Informa\u00e7\u00e3o<\/a>. O curso de Engenharia de Computa\u00e7\u00e3o recebeu a nota m\u00e1xima (5) no Enade (Exame Nacional de Desempenho dos Estudantes) de 2023, e o de Sistemas de Informa\u00e7\u00e3o, a nota 4 em 2021. (Fonte: INEP)<\/p>\n<p>Al\u00e9m disso, o Departamento oferece oportunidades de Inicia\u00e7\u00e3o Cient\u00edfica, e \u00e9 respons\u00e1vel por\u00a0<a href=\"http:\/\/utfpr.curitiba.br\/dainf\/projetos\">programas e projetos<\/a>, a maioria de\u00a0Extens\u00e3o,\u00a0e dois grupos\u00a0PET\u00a0&#8211; Programa de Educa\u00e7\u00e3o Tutorial.\u00a0Ademais, oferta um programa Stricto Sensu, de Mestrado Profissional, o\u00a0<a href=\"https:\/\/utfpr.curitiba.br\/dainf\/pos-graduacao\/\" target=\"_blank\" rel=\"noopener\">PPGCA<\/a>\u00a0&#8211; Programa de P\u00f3s Gradua\u00e7\u00e3o em Computa\u00e7\u00e3o Aplicada, que possui conceito 3 do MEC.<\/p>\t\t\t\t\t\t\t\t<\/div>\n\t\t\t\t<\/div>\n\t\t\t\t\t<\/div>\n\t\t<\/div>\n\t\t\t\t<div class=\"elementor-column elementor-col-25 elementor-top-column elementor-element elementor-element-86533f7\" data-id=\"86533f7\" data-element_type=\"column\" data-e-type=\"column\">\n\t\t\t<div class=\"elementor-widget-wrap\">\n\t\t\t\t\t\t\t<\/div>\n\t\t<\/div>\n\t\t\t\t<div class=\"elementor-column elementor-col-25 elementor-top-column elementor-element elementor-element-adc89c4\" data-id=\"adc89c4\" data-element_type=\"column\" data-e-type=\"column\">\n\t\t\t<div class=\"elementor-widget-wrap elementor-element-populated\">\n\t\t\t\t\t\t<div class=\"elementor-element elementor-element-c9115bc elementor-widget elementor-widget-text-editor\" data-id=\"c9115bc\" data-element_type=\"widget\" data-e-type=\"widget\" data-widget_type=\"text-editor.default\">\n\t\t\t\t<div class=\"elementor-widget-container\">\n\t\t\t\t\t\t\t\t\t<h5><br \/><br \/>Explore mais<\/h5>\t\t\t\t\t\t\t\t<\/div>\n\t\t\t\t<\/div>\n\t\t\t\t<div class=\"elementor-element elementor-element-566e6a4 elementor-widget elementor-widget-text-editor\" data-id=\"566e6a4\" data-element_type=\"widget\" data-e-type=\"widget\" data-widget_type=\"text-editor.default\">\n\t\t\t\t<div class=\"elementor-widget-container\">\n\t\t\t\t\t\t\t\t\t<p><span style=\"text-decoration: underline\"><span style=\"color: #000000\"><a style=\"color: #000000;text-decoration: underline\" href=\"https:\/\/moodle.dainf.ct.utfpr.edu.br\/\">Moodle DAINF<\/a><\/span><\/span><\/p>\t\t\t\t\t\t\t\t<\/div>\n\t\t\t\t<\/div>\n\t\t\t\t\t<\/div>\n\t\t<\/div>\n\t\t\t\t\t<\/div>\n\t\t<\/section>\n\t\t\t\t<section class=\"elementor-section elementor-top-section elementor-element elementor-element-f449596 elementor-section-boxed elementor-section-height-default elementor-section-height-default\" data-id=\"f449596\" data-element_type=\"section\" data-e-type=\"section\">\n\t\t\t\t\t\t<div class=\"elementor-container elementor-column-gap-default\">\n\t\t\t\t\t<div class=\"elementor-column elementor-col-100 elementor-top-column elementor-element elementor-element-845e0d9\" data-id=\"845e0d9\" data-element_type=\"column\" data-e-type=\"column\">\n\t\t\t<div class=\"elementor-widget-wrap elementor-element-populated\">\n\t\t\t\t\t\t<div class=\"elementor-element elementor-element-37db439 elementor-widget elementor-widget-text-editor\" data-id=\"37db439\" data-element_type=\"widget\" data-e-type=\"widget\" data-widget_type=\"text-editor.default\">\n\t\t\t\t<div class=\"elementor-widget-container\">\n\t\t\t\t\t\t\t\t\t<h4><b>Cursos de Gradua\u00e7\u00e3o<\/b><\/h4>\n<h5>Engenharia de Computa\u00e7\u00e3o<\/h5>\n<div>O curso de <a href=\"http:\/\/portal.utfpr.edu.br\/cursos\/coordenacoes\/graduacao\/curitiba\/ct-engenharia-de-computacao\/apresentacao\">Engenharia de Computa\u00e7\u00e3o<\/a> da UTFPR Curitiba foi o primeiro desta modalidade a ser oferecido por uma Institui\u00e7\u00e3o P\u00fablica Federal de Ensino Superior no Paran\u00e1.\u00a0O curso oferece uma s\u00f3lida forma\u00e7\u00e3o que permite a atua\u00e7\u00e3o em sistemas de hardware e software. Esta forma\u00e7\u00e3o vai desde os conceitos mais b\u00e1sicos em programa\u00e7\u00e3o, matem\u00e1tica, f\u00edsica, estrutura de dados e eletr\u00f4nica; at\u00e9 t\u00f3picos espec\u00edficos em \u00e1reas como bancos de dados, sistemas embarcados, intelig\u00eancia artificial, controle, vis\u00e3o computacional, redes de computadores, engenharia de software, simula\u00e7\u00e3o e intera\u00e7\u00e3o humano-computador.<\/div>\n<div><br \/>A forma\u00e7\u00e3o com foco em projetos pr\u00e1ticos e integradores desenvolve uma vis\u00e3o generalista nos egressos e contextualizada dos seus conhecimentos, bem como a capacidade de ser autodidata, criativo e inovador. Al\u00e9m da forma\u00e7\u00e3o t\u00e9cnica e cient\u00edfica, o curso tamb\u00e9m oferece uma vis\u00e3o empreendedora, human\u00edstica e interdisciplinar, formando profissionais capazes de atuar como l\u00edderes no mercado de trabalho. Profissionais formados no curso atuam em diversas empresas e setores, no Brasil e no exterior.\u00a0<\/div>\n<div>\u00a0<\/div>\n<h5>Sistemas de Informa\u00e7\u00e3o<\/h5>\n<p>O Bacharelado em <a href=\"http:\/\/portal.utfpr.edu.br\/cursos\/coordenacoes\/graduacao\/curitiba\/ct-sistemas-de-informacao\/apresentacao\">Sistemas de Informa\u00e7\u00e3o<\/a> da UTFPR Curitiba \u00e9 um curso de gradua\u00e7\u00e3o voltado diretamente \u00e0 aplica\u00e7\u00e3o da Inform\u00e1tica em Empresas e Institui\u00e7\u00f5es p\u00fablicas e privadas. O Curso \u00e9 o primeiro a ser ofertado por uma institui\u00e7\u00e3o federal de ensino no Estado do Paran\u00e1 com tal foco, sendo gratuito, com dura\u00e7\u00e3o de 4 anos organizados em 8 semestres. O perfil do profissional formado pelo Curso \u00e9 um dos mais procurados no mercado pela sua s\u00f3lida forma\u00e7\u00e3o t\u00e9cnica e versatilidade. <br \/><br \/>A atua\u00e7\u00e3o do Bacharel em Sistemas de Informa\u00e7\u00e3o abrange \u00e1reas como desenvolvimento, ger\u00eancia, projeto, instala\u00e7\u00e3o e administra\u00e7\u00e3o de sistemas, redes de computadores, bancos de dados, s\u00edtios e portais para Internet, com\u00e9rcio e marketing eletr\u00f4nicos, sistemas m\u00f3veis, sem fio e outras tecnologias emergentes. Ainda, a forma\u00e7\u00e3o abrangente o habilita a gerenciar atividades envolvendo Tecnologias da Informa\u00e7\u00e3o em geral, coordenando equipes de trabalho e definindo o uso, seguran\u00e7a e planejamento de recursos inform\u00e1ticos para resolver problemas das organiza\u00e7\u00f5es p\u00fablicas ou privadas, assim como para consultoria em pesquisa e desenvolvimento.<br \/><br \/><\/p>\t\t\t\t\t\t\t\t<\/div>\n\t\t\t\t<\/div>\n\t\t\t\t\t<\/div>\n\t\t<\/div>\n\t\t\t\t\t<\/div>\n\t\t<\/section>\n\t\t\t\t<\/div>\n\t\t","protected":false},"excerpt":{"rendered":"<p>\u00a0 O DAINF (Departamento Acad\u00eamico de Inform\u00e1tica), da\u00a0UTFPR\u00a0&#8211; Universidade Tecnol\u00f3gica Federal do Paran\u00e1 &#8211; Campus Curitiba, oferece dois cursos de gradua\u00e7\u00e3o: o Bacharelado em\u00a0Engenharia de Computa\u00e7\u00e3o\u00a0e o Bacharelado em\u00a0Sistemas de Informa\u00e7\u00e3o. O curso de Engenharia de Computa\u00e7\u00e3o recebeu a nota m\u00e1xima (5) no Enade (Exame Nacional de Desempenho dos Estudantes) de 2023, e o de&hellip;&nbsp;<\/p>\n","protected":false},"author":245,"featured_media":0,"parent":0,"menu_order":0,"comment_status":"closed","ping_status":"closed","template":"","meta":{"neve_meta_sidebar":"","neve_meta_container":"","neve_meta_enable_content_width":"","neve_meta_content_width":0,"neve_meta_title_alignment":"","neve_meta_author_avatar":"","neve_post_elements_order":"","neve_meta_disable_header":"","neve_meta_disable_footer":"","neve_meta_disable_title":"","footnotes":""},"class_list":["post-100","page","type-page","status-publish","hentry"],"_links":{"self":[{"href":"https:\/\/utfpr.curitiba.br\/dainf\/wp-json\/wp\/v2\/pages\/100","targetHints":{"allow":["GET"]}}],"collection":[{"href":"https:\/\/utfpr.curitiba.br\/dainf\/wp-json\/wp\/v2\/pages"}],"about":[{"href":"https:\/\/utfpr.curitiba.br\/dainf\/wp-json\/wp\/v2\/types\/page"}],"author":[{"embeddable":true,"href":"https:\/\/utfpr.curitiba.br\/dainf\/wp-json\/wp\/v2\/users\/245"}],"replies":[{"embeddable":true,"href":"https:\/\/utfpr.curitiba.br\/dainf\/wp-json\/wp\/v2\/comments?post=100"}],"version-history":[{"count":98,"href":"https:\/\/utfpr.curitiba.br\/dainf\/wp-json\/wp\/v2\/pages\/100\/revisions"}],"predecessor-version":[{"id":838,"href":"https:\/\/utfpr.curitiba.br\/dainf\/wp-json\/wp\/v2\/pages\/100\/revisions\/838"}],"wp:attachment":[{"href":"https:\/\/utfpr.curitiba.br\/dainf\/wp-json\/wp\/v2\/media?parent=100"}],"curies":[{"name":"wp","href":"https:\/\/api.w.org\/{rel}","templated":true}]}}