{"id":579,"date":"2014-05-03T20:22:15","date_gmt":"2014-05-03T23:22:15","guid":{"rendered":"http:\/\/themes.muffingroup.com\/betheme\/?page_id=579"},"modified":"2023-04-24T17:46:29","modified_gmt":"2023-04-24T20:46:29","slug":"school","status":"publish","type":"page","link":"https:\/\/utfpr.curitiba.br\/dagee\/school\/","title":{"rendered":"PARA EMPRESAS"},"content":{"rendered":"\n<p><\/p>\n\n\n\n<hr class=\"wp-block-separator has-alpha-channel-opacity is-style-wide\"\/>\n\n\n\n<p>Em constru\u00e7\u00e3o.<\/p>\n\n\n\n<p>Entre em contato para sanar d\u00favidas!<\/p>\n\n\n\n<hr class=\"wp-block-separator has-alpha-channel-opacity is-style-wide\"\/>\n\n\n\n<p>Endere\u00e7o Dagee: Av Sete de Setembro, 3165, Curitiba, PR, Brazil, 80230901<\/p>\n\n\n\n<p>E-mail: dagee-ct@utfpr.edu.br<\/p>\n\n\n\n<p>E-mail coordena\u00e7\u00e3o Bacharelado em Administra\u00e7\u00e3o \u2013 Campus Curitiba:&nbsp;<a href=\"mailto:coadm-ct@utfpr.edu.br\">coadm-ct@utfpr.edu.br<\/a><\/p>\n\n\n\n<p>Telefones coordena\u00e7\u00e3o Bacharelado Curitiba: (41) 3310-4665<\/p>\n","protected":false},"excerpt":{"rendered":"<p>Em constru\u00e7\u00e3o. Entre em contato para sanar d\u00favidas! Endere\u00e7o Dagee: Av Sete de Setembro, 3165, Curitiba, PR, Brazil, 80230901 E-mail: dagee-ct@utfpr.edu.br E-mail coordena\u00e7\u00e3o Bacharelado em Administra\u00e7\u00e3o \u2013 Campus Curitiba:&nbsp;coadm-ct@utfpr.edu.br Telefones coordena\u00e7\u00e3o Bacharelado Curitiba: (41) 3310-4665<\/p>\n","protected":false},"author":5,"featured_media":0,"parent":0,"menu_order":0,"comment_status":"closed","ping_status":"closed","template":"","meta":{"footnotes":""},"class_list":["post-579","page","type-page","status-publish","hentry"],"_links":{"self":[{"href":"https:\/\/utfpr.curitiba.br\/dagee\/wp-json\/wp\/v2\/pages\/579","targetHints":{"allow":["GET"]}}],"collection":[{"href":"https:\/\/utfpr.curitiba.br\/dagee\/wp-json\/wp\/v2\/pages"}],"about":[{"href":"https:\/\/utfpr.curitiba.br\/dagee\/wp-json\/wp\/v2\/types\/page"}],"author":[{"embeddable":true,"href":"https:\/\/utfpr.curitiba.br\/dagee\/wp-json\/wp\/v2\/users\/5"}],"replies":[{"embeddable":true,"href":"https:\/\/utfpr.curitiba.br\/dagee\/wp-json\/wp\/v2\/comments?post=579"}],"version-history":[{"count":5,"href":"https:\/\/utfpr.curitiba.br\/dagee\/wp-json\/wp\/v2\/pages\/579\/revisions"}],"predecessor-version":[{"id":3653,"href":"https:\/\/utfpr.curitiba.br\/dagee\/wp-json\/wp\/v2\/pages\/579\/revisions\/3653"}],"wp:attachment":[{"href":"https:\/\/utfpr.curitiba.br\/dagee\/wp-json\/wp\/v2\/media?parent=579"}],"curies":[{"name":"wp","href":"https:\/\/api.w.org\/{rel}","templated":true}]}}