{"id":4766,"date":"2025-03-31T09:50:10","date_gmt":"2025-03-31T12:50:10","guid":{"rendered":"https:\/\/utfpr.curitiba.br\/dagee\/?page_id=4766"},"modified":"2025-11-19T13:28:32","modified_gmt":"2025-11-19T16:28:32","slug":"centro-academico-marx-adam-smith","status":"publish","type":"page","link":"https:\/\/utfpr.curitiba.br\/dagee\/centro-academico-marx-adam-smith\/","title":{"rendered":"Centro Acad\u00eamico Frederick Taylor (CAFT)"},"content":{"rendered":"\n<p><\/p>\n\n\n\n<hr class=\"wp-block-separator has-alpha-channel-opacity\" \/>\n\n\n\n<h1 class=\"wp-block-heading\">O que \u00e9 um &#8220;Centro Acad\u00eamico&#8221;?<\/h1>\n\n\n\n<p>O Centro Acad\u00eamico (CA) \u00e9 a entidade de representa\u00e7\u00e3o m\u00e1xima dos estudantes de um curso espec\u00edfico.  Seu principal objetivo \u00e9 defender os interesses gerais do corpo discente, promover a\u00e7\u00f5es que contribuam para o desenvolvimento pessoal e acad\u00eamico de cada estudante, al\u00e9m de mediar pautas de interesse coletivo junto ao departamento do curso.<\/p>\n\n\n\n<p>Por ser categorizado como uma entidade estudantil, o Centro Acad\u00eamico \u00e9 de responsabilidade dos pr\u00f3prios alunos. A gest\u00e3o \u00e9 limitada a um per\u00edodo de dois semestres (um ano), e qualquer estudante regularmente matriculado no curso pode formar uma chapa para concorrer \u00e0s elei\u00e7\u00f5es, que ocorrem anualmente ao t\u00e9rmino de cada mandato.<\/p>\n\n\n\n<h1 class=\"wp-block-heading\">O que \u00e9 o &#8220;CAFT&#8221;?<\/h1>\n\n\n\n<p>O CAFT (Centro Acad\u00eamico Frederick Taylor) \u00e9 o Centro Acad\u00eamico dos alunos do curso de Administra\u00e7\u00e3o da UTFPR, fundado em 2015, quatro anos ap\u00f3s o in\u00edcio das atividades do curso. O &#8220;CA&#8221; tem atuado em conjunto com estudantes, professores e outras entidades do movimento estudantil, a fim de possibilitar o melhor aproveitamento da gradua\u00e7\u00e3o e da experi\u00eancia universit\u00e1ria.<\/p>\n\n\n\n<p>Atualmente, o &#8220;CAFT&#8221; desenvolve diversos projetos, sendo o de maior notoriedade a Semana Acad\u00eamica de Administra\u00e7\u00e3o.  Realizado h\u00e1 anos, o evento dedica uma semana inteira a assuntos pertinentes ao curso, contando com palestras de professores e profissionais de empresas convidadas.<\/p>\n\n\n\n<h1 class=\"wp-block-heading\">Contato<\/h1>\n\n\n\n<ul class=\"wp-block-list\">\n<li>Email: caft.admutfpr@gmail.com<\/li>\n\n\n\n<li>Instagram: @caft.utfpr (https:\/\/www.instagram.com\/caft.utfpr\/)<\/li>\n\n\n\n<li>Informa\u00e7\u00f5es: https:\/\/bio.site\/centroaca<\/li>\n<\/ul>\n\n\n\n<hr class=\"wp-block-separator has-alpha-channel-opacity\" \/>\n\n\n\n<p>Endere\u00e7o Dagee: Av Sete de Setembro, 3165, Curitiba, PR, Brazil, 80230901<\/p>\n\n\n\n<p>E-mail: dagee-ct@utfpr.edu.br<\/p>\n\n\n\n<p>E-mail coordena\u00e7\u00e3o Bacharelado em Administra\u00e7\u00e3o \u2013 Campus Curitiba:&nbsp;<a href=\"mailto:coadm-ct@utfpr.edu.br\">coadm-ct@utfpr.edu.br<\/a><\/p>\n\n\n\n<p>Telefones coordena\u00e7\u00e3o Bacharelado Curitiba: (41) 3310-4665<\/p>\n\n\n\n<p><\/p>\n","protected":false},"excerpt":{"rendered":"<p>O que \u00e9 um &#8220;Centro Acad\u00eamico&#8221;? O Centro Acad\u00eamico (CA) \u00e9 a entidade de representa\u00e7\u00e3o m\u00e1xima dos estudantes de um curso espec\u00edfico. Seu principal objetivo \u00e9 defender os interesses gerais do corpo discente, promover a\u00e7\u00f5es que contribuam para o desenvolvimento pessoal e acad\u00eamico de cada estudante, al\u00e9m de mediar pautas de interesse coletivo junto ao &hellip; <\/p>\n<p class=\"link-more\"><a href=\"https:\/\/utfpr.curitiba.br\/dagee\/centro-academico-marx-adam-smith\/\" class=\"more-link\">Continue lendo<span class=\"screen-reader-text\"> &#8220;Centro Acad\u00eamico Frederick Taylor (CAFT)&#8221;<\/span><\/a><\/p>\n","protected":false},"author":319,"featured_media":0,"parent":0,"menu_order":0,"comment_status":"closed","ping_status":"closed","template":"","meta":{"footnotes":""},"class_list":["post-4766","page","type-page","status-publish","hentry"],"_links":{"self":[{"href":"https:\/\/utfpr.curitiba.br\/dagee\/wp-json\/wp\/v2\/pages\/4766","targetHints":{"allow":["GET"]}}],"collection":[{"href":"https:\/\/utfpr.curitiba.br\/dagee\/wp-json\/wp\/v2\/pages"}],"about":[{"href":"https:\/\/utfpr.curitiba.br\/dagee\/wp-json\/wp\/v2\/types\/page"}],"author":[{"embeddable":true,"href":"https:\/\/utfpr.curitiba.br\/dagee\/wp-json\/wp\/v2\/users\/319"}],"replies":[{"embeddable":true,"href":"https:\/\/utfpr.curitiba.br\/dagee\/wp-json\/wp\/v2\/comments?post=4766"}],"version-history":[{"count":3,"href":"https:\/\/utfpr.curitiba.br\/dagee\/wp-json\/wp\/v2\/pages\/4766\/revisions"}],"predecessor-version":[{"id":4875,"href":"https:\/\/utfpr.curitiba.br\/dagee\/wp-json\/wp\/v2\/pages\/4766\/revisions\/4875"}],"wp:attachment":[{"href":"https:\/\/utfpr.curitiba.br\/dagee\/wp-json\/wp\/v2\/media?parent=4766"}],"curies":[{"name":"wp","href":"https:\/\/api.w.org\/{rel}","templated":true}]}}