{"id":4143,"date":"2023-08-11T16:49:56","date_gmt":"2023-08-11T19:49:56","guid":{"rendered":"https:\/\/utfpr.curitiba.br\/dagee\/?page_id=4143"},"modified":"2024-10-21T11:34:46","modified_gmt":"2024-10-21T14:34:46","slug":"ppc-2","status":"publish","type":"page","link":"https:\/\/utfpr.curitiba.br\/dagee\/ppc-2\/","title":{"rendered":"PPC"},"content":{"rendered":"\n<p>O&nbsp;Projeto Pedag\u00f3gico de Curso&nbsp;(PPC) \u00e9 um documento fundamental para todo e qualquer curso. Ele atua como um importante instrumento de planejamento para o desenvolvimento das atividades pedag\u00f3gicas dos cursos de gradua\u00e7\u00e3o, e \u00e9 responsabilidade das institui\u00e7\u00f5es disponibilizar tal documento publicamente. <\/p>\n\n\n\n<p>Projeto Pedag\u00f3gico do Curso de Bacharelado em Administra\u00e7\u00e3o da UTFPR &#8211; Campus Curitiba (2023 &#8211; Atual)<\/p>\n\n\n\n<div data-wp-interactive=\"core\/file\" class=\"wp-block-file\"><object data-wp-bind--hidden=\"!state.hasPdfPreview\" hidden class=\"wp-block-file__embed\" data=\"https:\/\/utfpr-ct-static-content.s3.amazonaws.com\/utfpr.curitiba.br\/wp-content\/uploads\/sites\/64\/2024\/10\/PPC_ADM_2023-Corrigido.pdf\" type=\"application\/pdf\" style=\"width:100%;height:370px\" aria-label=\"Incorporado de PPC_ADM_2023 - Corrigido.\"><\/object><a id=\"wp-block-file--media-62f82379-3d10-4de1-addb-baed7f803608\" href=\"https:\/\/utfpr-ct-static-content.s3.amazonaws.com\/utfpr.curitiba.br\/wp-content\/uploads\/sites\/64\/2024\/10\/PPC_ADM_2023-Corrigido.pdf\" target=\"_blank\" rel=\"noreferrer noopener\">PPC_ADM_2023 &#8211; Corrigido<\/a><a href=\"https:\/\/utfpr-ct-static-content.s3.amazonaws.com\/utfpr.curitiba.br\/wp-content\/uploads\/sites\/64\/2024\/10\/PPC_ADM_2023-Corrigido.pdf\" class=\"wp-block-file__button wp-element-button\" download aria-describedby=\"wp-block-file--media-62f82379-3d10-4de1-addb-baed7f803608\">Baixar<\/a><\/div>\n\n\n\n<p><\/p>\n\n\n\n<p>Projeto Pedag\u00f3gico referente \u00e0 matriz antiga do Curso de Bacharelado em Administra\u00e7\u00e3o da UTFPR &#8211; Campus Curitiba (2016)<\/p>\n\n\n\n<div data-wp-interactive=\"core\/file\" class=\"wp-block-file\"><object data-wp-bind--hidden=\"!state.hasPdfPreview\" hidden class=\"wp-block-file__embed\" data=\"https:\/\/utfpr-ct-static-content.s3.amazonaws.com\/utfpr.curitiba.br\/wp-content\/uploads\/sites\/64\/2023\/08\/PPC-de-Administracao-_2016.pdf\" type=\"application\/pdf\" style=\"width:100%;height:410px\" aria-label=\"Incorporado de PPC de Administra\u00e7\u00e3o _2016.\"><\/object><a id=\"wp-block-file--media-31b19d26-4d99-401f-aef0-f2b9add5c551\" href=\"https:\/\/utfpr-ct-static-content.s3.amazonaws.com\/utfpr.curitiba.br\/wp-content\/uploads\/sites\/64\/2023\/08\/PPC-de-Administracao-_2016.pdf\">PPC de Administra\u00e7\u00e3o _2016<\/a><a href=\"https:\/\/utfpr-ct-static-content.s3.amazonaws.com\/utfpr.curitiba.br\/wp-content\/uploads\/sites\/64\/2023\/08\/PPC-de-Administracao-_2016.pdf\" class=\"wp-block-file__button wp-element-button\" download aria-describedby=\"wp-block-file--media-31b19d26-4d99-401f-aef0-f2b9add5c551\">Baixar<\/a><\/div>\n","protected":false},"excerpt":{"rendered":"<p>O&nbsp;Projeto Pedag\u00f3gico de Curso&nbsp;(PPC) \u00e9 um documento fundamental para todo e qualquer curso. Ele atua como um importante instrumento de planejamento para o desenvolvimento das atividades pedag\u00f3gicas dos cursos de gradua\u00e7\u00e3o, e \u00e9 responsabilidade das institui\u00e7\u00f5es disponibilizar tal documento publicamente. Projeto Pedag\u00f3gico do Curso de Bacharelado em Administra\u00e7\u00e3o da UTFPR &#8211; Campus Curitiba (2023 &#8211; &hellip; <\/p>\n<p class=\"link-more\"><a href=\"https:\/\/utfpr.curitiba.br\/dagee\/ppc-2\/\" class=\"more-link\">Continue lendo<span class=\"screen-reader-text\"> &#8220;PPC&#8221;<\/span><\/a><\/p>\n","protected":false},"author":117,"featured_media":0,"parent":0,"menu_order":0,"comment_status":"closed","ping_status":"closed","template":"","meta":{"footnotes":""},"class_list":["post-4143","page","type-page","status-publish","hentry"],"_links":{"self":[{"href":"https:\/\/utfpr.curitiba.br\/dagee\/wp-json\/wp\/v2\/pages\/4143","targetHints":{"allow":["GET"]}}],"collection":[{"href":"https:\/\/utfpr.curitiba.br\/dagee\/wp-json\/wp\/v2\/pages"}],"about":[{"href":"https:\/\/utfpr.curitiba.br\/dagee\/wp-json\/wp\/v2\/types\/page"}],"author":[{"embeddable":true,"href":"https:\/\/utfpr.curitiba.br\/dagee\/wp-json\/wp\/v2\/users\/117"}],"replies":[{"embeddable":true,"href":"https:\/\/utfpr.curitiba.br\/dagee\/wp-json\/wp\/v2\/comments?post=4143"}],"version-history":[{"count":4,"href":"https:\/\/utfpr.curitiba.br\/dagee\/wp-json\/wp\/v2\/pages\/4143\/revisions"}],"predecessor-version":[{"id":4539,"href":"https:\/\/utfpr.curitiba.br\/dagee\/wp-json\/wp\/v2\/pages\/4143\/revisions\/4539"}],"wp:attachment":[{"href":"https:\/\/utfpr.curitiba.br\/dagee\/wp-json\/wp\/v2\/media?parent=4143"}],"curies":[{"name":"wp","href":"https:\/\/api.w.org\/{rel}","templated":true}]}}