{"id":4099,"date":"2023-07-13T11:54:43","date_gmt":"2023-07-13T14:54:43","guid":{"rendered":"https:\/\/utfpr.curitiba.br\/dagee\/?page_id=4099"},"modified":"2024-09-10T13:37:47","modified_gmt":"2024-09-10T16:37:47","slug":"nova-matriz-curricular","status":"publish","type":"page","link":"https:\/\/utfpr.curitiba.br\/dagee\/nova-matriz-curricular\/","title":{"rendered":"Nova Matriz Curricular"},"content":{"rendered":"\n<p>A nova matriz j\u00e1 ser\u00e1 aplicada aos calouros do per\u00edodo 2023.2, por\u00e9m, n\u00e3o h\u00e1 motivo para alarde, pois a transi\u00e7\u00e3o para os demais estudantes ser\u00e1 realizada aos poucos e respeitando cada caso.<\/p>\n\n\n\n<p>A nova grade pode ser conferida abaixo:<\/p>\n\n\n\n<figure class=\"wp-block-image size-full is-resized\"><img fetchpriority=\"high\" decoding=\"async\" width=\"596\" height=\"925\" src=\"https:\/\/utfpr-ct-static-content.s3.amazonaws.com\/utfpr.curitiba.br\/wp-content\/uploads\/sites\/64\/2023\/07\/1.jpg\" alt=\"\" class=\"wp-image-4111\" style=\"width:596px;height:925px\" srcset=\"https:\/\/utfpr-ct-static-content.s3.amazonaws.com\/utfpr.curitiba.br\/wp-content\/uploads\/sites\/64\/2023\/07\/1.jpg 596w, https:\/\/utfpr-ct-static-content.s3.amazonaws.com\/utfpr.curitiba.br\/wp-content\/uploads\/sites\/64\/2023\/07\/1-193x300.jpg 193w\" sizes=\"(max-width: 596px) 100vw, 596px\" \/><\/figure>\n\n\n\n<figure class=\"wp-block-image size-full is-resized\"><img decoding=\"async\" width=\"597\" height=\"964\" src=\"https:\/\/utfpr-ct-static-content.s3.amazonaws.com\/utfpr.curitiba.br\/wp-content\/uploads\/sites\/64\/2023\/07\/2.jpg\" alt=\"\" class=\"wp-image-4112\" style=\"width:597px;height:964px\" srcset=\"https:\/\/utfpr-ct-static-content.s3.amazonaws.com\/utfpr.curitiba.br\/wp-content\/uploads\/sites\/64\/2023\/07\/2.jpg 597w, https:\/\/utfpr-ct-static-content.s3.amazonaws.com\/utfpr.curitiba.br\/wp-content\/uploads\/sites\/64\/2023\/07\/2-186x300.jpg 186w\" sizes=\"(max-width: 597px) 100vw, 597px\" \/><\/figure>\n\n\n\n<figure class=\"wp-block-image size-full\"><img decoding=\"async\" width=\"597\" height=\"842\" src=\"https:\/\/utfpr-ct-static-content.s3.amazonaws.com\/utfpr.curitiba.br\/wp-content\/uploads\/sites\/64\/2023\/07\/3.jpg\" alt=\"\" class=\"wp-image-4113\" srcset=\"https:\/\/utfpr-ct-static-content.s3.amazonaws.com\/utfpr.curitiba.br\/wp-content\/uploads\/sites\/64\/2023\/07\/3.jpg 597w, https:\/\/utfpr-ct-static-content.s3.amazonaws.com\/utfpr.curitiba.br\/wp-content\/uploads\/sites\/64\/2023\/07\/3-213x300.jpg 213w\" sizes=\"(max-width: 597px) 100vw, 597px\" \/><\/figure>\n\n\n\n<figure class=\"wp-block-image size-full\"><img loading=\"lazy\" decoding=\"async\" width=\"596\" height=\"460\" src=\"https:\/\/utfpr-ct-static-content.s3.amazonaws.com\/utfpr.curitiba.br\/wp-content\/uploads\/sites\/64\/2023\/07\/4.jpg\" alt=\"\" class=\"wp-image-4114\" srcset=\"https:\/\/utfpr-ct-static-content.s3.amazonaws.com\/utfpr.curitiba.br\/wp-content\/uploads\/sites\/64\/2023\/07\/4.jpg 596w, https:\/\/utfpr-ct-static-content.s3.amazonaws.com\/utfpr.curitiba.br\/wp-content\/uploads\/sites\/64\/2023\/07\/4-300x232.jpg 300w\" sizes=\"(max-width: 596px) 100vw, 596px\" \/><\/figure>\n\n\n\n<figure class=\"wp-block-image size-large is-resized\"><img loading=\"lazy\" decoding=\"async\" width=\"482\" height=\"1024\" src=\"https:\/\/utfpr-ct-static-content.s3.amazonaws.com\/utfpr.curitiba.br\/wp-content\/uploads\/sites\/64\/2023\/07\/5-482x1024.jpg\" alt=\"\" class=\"wp-image-4115\" style=\"width:551px;height:1171px\" srcset=\"https:\/\/utfpr-ct-static-content.s3.amazonaws.com\/utfpr.curitiba.br\/wp-content\/uploads\/sites\/64\/2023\/07\/5-482x1024.jpg 482w, https:\/\/utfpr-ct-static-content.s3.amazonaws.com\/utfpr.curitiba.br\/wp-content\/uploads\/sites\/64\/2023\/07\/5-141x300.jpg 141w, https:\/\/utfpr-ct-static-content.s3.amazonaws.com\/utfpr.curitiba.br\/wp-content\/uploads\/sites\/64\/2023\/07\/5.jpg 596w\" sizes=\"(max-width: 482px) 100vw, 482px\" \/><\/figure>\n\n\n\n<figure class=\"wp-block-image size-full is-resized\"><img loading=\"lazy\" decoding=\"async\" width=\"597\" height=\"695\" src=\"https:\/\/utfpr-ct-static-content.s3.amazonaws.com\/utfpr.curitiba.br\/wp-content\/uploads\/sites\/64\/2023\/07\/6.jpg\" alt=\"\" class=\"wp-image-4116\" style=\"width:635px;height:740px\" srcset=\"https:\/\/utfpr-ct-static-content.s3.amazonaws.com\/utfpr.curitiba.br\/wp-content\/uploads\/sites\/64\/2023\/07\/6.jpg 597w, https:\/\/utfpr-ct-static-content.s3.amazonaws.com\/utfpr.curitiba.br\/wp-content\/uploads\/sites\/64\/2023\/07\/6-258x300.jpg 258w\" sizes=\"(max-width: 597px) 100vw, 597px\" \/><\/figure>\n\n\n\n<div data-wp-interactive=\"core\/file\" class=\"wp-block-file\"><object data-wp-bind--hidden=\"!state.hasPdfPreview\" hidden class=\"wp-block-file__embed\" data=\"https:\/\/utfpr-ct-static-content.s3.amazonaws.com\/utfpr.curitiba.br\/wp-content\/uploads\/sites\/64\/2023\/07\/Matriz-Nova-1.pdf\" type=\"application\/pdf\" style=\"width:100%;height:270px\" aria-label=\"Incorporado de Matriz-Nova-1.\"><\/object><a id=\"wp-block-file--media-4d81d13a-2495-4150-8425-f083ca302978\" href=\"https:\/\/utfpr-ct-static-content.s3.amazonaws.com\/utfpr.curitiba.br\/wp-content\/uploads\/sites\/64\/2023\/07\/Matriz-Nova-1.pdf\" target=\"_blank\" rel=\"noreferrer noopener\">Matriz-Nova-1<\/a><a href=\"https:\/\/utfpr-ct-static-content.s3.amazonaws.com\/utfpr.curitiba.br\/wp-content\/uploads\/sites\/64\/2023\/07\/Matriz-Nova-1.pdf\" class=\"wp-block-file__button wp-element-button\" download aria-describedby=\"wp-block-file--media-4d81d13a-2495-4150-8425-f083ca302978\">Baixar<\/a><\/div>\n\n\n\n<div data-wp-interactive=\"core\/file\" class=\"wp-block-file\"><object data-wp-bind--hidden=\"!state.hasPdfPreview\" hidden class=\"wp-block-file__embed\" data=\"https:\/\/utfpr-ct-static-content.s3.amazonaws.com\/utfpr.curitiba.br\/wp-content\/uploads\/sites\/64\/2024\/09\/Matriz-Nova-para-imprimir.pdf\" type=\"application\/pdf\" style=\"width:100%;height:450px\" aria-label=\"Incorporado de Matriz Nova para imprimir.\"><\/object><a id=\"wp-block-file--media-057b92b2-2d02-48a7-94f3-b531f2e856c0\" href=\"https:\/\/utfpr-ct-static-content.s3.amazonaws.com\/utfpr.curitiba.br\/wp-content\/uploads\/sites\/64\/2024\/09\/Matriz-Nova-para-imprimir.pdf\" target=\"_blank\" rel=\"noreferrer noopener\">Matriz Nova para imprimir<\/a><a href=\"https:\/\/utfpr-ct-static-content.s3.amazonaws.com\/utfpr.curitiba.br\/wp-content\/uploads\/sites\/64\/2024\/09\/Matriz-Nova-para-imprimir.pdf\" class=\"wp-block-file__button wp-element-button\" download aria-describedby=\"wp-block-file--media-057b92b2-2d02-48a7-94f3-b531f2e856c0\">Baixar<\/a><\/div>\n","protected":false},"excerpt":{"rendered":"<p>A nova matriz j\u00e1 ser\u00e1 aplicada aos calouros do per\u00edodo 2023.2, por\u00e9m, n\u00e3o h\u00e1 motivo para alarde, pois a transi\u00e7\u00e3o para os demais estudantes ser\u00e1 realizada aos poucos e respeitando cada caso. A nova grade pode ser conferida abaixo:<\/p>\n","protected":false},"author":117,"featured_media":0,"parent":0,"menu_order":0,"comment_status":"closed","ping_status":"closed","template":"","meta":{"footnotes":""},"class_list":["post-4099","page","type-page","status-publish","hentry"],"_links":{"self":[{"href":"https:\/\/utfpr.curitiba.br\/dagee\/wp-json\/wp\/v2\/pages\/4099","targetHints":{"allow":["GET"]}}],"collection":[{"href":"https:\/\/utfpr.curitiba.br\/dagee\/wp-json\/wp\/v2\/pages"}],"about":[{"href":"https:\/\/utfpr.curitiba.br\/dagee\/wp-json\/wp\/v2\/types\/page"}],"author":[{"embeddable":true,"href":"https:\/\/utfpr.curitiba.br\/dagee\/wp-json\/wp\/v2\/users\/117"}],"replies":[{"embeddable":true,"href":"https:\/\/utfpr.curitiba.br\/dagee\/wp-json\/wp\/v2\/comments?post=4099"}],"version-history":[{"count":10,"href":"https:\/\/utfpr.curitiba.br\/dagee\/wp-json\/wp\/v2\/pages\/4099\/revisions"}],"predecessor-version":[{"id":4528,"href":"https:\/\/utfpr.curitiba.br\/dagee\/wp-json\/wp\/v2\/pages\/4099\/revisions\/4528"}],"wp:attachment":[{"href":"https:\/\/utfpr.curitiba.br\/dagee\/wp-json\/wp\/v2\/media?parent=4099"}],"curies":[{"name":"wp","href":"https:\/\/api.w.org\/{rel}","templated":true}]}}