{"id":3891,"date":"2023-05-09T17:06:06","date_gmt":"2023-05-09T20:06:06","guid":{"rendered":"https:\/\/utfpr.curitiba.br\/dagee\/?page_id=3891"},"modified":"2023-05-09T17:11:16","modified_gmt":"2023-05-09T20:11:16","slug":"internacionalizacao","status":"publish","type":"page","link":"https:\/\/utfpr.curitiba.br\/dagee\/internacionalizacao\/","title":{"rendered":"Internacionaliza\u00e7\u00e3o"},"content":{"rendered":"\n<figure class=\"wp-block-image size-large\"><img fetchpriority=\"high\" decoding=\"async\" width=\"1024\" height=\"256\" src=\"https:\/\/utfpr-ct-static-content.s3.amazonaws.com\/utfpr.curitiba.br\/wp-content\/uploads\/sites\/64\/2023\/05\/dirinter-foto-1-1024x256.jpg\" alt=\"\" class=\"wp-image-3895\" srcset=\"https:\/\/utfpr-ct-static-content.s3.amazonaws.com\/utfpr.curitiba.br\/wp-content\/uploads\/sites\/64\/2023\/05\/dirinter-foto-1-1024x256.jpg 1024w, https:\/\/utfpr-ct-static-content.s3.amazonaws.com\/utfpr.curitiba.br\/wp-content\/uploads\/sites\/64\/2023\/05\/dirinter-foto-1-300x75.jpg 300w, https:\/\/utfpr-ct-static-content.s3.amazonaws.com\/utfpr.curitiba.br\/wp-content\/uploads\/sites\/64\/2023\/05\/dirinter-foto-1-768x192.jpg 768w, https:\/\/utfpr-ct-static-content.s3.amazonaws.com\/utfpr.curitiba.br\/wp-content\/uploads\/sites\/64\/2023\/05\/dirinter-foto-1-1536x384.jpg 1536w, https:\/\/utfpr-ct-static-content.s3.amazonaws.com\/utfpr.curitiba.br\/wp-content\/uploads\/sites\/64\/2023\/05\/dirinter-foto-1.jpg 1890w\" sizes=\"(max-width: 706px) 89vw, (max-width: 767px) 82vw, 740px\" \/><\/figure>\n\n\n\n<p>A partir do terceiro ano do curso de Administra\u00e7\u00e3o o aluno poder\u00e1 participar de programas de Interc\u00e2mbio e Dupla Diploma\u00e7\u00e3o em Institui\u00e7\u00f5es de Ensino Superior Internacionais.<\/p>\n\n\n\n<p>Atualmente, o curso de Administra\u00e7\u00e3o possui acordos de coopera\u00e7\u00e3o para dupla diploma\u00e7\u00e3o com:<\/p>\n\n\n\n<p><strong>Portugal<\/strong><\/p>\n\n\n\n<ul class=\"wp-block-list\"><li><a href=\"https:\/\/www.ipp.pt\/\" target=\"_blank\" rel=\"noreferrer noopener\">Instituto Polit\u00e9cnico do Porto<\/a><\/li><li><a href=\"http:\/\/portal3.ipb.pt\/index.php\/pt\/\" target=\"_blank\" rel=\"noreferrer noopener\">Instituto Polit\u00e9cnico de Bragan\u00e7a<\/a><\/li><li><a href=\"https:\/\/ipca.pt\/\" target=\"_blank\" rel=\"noreferrer noopener\">Instituto Polit\u00e9cnico do C\u00e1vado e do \u00c1ve<\/a><\/li><\/ul>\n\n\n\n<p>Al\u00e9m dos acordos de dupla diploma\u00e7\u00e3o, a UTFPR oferece&nbsp;<a href=\"http:\/\/portal.utfpr.edu.br\/internacional\/\" target=\"_blank\" rel=\"noreferrer noopener\">oportunidades de interc\u00e2mbio para v\u00e1rios destinos no mundo<\/a>.<\/p>\n\n\n\n<h3 class=\"wp-block-heading\">Contatos&nbsp;<\/h3>\n\n\n\n<p><strong>Professores Respons\u00e1veis pelo Comit\u00ea de Internacionaliza\u00e7\u00e3o:<\/strong><br>Prof. Abdinardo Moreira Barreto de Oliveira &#8211; Comit\u00ea de Internacionaliza\u00e7\u00e3o: Profa.&nbsp;Eliz\u00e2ngela M. Carvalheiro, Profa. M\u00e1rcia D. S. Spak, Prof. Neimar Follmann, Prof. Rafael K. Gonzalez.<\/p>\n\n\n\n<p><strong>E-mail:<\/strong>\u00a0abdinardom@utfpr.edu.br<br><strong>Telefone:<\/strong>\u00a0(46) 3220-2525<br>Coordena\u00e7\u00e3o de Administra\u00e7\u00e3o \u2013 coadm-pb@aureaniada<\/p>\n\n\n\n<div class=\"wp-block-buttons is-layout-flex wp-block-buttons-is-layout-flex\">\n<div class=\"wp-block-button\"><a class=\"wp-block-button__link\" href=\"http:\/\/portal.utfpr.edu.br\/internacional\/politica-de-internacionalizacao\" target=\"_blank\" rel=\"noreferrer noopener\">Pol\u00edtica de internacionaliza\u00e7\u00e3o UTFPR<\/a><\/div>\n\n\n\n<div class=\"wp-block-button\"><a class=\"wp-block-button__link\" href=\"http:\/\/portal.utfpr.edu.br\/internacional\/mobilidade\/dupla-diplomacao\" target=\"_blank\" rel=\"noreferrer noopener\">Dupla Diploma\u00e7\u00e3o<\/a><\/div>\n<\/div>\n","protected":false},"excerpt":{"rendered":"<p>A partir do terceiro ano do curso de Administra\u00e7\u00e3o o aluno poder\u00e1 participar de programas de Interc\u00e2mbio e Dupla Diploma\u00e7\u00e3o em Institui\u00e7\u00f5es de Ensino Superior Internacionais. Atualmente, o curso de Administra\u00e7\u00e3o possui acordos de coopera\u00e7\u00e3o para dupla diploma\u00e7\u00e3o com: Portugal Instituto Polit\u00e9cnico do Porto Instituto Polit\u00e9cnico de Bragan\u00e7a Instituto Polit\u00e9cnico do C\u00e1vado e do \u00c1ve &hellip; <\/p>\n<p class=\"link-more\"><a href=\"https:\/\/utfpr.curitiba.br\/dagee\/internacionalizacao\/\" class=\"more-link\">Continue lendo<span class=\"screen-reader-text\"> &#8220;Internacionaliza\u00e7\u00e3o&#8221;<\/span><\/a><\/p>\n","protected":false},"author":117,"featured_media":0,"parent":0,"menu_order":0,"comment_status":"closed","ping_status":"closed","template":"","meta":{"footnotes":""},"class_list":["post-3891","page","type-page","status-publish","hentry"],"_links":{"self":[{"href":"https:\/\/utfpr.curitiba.br\/dagee\/wp-json\/wp\/v2\/pages\/3891","targetHints":{"allow":["GET"]}}],"collection":[{"href":"https:\/\/utfpr.curitiba.br\/dagee\/wp-json\/wp\/v2\/pages"}],"about":[{"href":"https:\/\/utfpr.curitiba.br\/dagee\/wp-json\/wp\/v2\/types\/page"}],"author":[{"embeddable":true,"href":"https:\/\/utfpr.curitiba.br\/dagee\/wp-json\/wp\/v2\/users\/117"}],"replies":[{"embeddable":true,"href":"https:\/\/utfpr.curitiba.br\/dagee\/wp-json\/wp\/v2\/comments?post=3891"}],"version-history":[{"count":3,"href":"https:\/\/utfpr.curitiba.br\/dagee\/wp-json\/wp\/v2\/pages\/3891\/revisions"}],"predecessor-version":[{"id":3896,"href":"https:\/\/utfpr.curitiba.br\/dagee\/wp-json\/wp\/v2\/pages\/3891\/revisions\/3896"}],"wp:attachment":[{"href":"https:\/\/utfpr.curitiba.br\/dagee\/wp-json\/wp\/v2\/media?parent=3891"}],"curies":[{"name":"wp","href":"https:\/\/api.w.org\/{rel}","templated":true}]}}