{"id":3877,"date":"2023-05-09T16:49:42","date_gmt":"2023-05-09T19:49:42","guid":{"rendered":"https:\/\/utfpr.curitiba.br\/dagee\/?page_id=3877"},"modified":"2023-05-09T16:49:43","modified_gmt":"2023-05-09T19:49:43","slug":"iniciacao-cientifica","status":"publish","type":"page","link":"https:\/\/utfpr.curitiba.br\/dagee\/iniciacao-cientifica\/","title":{"rendered":"Inicia\u00e7\u00e3o Cient\u00edfica"},"content":{"rendered":"\n<p>O objetivo \u00e9 despertar a voca\u00e7\u00e3o do estudante para a realiza\u00e7\u00e3o de pesquisas, sob a orienta\u00e7\u00e3o de um pesquisador. Para o estudante, a iniciativa incentiva a compreens\u00e3o de conceitos te\u00f3ricos de forma emp\u00edrica e proporciona uma vis\u00e3o mais ampla e cr\u00edtica da sua \u00e1rea de atua\u00e7\u00e3o. Para o servidor, fortalece a linha de pesquisa, aumenta a produ\u00e7\u00e3o cient\u00edfica e abre a possibilidade de novas conex\u00f5es e de atua\u00e7\u00e3o no empreendedorismo.<\/p>\n","protected":false},"excerpt":{"rendered":"<p>O objetivo \u00e9 despertar a voca\u00e7\u00e3o do estudante para a realiza\u00e7\u00e3o de pesquisas, sob a orienta\u00e7\u00e3o de um pesquisador. Para o estudante, a iniciativa incentiva a compreens\u00e3o de conceitos te\u00f3ricos de forma emp\u00edrica e proporciona uma vis\u00e3o mais ampla e cr\u00edtica da sua \u00e1rea de atua\u00e7\u00e3o. Para o servidor, fortalece a linha de pesquisa, aumenta &hellip; <\/p>\n<p class=\"link-more\"><a href=\"https:\/\/utfpr.curitiba.br\/dagee\/iniciacao-cientifica\/\" class=\"more-link\">Continue lendo<span class=\"screen-reader-text\"> &#8220;Inicia\u00e7\u00e3o Cient\u00edfica&#8221;<\/span><\/a><\/p>\n","protected":false},"author":117,"featured_media":0,"parent":0,"menu_order":0,"comment_status":"closed","ping_status":"closed","template":"","meta":{"footnotes":""},"class_list":["post-3877","page","type-page","status-publish","hentry"],"_links":{"self":[{"href":"https:\/\/utfpr.curitiba.br\/dagee\/wp-json\/wp\/v2\/pages\/3877","targetHints":{"allow":["GET"]}}],"collection":[{"href":"https:\/\/utfpr.curitiba.br\/dagee\/wp-json\/wp\/v2\/pages"}],"about":[{"href":"https:\/\/utfpr.curitiba.br\/dagee\/wp-json\/wp\/v2\/types\/page"}],"author":[{"embeddable":true,"href":"https:\/\/utfpr.curitiba.br\/dagee\/wp-json\/wp\/v2\/users\/117"}],"replies":[{"embeddable":true,"href":"https:\/\/utfpr.curitiba.br\/dagee\/wp-json\/wp\/v2\/comments?post=3877"}],"version-history":[{"count":1,"href":"https:\/\/utfpr.curitiba.br\/dagee\/wp-json\/wp\/v2\/pages\/3877\/revisions"}],"predecessor-version":[{"id":3879,"href":"https:\/\/utfpr.curitiba.br\/dagee\/wp-json\/wp\/v2\/pages\/3877\/revisions\/3879"}],"wp:attachment":[{"href":"https:\/\/utfpr.curitiba.br\/dagee\/wp-json\/wp\/v2\/media?parent=3877"}],"curies":[{"name":"wp","href":"https:\/\/api.w.org\/{rel}","templated":true}]}}