{"id":3859,"date":"2023-05-09T15:04:52","date_gmt":"2023-05-09T18:04:52","guid":{"rendered":"https:\/\/utfpr.curitiba.br\/dagee\/?page_id=3859"},"modified":"2023-05-09T16:31:42","modified_gmt":"2023-05-09T19:31:42","slug":"horarios-de-permanencia","status":"publish","type":"page","link":"https:\/\/utfpr.curitiba.br\/dagee\/horarios-de-permanencia\/","title":{"rendered":"Hor\u00e1rios de Perman\u00eancia"},"content":{"rendered":"\n<p>Passo a passo para consulta de hor\u00e1rio de perman\u00eancia de docentes:<\/p>\n\n\n\n<ol class=\"wp-block-list\"><li>Logar no portal do aluno.<\/li><\/ol>\n\n\n\n<div class=\"wp-block-buttons is-layout-flex wp-block-buttons-is-layout-flex\">\n<div class=\"wp-block-button is-style-fill\"><a class=\"wp-block-button__link\" href=\"http:\/\/www.utfpr.edu.br\/alunos\/portal-do-aluno\" target=\"_blank\" rel=\"noreferrer noopener\">Clique para acessar o portal do aluno<\/a><\/div>\n<\/div>\n\n\n\n<p><\/p>\n\n\n\n<p>2. Clicar em <em>Mapa De Professores<\/em>.<\/p>\n\n\n\n<figure class=\"wp-block-image size-large\"><img fetchpriority=\"high\" decoding=\"async\" width=\"1024\" height=\"510\" src=\"https:\/\/utfpr-ct-static-content.s3.amazonaws.com\/utfpr.curitiba.br\/wp-content\/uploads\/sites\/64\/2023\/05\/mapa-cortado-1024x510.png\" alt=\"\" class=\"wp-image-3862\" srcset=\"https:\/\/utfpr-ct-static-content.s3.amazonaws.com\/utfpr.curitiba.br\/wp-content\/uploads\/sites\/64\/2023\/05\/mapa-cortado-1024x510.png 1024w, https:\/\/utfpr-ct-static-content.s3.amazonaws.com\/utfpr.curitiba.br\/wp-content\/uploads\/sites\/64\/2023\/05\/mapa-cortado-300x149.png 300w, https:\/\/utfpr-ct-static-content.s3.amazonaws.com\/utfpr.curitiba.br\/wp-content\/uploads\/sites\/64\/2023\/05\/mapa-cortado-768x382.png 768w, https:\/\/utfpr-ct-static-content.s3.amazonaws.com\/utfpr.curitiba.br\/wp-content\/uploads\/sites\/64\/2023\/05\/mapa-cortado.png 1374w\" sizes=\"(max-width: 706px) 89vw, (max-width: 767px) 82vw, 740px\" \/><\/figure>\n\n\n\n<p>3. Selecionar o departamento desejado.<\/p>\n\n\n\n<figure class=\"wp-block-image size-large\"><img decoding=\"async\" width=\"1024\" height=\"544\" src=\"https:\/\/utfpr-ct-static-content.s3.amazonaws.com\/utfpr.curitiba.br\/wp-content\/uploads\/sites\/64\/2023\/05\/dagee-cortado-1024x544.png\" alt=\"\" class=\"wp-image-3867\" srcset=\"https:\/\/utfpr-ct-static-content.s3.amazonaws.com\/utfpr.curitiba.br\/wp-content\/uploads\/sites\/64\/2023\/05\/dagee-cortado-1024x544.png 1024w, https:\/\/utfpr-ct-static-content.s3.amazonaws.com\/utfpr.curitiba.br\/wp-content\/uploads\/sites\/64\/2023\/05\/dagee-cortado-300x159.png 300w, https:\/\/utfpr-ct-static-content.s3.amazonaws.com\/utfpr.curitiba.br\/wp-content\/uploads\/sites\/64\/2023\/05\/dagee-cortado-768x408.png 768w, https:\/\/utfpr-ct-static-content.s3.amazonaws.com\/utfpr.curitiba.br\/wp-content\/uploads\/sites\/64\/2023\/05\/dagee-cortado.png 1396w\" sizes=\"(max-width: 706px) 89vw, (max-width: 767px) 82vw, 740px\" \/><\/figure>\n\n\n\n<p>4. Selecionar o docente desejado e clicar em pesquisar.<\/p>\n\n\n\n<figure class=\"wp-block-image size-large\"><img decoding=\"async\" width=\"1024\" height=\"563\" src=\"https:\/\/utfpr-ct-static-content.s3.amazonaws.com\/utfpr.curitiba.br\/wp-content\/uploads\/sites\/64\/2023\/05\/professor-selecionar-1024x563.png\" alt=\"\" class=\"wp-image-3871\" srcset=\"https:\/\/utfpr-ct-static-content.s3.amazonaws.com\/utfpr.curitiba.br\/wp-content\/uploads\/sites\/64\/2023\/05\/professor-selecionar-1024x563.png 1024w, https:\/\/utfpr-ct-static-content.s3.amazonaws.com\/utfpr.curitiba.br\/wp-content\/uploads\/sites\/64\/2023\/05\/professor-selecionar-300x165.png 300w, https:\/\/utfpr-ct-static-content.s3.amazonaws.com\/utfpr.curitiba.br\/wp-content\/uploads\/sites\/64\/2023\/05\/professor-selecionar-768x422.png 768w, https:\/\/utfpr-ct-static-content.s3.amazonaws.com\/utfpr.curitiba.br\/wp-content\/uploads\/sites\/64\/2023\/05\/professor-selecionar.png 1534w\" sizes=\"(max-width: 706px) 89vw, (max-width: 767px) 82vw, 740px\" \/><\/figure>\n\n\n\n<figure class=\"wp-block-image size-large\"><img loading=\"lazy\" decoding=\"async\" width=\"1024\" height=\"506\" src=\"https:\/\/utfpr-ct-static-content.s3.amazonaws.com\/utfpr.curitiba.br\/wp-content\/uploads\/sites\/64\/2023\/05\/pesquisa-1-1024x506.png\" alt=\"\" class=\"wp-image-3872\" srcset=\"https:\/\/utfpr-ct-static-content.s3.amazonaws.com\/utfpr.curitiba.br\/wp-content\/uploads\/sites\/64\/2023\/05\/pesquisa-1-1024x506.png 1024w, https:\/\/utfpr-ct-static-content.s3.amazonaws.com\/utfpr.curitiba.br\/wp-content\/uploads\/sites\/64\/2023\/05\/pesquisa-1-300x148.png 300w, https:\/\/utfpr-ct-static-content.s3.amazonaws.com\/utfpr.curitiba.br\/wp-content\/uploads\/sites\/64\/2023\/05\/pesquisa-1-768x380.png 768w, https:\/\/utfpr-ct-static-content.s3.amazonaws.com\/utfpr.curitiba.br\/wp-content\/uploads\/sites\/64\/2023\/05\/pesquisa-1-1536x759.png 1536w, https:\/\/utfpr-ct-static-content.s3.amazonaws.com\/utfpr.curitiba.br\/wp-content\/uploads\/sites\/64\/2023\/05\/pesquisa-1.png 1902w\" sizes=\"(max-width: 706px) 89vw, (max-width: 767px) 82vw, 740px\" \/><\/figure>\n\n\n\n<p>5. Os hor\u00e1rios de perman\u00eancia (<em>Paluno<\/em>), assim como os hor\u00e1rios de aula do docente, estar\u00e3o dispon\u00edveis na agenda semanal!<\/p>\n\n\n\n<figure class=\"wp-block-image size-large\"><img loading=\"lazy\" decoding=\"async\" width=\"1024\" height=\"506\" src=\"https:\/\/utfpr-ct-static-content.s3.amazonaws.com\/utfpr.curitiba.br\/wp-content\/uploads\/sites\/64\/2023\/05\/paluno-1024x506.png\" alt=\"\" class=\"wp-image-3873\" srcset=\"https:\/\/utfpr-ct-static-content.s3.amazonaws.com\/utfpr.curitiba.br\/wp-content\/uploads\/sites\/64\/2023\/05\/paluno-1024x506.png 1024w, https:\/\/utfpr-ct-static-content.s3.amazonaws.com\/utfpr.curitiba.br\/wp-content\/uploads\/sites\/64\/2023\/05\/paluno-300x148.png 300w, https:\/\/utfpr-ct-static-content.s3.amazonaws.com\/utfpr.curitiba.br\/wp-content\/uploads\/sites\/64\/2023\/05\/paluno-768x380.png 768w, https:\/\/utfpr-ct-static-content.s3.amazonaws.com\/utfpr.curitiba.br\/wp-content\/uploads\/sites\/64\/2023\/05\/paluno-1536x759.png 1536w, https:\/\/utfpr-ct-static-content.s3.amazonaws.com\/utfpr.curitiba.br\/wp-content\/uploads\/sites\/64\/2023\/05\/paluno.png 1902w\" sizes=\"(max-width: 706px) 89vw, (max-width: 767px) 82vw, 740px\" \/><\/figure>\n","protected":false},"excerpt":{"rendered":"<p>Passo a passo para consulta de hor\u00e1rio de perman\u00eancia de docentes: Logar no portal do aluno. 2. Clicar em Mapa De Professores. 3. Selecionar o departamento desejado. 4. Selecionar o docente desejado e clicar em pesquisar. 5. Os hor\u00e1rios de perman\u00eancia (Paluno), assim como os hor\u00e1rios de aula do docente, estar\u00e3o dispon\u00edveis na agenda semanal!<\/p>\n","protected":false},"author":117,"featured_media":0,"parent":0,"menu_order":0,"comment_status":"closed","ping_status":"closed","template":"","meta":{"footnotes":""},"class_list":["post-3859","page","type-page","status-publish","hentry"],"_links":{"self":[{"href":"https:\/\/utfpr.curitiba.br\/dagee\/wp-json\/wp\/v2\/pages\/3859","targetHints":{"allow":["GET"]}}],"collection":[{"href":"https:\/\/utfpr.curitiba.br\/dagee\/wp-json\/wp\/v2\/pages"}],"about":[{"href":"https:\/\/utfpr.curitiba.br\/dagee\/wp-json\/wp\/v2\/types\/page"}],"author":[{"embeddable":true,"href":"https:\/\/utfpr.curitiba.br\/dagee\/wp-json\/wp\/v2\/users\/117"}],"replies":[{"embeddable":true,"href":"https:\/\/utfpr.curitiba.br\/dagee\/wp-json\/wp\/v2\/comments?post=3859"}],"version-history":[{"count":5,"href":"https:\/\/utfpr.curitiba.br\/dagee\/wp-json\/wp\/v2\/pages\/3859\/revisions"}],"predecessor-version":[{"id":3876,"href":"https:\/\/utfpr.curitiba.br\/dagee\/wp-json\/wp\/v2\/pages\/3859\/revisions\/3876"}],"wp:attachment":[{"href":"https:\/\/utfpr.curitiba.br\/dagee\/wp-json\/wp\/v2\/media?parent=3859"}],"curies":[{"name":"wp","href":"https:\/\/api.w.org\/{rel}","templated":true}]}}