{"id":3854,"date":"2023-05-09T13:43:27","date_gmt":"2023-05-09T16:43:27","guid":{"rendered":"https:\/\/utfpr.curitiba.br\/dagee\/?page_id=3854"},"modified":"2023-05-09T13:43:28","modified_gmt":"2023-05-09T16:43:28","slug":"monitoria","status":"publish","type":"page","link":"https:\/\/utfpr.curitiba.br\/dagee\/monitoria\/","title":{"rendered":"Monitoria"},"content":{"rendered":"\n<p>O Programa de Monitoria da UTFPR tem como finalidade a melhoria do processo ensino-aprendizagem, constituindo-se em atividade optativa dentro dos cursos de gradua\u00e7\u00e3o da UTFPR, podendo, quando da sua conclus\u00e3o, ser pontuado como Atividade Complementar e constar no Hist\u00f3rico Escolar do estudante.&nbsp;<\/p>\n\n\n\n<h4 class=\"wp-block-heading\">Monitoria em rede<\/h4>\n\n\n\n<p>A Monitoria em Rede tem o objetivo de conectar monitores e estudantes de todos os campi da UTFPR. Atrav\u00e9s do Portal do Aluno, o estudante da UTFPR pode ter acesso \u00e0 lista de disciplinas para as quais h\u00e1 monitores no semestre\u00a0e o respectivo link para atendimento remoto. Os monitores est\u00e3o organizados por campus. Caso haja interesse, \u00e9 poss\u00edvel acessar qualquer um deles, mesmo que seja de um campus diferente do seu. Acesse o Portal do Aluno e confira as agendas dos monitores clicando na aba \u201cMonitoria\u201d:<\/p>\n\n\n\n<figure class=\"wp-block-image size-full\"><img fetchpriority=\"high\" decoding=\"async\" width=\"768\" height=\"182\" src=\"https:\/\/utfpr-ct-static-content.s3.amazonaws.com\/utfpr.curitiba.br\/wp-content\/uploads\/sites\/64\/2023\/05\/Monitoria-768x182-1.png\" alt=\"\" class=\"wp-image-3855\" srcset=\"https:\/\/utfpr-ct-static-content.s3.amazonaws.com\/utfpr.curitiba.br\/wp-content\/uploads\/sites\/64\/2023\/05\/Monitoria-768x182-1.png 768w, https:\/\/utfpr-ct-static-content.s3.amazonaws.com\/utfpr.curitiba.br\/wp-content\/uploads\/sites\/64\/2023\/05\/Monitoria-768x182-1-300x71.png 300w\" sizes=\"(max-width: 706px) 89vw, (max-width: 767px) 82vw, 740px\" \/><\/figure>\n","protected":false},"excerpt":{"rendered":"<p>O Programa de Monitoria da UTFPR tem como finalidade a melhoria do processo ensino-aprendizagem, constituindo-se em atividade optativa dentro dos cursos de gradua\u00e7\u00e3o da UTFPR, podendo, quando da sua conclus\u00e3o, ser pontuado como Atividade Complementar e constar no Hist\u00f3rico Escolar do estudante.&nbsp; Monitoria em rede A Monitoria em Rede tem o objetivo de conectar monitores &hellip; <\/p>\n<p class=\"link-more\"><a href=\"https:\/\/utfpr.curitiba.br\/dagee\/monitoria\/\" class=\"more-link\">Continue lendo<span class=\"screen-reader-text\"> &#8220;Monitoria&#8221;<\/span><\/a><\/p>\n","protected":false},"author":117,"featured_media":0,"parent":0,"menu_order":0,"comment_status":"closed","ping_status":"closed","template":"","meta":{"footnotes":""},"class_list":["post-3854","page","type-page","status-publish","hentry"],"_links":{"self":[{"href":"https:\/\/utfpr.curitiba.br\/dagee\/wp-json\/wp\/v2\/pages\/3854","targetHints":{"allow":["GET"]}}],"collection":[{"href":"https:\/\/utfpr.curitiba.br\/dagee\/wp-json\/wp\/v2\/pages"}],"about":[{"href":"https:\/\/utfpr.curitiba.br\/dagee\/wp-json\/wp\/v2\/types\/page"}],"author":[{"embeddable":true,"href":"https:\/\/utfpr.curitiba.br\/dagee\/wp-json\/wp\/v2\/users\/117"}],"replies":[{"embeddable":true,"href":"https:\/\/utfpr.curitiba.br\/dagee\/wp-json\/wp\/v2\/comments?post=3854"}],"version-history":[{"count":1,"href":"https:\/\/utfpr.curitiba.br\/dagee\/wp-json\/wp\/v2\/pages\/3854\/revisions"}],"predecessor-version":[{"id":3857,"href":"https:\/\/utfpr.curitiba.br\/dagee\/wp-json\/wp\/v2\/pages\/3854\/revisions\/3857"}],"wp:attachment":[{"href":"https:\/\/utfpr.curitiba.br\/dagee\/wp-json\/wp\/v2\/media?parent=3854"}],"curies":[{"name":"wp","href":"https:\/\/api.w.org\/{rel}","templated":true}]}}