{"id":3850,"date":"2023-05-09T13:38:54","date_gmt":"2023-05-09T16:38:54","guid":{"rendered":"https:\/\/utfpr.curitiba.br\/dagee\/?page_id=3850"},"modified":"2023-05-09T13:45:30","modified_gmt":"2023-05-09T16:45:30","slug":"auxilio-estudantil","status":"publish","type":"page","link":"https:\/\/utfpr.curitiba.br\/dagee\/auxilio-estudantil\/","title":{"rendered":"Aux\u00edlio Estudantil"},"content":{"rendered":"\n<p>O&nbsp;<strong>Programa de Aux\u00edlio Estudantil \u2013 PAE<\/strong>&nbsp;\u00e9 destinado aos estudantes regularmente matriculados nos cursos ofertados de Gradua\u00e7\u00e3o, da Educa\u00e7\u00e3o Profissional T\u00e9cnica de N\u00edvel M\u00e9dio e Stricto Sensu da UTFPR. Atende prioritariamente, os que comprovam renda familiar mensal per capita de at\u00e9 um sal\u00e1rio m\u00ednimo e meio nacional, vigente \u00e0 \u00e9poca do processo de sele\u00e7\u00e3o. O PAE-UTFPR distribui os seguintes benef\u00edcios: aux\u00edlio-alimenta\u00e7\u00e3o, aux\u00edlio-moradia e aux\u00edlio-b\u00e1sico, de acordo com edital anual especifico.<\/p>\n\n\n\n<h4 class=\"wp-block-heading\">Editais<\/h4>\n\n\n\n<p>Confira os editais de todos os campi da UTFPR clicando\u00a0<a rel=\"noreferrer noopener\" href=\"http:\/\/www.utfpr.edu.br\/alunos\/bolsas\/auxilio-estudantil\" target=\"_blank\">aqui<\/a>. Fique atento ao per\u00edodo de inscri\u00e7\u00e3o assim como a data de divulga\u00e7\u00e3o dos resultados e das entregas dos documentos faltantes. As inscri\u00e7\u00f5es s\u00e3o feitas no pr\u00f3prio Portal do Aluno, clicando na aba exibida abaixo:<\/p>\n\n\n\n<figure class=\"wp-block-image size-full\"><img fetchpriority=\"high\" decoding=\"async\" width=\"768\" height=\"182\" src=\"https:\/\/utfpr-ct-static-content.s3.amazonaws.com\/utfpr.curitiba.br\/wp-content\/uploads\/sites\/64\/2023\/05\/Auxilio-768x182-1.png\" alt=\"\" class=\"wp-image-3851\" srcset=\"https:\/\/utfpr-ct-static-content.s3.amazonaws.com\/utfpr.curitiba.br\/wp-content\/uploads\/sites\/64\/2023\/05\/Auxilio-768x182-1.png 768w, https:\/\/utfpr-ct-static-content.s3.amazonaws.com\/utfpr.curitiba.br\/wp-content\/uploads\/sites\/64\/2023\/05\/Auxilio-768x182-1-300x71.png 300w\" sizes=\"(max-width: 706px) 89vw, (max-width: 767px) 82vw, 740px\" \/><\/figure>\n","protected":false},"excerpt":{"rendered":"<p>O&nbsp;Programa de Aux\u00edlio Estudantil \u2013 PAE&nbsp;\u00e9 destinado aos estudantes regularmente matriculados nos cursos ofertados de Gradua\u00e7\u00e3o, da Educa\u00e7\u00e3o Profissional T\u00e9cnica de N\u00edvel M\u00e9dio e Stricto Sensu da UTFPR. Atende prioritariamente, os que comprovam renda familiar mensal per capita de at\u00e9 um sal\u00e1rio m\u00ednimo e meio nacional, vigente \u00e0 \u00e9poca do processo de sele\u00e7\u00e3o. O PAE-UTFPR &hellip; <\/p>\n<p class=\"link-more\"><a href=\"https:\/\/utfpr.curitiba.br\/dagee\/auxilio-estudantil\/\" class=\"more-link\">Continue lendo<span class=\"screen-reader-text\"> &#8220;Aux\u00edlio Estudantil&#8221;<\/span><\/a><\/p>\n","protected":false},"author":117,"featured_media":0,"parent":0,"menu_order":0,"comment_status":"closed","ping_status":"closed","template":"","meta":{"footnotes":""},"class_list":["post-3850","page","type-page","status-publish","hentry"],"_links":{"self":[{"href":"https:\/\/utfpr.curitiba.br\/dagee\/wp-json\/wp\/v2\/pages\/3850","targetHints":{"allow":["GET"]}}],"collection":[{"href":"https:\/\/utfpr.curitiba.br\/dagee\/wp-json\/wp\/v2\/pages"}],"about":[{"href":"https:\/\/utfpr.curitiba.br\/dagee\/wp-json\/wp\/v2\/types\/page"}],"author":[{"embeddable":true,"href":"https:\/\/utfpr.curitiba.br\/dagee\/wp-json\/wp\/v2\/users\/117"}],"replies":[{"embeddable":true,"href":"https:\/\/utfpr.curitiba.br\/dagee\/wp-json\/wp\/v2\/comments?post=3850"}],"version-history":[{"count":2,"href":"https:\/\/utfpr.curitiba.br\/dagee\/wp-json\/wp\/v2\/pages\/3850\/revisions"}],"predecessor-version":[{"id":3858,"href":"https:\/\/utfpr.curitiba.br\/dagee\/wp-json\/wp\/v2\/pages\/3850\/revisions\/3858"}],"wp:attachment":[{"href":"https:\/\/utfpr.curitiba.br\/dagee\/wp-json\/wp\/v2\/media?parent=3850"}],"curies":[{"name":"wp","href":"https:\/\/api.w.org\/{rel}","templated":true}]}}