{"id":3501,"date":"2023-04-19T16:41:09","date_gmt":"2023-04-19T19:41:09","guid":{"rendered":"https:\/\/utfpr.curitiba.br\/dagee\/?page_id=3501"},"modified":"2023-04-19T16:41:10","modified_gmt":"2023-04-19T19:41:10","slug":"mba-em-marketing","status":"publish","type":"page","link":"https:\/\/utfpr.curitiba.br\/dagee\/mba-em-marketing\/","title":{"rendered":"MBA em Marketing"},"content":{"rendered":"\n<ul class=\"wp-block-list\"><li>Intelig\u00eancia de mercado<\/li><li>Inova\u00e7\u00e3o e tecnologia<\/li><li>Empreendedorismo<\/li><\/ul>\n\n\n\n<p><\/p>\n\n\n\n<p class=\"has-medium-font-size\">Contatos:<\/p>\n\n\n\n<p>Tel: (41) 3310-4981<\/p>\n\n\n\n<p>mbamkt-ct@utfpr.edu.br <\/p>\n\n\n\n<p><\/p>\n","protected":false},"excerpt":{"rendered":"<p>Intelig\u00eancia de mercado Inova\u00e7\u00e3o e tecnologia Empreendedorismo Contatos: Tel: (41) 3310-4981 mbamkt-ct@utfpr.edu.br<\/p>\n","protected":false},"author":117,"featured_media":0,"parent":0,"menu_order":0,"comment_status":"closed","ping_status":"closed","template":"","meta":{"footnotes":""},"class_list":["post-3501","page","type-page","status-publish","hentry"],"_links":{"self":[{"href":"https:\/\/utfpr.curitiba.br\/dagee\/wp-json\/wp\/v2\/pages\/3501","targetHints":{"allow":["GET"]}}],"collection":[{"href":"https:\/\/utfpr.curitiba.br\/dagee\/wp-json\/wp\/v2\/pages"}],"about":[{"href":"https:\/\/utfpr.curitiba.br\/dagee\/wp-json\/wp\/v2\/types\/page"}],"author":[{"embeddable":true,"href":"https:\/\/utfpr.curitiba.br\/dagee\/wp-json\/wp\/v2\/users\/117"}],"replies":[{"embeddable":true,"href":"https:\/\/utfpr.curitiba.br\/dagee\/wp-json\/wp\/v2\/comments?post=3501"}],"version-history":[{"count":1,"href":"https:\/\/utfpr.curitiba.br\/dagee\/wp-json\/wp\/v2\/pages\/3501\/revisions"}],"predecessor-version":[{"id":3503,"href":"https:\/\/utfpr.curitiba.br\/dagee\/wp-json\/wp\/v2\/pages\/3501\/revisions\/3503"}],"wp:attachment":[{"href":"https:\/\/utfpr.curitiba.br\/dagee\/wp-json\/wp\/v2\/media?parent=3501"}],"curies":[{"name":"wp","href":"https:\/\/api.w.org\/{rel}","templated":true}]}}