{"id":3430,"date":"2023-04-18T16:28:37","date_gmt":"2023-04-18T19:28:37","guid":{"rendered":"https:\/\/utfpr.curitiba.br\/dagee\/?page_id=3430"},"modified":"2024-12-17T09:42:50","modified_gmt":"2024-12-17T12:42:50","slug":"tcc","status":"publish","type":"page","link":"https:\/\/utfpr.curitiba.br\/dagee\/tcc\/","title":{"rendered":"TCC"},"content":{"rendered":"\n<p>Trabalho de Conclus\u00e3o de Curso de Administra\u00e7\u00e3o da UTFPR<\/p>\n\n\n\n<p><strong>Template Edit\u00e1vel para Gradua\u00e7\u00e3o &#8211; Normaliza\u00e7\u00e3o ABNT:<\/strong><\/p>\n\n\n\n<div class=\"wp-block-file\"><a id=\"wp-block-file--media-332aec0d-0489-4b35-a633-ac1c7aa2cab0\" href=\"https:\/\/utfpr-ct-static-content.s3.amazonaws.com\/utfpr.curitiba.br\/wp-content\/uploads\/sites\/64\/2024\/12\/Template_normalizacao_utfpr_cc_by_sa.docx\">Template_normalizacao_utfpr_cc_by_sa<\/a><a href=\"https:\/\/utfpr-ct-static-content.s3.amazonaws.com\/utfpr.curitiba.br\/wp-content\/uploads\/sites\/64\/2024\/12\/Template_normalizacao_utfpr_cc_by_sa.docx\" class=\"wp-block-file__button wp-element-button\" download aria-describedby=\"wp-block-file--media-332aec0d-0489-4b35-a633-ac1c7aa2cab0\">Baixar<\/a><\/div>\n\n\n\n<p><\/p>\n\n\n\n<hr class=\"wp-block-separator has-alpha-channel-opacity is-style-wide\" \/>\n\n\n\n<p>O Trabalho de Conclus\u00e3o de curso (TCC) consiste na elabora\u00e7\u00e3o de uma monografia, de uma das quatro modalidades poss\u00edveis, sobre temas abrangidos pelo curso, e de acordo com as normas da ABNT e com o Regulamento&nbsp; do Trabalho de Conclus\u00e3o de Curso do curso. \u00c9 desenvolvido em duas etapas, denominadas TCC 1 e TCC 2, que se estendem, idealmente, por dois semestres e comp\u00f5em, oficialmente, duas disciplinas do curso. Objetiva desenvolver a capacidade de aplica\u00e7\u00e3o dos conceitos e teorias adquiridas durante o curso de forma integrada. As modalidades de tcc desenvolvido individualmente, ou em equipe composta por at\u00e9 tr\u00eas integrantes, s\u00e3o:<\/p>\n\n\n\n<p><strong><br>1)<\/strong>&nbsp;Pesquisa cient\u00edfica e\/ou tecnol\u00f3gica aplicada:&nbsp;<\/p>\n\n\n\n<div data-wp-interactive=\"core\/file\" class=\"wp-block-file\"><object data-wp-bind--hidden=\"!state.hasPdfPreview\" hidden class=\"wp-block-file__embed\" data=\"https:\/\/utfpr-ct-static-content.s3.amazonaws.com\/utfpr.curitiba.br\/wp-content\/uploads\/sites\/64\/2023\/04\/ANEXO-1-PESQUISA-CIENTIFICA-2014_2.pdf\" type=\"application\/pdf\" style=\"width:100%;height:300px\" aria-label=\"Incorporado de PESQUISA-CIENTIFICA-2014.\"><\/object><a id=\"wp-block-file--media-307cffb8-9c53-4507-ac88-9ed52898364d\" href=\"https:\/\/utfpr-ct-static-content.s3.amazonaws.com\/utfpr.curitiba.br\/wp-content\/uploads\/sites\/64\/2023\/04\/ANEXO-1-PESQUISA-CIENTIFICA-2014_2.pdf\" target=\"_blank\" rel=\"noreferrer noopener\">PESQUISA-CIENTIFICA-2014<\/a><a href=\"https:\/\/utfpr-ct-static-content.s3.amazonaws.com\/utfpr.curitiba.br\/wp-content\/uploads\/sites\/64\/2023\/04\/ANEXO-1-PESQUISA-CIENTIFICA-2014_2.pdf\" class=\"wp-block-file__button wp-element-button\" download aria-describedby=\"wp-block-file--media-307cffb8-9c53-4507-ac88-9ed52898364d\">Baixar<\/a><\/div>\n\n\n\n<p><\/p>\n\n\n\n<p><strong>2)<\/strong>&nbsp;Consultoria empresarial: <\/p>\n\n\n\n<div data-wp-interactive=\"core\/file\" class=\"wp-block-file\"><object data-wp-bind--hidden=\"!state.hasPdfPreview\" hidden class=\"wp-block-file__embed\" data=\"https:\/\/utfpr-ct-static-content.s3.amazonaws.com\/utfpr.curitiba.br\/wp-content\/uploads\/sites\/64\/2023\/04\/ANEXO-2-Consultoria-Empresarial-2014_2.pdf\" type=\"application\/pdf\" style=\"width:100%;height:280px\" aria-label=\"Incorporado de Consultoria-Empresarial-2014.\"><\/object><a id=\"wp-block-file--media-c0bf45e7-8ab9-49a3-a71b-f13180cd0506\" href=\"https:\/\/utfpr-ct-static-content.s3.amazonaws.com\/utfpr.curitiba.br\/wp-content\/uploads\/sites\/64\/2023\/04\/ANEXO-2-Consultoria-Empresarial-2014_2.pdf\" target=\"_blank\" rel=\"noreferrer noopener\">Consultoria-Empresarial-2014<\/a><a href=\"https:\/\/utfpr-ct-static-content.s3.amazonaws.com\/utfpr.curitiba.br\/wp-content\/uploads\/sites\/64\/2023\/04\/ANEXO-2-Consultoria-Empresarial-2014_2.pdf\" class=\"wp-block-file__button wp-element-button\" download aria-describedby=\"wp-block-file--media-c0bf45e7-8ab9-49a3-a71b-f13180cd0506\">Baixar<\/a><\/div>\n\n\n\n<p><\/p>\n\n\n\n<p><strong>3)<\/strong>&nbsp;Elabora\u00e7\u00e3o de plano de neg\u00f3cios:<\/p>\n\n\n\n<div data-wp-interactive=\"core\/file\" class=\"wp-block-file\"><object data-wp-bind--hidden=\"!state.hasPdfPreview\" hidden class=\"wp-block-file__embed\" data=\"https:\/\/utfpr-ct-static-content.s3.amazonaws.com\/utfpr.curitiba.br\/wp-content\/uploads\/sites\/64\/2023\/04\/ANEXO-3-PLANO-DE-NEGOCIOS.pdf\" type=\"application\/pdf\" style=\"width:100%;height:310px\" aria-label=\"Incorporado de PLANO-DE-NEGOCIOS.\"><\/object><a id=\"wp-block-file--media-45c716d4-4426-4f86-a905-7db69c0cc1a6\" href=\"https:\/\/utfpr-ct-static-content.s3.amazonaws.com\/utfpr.curitiba.br\/wp-content\/uploads\/sites\/64\/2023\/04\/ANEXO-3-PLANO-DE-NEGOCIOS.pdf\" target=\"_blank\" rel=\"noreferrer noopener\">PLANO-DE-NEGOCIOS<\/a><a href=\"https:\/\/utfpr-ct-static-content.s3.amazonaws.com\/utfpr.curitiba.br\/wp-content\/uploads\/sites\/64\/2023\/04\/ANEXO-3-PLANO-DE-NEGOCIOS.pdf\" class=\"wp-block-file__button wp-element-button\" download aria-describedby=\"wp-block-file--media-45c716d4-4426-4f86-a905-7db69c0cc1a6\">Baixar<\/a><\/div>\n\n\n\n<p><\/p>\n\n\n\n<hr class=\"wp-block-separator has-alpha-channel-opacity is-style-wide\" \/>\n\n\n\n<p>O resultado final da disciplina de TCC 1 ser\u00e1 estabelecido com base nos seguintes crit\u00e9rios: <\/p>\n\n\n\n<p>I. Relev\u00e2ncia na \u00e1rea do curso (acad\u00eamico, v\u00ednculo com o ambiente de atua\u00e7\u00e3o profissional previsto no perfil do egresso e abordagem inovadora); <\/p>\n\n\n\n<p>II. Exequibilidade e cronograma de execu\u00e7\u00e3o; <\/p>\n\n\n\n<p>III. Viabilidade; <\/p>\n\n\n\n<p>IV. Outros crit\u00e9rios estabelecidos em Normas Complementares.&nbsp;<\/p>\n\n\n\n<hr class=\"wp-block-separator has-alpha-channel-opacity is-style-wide\" \/>\n\n\n\n<p>Documentos e informa\u00e7\u00f5es extras:<\/p>\n\n\n\n<p><a href=\"https:\/\/sei.utfpr.edu.br\/sei\/publicacoes\/controlador_publicacoes.php?acao=publicacao_visualizar&amp;id_documento=3171226&amp;id_orgao_publicacao=0\" data-type=\"URL\" data-id=\"https:\/\/sei.utfpr.edu.br\/sei\/publicacoes\/controlador_publicacoes.php?acao=publicacao_visualizar&amp;id_documento=3171226&amp;id_orgao_publicacao=0\" target=\"_blank\" rel=\"noreferrer noopener\">Regulamento de&nbsp;Trabalho de Conclus\u00e3o de Curso para os cursos de gradua\u00e7\u00e3o&nbsp;da UTFPR<\/a><\/p>\n\n\n\n<hr class=\"wp-block-separator has-alpha-channel-opacity is-style-wide\" \/>\n\n\n\n<p>Regulamento Trabalho de Conclus\u00e3o do Curso de Administra\u00e7\u00e3o:&nbsp;<\/p>\n\n\n\n<div data-wp-interactive=\"core\/file\" class=\"wp-block-file\"><object data-wp-bind--hidden=\"!state.hasPdfPreview\" hidden class=\"wp-block-file__embed\" data=\"https:\/\/utfpr-ct-static-content.s3.amazonaws.com\/utfpr.curitiba.br\/wp-content\/uploads\/sites\/64\/2023\/04\/Regulamento-TCC-Administracao-2014.pdf\" type=\"application\/pdf\" style=\"width:100%;height:420px\" aria-label=\"Incorporado de Regulamento-TCC-Administracao-2014.\"><\/object><a id=\"wp-block-file--media-5fa0a73f-081b-48d4-b83e-bd631da08283\" href=\"https:\/\/utfpr-ct-static-content.s3.amazonaws.com\/utfpr.curitiba.br\/wp-content\/uploads\/sites\/64\/2023\/04\/Regulamento-TCC-Administracao-2014.pdf\" target=\"_blank\" rel=\"noreferrer noopener\">Regulamento-TCC-Administracao-2014<\/a><a href=\"https:\/\/utfpr-ct-static-content.s3.amazonaws.com\/utfpr.curitiba.br\/wp-content\/uploads\/sites\/64\/2023\/04\/Regulamento-TCC-Administracao-2014.pdf\" class=\"wp-block-file__button wp-element-button\" download aria-describedby=\"wp-block-file--media-5fa0a73f-081b-48d4-b83e-bd631da08283\">Baixar<\/a><\/div>\n\n\n\n<hr class=\"wp-block-separator has-alpha-channel-opacity is-style-wide\" \/>\n\n\n\n<p>Dicas para elabora\u00e7\u00e3o de Trabalho Acad\u00eamico:<\/p>\n\n\n\n<div data-wp-interactive=\"core\/file\" class=\"wp-block-file\"><object data-wp-bind--hidden=\"!state.hasPdfPreview\" hidden class=\"wp-block-file__embed\" data=\"https:\/\/utfpr-ct-static-content.s3.amazonaws.com\/utfpr.curitiba.br\/wp-content\/uploads\/sites\/64\/2023\/04\/Elaboracao_trabalhos_academicos_utfpr_2021.pdf\" type=\"application\/pdf\" style=\"width:100%;height:420px\" aria-label=\"Incorporado de Elaboracao_trabalhos_academicos_utfpr_2021.\"><\/object><a id=\"wp-block-file--media-447247e1-4b42-44c1-99c5-1f6c427f1206\" href=\"https:\/\/utfpr-ct-static-content.s3.amazonaws.com\/utfpr.curitiba.br\/wp-content\/uploads\/sites\/64\/2023\/04\/Elaboracao_trabalhos_academicos_utfpr_2021.pdf\" target=\"_blank\" rel=\"noreferrer noopener\">Elaboracao_trabalhos_academicos_utfpr_2021<\/a><a href=\"https:\/\/utfpr-ct-static-content.s3.amazonaws.com\/utfpr.curitiba.br\/wp-content\/uploads\/sites\/64\/2023\/04\/Elaboracao_trabalhos_academicos_utfpr_2021.pdf\" class=\"wp-block-file__button wp-element-button\" download aria-describedby=\"wp-block-file--media-447247e1-4b42-44c1-99c5-1f6c427f1206\">Baixar<\/a><\/div>\n\n\n\n<hr class=\"wp-block-separator has-alpha-channel-opacity is-style-wide\" \/>\n\n\n\n<p><strong>Template Edit\u00e1vel para TCC &#8211; Normaliza\u00e7\u00e3o ABNT:<\/strong><\/p>\n\n\n\n<div class=\"wp-block-file\"><a id=\"wp-block-file--media-756aa84a-2f8b-4369-9c10-d50e815ae376\" href=\"https:\/\/utfpr-ct-static-content.s3.amazonaws.com\/utfpr.curitiba.br\/wp-content\/uploads\/sites\/64\/2024\/12\/Template_normalizacao_utfpr_cc_by_sa.docx\" target=\"_blank\" rel=\"noreferrer noopener\">Template_normalizacao_utfpr_cc_by_sa<\/a><a href=\"https:\/\/utfpr-ct-static-content.s3.amazonaws.com\/utfpr.curitiba.br\/wp-content\/uploads\/sites\/64\/2024\/12\/Template_normalizacao_utfpr_cc_by_sa.docx\" class=\"wp-block-file__button wp-element-button\" download aria-describedby=\"wp-block-file--media-756aa84a-2f8b-4369-9c10-d50e815ae376\">Baixar<\/a><\/div>\n\n\n\n<hr class=\"wp-block-separator has-alpha-channel-opacity is-style-wide\" \/>\n\n\n\n<h2 class=\"wp-block-heading\">Contato<\/h2>\n\n\n\n<p><strong>Respons\u00e1vel:&nbsp;<\/strong>K\u00e1tia Regina Hopfer<\/p>\n\n\n\n<p><strong>E-mail:&nbsp;<\/strong><a href=\"mailto:katiar@utfpr.edu.br\">katiar@utfpr.edu.br<\/a><\/p>\n","protected":false},"excerpt":{"rendered":"<p>Trabalho de Conclus\u00e3o de Curso de Administra\u00e7\u00e3o da UTFPR Template Edit\u00e1vel para Gradua\u00e7\u00e3o &#8211; Normaliza\u00e7\u00e3o ABNT: O Trabalho de Conclus\u00e3o de curso (TCC) consiste na elabora\u00e7\u00e3o de uma monografia, de uma das quatro modalidades poss\u00edveis, sobre temas abrangidos pelo curso, e de acordo com as normas da ABNT e com o Regulamento&nbsp; do Trabalho de &hellip; <\/p>\n<p class=\"link-more\"><a href=\"https:\/\/utfpr.curitiba.br\/dagee\/tcc\/\" class=\"more-link\">Continue lendo<span class=\"screen-reader-text\"> &#8220;TCC&#8221;<\/span><\/a><\/p>\n","protected":false},"author":117,"featured_media":0,"parent":0,"menu_order":0,"comment_status":"closed","ping_status":"closed","template":"","meta":{"footnotes":""},"class_list":["post-3430","page","type-page","status-publish","hentry"],"_links":{"self":[{"href":"https:\/\/utfpr.curitiba.br\/dagee\/wp-json\/wp\/v2\/pages\/3430","targetHints":{"allow":["GET"]}}],"collection":[{"href":"https:\/\/utfpr.curitiba.br\/dagee\/wp-json\/wp\/v2\/pages"}],"about":[{"href":"https:\/\/utfpr.curitiba.br\/dagee\/wp-json\/wp\/v2\/types\/page"}],"author":[{"embeddable":true,"href":"https:\/\/utfpr.curitiba.br\/dagee\/wp-json\/wp\/v2\/users\/117"}],"replies":[{"embeddable":true,"href":"https:\/\/utfpr.curitiba.br\/dagee\/wp-json\/wp\/v2\/comments?post=3430"}],"version-history":[{"count":10,"href":"https:\/\/utfpr.curitiba.br\/dagee\/wp-json\/wp\/v2\/pages\/3430\/revisions"}],"predecessor-version":[{"id":4670,"href":"https:\/\/utfpr.curitiba.br\/dagee\/wp-json\/wp\/v2\/pages\/3430\/revisions\/4670"}],"wp:attachment":[{"href":"https:\/\/utfpr.curitiba.br\/dagee\/wp-json\/wp\/v2\/media?parent=3430"}],"curies":[{"name":"wp","href":"https:\/\/api.w.org\/{rel}","templated":true}]}}