{"id":3424,"date":"2023-04-18T16:27:43","date_gmt":"2023-04-18T19:27:43","guid":{"rendered":"https:\/\/utfpr.curitiba.br\/dagee\/?page_id=3424"},"modified":"2026-04-08T09:06:03","modified_gmt":"2026-04-08T12:06:03","slug":"estagio-obrigatorio","status":"publish","type":"page","link":"https:\/\/utfpr.curitiba.br\/dagee\/estagio-obrigatorio\/","title":{"rendered":"Est\u00e1gio Obrigat\u00f3rio"},"content":{"rendered":"\t\t<div data-elementor-type=\"wp-page\" data-elementor-id=\"3424\" class=\"elementor elementor-3424\">\n\t\t\t\t\t\t<section class=\"elementor-section elementor-top-section elementor-element elementor-element-14fef100 elementor-section-boxed elementor-section-height-default elementor-section-height-default\" data-id=\"14fef100\" data-element_type=\"section\" data-e-type=\"section\">\n\t\t\t\t\t\t<div class=\"elementor-container elementor-column-gap-default\">\n\t\t\t\t\t<div class=\"elementor-column elementor-col-100 elementor-top-column elementor-element elementor-element-742792a6\" data-id=\"742792a6\" data-element_type=\"column\" data-e-type=\"column\">\n\t\t\t<div class=\"elementor-widget-wrap elementor-element-populated\">\n\t\t\t\t\t\t<div class=\"elementor-element elementor-element-508fa754 elementor-widget elementor-widget-text-editor\" data-id=\"508fa754\" data-element_type=\"widget\" data-e-type=\"widget\" data-widget_type=\"text-editor.default\">\n\t\t\t\t<div class=\"elementor-widget-container\">\n\t\t\t\t\t\t\t\t\t\n<p>O&nbsp;Est\u00e1gio Curricular Obrigat\u00f3rio&nbsp;\u00e9 uma disciplina obrigat\u00f3ria dos Cursos Superiores de Gradua\u00e7\u00e3o e tem por finalidade a complementa\u00e7\u00e3o do ensino e da aprendizagem, adaptando psicol\u00f3gica e social do estudante \u00e0 sua futura atividade profissional, treinamento do estudante para facilitar sua futura absor\u00e7\u00e3o pelo mercado de trabalho e orienta\u00e7\u00e3o do estudante na escolha de sua especializa\u00e7\u00e3o profissional.<\/p>\n\n\n\n<p>Dever\u00e1 ser realizado nas \u00e1reas de forma\u00e7\u00e3o do estudante em conson\u00e2ncia com o perfil profissional descrito no projeto pedag\u00f3gico do curso, desde que os hor\u00e1rios desenvolvidos nas atividades de est\u00e1gio obrigat\u00f3rio n\u00e3o coincidam com os hor\u00e1rios das aulas em que o estudante est\u00e1 matriculado.<\/p>\n\n\n\n<p>O acompanhamento das atividades desenvolvidas pelo estagi\u00e1rio na UTFPR e\/ou na unidade concedente de est\u00e1gio ficar\u00e1 na responsabilidade do coordenador do curso, do professor respons\u00e1vel pela atividade de est\u00e1gio, do professor orientador de est\u00e1gio, do professor que realizar\u00e1 a visita na empresa e do supervisor de est\u00e1gio.<\/p>\n\n\n\n<p><\/p>\n\n\n\n<p><strong>Respons\u00e1vel pelo Est\u00e1gio Obrigat\u00f3rio:&nbsp;<\/strong>Prof. Andrea de Souza<br><strong>Email:<\/strong>&nbsp;estagioadm-ct@utfpr.edu.br<\/p>\n\n\n\n<p><\/p>\n\n\n\n<div data-wp-interactive=\"core\/file\" class=\"wp-block-file\"><object data-wp-bind--hidden=\"!state.hasPdfPreview\" hidden class=\"wp-block-file__embed\" data=\"https:\/\/utfpr-ct-static-content.s3.amazonaws.com\/utfpr.curitiba.br\/wp-content\/uploads\/sites\/64\/2023\/08\/Estagios-Obrigatorios.pdf\" type=\"application\/pdf\" style=\"width:100%;height:600px\" aria-label=\"Incorporado de Estagios-Obrigatorios.\"><\/object><a id=\"wp-block-file--media-bf3e7cb9-6294-4119-879b-7f9ca3ade978\" href=\"https:\/\/utfpr-ct-static-content.s3.amazonaws.com\/utfpr.curitiba.br\/wp-content\/uploads\/sites\/64\/2023\/08\/Estagios-Obrigatorios.pdf\" target=\"_blank\" rel=\"noreferrer noopener\">Estagios-Obrigatorios<\/a><a href=\"https:\/\/utfpr-ct-static-content.s3.amazonaws.com\/utfpr.curitiba.br\/wp-content\/uploads\/sites\/64\/2023\/08\/Estagios-Obrigatorios.pdf\" class=\"wp-block-file__button wp-element-button\" download aria-describedby=\"wp-block-file--media-bf3e7cb9-6294-4119-879b-7f9ca3ade978\">Baixar<\/a><\/div>\n\t\t\t\t\t\t\t\t<\/div>\n\t\t\t\t<\/div>\n\t\t\t\t\t<\/div>\n\t\t<\/div>\n\t\t\t\t\t<\/div>\n\t\t<\/section>\n\t\t\t\t<section class=\"elementor-section elementor-top-section elementor-element elementor-element-c026b02 elementor-section-boxed elementor-section-height-default elementor-section-height-default\" data-id=\"c026b02\" data-element_type=\"section\" data-e-type=\"section\">\n\t\t\t\t\t\t<div class=\"elementor-container elementor-column-gap-default\">\n\t\t\t\t\t<div class=\"elementor-column elementor-col-100 elementor-top-column elementor-element elementor-element-7a1bd74\" data-id=\"7a1bd74\" data-element_type=\"column\" data-e-type=\"column\">\n\t\t\t<div class=\"elementor-widget-wrap elementor-element-populated\">\n\t\t\t\t\t\t<div class=\"elementor-element elementor-element-aa57b7f elementor-widget elementor-widget-heading\" data-id=\"aa57b7f\" data-element_type=\"widget\" data-e-type=\"widget\" data-widget_type=\"heading.default\">\n\t\t\t\t<div class=\"elementor-widget-container\">\n\t\t\t\t\t<h2 class=\"elementor-heading-title elementor-size-default\">Documentos para Admiss\u00e3o de Est\u00e1gio Obrigat\u00f3rio<\/h2>\t\t\t\t<\/div>\n\t\t\t\t<\/div>\n\t\t\t\t<div class=\"elementor-element elementor-element-dbe480c elementor-widget elementor-widget-accordion\" data-id=\"dbe480c\" data-element_type=\"widget\" data-e-type=\"widget\" data-widget_type=\"accordion.default\">\n\t\t\t\t<div class=\"elementor-widget-container\">\n\t\t\t\t\t\t\t<div class=\"elementor-accordion\">\n\t\t\t\t\t\t\t<div class=\"elementor-accordion-item\">\n\t\t\t\t\t<div id=\"elementor-tab-title-2301\" class=\"elementor-tab-title\" data-tab=\"1\" role=\"button\" aria-controls=\"elementor-tab-content-2301\" aria-expanded=\"false\">\n\t\t\t\t\t\t\t\t\t\t\t\t\t<span class=\"elementor-accordion-icon elementor-accordion-icon-left\" aria-hidden=\"true\">\n\t\t\t\t\t\t\t\t\t\t\t\t\t\t\t<span class=\"elementor-accordion-icon-closed\"><i class=\"fas fa-plus\"><\/i><\/span>\n\t\t\t\t\t\t\t\t<span class=\"elementor-accordion-icon-opened\"><i class=\"fas fa-minus\"><\/i><\/span>\n\t\t\t\t\t\t\t\t\t\t\t\t\t\t<\/span>\n\t\t\t\t\t\t\t\t\t\t\t\t<a class=\"elementor-accordion-title\" tabindex=\"0\">1\u00ba - Termo de Compromisso de Est\u00e1gio (TCE)<\/a>\n\t\t\t\t\t<\/div>\n\t\t\t\t\t<div id=\"elementor-tab-content-2301\" class=\"elementor-tab-content elementor-clearfix\" data-tab=\"1\" role=\"region\" aria-labelledby=\"elementor-tab-title-2301\"><p>Emitido pela unidade concedente de est\u00e1gio por meio de ag\u00eancias integradoras, conv\u00eanios pr\u00f3prios com a Universidade ou diretamente no <a href=\"https:\/\/estagio.utfpr.edu.br\"><u>sistema de est\u00e1gios da UTFPR<\/u><\/a>. A unidade concedente de est\u00e1gio \u00e9 respons\u00e1vel pela emiss\u00e3o do Termo de Compromisso de Est\u00e1gio, que dever\u00e1 ser assinado pelo(a) seu(sua) representante legal, pelo(a) estudante e, caso especificado no modelo do TCE, por outras partes, como testemunhas e o(a) supervisor(a) de est\u00e1gio.<\/p>\n<p><strong><em><b><i>Aten\u00e7\u00e3o: <\/i><\/b><\/em><\/strong><\/p>\n<ul>\n<li>As assinaturas do Termo de Compromisso de Est\u00e1gio devem ser digitais, com c\u00f3digo de verifica\u00e7\u00e3o grafado no documento, ou manuscritas, sendo que, neste \u00faltimo caso, a assinatura do(a) representante da unidade concedente de est\u00e1gio deve ser acompanhada de carimbo.<\/li>\n<li>A data de in\u00edcio do est\u00e1gio deve assegurar tempo suficiente para a obten\u00e7\u00e3o de todas as assinaturas necess\u00e1rias no processo. \u00c9 expressamente proibido o estudante iniciar as atividades de est\u00e1gio antes que todas as partes envolvidas tenham assinado a documenta\u00e7\u00e3o. Deve-se considerar um prazo m\u00ednimo de 5 dias \u00fateis de anteced\u00eancia, contados a partir da entrega da documenta\u00e7\u00e3o completa, devidamente preenchida e assinada, \u00e0 Secretaria do DAGEE. Esse prazo \u00e9 necess\u00e1rio para garantir as assinaturas do(a) professor(a) respons\u00e1vel pelas atividades de est\u00e1gio, do(a) professor(a) orientador(a) e do(a) representante da Divis\u00e3o de Est\u00e1gios e Emprego da UTFPR. Termos de Compromisso de Est\u00e1gio que n\u00e3o atendam a essa exig\u00eancia ser\u00e3o automaticamente devolvidos ao(\u00e0) estudante.<\/li>\n<li>De acordo com a Lei do Est\u00e1gio (Lei n\u00ba 11.788\/2008), o per\u00edodo m\u00e1ximo em que o(a) estudante poder\u00e1 realizar est\u00e1gio em uma mesma unidade concedente \u00e9 de 2 anos.<\/li>\n<\/ul><\/div>\n\t\t\t\t<\/div>\n\t\t\t\t\t\t\t<div class=\"elementor-accordion-item\">\n\t\t\t\t\t<div id=\"elementor-tab-title-2302\" class=\"elementor-tab-title\" data-tab=\"2\" role=\"button\" aria-controls=\"elementor-tab-content-2302\" aria-expanded=\"false\">\n\t\t\t\t\t\t\t\t\t\t\t\t\t<span class=\"elementor-accordion-icon elementor-accordion-icon-left\" aria-hidden=\"true\">\n\t\t\t\t\t\t\t\t\t\t\t\t\t\t\t<span class=\"elementor-accordion-icon-closed\"><i class=\"fas fa-plus\"><\/i><\/span>\n\t\t\t\t\t\t\t\t<span class=\"elementor-accordion-icon-opened\"><i class=\"fas fa-minus\"><\/i><\/span>\n\t\t\t\t\t\t\t\t\t\t\t\t\t\t<\/span>\n\t\t\t\t\t\t\t\t\t\t\t\t<a class=\"elementor-accordion-title\" tabindex=\"0\">2\u00ba - Plano de Est\u00e1gio (PE)<\/a>\n\t\t\t\t\t<\/div>\n\t\t\t\t\t<div id=\"elementor-tab-content-2302\" class=\"elementor-tab-content elementor-clearfix\" data-tab=\"2\" role=\"region\" aria-labelledby=\"elementor-tab-title-2302\"><p>Ap\u00f3s receber o Termo de Compromisso de Est\u00e1gio devidamente assinado pelo(a) representante da unidade concedente de est\u00e1gio, o(a) estudante dever\u00e1 providenciar a emiss\u00e3o do Plano de Est\u00e1gio, que deve seguir o modelo pr\u00f3prio da UTFPR. Caso o TCE tenha sido emitido diretamente no <a href=\"https:\/\/estagio.utfpr.edu.br\"><u>sistema de est\u00e1gios da UTFPR<\/u><\/a>, h\u00e1 a possibilidade de gerar o Plano de Est\u00e1gio pr\u00e9-preenchido junto com o TCE. Alternativamente, o modelo do Plano de Est\u00e1gio est\u00e1 dispon\u00edvel na p\u00e1gina geral de <a href=\"https:\/\/www.utfpr.edu.br\/estagios\"><u>est\u00e1gios da UTFPR<\/u><\/a>.<\/p>\n<p><strong><em><b><i>Aten\u00e7\u00e3o:<\/i><\/b><\/em><\/strong><em><i>&nbsp;<\/i><\/em><\/p>\n<ul>\n<li>As datas de in\u00edcio e t\u00e9rmino das atividades de est\u00e1gio especificadas no Plano de Est\u00e1gio devem ser rigorosamente id\u00eanticas \u00e0s determinadas no Termo de Compromisso de Est\u00e1gio.<\/li>\n<li>As assinaturas do Plano de Est\u00e1gio devem ser digitais, com c\u00f3digo de verifica\u00e7\u00e3o grafado no documento, ou manuscritas, sendo que, neste \u00faltimo caso, a assinatura do(a) supervisor(a) de est\u00e1gio na unidade concedente deve ser acompanhada de carimbo.<\/li>\n<li>A jornada de trabalho determinada no Plano de Est\u00e1gio, conforme a Lei do Est\u00e1gio (Lei n\u00ba 11.788\/2008), deve ser obrigatoriamente de no m\u00e1ximo 6 horas di\u00e1rias e 30 horas semanais.<\/li>\n<li>O hor\u00e1rio de in\u00edcio das atividades de est\u00e1gio deve ser posterior \u00e0s 13h , garantindo, assim, a aus\u00eancia de conflito de hor\u00e1rio com as disciplinas do Curso de Administra\u00e7\u00e3o da UTFPR, que terminam \u00e0s 12h. A primazia das atividades acad\u00eamicas sobre as atividades de est\u00e1gio \u00e9 uma determina\u00e7\u00e3o da Lei do Est\u00e1gio (Lei n\u00ba 11.788\/2008), e n\u00e3o ser\u00e3o aceitos Planos de Est\u00e1gio que estabele\u00e7am o in\u00edcio das atividades antes das 13h.<\/li>\n<li>\n<p>O campo referente ao(\u00e0) professor(a) orientador(a) deve ser deixado em branco, sem preenchimento. A designa\u00e7\u00e3o da orienta\u00e7\u00e3o \u00e9 feita pelo(a) professor(a) respons\u00e1vel pelas atividades de est\u00e1gio. Ap\u00f3s a conclus\u00e3o dos processos de assinatura da documenta\u00e7\u00e3o na Universidade, o(a) estudante receber\u00e1 um e-mail com a documenta\u00e7\u00e3o plenamente assinada, e no cabe\u00e7alho do Plano de Est\u00e1gio estar\u00e1 especificada a designa\u00e7\u00e3o do(a) Professor(a) Orientador(a) e suas informa\u00e7\u00f5es de contato.<\/p>\n<\/li>\n<\/ul><\/div>\n\t\t\t\t<\/div>\n\t\t\t\t\t\t\t<div class=\"elementor-accordion-item\">\n\t\t\t\t\t<div id=\"elementor-tab-title-2303\" class=\"elementor-tab-title\" data-tab=\"3\" role=\"button\" aria-controls=\"elementor-tab-content-2303\" aria-expanded=\"false\">\n\t\t\t\t\t\t\t\t\t\t\t\t\t<span class=\"elementor-accordion-icon elementor-accordion-icon-left\" aria-hidden=\"true\">\n\t\t\t\t\t\t\t\t\t\t\t\t\t\t\t<span class=\"elementor-accordion-icon-closed\"><i class=\"fas fa-plus\"><\/i><\/span>\n\t\t\t\t\t\t\t\t<span class=\"elementor-accordion-icon-opened\"><i class=\"fas fa-minus\"><\/i><\/span>\n\t\t\t\t\t\t\t\t\t\t\t\t\t\t<\/span>\n\t\t\t\t\t\t\t\t\t\t\t\t<a class=\"elementor-accordion-title\" tabindex=\"0\">3\u00ba - Declara\u00e7\u00e3o de Matr\u00edcula<\/a>\n\t\t\t\t\t<\/div>\n\t\t\t\t\t<div id=\"elementor-tab-content-2303\" class=\"elementor-tab-content elementor-clearfix\" data-tab=\"3\" role=\"region\" aria-labelledby=\"elementor-tab-title-2303\"><p>Por fim, o(a) estudante dever\u00e1 emitir uma Declara\u00e7\u00e3o de Matr\u00edcula atualizada, diretamente no <a href=\"https:\/\/www.utfpr.edu.br\/alunos\/portal-do-aluno\"><u>portal do aluno da UTFPR<\/u><\/a>.<\/p>\n<p>Ap\u00f3s reunir os tr\u00eas documentos, eles devem ser encaminhados pelo(a) estudante para o e-mail <a href=\"mailto:estagioadm-ct@utfpr.edu.br\"><u>estagioadm-ct@utfpr.edu.br<\/u><\/a>.<\/p>\n<p>Pronto! Agora, \u00e9 s\u00f3 aguardar a confer\u00eancia da documenta\u00e7\u00e3o pela Secretaria do Departamento Acad\u00eamico de Gest\u00e3o e Economia. Em at\u00e9 5 dias \u00fateis, voc\u00ea receber\u00e1 um e-mail com a documenta\u00e7\u00e3o plenamente assinada pelas partes da Universidade.<\/p>\n<p><strong><em><b><i>Aten\u00e7\u00e3o: <\/i><\/b><\/em><\/strong>Caso esse for o seu primeiro est\u00e1gio na UTFPR, \u00e9 preciso realizar o cadastro pr\u00e9vio no <a href=\"https:\/\/estagio.utfpr.edu.br\"><u>sistema de est\u00e1gios da UTFPR<\/u><\/a>, login aluno.<\/p>\n<p><strong><b>Checklist<\/b><\/strong><\/p>\n<p>Antes de enviar o e-mail com a documenta\u00e7\u00e3o, verifique o checklist abaixo para evitar perda de tempo e retrabalhos:<\/p>\n<ol>\n<li>A documenta\u00e7\u00e3o contempla: Termo de Compromisso de Est\u00e1gio, Plano de Est\u00e1gio e Declara\u00e7\u00e3o de Matr\u00edcula atualizada.<\/li>\n<li>A data de in\u00edcio das atividades determinada na documenta\u00e7\u00e3o (TCE e PE) garante no m\u00ednimo 5 dias \u00fateis de anteced\u00eancia, contados a partir da data de envio do e-mail com a documenta\u00e7\u00e3o completa.<\/li>\n<li>As datas de in\u00edcio e t\u00e9rmino do est\u00e1gio especificadas no TCE e no PE s\u00e3o id\u00eanticas.<\/li>\n<li>O per\u00edodo de realiza\u00e7\u00e3o do est\u00e1gio definido na documenta\u00e7\u00e3o (TCE e PE) \u00e9 igual ou inferior a 2 anos.<\/li>\n<li>A jornada de trabalho n\u00e3o \u00e9 superior a 6 horas di\u00e1rias e 30 horas semanais.<\/li>\n<li>O hor\u00e1rio de in\u00edcio do est\u00e1gio \u00e9 posterior \u00e0s 12h30min.<\/li>\n<li>O Termo de Compromisso de Est\u00e1gio foi assinado pelo(a) representante da unidade concedente de est\u00e1gio, de forma digital com c\u00f3digo verificador grafado no documento ou de forma manuscrita com carimbo.<\/li>\n<li>O Termo de Compromisso de Est\u00e1gio foi assinado pelo estudante de forma digital com c\u00f3digo verificador grafado no documento ou de forma manuscrita.<\/li>\n<li>O Plano de Est\u00e1gio foi elaborado e devidamente preenchido no modelo determinado pela UTFPR.<\/li>\n<li>O campo referente ao(\u00e0) professor(a) orientador(a) no Plano de Est\u00e1gio foi deixado em branco, sem preenchimento.<\/li>\n<li>O Plano de Est\u00e1gio foi assinado pelo(a) supervisor(a) de est\u00e1gio na unidade concedente, de forma digital com c\u00f3digo verificador grafado no documento ou de forma manuscrita com carimbo.<\/li>\n<li>O Plano de Est\u00e1gio foi assinado pelo(a) estudante de forma digital com c\u00f3digo verificador grafado no documento ou de forma manuscrita.<\/li>\n<li>Caso seja o primeiro est\u00e1gio, realizei o cadastro no <a href=\"https:\/\/estagio.utfpr.edu.br\"><u>sistema de est\u00e1gios da UTFPR<\/u><\/a>.<\/li>\n<li>Caso tenha realizado est\u00e1gio anteriormente, este foi formalmente encerrado ou rescindido (com o Termo de Rescis\u00e3o entregue e aceito pela UTFPR), e n\u00e3o possuo pend\u00eancias na entrega dos relat\u00f3rios de acompanhamento de est\u00e1gio.<\/li>\n<\/ol><\/div>\n\t\t\t\t<\/div>\n\t\t\t\t\t\t\t\t<\/div>\n\t\t\t\t\t\t<\/div>\n\t\t\t\t<\/div>\n\t\t\t\t\t<\/div>\n\t\t<\/div>\n\t\t\t\t\t<\/div>\n\t\t<\/section>\n\t\t\t\t<\/div>\n\t\t","protected":false},"excerpt":{"rendered":"<p>O&nbsp;Est\u00e1gio Curricular Obrigat\u00f3rio&nbsp;\u00e9 uma disciplina obrigat\u00f3ria dos Cursos Superiores de Gradua\u00e7\u00e3o e tem por finalidade a complementa\u00e7\u00e3o do ensino e da aprendizagem, adaptando psicol\u00f3gica e social do estudante \u00e0 sua futura atividade profissional, treinamento do estudante para facilitar sua futura absor\u00e7\u00e3o pelo mercado de trabalho e orienta\u00e7\u00e3o do estudante na escolha de sua especializa\u00e7\u00e3o profissional. &hellip; <\/p>\n<p class=\"link-more\"><a href=\"https:\/\/utfpr.curitiba.br\/dagee\/estagio-obrigatorio\/\" class=\"more-link\">Continue lendo<span class=\"screen-reader-text\"> &#8220;Est\u00e1gio Obrigat\u00f3rio&#8221;<\/span><\/a><\/p>\n","protected":false},"author":117,"featured_media":0,"parent":0,"menu_order":0,"comment_status":"closed","ping_status":"closed","template":"","meta":{"footnotes":""},"class_list":["post-3424","page","type-page","status-publish","hentry"],"_links":{"self":[{"href":"https:\/\/utfpr.curitiba.br\/dagee\/wp-json\/wp\/v2\/pages\/3424","targetHints":{"allow":["GET"]}}],"collection":[{"href":"https:\/\/utfpr.curitiba.br\/dagee\/wp-json\/wp\/v2\/pages"}],"about":[{"href":"https:\/\/utfpr.curitiba.br\/dagee\/wp-json\/wp\/v2\/types\/page"}],"author":[{"embeddable":true,"href":"https:\/\/utfpr.curitiba.br\/dagee\/wp-json\/wp\/v2\/users\/117"}],"replies":[{"embeddable":true,"href":"https:\/\/utfpr.curitiba.br\/dagee\/wp-json\/wp\/v2\/comments?post=3424"}],"version-history":[{"count":18,"href":"https:\/\/utfpr.curitiba.br\/dagee\/wp-json\/wp\/v2\/pages\/3424\/revisions"}],"predecessor-version":[{"id":4900,"href":"https:\/\/utfpr.curitiba.br\/dagee\/wp-json\/wp\/v2\/pages\/3424\/revisions\/4900"}],"wp:attachment":[{"href":"https:\/\/utfpr.curitiba.br\/dagee\/wp-json\/wp\/v2\/media?parent=3424"}],"curies":[{"name":"wp","href":"https:\/\/api.w.org\/{rel}","templated":true}]}}