{"id":3421,"date":"2023-04-18T16:27:13","date_gmt":"2023-04-18T19:27:13","guid":{"rendered":"https:\/\/utfpr.curitiba.br\/dagee\/?page_id=3421"},"modified":"2024-03-12T09:16:54","modified_gmt":"2024-03-12T12:16:54","slug":"estagio","status":"publish","type":"page","link":"https:\/\/utfpr.curitiba.br\/dagee\/estagio\/","title":{"rendered":"Est\u00e1gio"},"content":{"rendered":"\t\t<div data-elementor-type=\"wp-page\" data-elementor-id=\"3421\" class=\"elementor elementor-3421\">\n\t\t\t\t\t\t<section class=\"elementor-section elementor-top-section elementor-element elementor-element-6b1d557d elementor-section-boxed elementor-section-height-default elementor-section-height-default\" data-id=\"6b1d557d\" data-element_type=\"section\" data-e-type=\"section\">\n\t\t\t\t\t\t<div class=\"elementor-container elementor-column-gap-default\">\n\t\t\t\t\t<div class=\"elementor-column elementor-col-100 elementor-top-column elementor-element elementor-element-1b475848\" data-id=\"1b475848\" data-element_type=\"column\" data-e-type=\"column\">\n\t\t\t<div class=\"elementor-widget-wrap elementor-element-populated\">\n\t\t\t\t\t\t<div class=\"elementor-element elementor-element-36e400c0 elementor-widget elementor-widget-text-editor\" data-id=\"36e400c0\" data-element_type=\"widget\" data-e-type=\"widget\" data-widget_type=\"text-editor.default\">\n\t\t\t\t<div class=\"elementor-widget-container\">\n\t\t\t\t\t\t\t\t\t\n<p>Est\u00e1gio \u00e9 ato educativo escolar supervisionado (defini\u00e7\u00e3o na&nbsp;<a href=\"http:\/\/www.planalto.gov.br\/ccivil_03\/_ato2007-2010\/2008\/lei\/l11788.htm\" target=\"_blank\" rel=\"noreferrer noopener\">Lei n\u00ba 11.788\/2008<\/a>), desenvolvido no ambiente de trabalho, que visa \u00e0 prepara\u00e7\u00e3o para ingresso no mercado de trabalho do estudante que esteja em ensino regular em institui\u00e7\u00f5es de educa\u00e7\u00e3o superior, de educa\u00e7\u00e3o profissional, de ensino m\u00e9dio, da educa\u00e7\u00e3o especial e dos anos finais do ensino fundamental, na modalidade profissional da educa\u00e7\u00e3o de jovens e adultos.<\/p>\n\n\n\n<p>\u00c9 a oportunidade de integra\u00e7\u00e3o do estudante com a sociedade, oferecendo aos estudantes a adapta\u00e7\u00e3o psicol\u00f3gica e social \u00e0 sua futura atividade social, trocando experi\u00eancias, atrav\u00e9s da aplica\u00e7\u00e3o pr\u00e1tica de seus conhecimentos, renovando e enriquecendo os Recursos Humanos atuais e futuros da comunidade.<\/p>\n\n\n\n<hr class=\"wp-block-separator has-alpha-channel-opacity is-style-default\" \/>\n\n\n\n<p>O Est\u00e1gio Curricular Supervisionado \u00e9 quando o estudante far\u00e1 seu primeiro contato com a realidade do mundo do trabalho, saindo do ambiente acad\u00eamico com seus princ\u00edpios te\u00f3ricos e vislumbrando a complexidade do mundo profissional, suas tecnologias, procedimentos, cultura e ambiente.&nbsp;<\/p>\n\n\n\n<p>O Est\u00e1gio Curricular Obrigat\u00f3rio \u00e9 definido segundo o Regulamento e de acordo com o&nbsp;Projeto Pedag\u00f3gico do Curso de Administra\u00e7\u00e3o, cuja carga hor\u00e1ria \u00e9 requisito para aprova\u00e7\u00e3o e obten\u00e7\u00e3o de diploma. J\u00e1 o Est\u00e1gio N\u00e3o Obrigat\u00f3rio \u00e9&nbsp; desenvolvido como atividade opcional, acrescida \u00e0 carga hor\u00e1ria regular.<\/p>\n\n\n\n<p>Ambos possuem carga hor\u00e1ria de 20 (vinte) a 30 (trinta) horas semanais, podendo ser de 4 a 6 horas por dia.&nbsp; Os alunos podem dar in\u00edcio ao Est\u00e1gio N\u00e3o Obrigat\u00f3rio a partir do primeiro per\u00edodo e o Est\u00e1gios Obrigat\u00f3rios somente a partir do quarto per\u00edodo do curso.<\/p>\n\n\n\n<p>Estudantes que estiverem atuando oficialmente em programas de incentivo \u00e0 pesquisa cient\u00edfica, a extens\u00e3o e inova\u00e7\u00e3o e ao desenvolvimento tecnol\u00f3gico podem valer-se de tais atividades para efeitos de realiza\u00e7\u00e3o do seu Est\u00e1gio Curricular Obrigat\u00f3rio.<\/p>\n\n\n\n<p><strong>Quem \u00e9 o PRAE (Professor Respons\u00e1vel pelas Atividades de Est\u00e1gio)?<\/strong><\/p>\n\n\n\n<p>O PRAE \u00e9 o respons\u00e1vel pela aprova\u00e7\u00e3o, acompanhamento, orienta\u00e7\u00e3o, supervis\u00e3o e matr\u00edcula de est\u00e1gio.&nbsp;Ele tamb\u00e9m escolhe o professor orientador para cada aluno.<\/p>\n\n\n\n<p>&nbsp;<strong>Quem \u00e9 o professor orientador?<\/strong><\/p>\n\n\n\n<p>\u00c9 o professor que orienta o estagi\u00e1rio durante o per\u00edodo de realiza\u00e7\u00e3o das atividades desenvolvidas e tamb\u00e9m o respons\u00e1vel por receber os relat\u00f3rios de est\u00e1gio, parcial e final. O professor orientador \u00e9 escolhido para o aluno pelo PRAE.<\/p>\n\n\n\n<p><strong>\u00c9 importante destacar que as atividades a serem desenvolvidas pelo estagi\u00e1rio devem estar relacionadas de forma clara com as linhas de atua\u00e7\u00e3o do Curso de Administra\u00e7\u00e3o.<\/strong>&nbsp;<\/p>\n\n\n\n<p><\/p>\n\n\n\n<p><a rel=\"noreferrer noopener\" href=\"https:\/\/sei.utfpr.edu.br\/sei\/publicacoes\/controlador_publicacoes.php?acao=publicacao_visualizar&amp;id_documento=1608522&amp;id_orgao_publicacao=0\" target=\"_blank\">Regulamento dos Est\u00e1gios Curriculares Supervisionados dos cursos de bacharelado, dos cursos superiores de tecnologia e dos cursos de educa\u00e7\u00e3o profissional t\u00e9cnica de n\u00edvel m\u00e9dio da UTFPR<\/a>&nbsp;(Resolu\u00e7\u00e3o Conjunta Coemp\/Cogep n\u00ba 01\/2020, de 02 de junho de 2020).<\/p>\n\n\n\n<p>Instru\u00e7\u00f5es para relat\u00f3rios de est\u00e1gio &#8211; Docentes<\/p>\n\n\n\n<div data-wp-interactive=\"core\/file\" class=\"wp-block-file\"><object data-wp-bind--hidden=\"!state.hasPdfPreview\" hidden class=\"wp-block-file__embed\" data=\"https:\/\/utfpr-ct-static-content.s3.amazonaws.com\/utfpr.curitiba.br\/wp-content\/uploads\/sites\/64\/2024\/02\/Orientacoes-relatorios-DOCENTES.pdf\" type=\"application\/pdf\" style=\"width:100%;height:443px\" aria-label=\"Incorporado de Orienta\u00e7\u00f5es relat\u00f3rios DOCENTES.\"><\/object><a id=\"wp-block-file--media-e343cc1b-3b88-421c-bb18-634b01b71b69\" href=\"https:\/\/utfpr-ct-static-content.s3.amazonaws.com\/utfpr.curitiba.br\/wp-content\/uploads\/sites\/64\/2024\/02\/Orientacoes-relatorios-DOCENTES.pdf\" target=\"_blank\" rel=\"noreferrer noopener\">Orienta\u00e7\u00f5es relat\u00f3rios DOCENTES<\/a><a href=\"https:\/\/utfpr-ct-static-content.s3.amazonaws.com\/utfpr.curitiba.br\/wp-content\/uploads\/sites\/64\/2024\/02\/Orientacoes-relatorios-DOCENTES.pdf\" class=\"wp-block-file__button wp-element-button\" download aria-describedby=\"wp-block-file--media-e343cc1b-3b88-421c-bb18-634b01b71b69\">Baixar<\/a><\/div>\n\n\n\n<div class=\"wp-block-buttons is-layout-flex wp-block-buttons-is-layout-flex\">\n<div class=\"wp-block-button\"><a class=\"wp-block-button__link wp-element-button\" href=\"http:\/\/portal.utfpr.edu.br\/estagios\" target=\"_blank\" rel=\"noreferrer noopener\">Modelos de documenta\u00e7\u00e3o necess\u00e1ria<\/a><\/div>\n<\/div>\n\t\t\t\t\t\t\t\t<\/div>\n\t\t\t\t<\/div>\n\t\t\t\t\t<\/div>\n\t\t<\/div>\n\t\t\t\t\t<\/div>\n\t\t<\/section>\n\t\t\t\t<section class=\"elementor-section elementor-top-section elementor-element elementor-element-0ce475b elementor-section-boxed elementor-section-height-default elementor-section-height-default\" data-id=\"0ce475b\" data-element_type=\"section\" data-e-type=\"section\">\n\t\t\t\t\t\t<div class=\"elementor-container elementor-column-gap-default\">\n\t\t\t\t\t<div class=\"elementor-column elementor-col-100 elementor-top-column elementor-element elementor-element-47a67d5\" data-id=\"47a67d5\" data-element_type=\"column\" data-e-type=\"column\">\n\t\t\t<div class=\"elementor-widget-wrap elementor-element-populated\">\n\t\t\t\t\t\t<div class=\"elementor-element elementor-element-6094d18 elementor-widget elementor-widget-spacer\" data-id=\"6094d18\" data-element_type=\"widget\" data-e-type=\"widget\" data-widget_type=\"spacer.default\">\n\t\t\t\t<div class=\"elementor-widget-container\">\n\t\t\t\t\t\t\t<div class=\"elementor-spacer\">\n\t\t\t<div class=\"elementor-spacer-inner\"><\/div>\n\t\t<\/div>\n\t\t\t\t\t\t<\/div>\n\t\t\t\t<\/div>\n\t\t\t\t<div class=\"elementor-element elementor-element-ff23551 elementor-widget elementor-widget-heading\" data-id=\"ff23551\" data-element_type=\"widget\" data-e-type=\"widget\" data-widget_type=\"heading.default\">\n\t\t\t\t<div class=\"elementor-widget-container\">\n\t\t\t\t\t<h2 class=\"elementor-heading-title elementor-size-default\">Saiba mais<\/h2>\t\t\t\t<\/div>\n\t\t\t\t<\/div>\n\t\t\t\t<section class=\"elementor-section elementor-inner-section elementor-element elementor-element-be56c54 elementor-section-boxed elementor-section-height-default elementor-section-height-default\" data-id=\"be56c54\" data-element_type=\"section\" data-e-type=\"section\">\n\t\t\t\t\t\t<div class=\"elementor-container elementor-column-gap-default\">\n\t\t\t\t\t<div class=\"elementor-column elementor-col-50 elementor-inner-column elementor-element elementor-element-c0300e1\" data-id=\"c0300e1\" data-element_type=\"column\" data-e-type=\"column\">\n\t\t\t<div class=\"elementor-widget-wrap\">\n\t\t\t\t\t\t\t<\/div>\n\t\t<\/div>\n\t\t\t\t<div class=\"elementor-column elementor-col-50 elementor-inner-column elementor-element elementor-element-aaa6645\" data-id=\"aaa6645\" data-element_type=\"column\" data-e-type=\"column\">\n\t\t\t<div class=\"elementor-widget-wrap\">\n\t\t\t\t\t\t\t<\/div>\n\t\t<\/div>\n\t\t\t\t\t<\/div>\n\t\t<\/section>\n\t\t\t\t\t<\/div>\n\t\t<\/div>\n\t\t\t\t\t<\/div>\n\t\t<\/section>\n\t\t\t\t<\/div>\n\t\t","protected":false},"excerpt":{"rendered":"<p>Est\u00e1gio \u00e9 ato educativo escolar supervisionado (defini\u00e7\u00e3o na&nbsp;Lei n\u00ba 11.788\/2008), desenvolvido no ambiente de trabalho, que visa \u00e0 prepara\u00e7\u00e3o para ingresso no mercado de trabalho do estudante que esteja em ensino regular em institui\u00e7\u00f5es de educa\u00e7\u00e3o superior, de educa\u00e7\u00e3o profissional, de ensino m\u00e9dio, da educa\u00e7\u00e3o especial e dos anos finais do ensino fundamental, na modalidade &hellip; <\/p>\n<p class=\"link-more\"><a href=\"https:\/\/utfpr.curitiba.br\/dagee\/estagio\/\" class=\"more-link\">Continue lendo<span class=\"screen-reader-text\"> &#8220;Est\u00e1gio&#8221;<\/span><\/a><\/p>\n","protected":false},"author":117,"featured_media":0,"parent":0,"menu_order":0,"comment_status":"closed","ping_status":"closed","template":"","meta":{"footnotes":""},"class_list":["post-3421","page","type-page","status-publish","hentry"],"_links":{"self":[{"href":"https:\/\/utfpr.curitiba.br\/dagee\/wp-json\/wp\/v2\/pages\/3421","targetHints":{"allow":["GET"]}}],"collection":[{"href":"https:\/\/utfpr.curitiba.br\/dagee\/wp-json\/wp\/v2\/pages"}],"about":[{"href":"https:\/\/utfpr.curitiba.br\/dagee\/wp-json\/wp\/v2\/types\/page"}],"author":[{"embeddable":true,"href":"https:\/\/utfpr.curitiba.br\/dagee\/wp-json\/wp\/v2\/users\/117"}],"replies":[{"embeddable":true,"href":"https:\/\/utfpr.curitiba.br\/dagee\/wp-json\/wp\/v2\/comments?post=3421"}],"version-history":[{"count":7,"href":"https:\/\/utfpr.curitiba.br\/dagee\/wp-json\/wp\/v2\/pages\/3421\/revisions"}],"predecessor-version":[{"id":4400,"href":"https:\/\/utfpr.curitiba.br\/dagee\/wp-json\/wp\/v2\/pages\/3421\/revisions\/4400"}],"wp:attachment":[{"href":"https:\/\/utfpr.curitiba.br\/dagee\/wp-json\/wp\/v2\/media?parent=3421"}],"curies":[{"name":"wp","href":"https:\/\/api.w.org\/{rel}","templated":true}]}}