{"id":3399,"date":"2023-04-13T17:17:01","date_gmt":"2023-04-13T20:17:01","guid":{"rendered":"https:\/\/utfpr.curitiba.br\/dagee\/?page_id=3399"},"modified":"2024-03-12T09:32:17","modified_gmt":"2024-03-12T12:32:17","slug":"formas-de-ingresso","status":"publish","type":"page","link":"https:\/\/utfpr.curitiba.br\/dagee\/formas-de-ingresso\/","title":{"rendered":"Formas de ingresso"},"content":{"rendered":"\t\t<div data-elementor-type=\"wp-page\" data-elementor-id=\"3399\" class=\"elementor elementor-3399\">\n\t\t\t\t\t\t<section class=\"elementor-section elementor-top-section elementor-element elementor-element-3d1df6e9 elementor-section-boxed elementor-section-height-default elementor-section-height-default\" data-id=\"3d1df6e9\" data-element_type=\"section\" data-e-type=\"section\">\n\t\t\t\t\t\t<div class=\"elementor-container elementor-column-gap-default\">\n\t\t\t\t\t<div class=\"elementor-column elementor-col-100 elementor-top-column elementor-element elementor-element-2ab241f5\" data-id=\"2ab241f5\" data-element_type=\"column\" data-e-type=\"column\">\n\t\t\t<div class=\"elementor-widget-wrap elementor-element-populated\">\n\t\t\t\t\t\t<div class=\"elementor-element elementor-element-fd7aba4 elementor-widget elementor-widget-text-editor\" data-id=\"fd7aba4\" data-element_type=\"widget\" data-e-type=\"widget\" data-widget_type=\"text-editor.default\">\n\t\t\t\t<div class=\"elementor-widget-container\">\n\t\t\t\t\t\t\t\t\t\n<p>Do primeiro semestre de 2010 at\u00e9 o primeiro semestre de 2023, a Universidade Tecnol\u00f3gica Federal do Paran\u00e1 admitiu novos estudantes exclusivamente pelo SISU (Sistema de Sele\u00e7\u00e3o Unificada), por meio dos resultados obtidos na prova do ENEM (Exame Nacional do Ensino M\u00e9dio).<\/p>\n\n\n\n<p>Contudo, ap\u00f3s mais de 10 anos utilizando esta ferramenta de sele\u00e7\u00e3o para aceitar novos discentes, o vestibular pr\u00f3prio da UTFPR retornou para partilhar as vagas ofertadas em seus cursos de gradua\u00e7\u00e3o com o processo seletivo do SISU.<\/p>\n\n\n\n<p>Desta forma, o n\u00famero total de vagas dispon\u00edveis para cada curso (44 no caso do curso do Bacharelado em Administra\u00e7\u00e3o) ser\u00e1 dividido entre as duas modalidades de forma igualit\u00e1ria, mantendo a distribui\u00e7\u00e3o das cotas proporcional e equivalente \u00e0 estabelecida originalmente.<\/p>\n\t\t\t\t\t\t\t\t<\/div>\n\t\t\t\t<\/div>\n\t\t\t\t\t<\/div>\n\t\t<\/div>\n\t\t\t\t\t<\/div>\n\t\t<\/section>\n\t\t\t\t<section class=\"elementor-section elementor-top-section elementor-element elementor-element-7f61223 elementor-section-boxed elementor-section-height-default elementor-section-height-default\" data-id=\"7f61223\" data-element_type=\"section\" data-e-type=\"section\">\n\t\t\t\t\t\t<div class=\"elementor-container elementor-column-gap-default\">\n\t\t\t\t\t<div class=\"elementor-column elementor-col-100 elementor-top-column elementor-element elementor-element-53f2a18\" data-id=\"53f2a18\" data-element_type=\"column\" data-e-type=\"column\">\n\t\t\t<div class=\"elementor-widget-wrap elementor-element-populated\">\n\t\t\t\t\t\t<div class=\"elementor-element elementor-element-679fb75 elementor-widget elementor-widget-spacer\" data-id=\"679fb75\" data-element_type=\"widget\" data-e-type=\"widget\" data-widget_type=\"spacer.default\">\n\t\t\t\t<div class=\"elementor-widget-container\">\n\t\t\t\t\t\t\t<div class=\"elementor-spacer\">\n\t\t\t<div class=\"elementor-spacer-inner\"><\/div>\n\t\t<\/div>\n\t\t\t\t\t\t<\/div>\n\t\t\t\t<\/div>\n\t\t\t\t<div class=\"elementor-element elementor-element-4d8bd82 elementor-widget elementor-widget-heading\" data-id=\"4d8bd82\" data-element_type=\"widget\" data-e-type=\"widget\" data-widget_type=\"heading.default\">\n\t\t\t\t<div class=\"elementor-widget-container\">\n\t\t\t\t\t<h2 class=\"elementor-heading-title elementor-size-default\">Saiba mais<\/h2>\t\t\t\t<\/div>\n\t\t\t\t<\/div>\n\t\t\t\t<section class=\"elementor-section elementor-inner-section elementor-element elementor-element-caadba4 elementor-section-boxed elementor-section-height-default elementor-section-height-default\" data-id=\"caadba4\" data-element_type=\"section\" data-e-type=\"section\">\n\t\t\t\t\t\t<div class=\"elementor-container elementor-column-gap-default\">\n\t\t\t\t\t<div class=\"elementor-column elementor-col-50 elementor-inner-column elementor-element elementor-element-ba20210\" data-id=\"ba20210\" data-element_type=\"column\" data-e-type=\"column\">\n\t\t\t<div class=\"elementor-widget-wrap\">\n\t\t\t\t\t\t\t<\/div>\n\t\t<\/div>\n\t\t\t\t<div class=\"elementor-column elementor-col-50 elementor-inner-column elementor-element elementor-element-f7b61e8\" data-id=\"f7b61e8\" data-element_type=\"column\" data-e-type=\"column\">\n\t\t\t<div class=\"elementor-widget-wrap\">\n\t\t\t\t\t\t\t<\/div>\n\t\t<\/div>\n\t\t\t\t\t<\/div>\n\t\t<\/section>\n\t\t\t\t\t<\/div>\n\t\t<\/div>\n\t\t\t\t\t<\/div>\n\t\t<\/section>\n\t\t\t\t<\/div>\n\t\t","protected":false},"excerpt":{"rendered":"<p>Do primeiro semestre de 2010 at\u00e9 o primeiro semestre de 2023, a Universidade Tecnol\u00f3gica Federal do Paran\u00e1 admitiu novos estudantes exclusivamente pelo SISU (Sistema de Sele\u00e7\u00e3o Unificada), por meio dos resultados obtidos na prova do ENEM (Exame Nacional do Ensino M\u00e9dio). Contudo, ap\u00f3s mais de 10 anos utilizando esta ferramenta de sele\u00e7\u00e3o para aceitar novos &hellip; <\/p>\n<p class=\"link-more\"><a href=\"https:\/\/utfpr.curitiba.br\/dagee\/formas-de-ingresso\/\" class=\"more-link\">Continue lendo<span class=\"screen-reader-text\"> &#8220;Formas de ingresso&#8221;<\/span><\/a><\/p>\n","protected":false},"author":117,"featured_media":0,"parent":0,"menu_order":0,"comment_status":"closed","ping_status":"closed","template":"","meta":{"footnotes":""},"class_list":["post-3399","page","type-page","status-publish","hentry"],"_links":{"self":[{"href":"https:\/\/utfpr.curitiba.br\/dagee\/wp-json\/wp\/v2\/pages\/3399","targetHints":{"allow":["GET"]}}],"collection":[{"href":"https:\/\/utfpr.curitiba.br\/dagee\/wp-json\/wp\/v2\/pages"}],"about":[{"href":"https:\/\/utfpr.curitiba.br\/dagee\/wp-json\/wp\/v2\/types\/page"}],"author":[{"embeddable":true,"href":"https:\/\/utfpr.curitiba.br\/dagee\/wp-json\/wp\/v2\/users\/117"}],"replies":[{"embeddable":true,"href":"https:\/\/utfpr.curitiba.br\/dagee\/wp-json\/wp\/v2\/comments?post=3399"}],"version-history":[{"count":8,"href":"https:\/\/utfpr.curitiba.br\/dagee\/wp-json\/wp\/v2\/pages\/3399\/revisions"}],"predecessor-version":[{"id":4406,"href":"https:\/\/utfpr.curitiba.br\/dagee\/wp-json\/wp\/v2\/pages\/3399\/revisions\/4406"}],"wp:attachment":[{"href":"https:\/\/utfpr.curitiba.br\/dagee\/wp-json\/wp\/v2\/media?parent=3399"}],"curies":[{"name":"wp","href":"https:\/\/api.w.org\/{rel}","templated":true}]}}