{"id":3364,"date":"2023-04-13T14:42:14","date_gmt":"2023-04-13T17:42:14","guid":{"rendered":"https:\/\/utfpr.curitiba.br\/dagee\/?page_id=3364"},"modified":"2023-04-24T18:36:55","modified_gmt":"2023-04-24T21:36:55","slug":"sisu-ingresso-pelo-enem","status":"publish","type":"page","link":"https:\/\/utfpr.curitiba.br\/dagee\/sisu-ingresso-pelo-enem\/","title":{"rendered":"SISU &#8211; ingresso pelo ENEM"},"content":{"rendered":"\n<p>Quem almeja estudar na Universidade Tecnologica Federal do Paran\u00e1 pode ingressar por meio do Sistema de Sele\u00e7\u00e3o Unificada (SISU). <\/p>\n\n\n\n<p>O sistema executa a sele\u00e7\u00e3o dos estudantes com base na nota do Exame Nacional do Ensino M\u00e9dio (ENEM), at\u00e9 o limite da oferta das vagas, por curso e modalidade de concorr\u00eancia, de acordo com as escolhas dos candidatos inscritos, eles s\u00e3o selecionados por ordem de maior classifica\u00e7\u00e3o, em cada uma das duas edi\u00e7\u00f5es anuais do SISU (no come\u00e7o e no meio do ano).<\/p>\n\n\n\n<p>A vincula\u00e7\u00e3o ao SISU \u00e9 gratuita e feita, exclusivamente, pela internet. O ingresso em seu sistema de inscri\u00e7\u00e3o \u00e9 realizado com as informa\u00e7\u00f5es de login e senha para acesso aos servi\u00e7os digitais do governo federal, mediante uma conta no gov.br.<\/p>\n\n\n\n<p>No momento em que o candidato realiza o login no SISU, o sistema recupera, automaticamente, as notas dele obtidas na edi\u00e7\u00e3o do Enem v\u00e1lida para o processo seletivo.<\/p>\n\n\n\n<p>No ato da inscri\u00e7\u00e3o, o candidato deve escolher\u00a0at\u00e9 duas op\u00e7\u00f5es\u00a0de curso dentre as ofertadas em cada processo seletivo do SISU. \u00c9 poss\u00edvel alterar as op\u00e7\u00f5es de curso durante todo o per\u00edodo de inscri\u00e7\u00f5es, contudo, cabe salientar que a inscri\u00e7\u00e3o v\u00e1lida, ou seja, aquela que ser\u00e1 efetivamente considerada,  ser\u00e1 a \u00faltima registrada no sistema.<\/p>\n\n\n\n<p>Quem n\u00e3o for selecionado em nenhuma das duas op\u00e7\u00f5es de curso indicadas no ato de inscri\u00e7\u00e3o ainda pode disputar uma das vagas por meio da lista de espera do SISU. Para tal, \u00e9 importante ficar atento aos prazos e manifestar interesse em participar da lista de espera.<\/p>\n\n\n\n<p>As vagas ofertadas no SISU s\u00e3o distribu\u00eddas conforme determina\u00e7\u00e3o da Lei de Cotas (Lei 12.711\/2012) e, ainda, de acordo com as pol\u00edticas e a\u00e7\u00f5es afirmativas que podem ser adotadas por institui\u00e7\u00f5es p\u00fablicas de ensino superior, como vagas reservadas e aplica\u00e7\u00e3o de b\u00f4nus sobre a nota do candidato que atenda o perfil indicado pela institui\u00e7\u00e3o. De acordo com as especifica\u00e7\u00f5es da institui\u00e7\u00e3o, o sistema faz, automaticamente, o c\u00e1lculo e gera uma nova nota, que \u00e9 apresentada ao candidato.<\/p>\n\n\n\n<p>Cabe salientar que todos os estudantes que participaram da edi\u00e7\u00e3o do ENEM mais recente antes do processo seletivo, que obtiveram nota na prova de reda\u00e7\u00e3o maior do que zero e n\u00e3o declararam estar na condi\u00e7\u00e3o de treineiro ao se inscrever na prova, est\u00e3o aptos a se candidatarem ao SISU. <\/p>\n\n\n\n<div class=\"wp-block-buttons is-layout-flex wp-block-buttons-is-layout-flex\">\n<div class=\"wp-block-button\"><a class=\"wp-block-button__link\" href=\"https:\/\/acessounico.mec.gov.br\/sisu\" target=\"_blank\" rel=\"noreferrer noopener\">Sobre o SISU<\/a><\/div>\n\n\n\n<div class=\"wp-block-button\"><a class=\"wp-block-button__link\" href=\"https:\/\/sso.acesso.gov.br\/login?client_id=portal-logado.estaleiro.serpro.gov.br&amp;authorization_id=187b5228e82\" target=\"_blank\" rel=\"noreferrer noopener\">Inscri\u00e7\u00e3o gov.br<\/a><\/div>\n\n\n\n<div class=\"wp-block-button\"><a class=\"wp-block-button__link\" href=\"https:\/\/sisualuno.mec.gov.br\/#\/login\" target=\"_blank\" rel=\"noreferrer noopener\">Acesse o SISU<\/a><\/div>\n<\/div>\n","protected":false},"excerpt":{"rendered":"<p>Quem almeja estudar na Universidade Tecnologica Federal do Paran\u00e1 pode ingressar por meio do Sistema de Sele\u00e7\u00e3o Unificada (SISU). O sistema executa a sele\u00e7\u00e3o dos estudantes com base na nota do Exame Nacional do Ensino M\u00e9dio (ENEM), at\u00e9 o limite da oferta das vagas, por curso e modalidade de concorr\u00eancia, de acordo com as escolhas &hellip; <\/p>\n<p class=\"link-more\"><a href=\"https:\/\/utfpr.curitiba.br\/dagee\/sisu-ingresso-pelo-enem\/\" class=\"more-link\">Continue lendo<span class=\"screen-reader-text\"> &#8220;SISU &#8211; ingresso pelo ENEM&#8221;<\/span><\/a><\/p>\n","protected":false},"author":117,"featured_media":0,"parent":0,"menu_order":0,"comment_status":"closed","ping_status":"closed","template":"","meta":{"footnotes":""},"class_list":["post-3364","page","type-page","status-publish","hentry"],"_links":{"self":[{"href":"https:\/\/utfpr.curitiba.br\/dagee\/wp-json\/wp\/v2\/pages\/3364","targetHints":{"allow":["GET"]}}],"collection":[{"href":"https:\/\/utfpr.curitiba.br\/dagee\/wp-json\/wp\/v2\/pages"}],"about":[{"href":"https:\/\/utfpr.curitiba.br\/dagee\/wp-json\/wp\/v2\/types\/page"}],"author":[{"embeddable":true,"href":"https:\/\/utfpr.curitiba.br\/dagee\/wp-json\/wp\/v2\/users\/117"}],"replies":[{"embeddable":true,"href":"https:\/\/utfpr.curitiba.br\/dagee\/wp-json\/wp\/v2\/comments?post=3364"}],"version-history":[{"count":10,"href":"https:\/\/utfpr.curitiba.br\/dagee\/wp-json\/wp\/v2\/pages\/3364\/revisions"}],"predecessor-version":[{"id":3671,"href":"https:\/\/utfpr.curitiba.br\/dagee\/wp-json\/wp\/v2\/pages\/3364\/revisions\/3671"}],"wp:attachment":[{"href":"https:\/\/utfpr.curitiba.br\/dagee\/wp-json\/wp\/v2\/media?parent=3364"}],"curies":[{"name":"wp","href":"https:\/\/api.w.org\/{rel}","templated":true}]}}