{"id":3340,"date":"2023-04-12T18:53:23","date_gmt":"2023-04-12T21:53:23","guid":{"rendered":"https:\/\/utfpr.curitiba.br\/dagee\/?page_id=3340"},"modified":"2024-03-12T09:46:34","modified_gmt":"2024-03-12T12:46:34","slug":"stricto-sensu","status":"publish","type":"page","link":"https:\/\/utfpr.curitiba.br\/dagee\/stricto-sensu\/","title":{"rendered":"Stricto Sensu"},"content":{"rendered":"\t\t<div data-elementor-type=\"wp-page\" data-elementor-id=\"3340\" class=\"elementor elementor-3340\">\n\t\t\t\t\t\t<section class=\"elementor-section elementor-top-section elementor-element elementor-element-2a8549de elementor-section-boxed elementor-section-height-default elementor-section-height-default\" data-id=\"2a8549de\" data-element_type=\"section\" data-e-type=\"section\">\n\t\t\t\t\t\t<div class=\"elementor-container elementor-column-gap-default\">\n\t\t\t\t\t<div class=\"elementor-column elementor-col-100 elementor-top-column elementor-element elementor-element-47d6a0df\" data-id=\"47d6a0df\" data-element_type=\"column\" data-e-type=\"column\">\n\t\t\t<div class=\"elementor-widget-wrap elementor-element-populated\">\n\t\t\t\t\t\t<div class=\"elementor-element elementor-element-4a4614a5 elementor-widget elementor-widget-text-editor\" data-id=\"4a4614a5\" data-element_type=\"widget\" data-e-type=\"widget\" data-widget_type=\"text-editor.default\">\n\t\t\t\t<div class=\"elementor-widget-container\">\n\t\t\t\t\t\t\t\t\t\n<p>Os cursos de p\u00f3s-gradua\u00e7\u00e3o stricto sensu compreendem programas de mestrado e doutorado sujeitos ao reconhecimento e autoriza\u00e7\u00e3o do Minist\u00e9rio da Educa\u00e7\u00e3o.<\/p>\n\n\n\n<p>S\u00e3o recomendados para os candidatos que desejam seguir a sua voca\u00e7\u00e3o para uma carreira acad\u00eamica, seja dando aulas, seja no campo de pesquisa.<\/p>\n\n\n\n<p>S\u00e3o cursos mais demorados, que podem variar de dois a cinco anos, e envolvem a formula\u00e7\u00e3o de uma disserta\u00e7\u00e3o in\u00e9dita, que deve ser desenvolvida com base em uma linha de racioc\u00ednio espec\u00edfica e ter seus resultados defendidos como conclus\u00e3o. <\/p>\n\n\n\n<p>Ao final do curso o aluno recebe um diploma com o t\u00edtulo acad\u00eamico de mestre ou de doutor.<\/p>\n\t\t\t\t\t\t\t\t<\/div>\n\t\t\t\t<\/div>\n\t\t\t\t\t<\/div>\n\t\t<\/div>\n\t\t\t\t\t<\/div>\n\t\t<\/section>\n\t\t\t\t<section class=\"elementor-section elementor-top-section elementor-element elementor-element-b35380a elementor-section-boxed elementor-section-height-default elementor-section-height-default\" data-id=\"b35380a\" data-element_type=\"section\" data-e-type=\"section\">\n\t\t\t\t\t\t<div class=\"elementor-container elementor-column-gap-default\">\n\t\t\t\t\t<div class=\"elementor-column elementor-col-100 elementor-top-column elementor-element elementor-element-7ff88fd\" data-id=\"7ff88fd\" data-element_type=\"column\" data-e-type=\"column\">\n\t\t\t<div class=\"elementor-widget-wrap elementor-element-populated\">\n\t\t\t\t\t\t<div class=\"elementor-element elementor-element-7b814eb elementor-widget elementor-widget-spacer\" data-id=\"7b814eb\" data-element_type=\"widget\" data-e-type=\"widget\" data-widget_type=\"spacer.default\">\n\t\t\t\t<div class=\"elementor-widget-container\">\n\t\t\t\t\t\t\t<div class=\"elementor-spacer\">\n\t\t\t<div class=\"elementor-spacer-inner\"><\/div>\n\t\t<\/div>\n\t\t\t\t\t\t<\/div>\n\t\t\t\t<\/div>\n\t\t\t\t<div class=\"elementor-element elementor-element-294ed25 elementor-widget elementor-widget-heading\" data-id=\"294ed25\" data-element_type=\"widget\" data-e-type=\"widget\" data-widget_type=\"heading.default\">\n\t\t\t\t<div class=\"elementor-widget-container\">\n\t\t\t\t\t<h2 class=\"elementor-heading-title elementor-size-default\">Saiba mais<\/h2>\t\t\t\t<\/div>\n\t\t\t\t<\/div>\n\t\t\t\t<section class=\"elementor-section elementor-inner-section elementor-element elementor-element-59153a1 elementor-section-boxed elementor-section-height-default elementor-section-height-default\" data-id=\"59153a1\" data-element_type=\"section\" data-e-type=\"section\">\n\t\t\t\t\t\t<div class=\"elementor-container elementor-column-gap-default\">\n\t\t\t\t\t<div class=\"elementor-column elementor-col-50 elementor-inner-column elementor-element elementor-element-62b7b42\" data-id=\"62b7b42\" data-element_type=\"column\" data-e-type=\"column\">\n\t\t\t<div class=\"elementor-widget-wrap\">\n\t\t\t\t\t\t\t<\/div>\n\t\t<\/div>\n\t\t\t\t<div class=\"elementor-column elementor-col-50 elementor-inner-column elementor-element elementor-element-a99bd7b\" data-id=\"a99bd7b\" data-element_type=\"column\" data-e-type=\"column\">\n\t\t\t<div class=\"elementor-widget-wrap\">\n\t\t\t\t\t\t\t<\/div>\n\t\t<\/div>\n\t\t\t\t\t<\/div>\n\t\t<\/section>\n\t\t\t\t\t<\/div>\n\t\t<\/div>\n\t\t\t\t\t<\/div>\n\t\t<\/section>\n\t\t\t\t<\/div>\n\t\t","protected":false},"excerpt":{"rendered":"<p>Os cursos de p\u00f3s-gradua\u00e7\u00e3o stricto sensu compreendem programas de mestrado e doutorado sujeitos ao reconhecimento e autoriza\u00e7\u00e3o do Minist\u00e9rio da Educa\u00e7\u00e3o. S\u00e3o recomendados para os candidatos que desejam seguir a sua voca\u00e7\u00e3o para uma carreira acad\u00eamica, seja dando aulas, seja no campo de pesquisa. S\u00e3o cursos mais demorados, que podem variar de dois a cinco &hellip; <\/p>\n<p class=\"link-more\"><a href=\"https:\/\/utfpr.curitiba.br\/dagee\/stricto-sensu\/\" class=\"more-link\">Continue lendo<span class=\"screen-reader-text\"> &#8220;Stricto Sensu&#8221;<\/span><\/a><\/p>\n","protected":false},"author":117,"featured_media":0,"parent":0,"menu_order":0,"comment_status":"closed","ping_status":"closed","template":"","meta":{"footnotes":""},"class_list":["post-3340","page","type-page","status-publish","hentry"],"_links":{"self":[{"href":"https:\/\/utfpr.curitiba.br\/dagee\/wp-json\/wp\/v2\/pages\/3340","targetHints":{"allow":["GET"]}}],"collection":[{"href":"https:\/\/utfpr.curitiba.br\/dagee\/wp-json\/wp\/v2\/pages"}],"about":[{"href":"https:\/\/utfpr.curitiba.br\/dagee\/wp-json\/wp\/v2\/types\/page"}],"author":[{"embeddable":true,"href":"https:\/\/utfpr.curitiba.br\/dagee\/wp-json\/wp\/v2\/users\/117"}],"replies":[{"embeddable":true,"href":"https:\/\/utfpr.curitiba.br\/dagee\/wp-json\/wp\/v2\/comments?post=3340"}],"version-history":[{"count":7,"href":"https:\/\/utfpr.curitiba.br\/dagee\/wp-json\/wp\/v2\/pages\/3340\/revisions"}],"predecessor-version":[{"id":4417,"href":"https:\/\/utfpr.curitiba.br\/dagee\/wp-json\/wp\/v2\/pages\/3340\/revisions\/4417"}],"wp:attachment":[{"href":"https:\/\/utfpr.curitiba.br\/dagee\/wp-json\/wp\/v2\/media?parent=3340"}],"curies":[{"name":"wp","href":"https:\/\/api.w.org\/{rel}","templated":true}]}}