{"id":3286,"date":"2023-04-10T15:43:43","date_gmt":"2023-04-10T18:43:43","guid":{"rendered":"https:\/\/utfpr.curitiba.br\/dagee\/?page_id=3286"},"modified":"2024-03-12T09:27:44","modified_gmt":"2024-03-12T12:27:44","slug":"matriz-do-curso-carga-horaria","status":"publish","type":"page","link":"https:\/\/utfpr.curitiba.br\/dagee\/matriz-do-curso-carga-horaria\/","title":{"rendered":"Matriz do curso (carga hor\u00e1ria)"},"content":{"rendered":"\t\t<div data-elementor-type=\"wp-page\" data-elementor-id=\"3286\" class=\"elementor elementor-3286\">\n\t\t\t\t\t\t<section class=\"elementor-section elementor-top-section elementor-element elementor-element-7289ab12 elementor-section-boxed elementor-section-height-default elementor-section-height-default\" data-id=\"7289ab12\" data-element_type=\"section\" data-e-type=\"section\">\n\t\t\t\t\t\t<div class=\"elementor-container elementor-column-gap-default\">\n\t\t\t\t\t<div class=\"elementor-column elementor-col-100 elementor-top-column elementor-element elementor-element-6975224a\" data-id=\"6975224a\" data-element_type=\"column\" data-e-type=\"column\">\n\t\t\t<div class=\"elementor-widget-wrap elementor-element-populated\">\n\t\t\t\t\t\t<div class=\"elementor-element elementor-element-fddc285 elementor-widget elementor-widget-text-editor\" data-id=\"fddc285\" data-element_type=\"widget\" data-e-type=\"widget\" data-widget_type=\"text-editor.default\">\n\t\t\t\t<div class=\"elementor-widget-container\">\n\t\t\t\t\t\t\t\t\t\n<div class=\"wp-block-columns is-layout-flex wp-container-core-columns-is-layout-9d6595d7 wp-block-columns-is-layout-flex\">\n<div class=\"wp-block-column is-layout-flow wp-block-column-is-layout-flow\">\n<p>Recentemente a matriz curricular do Curso de Bacharelado em Administra\u00e7\u00e3o da UTFPR, campus Curitiba, sofreu uma modifica\u00e7\u00e3o e atualiza\u00e7\u00e3o. A nova grade entrar\u00e1 em vigor a partir do per\u00edodo 2023.2, no entanto, a matriz antiga ainda ser\u00e1 ofertada aos veteranos que ingressaram antes do per\u00edodo destacado.<\/p>\n\n\n\n<p>A configura\u00e7\u00e3o da matriz antiga pode ser contemplada a seguir:<\/p>\n<\/div>\n<\/div>\n\n\n\n<div class=\"wp-block-file\"><a id=\"wp-block-file--media-f5c0181e-8819-48cf-995a-a2056be4130a\" href=\"https:\/\/utfpr-ct-static-content.s3.amazonaws.com\/utfpr.curitiba.br\/wp-content\/uploads\/sites\/64\/2023\/04\/Tabela-disciplinas-bacharelado-1.png\">Tabela-disciplinas-bacharelado-1<\/a><\/div>\n\n\n\n<figure class=\"wp-block-image size-full\"><img fetchpriority=\"high\" decoding=\"async\" width=\"596\" height=\"842\" src=\"https:\/\/utfpr-ct-static-content.s3.amazonaws.com\/utfpr.curitiba.br\/wp-content\/uploads\/sites\/64\/2023\/04\/Tabela-disciplinas-bacharelado-1-1.png\" alt=\"\" class=\"wp-image-3355\" srcset=\"https:\/\/utfpr-ct-static-content.s3.amazonaws.com\/utfpr.curitiba.br\/wp-content\/uploads\/sites\/64\/2023\/04\/Tabela-disciplinas-bacharelado-1-1.png 596w, https:\/\/utfpr-ct-static-content.s3.amazonaws.com\/utfpr.curitiba.br\/wp-content\/uploads\/sites\/64\/2023\/04\/Tabela-disciplinas-bacharelado-1-1-212x300.png 212w\" sizes=\"(max-width: 596px) 100vw, 596px\" \/><\/figure>\n\n\n\n<figure class=\"wp-block-image size-full\"><img decoding=\"async\" width=\"596\" height=\"842\" src=\"https:\/\/utfpr-ct-static-content.s3.amazonaws.com\/utfpr.curitiba.br\/wp-content\/uploads\/sites\/64\/2023\/04\/Tabela-disciplinas-bacharelado-2-1.png\" alt=\"\" class=\"wp-image-3352\" srcset=\"https:\/\/utfpr-ct-static-content.s3.amazonaws.com\/utfpr.curitiba.br\/wp-content\/uploads\/sites\/64\/2023\/04\/Tabela-disciplinas-bacharelado-2-1.png 596w, https:\/\/utfpr-ct-static-content.s3.amazonaws.com\/utfpr.curitiba.br\/wp-content\/uploads\/sites\/64\/2023\/04\/Tabela-disciplinas-bacharelado-2-1-212x300.png 212w\" sizes=\"(max-width: 596px) 100vw, 596px\" \/><\/figure>\n\n\n\n<figure class=\"wp-block-image size-full\"><img decoding=\"async\" width=\"596\" height=\"843\" src=\"https:\/\/utfpr-ct-static-content.s3.amazonaws.com\/utfpr.curitiba.br\/wp-content\/uploads\/sites\/64\/2023\/04\/Tabela-disciplinas-bacharelado-3.png\" alt=\"\" class=\"wp-image-3353\" srcset=\"https:\/\/utfpr-ct-static-content.s3.amazonaws.com\/utfpr.curitiba.br\/wp-content\/uploads\/sites\/64\/2023\/04\/Tabela-disciplinas-bacharelado-3.png 596w, https:\/\/utfpr-ct-static-content.s3.amazonaws.com\/utfpr.curitiba.br\/wp-content\/uploads\/sites\/64\/2023\/04\/Tabela-disciplinas-bacharelado-3-212x300.png 212w\" sizes=\"(max-width: 596px) 100vw, 596px\" \/><\/figure>\n\n\n\n<figure class=\"wp-block-image size-full\"><img loading=\"lazy\" decoding=\"async\" width=\"596\" height=\"843\" src=\"https:\/\/utfpr-ct-static-content.s3.amazonaws.com\/utfpr.curitiba.br\/wp-content\/uploads\/sites\/64\/2023\/04\/Tabela-disciplinas-bacharelado-4.png\" alt=\"\" class=\"wp-image-3356\" srcset=\"https:\/\/utfpr-ct-static-content.s3.amazonaws.com\/utfpr.curitiba.br\/wp-content\/uploads\/sites\/64\/2023\/04\/Tabela-disciplinas-bacharelado-4.png 596w, https:\/\/utfpr-ct-static-content.s3.amazonaws.com\/utfpr.curitiba.br\/wp-content\/uploads\/sites\/64\/2023\/04\/Tabela-disciplinas-bacharelado-4-212x300.png 212w\" sizes=\"(max-width: 596px) 100vw, 596px\" \/><\/figure>\n\n\n\n<figure class=\"wp-block-image size-full\"><img loading=\"lazy\" decoding=\"async\" width=\"596\" height=\"596\" src=\"https:\/\/utfpr-ct-static-content.s3.amazonaws.com\/utfpr.curitiba.br\/wp-content\/uploads\/sites\/64\/2023\/07\/5-100-1-edited.jpg\" alt=\"\" class=\"wp-image-4107\" srcset=\"https:\/\/utfpr-ct-static-content.s3.amazonaws.com\/utfpr.curitiba.br\/wp-content\/uploads\/sites\/64\/2023\/07\/5-100-1-edited.jpg 596w, https:\/\/utfpr-ct-static-content.s3.amazonaws.com\/utfpr.curitiba.br\/wp-content\/uploads\/sites\/64\/2023\/07\/5-100-1-edited-300x300.jpg 300w, https:\/\/utfpr-ct-static-content.s3.amazonaws.com\/utfpr.curitiba.br\/wp-content\/uploads\/sites\/64\/2023\/07\/5-100-1-edited-150x150.jpg 150w, https:\/\/utfpr-ct-static-content.s3.amazonaws.com\/utfpr.curitiba.br\/wp-content\/uploads\/sites\/64\/2023\/07\/5-100-1-edited-100x100.jpg 100w\" sizes=\"(max-width: 596px) 100vw, 596px\" \/><\/figure>\n\n\n\n<p><\/p>\n\n\n\n<div data-wp-interactive=\"core\/file\" class=\"wp-block-file\"><object data-wp-bind--hidden=\"!state.hasPdfPreview\" hidden class=\"wp-block-file__embed\" data=\"https:\/\/utfpr-ct-static-content.s3.amazonaws.com\/utfpr.curitiba.br\/wp-content\/uploads\/sites\/64\/2023\/07\/Matriz-Antiga-na-Integra.pdf\" type=\"application\/pdf\" style=\"width:100%;height:220px\" aria-label=\"Incorporado de Matriz-Antiga-na-Integra.\"><\/object><a id=\"wp-block-file--media-bf97092c-590b-4d2a-9db7-8fec8b192cdd\" href=\"https:\/\/utfpr-ct-static-content.s3.amazonaws.com\/utfpr.curitiba.br\/wp-content\/uploads\/sites\/64\/2023\/07\/Matriz-Antiga-na-Integra.pdf\">Matriz-Antiga-na-Integra<\/a><a href=\"https:\/\/utfpr-ct-static-content.s3.amazonaws.com\/utfpr.curitiba.br\/wp-content\/uploads\/sites\/64\/2023\/07\/Matriz-Antiga-na-Integra.pdf\" class=\"wp-block-file__button wp-element-button\" download aria-describedby=\"wp-block-file--media-bf97092c-590b-4d2a-9db7-8fec8b192cdd\">Baixar<\/a><\/div>\n\n\n\n<p><\/p>\n\n\n\n<p><\/p>\n\n\n\n<p><\/p>\n\t\t\t\t\t\t\t\t<\/div>\n\t\t\t\t<\/div>\n\t\t\t\t\t<\/div>\n\t\t<\/div>\n\t\t\t\t\t<\/div>\n\t\t<\/section>\n\t\t\t\t<section class=\"elementor-section elementor-top-section elementor-element elementor-element-6394787 elementor-section-boxed elementor-section-height-default elementor-section-height-default\" data-id=\"6394787\" data-element_type=\"section\" data-e-type=\"section\">\n\t\t\t\t\t\t<div class=\"elementor-container elementor-column-gap-default\">\n\t\t\t\t\t<div class=\"elementor-column elementor-col-100 elementor-top-column elementor-element elementor-element-2942af7\" data-id=\"2942af7\" data-element_type=\"column\" data-e-type=\"column\">\n\t\t\t<div class=\"elementor-widget-wrap elementor-element-populated\">\n\t\t\t\t\t\t<div class=\"elementor-element elementor-element-dfdbcb5 elementor-widget elementor-widget-spacer\" data-id=\"dfdbcb5\" data-element_type=\"widget\" data-e-type=\"widget\" data-widget_type=\"spacer.default\">\n\t\t\t\t<div class=\"elementor-widget-container\">\n\t\t\t\t\t\t\t<div class=\"elementor-spacer\">\n\t\t\t<div class=\"elementor-spacer-inner\"><\/div>\n\t\t<\/div>\n\t\t\t\t\t\t<\/div>\n\t\t\t\t<\/div>\n\t\t\t\t<div class=\"elementor-element elementor-element-d904945 elementor-widget elementor-widget-heading\" data-id=\"d904945\" data-element_type=\"widget\" data-e-type=\"widget\" data-widget_type=\"heading.default\">\n\t\t\t\t<div class=\"elementor-widget-container\">\n\t\t\t\t\t<h2 class=\"elementor-heading-title elementor-size-default\">Saiba mais<\/h2>\t\t\t\t<\/div>\n\t\t\t\t<\/div>\n\t\t\t\t\t<\/div>\n\t\t<\/div>\n\t\t\t\t\t<\/div>\n\t\t<\/section>\n\t\t\t\t<\/div>\n\t\t","protected":false},"excerpt":{"rendered":"<p>Recentemente a matriz curricular do Curso de Bacharelado em Administra\u00e7\u00e3o da UTFPR, campus Curitiba, sofreu uma modifica\u00e7\u00e3o e atualiza\u00e7\u00e3o. A nova grade entrar\u00e1 em vigor a partir do per\u00edodo 2023.2, no entanto, a matriz antiga ainda ser\u00e1 ofertada aos veteranos que ingressaram antes do per\u00edodo destacado. A configura\u00e7\u00e3o da matriz antiga pode ser contemplada a &hellip; <\/p>\n<p class=\"link-more\"><a href=\"https:\/\/utfpr.curitiba.br\/dagee\/matriz-do-curso-carga-horaria\/\" class=\"more-link\">Continue lendo<span class=\"screen-reader-text\"> &#8220;Matriz do curso (carga hor\u00e1ria)&#8221;<\/span><\/a><\/p>\n","protected":false},"author":117,"featured_media":0,"parent":0,"menu_order":0,"comment_status":"closed","ping_status":"closed","template":"","meta":{"footnotes":""},"class_list":["post-3286","page","type-page","status-publish","hentry"],"_links":{"self":[{"href":"https:\/\/utfpr.curitiba.br\/dagee\/wp-json\/wp\/v2\/pages\/3286","targetHints":{"allow":["GET"]}}],"collection":[{"href":"https:\/\/utfpr.curitiba.br\/dagee\/wp-json\/wp\/v2\/pages"}],"about":[{"href":"https:\/\/utfpr.curitiba.br\/dagee\/wp-json\/wp\/v2\/types\/page"}],"author":[{"embeddable":true,"href":"https:\/\/utfpr.curitiba.br\/dagee\/wp-json\/wp\/v2\/users\/117"}],"replies":[{"embeddable":true,"href":"https:\/\/utfpr.curitiba.br\/dagee\/wp-json\/wp\/v2\/comments?post=3286"}],"version-history":[{"count":10,"href":"https:\/\/utfpr.curitiba.br\/dagee\/wp-json\/wp\/v2\/pages\/3286\/revisions"}],"predecessor-version":[{"id":4403,"href":"https:\/\/utfpr.curitiba.br\/dagee\/wp-json\/wp\/v2\/pages\/3286\/revisions\/4403"}],"wp:attachment":[{"href":"https:\/\/utfpr.curitiba.br\/dagee\/wp-json\/wp\/v2\/media?parent=3286"}],"curies":[{"name":"wp","href":"https:\/\/api.w.org\/{rel}","templated":true}]}}