{"id":3173,"date":"2018-03-02T13:33:16","date_gmt":"2018-03-02T16:33:16","guid":{"rendered":"http:\/\/blogs.ct.utfpr.edu.br\/dagee\/?page_id=3173"},"modified":"2023-05-08T17:12:26","modified_gmt":"2023-05-08T20:12:26","slug":"programa-de-pos-graduacao-em-administracao","status":"publish","type":"page","link":"https:\/\/utfpr.curitiba.br\/dagee\/programa-de-pos-graduacao-em-administracao\/","title":{"rendered":"Programa de P\u00f3s-Gradua\u00e7\u00e3o em Administra\u00e7\u00e3o"},"content":{"rendered":"\n<figure class=\"wp-block-image size-large is-resized\"><img fetchpriority=\"high\" decoding=\"async\" src=\"https:\/\/utfpr-ct-static-content.s3.amazonaws.com\/utfpr.curitiba.br\/wp-content\/uploads\/sites\/64\/2023\/05\/PPGA-1024x404.png\" alt=\"\" class=\"wp-image-3757\" width=\"768\" height=\"303\" srcset=\"https:\/\/utfpr-ct-static-content.s3.amazonaws.com\/utfpr.curitiba.br\/wp-content\/uploads\/sites\/64\/2023\/05\/PPGA-1024x404.png 1024w, https:\/\/utfpr-ct-static-content.s3.amazonaws.com\/utfpr.curitiba.br\/wp-content\/uploads\/sites\/64\/2023\/05\/PPGA-300x118.png 300w, https:\/\/utfpr-ct-static-content.s3.amazonaws.com\/utfpr.curitiba.br\/wp-content\/uploads\/sites\/64\/2023\/05\/PPGA-768x303.png 768w, https:\/\/utfpr-ct-static-content.s3.amazonaws.com\/utfpr.curitiba.br\/wp-content\/uploads\/sites\/64\/2023\/05\/PPGA-1536x606.png 1536w, https:\/\/utfpr-ct-static-content.s3.amazonaws.com\/utfpr.curitiba.br\/wp-content\/uploads\/sites\/64\/2023\/05\/PPGA-2048x808.png 2048w\" sizes=\"(max-width: 706px) 89vw, (max-width: 767px) 82vw, 740px\" \/><\/figure>\n\n\n\n<p><\/p>\n\n\n\n<p>O Programa de P\u00f3s-Gradua\u00e7\u00e3o em Administra\u00e7\u00e3o tem como objetivo formar docentes, pesquisadores e profissionais de mercado que saibam realizar pesquisas cient\u00edficas e conhe\u00e7am os aspectos te\u00f3ricos e pr\u00e1ticos da tecnologia no ambiente organizacional. Pretende-se desenvolver profissionais capazes de analisar os impactos da tecnologia no contexto organizacional, tanto sobre os resultados como sobre os trabalhadores envolvidos nos processos produtivos.<\/p>\n\n\n\n<p>A tecnologia ser\u00e1 discutida como resultado da complexidade t\u00e9cnica e da forma como a sociedade produz sua exist\u00eancia, a partir das rela\u00e7\u00f5es sociais complexas relacionadas a um modo de produ\u00e7\u00e3o espec\u00edfico, estabelecido em um contexto sociocultural intimamente relacionado ao seu tempo hist\u00f3rico.<\/p>\n\n\n\n<p>O curso pretende analisar a tecnologia e sua rela\u00e7\u00e3o com as \u00e1reas espec\u00edficas da Administra\u00e7\u00e3o, a saber: a produ\u00e7\u00e3o, o marketing, os recursos humanos, as finan\u00e7as, a tecnologia da informa\u00e7\u00e3o, entre outras. Assim, o curso possibilitar\u00e1 que gestores se qualifiquem para gerenciar situa\u00e7\u00f5es complexas relacionadas as tecnologias e seus impactos nas organiza\u00e7\u00f5es, adotando uma postura mais anal\u00edtica e reflexiva sobre a tecnologia no contexto organizacional e social. No \u00e2mbito acad\u00eamico, visa formar docentes e pesquisadores capazes de produzir conhecimento a partir de procedimentos cient\u00edficos rigorosos, de forma a compreender a tecnologia com a perspectiva interdisciplinar inerente ao contexto organizacional e social.<\/p>\n\n\n\n<h1 class=\"wp-block-heading\"><strong>Linhas de Pesquisa<\/strong><\/h1>\n\n\n\n<p>O Programa de P\u00f3s-Gradua\u00e7\u00e3o em Administra\u00e7\u00e3o est\u00e1 estruturado em duas linhas de pesquisa, que buscam subsidiar o alcance do objetivo da \u00e1rea de concentra\u00e7\u00e3o do programa que \u00e9 estudar a cria\u00e7\u00e3o, aplica\u00e7\u00e3o, uso e consequ\u00eancias provenientes da tecnologia no contexto micro, meso e macroorganizacional, de forma a possibilitar a an\u00e1lise do impacto da tecnologia no trabalho e no desenvolvimento t\u00e9cnico, econ\u00f4mico, pol\u00edtico e social das organiza\u00e7\u00f5es. O profissional poder\u00e1 atuar no mercado de trabalho na \u00e1rea de Organiza\u00e7\u00f5es e Tecnologia.<\/p>\n\n\n\n<h2 class=\"wp-block-heading\"><strong>Tecnologia de Gest\u00e3o, Trabalho e Organiza\u00e7\u00f5es<\/strong><\/h2>\n\n\n\n<p>Estuda a cria\u00e7\u00e3o, aplica\u00e7\u00e3o e desenvolvimento das tecnologias de gest\u00e3o das diversas \u00e1reas de uma organiza\u00e7\u00e3o e sua rela\u00e7\u00e3o com as mudan\u00e7as no mundo do trabalho e com os trabalhadores. As tecnologias de gest\u00e3o estudadas contemplam tanto as de ordem instrumental, como as comportamentais utilizadas nas organiza\u00e7\u00f5es, com foco microorganizacional e hist\u00f3rico-social nos aspectos comportamentais e psicossociais do indiv\u00edduo e nas dimens\u00f5es de sua atua\u00e7\u00e3o no contexto organizacional. Elege ainda a&nbsp;<em>tecnologia<\/em>&nbsp;como objeto e ao mesmo tempo campo de estudo, considerando seus efeitos na sociedade, nas organiza\u00e7\u00f5es e nas rela\u00e7\u00f5es de trabalho, observando&nbsp;as novas formas de organiza\u00e7\u00e3o e compreens\u00e3o da sociedade, a partir do paradigma digital e do encontro entre o social e o tecnol\u00f3gico.&nbsp;<\/p>\n\n\n\n<p><strong>Objetivos e temas de interesse:<\/strong><\/p>\n\n\n\n<ul class=\"wp-block-list\"><li><em>Analisar as rela\u00e7\u00f5es entre tecnologia e trabalho no contexto das organiza\u00e7\u00f5es. E mais especificamente:<\/em><\/li><\/ul>\n\n\n\n<ol class=\"wp-block-list\"><li>Analisar como as tecnologias f\u00edsicas e de gest\u00e3o est\u00e3o presentes no contexto das organiza\u00e7\u00f5es produtivas e suas consequ\u00eancias para os trabalhadores;<\/li><li>Analisar as rela\u00e7\u00f5es entre organiza\u00e7\u00f5es tecnol\u00f3gicas e os fen\u00f4menos do poder, controle e viol\u00eancia no trabalho.<\/li><li>Compreender as diferentes formas de explora\u00e7\u00e3o mediadas pela tecnologia, com novas categorias de precariza\u00e7\u00e3o, como o subemprego, a informalidade, a&nbsp;<em>uberiza\u00e7\u00e3o<\/em>&nbsp;e as rela\u00e7\u00f5es de trabalho mediadas por aplicativos e plataformas digitais.<\/li><li>Desnaturalizar o discurso estruturante da tecnologia, por meio de uma reflex\u00e3o cr\u00edtica de seus efeitos nas organiza\u00e7\u00f5es e nas rela\u00e7\u00f5es de trabalho e consumo.&nbsp;<\/li><\/ol>\n\n\n\n<ul class=\"wp-block-list\"><li><em>Analisar tecnologias alternativas de gest\u00e3o, trabalho e organiza\u00e7\u00e3o, suas causas, princ\u00edpios, racionalidades, manifesta\u00e7\u00f5es, impactos e contradi\u00e7\u00f5es. E mais especificamente:<\/em><\/li><\/ul>\n\n\n\n<ol class=\"wp-block-list\"><li>&nbsp;Investigar modos e tecnologias de organiza\u00e7\u00e3o que se manifestam como formas de resist\u00eancia ativa ao modelo de hegem\u00f4nico, em particular alternativas organizacionais orientadas \u00e0 convivialidade, solidariedade, coopera\u00e7\u00e3o, bem viver e subsist\u00eancia, principalmente de base comunit\u00e1ria, familiar, vernacular, tradicional, artesanal e substantiva;<\/li><li>Analisar formas de resist\u00eancia e resili\u00eancia ativa \u00e0 domina\u00e7\u00e3o t\u00e9cnica dominante na l\u00f3gica de mercado e da organiza\u00e7\u00e3o moderna.<\/li><li>Refletir sobre os distintos formatos e representa\u00e7\u00f5es de inova\u00e7\u00f5es tecnol\u00f3gicas que transformaram a sociedade e (re)organizaram nossas socializa\u00e7\u00f5es e subjetividades, instrumentalizando nosso modo de vida.<\/li><li>Considerar de maneira sist\u00eamica e cr\u00edtica, como o paradigma digital estabelece novas formas e processos sociais emergentes, mediados e agenciados por novas tecnologias.<\/li><\/ol>\n\n\n\n<h3 class=\"wp-block-heading\"><\/h3>\n\n\n\n<h2 class=\"wp-block-heading\"><strong>Tecnologia e Desenvolvimento Organizacional<\/strong><\/h2>\n\n\n\n<p>Estuda a rela\u00e7\u00e3o entre tecnologia e o desenvolvimento t\u00e9cnico, econ\u00f4mico, pol\u00edtico e social, podendo contemplar aspectos dos contextos micro, meso e macroorganizacionais. As tecnologias estudadas s\u00e3o as f\u00edsicas, de gest\u00e3o e organizacionais das diversas \u00e1reas de conhecimento de uma organiza\u00e7\u00e3o. S\u00e3o analisadas a cria\u00e7\u00e3o e a utiliza\u00e7\u00e3o de tecnologias como processos de inova\u00e7\u00e3o e de promo\u00e7\u00e3o do desenvolvimento organizacional. Inseridos neste contexto s\u00e3o priorizadas propostas de pesquisa alinhadas com os projetos em andamento pelo corpo docente que comp\u00f5em a linha de pesquisa, com destaque para as seguintes tem\u00e1ticas: intelig\u00eancia coletiva, empreendedorismo de base tecnol\u00f3gica e comportamento empreendedor, transi\u00e7\u00e3o sociot\u00e9cnica e transi\u00e7\u00e3o para sustentabilidade, proposi\u00e7\u00e3o, aplica\u00e7\u00e3o e compara\u00e7\u00e3o de modelos de apoio \u00e0 decis\u00e3o e an\u00e1lise de risco e desempenho em finan\u00e7as e valor.<\/p>\n\n\n\n<p><strong>Objetivos de interesse:<\/strong>&nbsp; &nbsp;&nbsp;<\/p>\n\n\n\n<ul class=\"wp-block-list\"><li><em>Aumentar o conhecimento sobre o fen\u00f4meno da intelig\u00eancia coletiva e os benef\u00edcios da Internet, m\u00eddias sociais e o uso de computadores e smartphones para aumentar o engajamento de pessoas em projetos.<\/em><\/li><li><em>Compreender os fatores envolvidos em neg\u00f3cios de base tecnol\u00f3gica bem-sucedidos e o papel da universidade para suprir um ambiente inovador para startups.<\/em><\/li><li><em>Analisar a conduta de empreendedores no que refere a percep\u00e7\u00e3o de atua\u00e7\u00e3o de institui\u00e7\u00f5es e a pr\u00e1tica de atos il\u00edcitos.<\/em><\/li><li><em>Compreender o processo de transi\u00e7\u00e3o sociot\u00e9cnica para energias renov\u00e1veis.<\/em><\/li><li><em>Identificar as a\u00e7\u00f5es sustent\u00e1veis e as institui\u00e7\u00f5es estabelecidas para a consolida\u00e7\u00e3o de arranjos produtivos locais, de modo a promover desenvolvimento econ\u00f4mico e social.<\/em><\/li><li><em>Desenvolver modelos para apoiar processos de tomada de decis\u00e3o relacionados \u00e0 gest\u00e3o de cadeias de suprimentos no contexto da ind\u00fastria 4.0, com o apoio de t\u00e9cnicas de decis\u00e3o multicrit\u00e9rio e intelig\u00eancia computacional. O foco se encontra em processos decis\u00f3rios para sele\u00e7\u00e3o, segmenta\u00e7\u00e3o, monitoramento e desenvolvimento de fornecedores.<\/em><\/li><li><em>Estudar, propor, aplicar e analisar modelos que busquem contribuir para a compreens\u00e3o do risco em organiza\u00e7\u00f5es e mercados.<\/em><\/li><li><em>Suscitar novo modelo de cria\u00e7\u00e3o e de governan\u00e7a corporativa para as atividades de garantia de cr\u00e9dito de segundo grau, que reunir\u00e1 as sociedades de garantia de cr\u00e9dito, do estado do Paran\u00e1.<\/em><\/li><\/ul>\n\n\n\n<h2 class=\"wp-block-heading\"><strong>Grupos de Pesquisa<\/strong><\/h2>\n\n\n\n<p>O Programa de P\u00f3s-Gradua\u00e7\u00e3o em Administra\u00e7\u00e3o oferece aos alunos a possibilidade de participar de grupos de pesquisa liderados por docentes vinculados ao programa.\u00a0 Ao longo de sua participa\u00e7\u00e3o nestes grupos, o aluno ter\u00e1 a oportunidade de desenvolver pesquisas, participar de discuss\u00f5es tem\u00e1ticas, cursos de curta dura\u00e7\u00e3o, entre outras atividades desenvolvidas em cada grupo de pesquisa.<\/p>\n\n\n\n<p><\/p>\n\n\n\n<ul class=\"wp-block-list\"><li><strong><a rel=\"noreferrer noopener\" href=\"http:\/\/dgp.cnpq.br\/dgp\/espelhogrupo\/1522236272996862\" target=\"_blank\">Inova\u00e7\u00e3o, Tecnologia e Sustentabilidade<\/a><\/strong>  &#8211; \u00a0L\u00edder:\u00a0Thiago Cavalcante Nascimento<\/li><\/ul>\n\n\n\n<ul class=\"wp-block-list\"><li><strong><a rel=\"noreferrer noopener\" href=\"http:\/\/dgp.cnpq.br\/dgp\/espelhogrupo\/0468909146403167\" target=\"_blank\">Organiza\u00e7\u00f5es, Tecnologia e Trabalho<\/a><\/strong>  &#8211;  L\u00edder:\u00a0Francis Kanashiro Meneghetti<\/li><\/ul>\n\n\n\n<ul class=\"wp-block-list\"><li>\u00a0<strong><a rel=\"noreferrer noopener\" href=\"http:\/\/dgp.cnpq.br\/dgp\/espelhogrupo\/7689294184541279\" target=\"_blank\">Organiza\u00e7\u00f5es N\u00e3o Convencionais<\/a><\/strong>  &#8211;  L\u00edder:\u00a0Rene Eugenio Seifert Junior<\/li><\/ul>\n\n\n\n<ul class=\"wp-block-list\"><li><strong><a rel=\"noreferrer noopener\" href=\"http:\/\/dgp.cnpq.br\/dgp\/espelhogrupo\/8381687597053046\" target=\"_blank\">Sistemas de Informa\u00e7\u00e3o e Organiza\u00e7\u00f5es<\/a><\/strong>  &#8211;  L\u00edder:\u00a0Alexandre Reis Graeml<\/li><\/ul>\n\n\n\n<ul class=\"wp-block-list\"><li><strong><a rel=\"noreferrer noopener\" href=\"http:\/\/dgp.cnpq.br\/dgp\/espelhogrupo\/9806808516118450\" target=\"_blank\">Tomada de Decis\u00e3o em Gest\u00e3o de Opera\u00e7\u00f5es<\/a><\/strong>  &#8211;  L\u00edder: Francisco Rodrigues Lima Junior<\/li><\/ul>\n\n\n\n<div class=\"wp-block-buttons is-layout-flex wp-block-buttons-is-layout-flex\">\n<div class=\"wp-block-button\"><a class=\"wp-block-button__link\" href=\"http:\/\/www.utfpr.edu.br\/cursos\/coordenacoes\/stricto-sensu\/ppga-ct\/ppga-ct\" target=\"_blank\" rel=\"noreferrer noopener\">Sito do Programa para Mais Informa\u00e7\u00f5es<\/a><\/div>\n<\/div>\n","protected":false},"excerpt":{"rendered":"<p>O Programa de P\u00f3s-Gradua\u00e7\u00e3o em Administra\u00e7\u00e3o tem como objetivo formar docentes, pesquisadores e profissionais de mercado que saibam realizar pesquisas cient\u00edficas e conhe\u00e7am os aspectos te\u00f3ricos e pr\u00e1ticos da tecnologia no ambiente organizacional. Pretende-se desenvolver profissionais capazes de analisar os impactos da tecnologia no contexto organizacional, tanto sobre os resultados como sobre os trabalhadores envolvidos &hellip; <\/p>\n<p class=\"link-more\"><a href=\"https:\/\/utfpr.curitiba.br\/dagee\/programa-de-pos-graduacao-em-administracao\/\" class=\"more-link\">Continue lendo<span class=\"screen-reader-text\"> &#8220;Programa de P\u00f3s-Gradua\u00e7\u00e3o em Administra\u00e7\u00e3o&#8221;<\/span><\/a><\/p>\n","protected":false},"author":5,"featured_media":0,"parent":0,"menu_order":0,"comment_status":"closed","ping_status":"closed","template":"","meta":{"footnotes":""},"class_list":["post-3173","page","type-page","status-publish","hentry"],"_links":{"self":[{"href":"https:\/\/utfpr.curitiba.br\/dagee\/wp-json\/wp\/v2\/pages\/3173","targetHints":{"allow":["GET"]}}],"collection":[{"href":"https:\/\/utfpr.curitiba.br\/dagee\/wp-json\/wp\/v2\/pages"}],"about":[{"href":"https:\/\/utfpr.curitiba.br\/dagee\/wp-json\/wp\/v2\/types\/page"}],"author":[{"embeddable":true,"href":"https:\/\/utfpr.curitiba.br\/dagee\/wp-json\/wp\/v2\/users\/5"}],"replies":[{"embeddable":true,"href":"https:\/\/utfpr.curitiba.br\/dagee\/wp-json\/wp\/v2\/comments?post=3173"}],"version-history":[{"count":3,"href":"https:\/\/utfpr.curitiba.br\/dagee\/wp-json\/wp\/v2\/pages\/3173\/revisions"}],"predecessor-version":[{"id":3760,"href":"https:\/\/utfpr.curitiba.br\/dagee\/wp-json\/wp\/v2\/pages\/3173\/revisions\/3760"}],"wp:attachment":[{"href":"https:\/\/utfpr.curitiba.br\/dagee\/wp-json\/wp\/v2\/media?parent=3173"}],"curies":[{"name":"wp","href":"https:\/\/api.w.org\/{rel}","templated":true}]}}