{"id":3168,"date":"2018-03-02T13:30:58","date_gmt":"2018-03-02T16:30:58","guid":{"rendered":"http:\/\/blogs.ct.utfpr.edu.br\/dagee\/?page_id=3168"},"modified":"2023-05-08T16:56:23","modified_gmt":"2023-05-08T19:56:23","slug":"programa-de-pos-graduacao-em-planejamento-e-governanca-publica","status":"publish","type":"page","link":"https:\/\/utfpr.curitiba.br\/dagee\/programa-de-pos-graduacao-em-planejamento-e-governanca-publica\/","title":{"rendered":"Programa de P\u00f3s-Gradua\u00e7\u00e3o em Planejamento e Governan\u00e7a P\u00fablica"},"content":{"rendered":"\n<figure class=\"wp-block-image size-large\"><img fetchpriority=\"high\" decoding=\"async\" width=\"1024\" height=\"763\" src=\"https:\/\/utfpr-ct-static-content.s3.amazonaws.com\/utfpr.curitiba.br\/wp-content\/uploads\/sites\/64\/2023\/05\/PGP-1024x763.png\" alt=\"\" class=\"wp-image-3745\" srcset=\"https:\/\/utfpr-ct-static-content.s3.amazonaws.com\/utfpr.curitiba.br\/wp-content\/uploads\/sites\/64\/2023\/05\/PGP-1024x763.png 1024w, https:\/\/utfpr-ct-static-content.s3.amazonaws.com\/utfpr.curitiba.br\/wp-content\/uploads\/sites\/64\/2023\/05\/PGP-300x224.png 300w, https:\/\/utfpr-ct-static-content.s3.amazonaws.com\/utfpr.curitiba.br\/wp-content\/uploads\/sites\/64\/2023\/05\/PGP-768x573.png 768w, https:\/\/utfpr-ct-static-content.s3.amazonaws.com\/utfpr.curitiba.br\/wp-content\/uploads\/sites\/64\/2023\/05\/PGP-1536x1145.png 1536w, https:\/\/utfpr-ct-static-content.s3.amazonaws.com\/utfpr.curitiba.br\/wp-content\/uploads\/sites\/64\/2023\/05\/PGP.png 1772w\" sizes=\"(max-width: 706px) 89vw, (max-width: 767px) 82vw, 740px\" \/><\/figure>\n\n\n\n<p>O Programa de P\u00f3s-Gradua\u00e7\u00e3o em Planejamento e Governan\u00e7a P\u00fablica (PPPGPGP) possui conceito 4 na avalia\u00e7\u00e3o da Capes. O curso de mestrado existe desde 2011 e o de doutorado desde 2019. O PPG est\u00e1 inserido na \u00e1rea de concentra\u00e7\u00e3o \u201cPlanejamento p\u00fablico e desenvolvimento\u201d e os projetos de pesquisas est\u00e3o divididos em duas linhas: (1) Governan\u00e7a P\u00fablica e Desenvolvimento; (2) Planejamento e Pol\u00edticas P\u00fablicas.<\/p>\n\n\n\n<p>O programa tem por objetivo desenvolver a\u00e7\u00f5es voltadas \u00e0 pesquisa aplicada e ao ensino norteadas pelos novos paradigmas do setor p\u00fablico, em que se demandam gestores de institui\u00e7\u00f5es p\u00fablicas, nas suas diversas formas (governamentais, de interesse p\u00fablico, educacionais e representativas de classe), com capacidade gerencial hol\u00edstica, sist\u00eamica, inovadora e sens\u00edvel \u00e0s quest\u00f5es p\u00fablicas.<\/p>\n\n\n\n<p>No \u00e2mbito do programa, busca-se aprimorar a pr\u00e1tica do processo de planejamento p\u00fablico em prol do desenvolvimento sustent\u00e1vel, compreendendo os seus processos, planejamento, execu\u00e7\u00e3o e acompanhamento das atividades do Estado, por meio de pol\u00edticas p\u00fablicas, para o alcance da sustentabilidade a partir dos princ\u00edpios da governan\u00e7a p\u00fablica. Pretende-se, com isso, contribuir com a pr\u00e1tica da governan\u00e7a p\u00fablica, com a capacita\u00e7\u00e3o de gestores e com estudos aplicados sobre planejamento, impacto e avalia\u00e7\u00e3o da interven\u00e7\u00e3o do Estado na sociedade.<\/p>\n\n\n\n<p>O p\u00fablico-alvo do curso abrange uma gama multidisciplinar de profissionais, relacionados a estudos aplicados ao planejamento e pol\u00edticas p\u00fablicas, gest\u00e3o, governan\u00e7a e administra\u00e7\u00e3o p\u00fablica; docentes de cursos que formam profissionais para essa \u00e1rea; e gestores de institui\u00e7\u00f5es p\u00fablicas com forma\u00e7\u00e3o superior. Esses profissionais ter\u00e3o forma\u00e7\u00e3o profissional vinculada ao planejamento e governan\u00e7a p\u00fablica.<\/p>\n\n\n\n<p><\/p>\n\n\n\n<h2 class=\"wp-block-heading\"><strong>Linha de pesquisa: Governan\u00e7a P\u00fablica e Desenvolvimento<\/strong><\/h2>\n\n\n\n<p>Faz a interface entre o processo de planejamento e defini\u00e7\u00f5es para implementa\u00e7\u00e3o, com a execu\u00e7\u00e3o e acompanhamento a partir dos princ\u00edpios da governan\u00e7a. Tem-se como objetivo pesquisar temas relativos \u00e0 governan\u00e7a p\u00fablica e ao desenvolvimento, enfocando, ainda, a territorialidade. Assim, prioriza temas relacionados ao Estado, Governo, Sociedade e Administra\u00e7\u00e3o P\u00fablica, bem como outros segmentos da sociedade e organiza\u00e7\u00f5es que se articulam, contribuindo para o fortalecimento local e\/ou regional.<\/p>\n\n\n\n<p>Os projetos estruturantes da linha s\u00e3o: (1) Governan\u00e7a P\u00fablica como contribui\u00e7\u00e3o para o planejamento e desenvolvimento; (2) Planejamento Governamental, Gest\u00e3o e Inova\u00e7\u00e3o para o Desenvolvimento Territorial.<\/p>\n\n\n\n<p><\/p>\n\n\n\n<h2 class=\"wp-block-heading\"><strong>Linha de pesquisa: Planejamento e Pol\u00edticas P\u00fablicas<\/strong><\/h2>\n\n\n\n<p>Faz a interface entre planejamento e pol\u00edticas p\u00fablicas ao discutir os processos das pol\u00edticas p\u00fablicas, com enfoque para o seu planejamento e defini\u00e7\u00f5es para implementa\u00e7\u00e3o. Nessa abordagem, e no contexto da realidade brasileira, reflete-se sobre como s\u00e3o desenvolvidas as pol\u00edticas p\u00fablicas, principalmente as voltadas a um territ\u00f3rio, e a rela\u00e7\u00e3o destas com a condi\u00e7\u00e3o de vida dos cidad\u00e3os, as necessidades da popula\u00e7\u00e3o e as condi\u00e7\u00f5es da realidade local para a qual est\u00e3o sendo desenvolvidas.&nbsp;<\/p>\n\n\n\n<p>Os projetos estruturantes da linha s\u00e3o: (1) Planejamento e Sustentabilidade: Agentes, Conflitos e Territ\u00f3rio; (2) Pol\u00edticas P\u00fablicas em Perspectiva: An\u00e1lises e Processos.<\/p>\n\n\n\n<h1 class=\"wp-block-heading\">Corpo Docente<\/h1>\n\n\n\n<figure class=\"wp-block-table\"><table><thead><tr><th>Professor<\/th><th>E-mail para contato<\/th><th>Linha de pesquisa do PGP<\/th><th>Titula\u00e7\u00e3o<\/th><\/tr><\/thead><tbody><tr><td><strong><a href=\"http:\/\/lattes.cnpq.br\/1849303975603602\" target=\"_blank\" rel=\"noreferrer noopener\">Ana Paula Myszczuk<\/a><\/strong><\/td><td>&nbsp;anap@utfpr.edu.br<\/td><td>Planejamento e Pol\u00edticas P\u00fablicas<\/td><td><strong>P\u00f3s-Doutorado&nbsp;<\/strong>em&nbsp;Medio Ambiente y Recursos Naturales &#8211; Universidad de Pinar del R\u00edo (Cuba)<strong>P\u00f3s-Doutorado&nbsp;<\/strong>em Bio\u00e9tica &#8211; PUC\/PR<strong>Doutorado<\/strong>&nbsp;em Direito Econ\u00f4mico e Socioambiental &#8211;&nbsp;<em>&nbsp;PUC\/PR<\/em>.<br><strong>Mestrado<\/strong>&nbsp;em Direito Econ\u00f4mico e Social &#8211;&nbsp;<em>PUC\/PR.<br><\/em><strong>Gradua\u00e7\u00e3o<\/strong>&nbsp;em Direito &#8211;&nbsp;<em>UEPG.<br><\/em><strong>G<\/strong><strong>radua\u00e7\u00e3o<\/strong>&nbsp;em Licenciatura em Hist\u00f3ria &#8211;&nbsp;<em>UEPG.<\/em><\/td><\/tr><tr><td><strong><a href=\"http:\/\/lattes.cnpq.br\/0474150322668288\" target=\"_blank\" rel=\"noreferrer noopener\">Anderson Dias de Almeida Proen\u00e7a<\/a><\/strong><\/td><td>aproenca@utfpr.edu.br<\/td><td>Planejamento e Pol\u00edticas P\u00fablicas<\/td><td><strong>Doutorado&nbsp;<\/strong>em Urbanismo &#8211; PUC\/Campinas<strong>Mestrado em Urbanismo&nbsp;<\/strong>&#8211; PUC\/Campinas<strong>Gradua\u00e7\u00e3o&nbsp;<\/strong>em&nbsp;Arquitetura e Urbanismo &#8211; UNIMEP<\/td><\/tr><tr><td><strong><a href=\"http:\/\/lattes.cnpq.br\/1924420693381374\" target=\"_blank\" rel=\"noreferrer noopener\">Antonio Gon\u00e7alves<\/a>&nbsp;<\/strong><a href=\"http:\/\/lattes.cnpq.br\/1924420693381374\" target=\"_blank\" rel=\"noreferrer noopener\"><strong>de Oliveira<\/strong><\/a><\/td><td>agoliveira@utfpr.edu.br<\/td><td>Governan\u00e7a P\u00fablica e Desenvolvimento<\/td><td><strong>Doutorado<\/strong>&nbsp;em Engenharia de Produ\u00e7\u00e3o &#8211;&nbsp;<em>UFSC<\/em>.<br><strong>Mestrado<\/strong>&nbsp;em Administra\u00e7\u00e3o &#8211;&nbsp;<em>MACKENZIE.<br><\/em><strong>Gradua\u00e7\u00e3o<\/strong>&nbsp;em Ci\u00eancias Cont\u00e1beis &#8211;&nbsp;<em>UFPR.<br><\/em><strong>Gradua\u00e7\u00e3o<\/strong>&nbsp;em Direito &#8211;&nbsp;<em>FDB.<\/em><\/td><\/tr><tr><td>&nbsp;<a href=\"http:\/\/lattes.cnpq.br\/8046559694932152\" target=\"_blank\" rel=\"noreferrer noopener\"><strong>Christian Luiz da Silva<br><\/strong><strong><\/strong><\/a><\/td><td>&nbsp;christiansilva@utfpr.edu.br<\/td><td>Planejamento e Pol\u00edticas P\u00fablicas<\/td><td><strong>P\u00f3s-Doutorado<\/strong>&nbsp;em Administra\u00e7\u00e3o &#8211;&nbsp;<em>USP.<br><\/em><strong>Doutorado<\/strong>&nbsp;em Engenharia de Produ\u00e7\u00e3o &#8211;&nbsp;<em>UFSC<\/em>.<br><strong>Mestrado<\/strong>&nbsp;em Engenharia de Produ\u00e7\u00e3o &#8211;&nbsp;<em>UFSC.<br><\/em><strong>Gradua\u00e7\u00e3o<\/strong>&nbsp;em Ci\u00eancias Econ\u00f4micas &#8211;&nbsp;<em>FAE.<\/em><\/td><\/tr><tr><td><strong><a href=\"http:\/\/lattes.cnpq.br\/5009182371990039\" target=\"_blank\" rel=\"noreferrer noopener\">D\u00e9cio Estev\u00e3o do Nascimento<\/a><\/strong><\/td><td>decio@utfpr.edu.br<\/td><td>Planejamento e Pol\u00edticas P\u00fablicas<\/td><td><strong>P\u00f3s-Doutorado<\/strong>&nbsp;em Pol\u00edtica Cient\u00edfica e Tecnol\u00f3gica &#8211; UNICAMP.<br><strong>Doutorado<\/strong>&nbsp;em Ci\u00eancias do Homem e Tecnologia &#8211; Universit\u00e8 de Technologie de Compi\u00e8gne (UTC) Fran\u00e7a.<br><strong>Mestrado<\/strong>&nbsp;em Ci\u00eancias do Homem e Tecnologia -Universit\u00e8 de Technologie de Compi\u00e8gne (UTC) Fran\u00e7a.<br><strong>Gradua\u00e7\u00e3o<\/strong>&nbsp;em Engenharia de Opera\u00e7\u00e3o &#8211; UTFPR.<\/td><\/tr><tr><td><strong><a href=\"http:\/\/lattes.cnpq.br\/8089871576451243\">Edna Miola<\/a><\/strong><\/td><td>ednam@utfpr.edu.br<\/td><td>&nbsp;Governan\u00e7a P\u00fablica e Desenvolvimento<\/td><td><strong>Doutorado&nbsp;<\/strong>em Comunica\u00e7\u00e3o Social &#8211; UFMG<br><strong>Mestrado&nbsp;<\/strong>em Comunica\u00e7\u00e3o e Cultura Contempor\u00e2neas &#8211; UFBA<br><strong>Gradua\u00e7\u00e3o&nbsp;<\/strong>em Comunica\u00e7\u00e3o Social\/Publicidade e Propaganda &#8211; UFRGS<\/td><\/tr><tr><td><a href=\"http:\/\/lattes.cnpq.br\/2988999957558159\" target=\"_blank\" rel=\"noreferrer noopener\"><strong>Hilda Alberton de Carvalho<\/strong><strong><\/strong><\/a><\/td><td>&nbsp;hilda@utfpr.edu.br<\/td><td>Governan\u00e7a P\u00fablica e Desenvolvimento<\/td><td><strong>Doutorado<\/strong>&nbsp;em Tecnologia e Sociedade &#8211; UTFPR<br><strong>Mestrado&nbsp;<\/strong>em Tecnologia e Sociedade &#8211; UTFPR<br><strong>Gradua\u00e7\u00e3o<\/strong>&nbsp;em Administra\u00e7\u00e3o &#8211; UNIOESTE-PR<em>.<\/em><\/td><\/tr><tr><td><a href=\"http:\/\/lattes.cnpq.br\/0853920709013375\" target=\"_blank\" rel=\"noreferrer noopener\"><strong>In\u00e1cio Andruski Guimaraes<br><\/strong><strong><\/strong><\/a><\/td><td>andruski@utfpr.edu.br&nbsp;<\/td><td>Governan\u00e7a P\u00fablica e Desenvolvimento<\/td><td><strong>Doutorado<\/strong>&nbsp;em M\u00e9todos Num\u00e9ricos em Engenharia &#8211;&nbsp;<em>UFPR<br><\/em><strong>Mestrado<\/strong>&nbsp;em M\u00e9todos Num\u00e9ricos em Engenharia &#8211;&nbsp;<em>UFPR<br><\/em><strong>Gradua\u00e7\u00e3o<\/strong>&nbsp;em Matem\u00e1tica &#8211;&nbsp;<em>PUC-PR.<\/em><\/td><\/tr><tr><td>&nbsp;<a href=\"http:\/\/lattes.cnpq.br\/1133870932761744\" target=\"_blank\" rel=\"noreferrer noopener\"><strong>Isaura Alberton de Lima<br><\/strong><strong><\/strong><\/a><\/td><td>&nbsp;alberton@utfpr.edu.br<\/td><td>Governan\u00e7a P\u00fablica e Desenvolvimento<\/td><td><strong>Doutorado<\/strong>&nbsp;em Engenharia de Produ\u00e7\u00e3o &#8211;&nbsp;<em>UFSC.<br><\/em><strong>Mestrado<\/strong>&nbsp;em Tecnologia &#8211;&nbsp;<em>UTFPR.<br><\/em><strong>Gradua\u00e7\u00e3o<\/strong>&nbsp;em Administra\u00e7\u00e3o &#8211;&nbsp;<em>UNIOESTE.<\/em><\/td><\/tr><tr><td><a href=\"http:\/\/lattes.cnpq.br\/6534550312384359\" target=\"_blank\" rel=\"noreferrer noopener\">&nbsp;<strong>Ivan Carlos Vicentin<\/strong><\/a><\/td><td>&nbsp;vicentin@utfpr.edu.br<\/td><td>Governan\u00e7a P\u00fablica e Desenvolvimento<\/td><td><strong>Doutorado<\/strong>&nbsp;em Administra\u00e7\u00e3o &#8211;&nbsp;<em>USP.<br><\/em><strong>Mestrado<\/strong>&nbsp;em Administra\u00e7\u00e3o &#8211;&nbsp;<em>UFRGS.<br><\/em><strong>Gradua\u00e7\u00e3o<\/strong>&nbsp;em C\u00eancia da Computa\u00e7\u00e3o &#8211;&nbsp;<em>PUC\/PR.<br><\/em><strong>Gradua\u00e7\u00e3o<\/strong>&nbsp;em Administra\u00e7\u00e3o &#8211;&nbsp;<em>SPEI.<\/em><\/td><\/tr><tr><td><strong><a href=\"http:\/\/lattes.cnpq.br\/3634990002513047\" target=\"_blank\" rel=\"noreferrer noopener\">Maria Lucia Figueiredo Gomes de Meza&nbsp; &nbsp; &nbsp; &nbsp; &nbsp; &nbsp; &nbsp; &nbsp; &nbsp; &nbsp; &nbsp; &nbsp; &nbsp; &nbsp; &nbsp; &nbsp; &nbsp; &nbsp; &nbsp; &nbsp; &nbsp; &nbsp; &nbsp; &nbsp; &nbsp; &nbsp; &nbsp; &nbsp; &nbsp; &nbsp;<\/a>&nbsp;&nbsp;<\/strong><a href=\"http:\/\/lattes.cnpq.br\/3634990002513047\" target=\"_blank\" rel=\"noreferrer noopener\"><strong><\/strong><\/a><\/td><td>malumeza@utfpr.edu.br<\/td><td>Planejamento e Pol\u00edticas P\u00fablicas<\/td><td><strong>Doutorado<\/strong>&nbsp;em Desenvolvimento Econ\u00f4mico &#8211;&nbsp;<em>UFPR.<br><\/em><strong>Mestrrado<\/strong>&nbsp;em Engenharia de Produ\u00e7\u00e3o &#8211;&nbsp;<em>UFRJ.<br><\/em><strong>Gradua\u00e7\u00e3o<\/strong>&nbsp;em Administra\u00e7\u00e3o de Empresas e\/ou P\u00fablica.&nbsp;<em>UFRRJ.<\/em><\/td><\/tr><tr><td><strong><a href=\"http:\/\/lattes.cnpq.br\/3801711252187891\" target=\"_blank\" rel=\"noreferrer noopener\">Rog\u00e9rio Allon Duenhas<\/a><\/strong><\/td><td>&nbsp;rogerioduenhas@utfpr.edu.br<\/td><td>Planejamento e Pol\u00edticas P\u00fablicas<\/td><td><strong>Doutorado<\/strong>&nbsp;em Desenvolvimento Econ\u00f4mico &#8211;&nbsp;<em>UFPR.<br><\/em><strong>Mestrado<\/strong>&nbsp;em Desenvolvimento Econ\u00f4mico &#8211;&nbsp;<em>UFPR.<br><\/em><strong>Gradua\u00e7\u00e3o<\/strong>&nbsp;em Ci\u00eancias Econ\u00f4micas &#8211; FAE<em>.<\/em><\/td><\/tr><tr><td><a href=\"http:\/\/lattes.cnpq.br\/5497450906300358\" target=\"_blank\" rel=\"noreferrer noopener\"><strong>Vanessa Ishikawa Rasoto<br><\/strong><strong><\/strong><\/a><\/td><td>&nbsp;ishikawa@utfpr.edu.br<\/td><td>Governan\u00e7a P\u00fablica e Desenvolvimento<\/td><td><strong>Doutorado<\/strong>&nbsp;em Engenharia de Produ\u00e7\u00e3o &#8211;&nbsp;<em>UFSC.<br><\/em><strong>Mestrado<\/strong>&nbsp;em Administra\u00e7\u00e3o<em>&nbsp;&#8211; UFPR.<br><\/em><strong>Gradua\u00e7\u00e3o<\/strong>&nbsp;em Administra\u00e7\u00e3o<em>&nbsp;&#8211; FAE.<\/em><\/td><\/tr><tr><td><strong><a href=\"http:\/\/lattes.cnpq.br\/3438496652854236\" target=\"_blank\" rel=\"noreferrer noopener\">Simone Aparecida Polli&nbsp; &nbsp; &nbsp; &nbsp; &nbsp; &nbsp; &nbsp; &nbsp; &nbsp; &nbsp; &nbsp; &nbsp; &nbsp; &nbsp; &nbsp; &nbsp; &nbsp; &nbsp;<\/a><\/strong><\/td><td>simonep@utfpr.edu.br&nbsp;<\/td><td>Planejamento e Pol\u00edticas P\u00fablicas<\/td><td><strong>Doutorado&nbsp;<\/strong>em Planejamento Urbano e Regional &#8211;&nbsp;<em>UFRJ\/IPPUR.<br><\/em><strong>Mestrado&nbsp;<\/strong>em Planejamento Urbano e Regional &#8211;&nbsp;<em>UFRJ\/IPPUR.<br><\/em><strong>Gradua\u00e7\u00e3o<\/strong>&nbsp;em Arquitetura e Urbanismo &#8211;&nbsp;<em>UFPR,<\/em><\/td><\/tr><\/tbody><\/table><\/figure>\n\n\n\n<h3 class=\"wp-block-heading\"><\/h3>\n\n\n\n<h3 class=\"wp-block-heading\">Docentes Colaboradores<\/h3>\n\n\n\n<figure class=\"wp-block-table\"><table><thead><tr><th>professor<\/th><th>email para contato<\/th><th>linha de pesquisa do pgp<\/th><th>titula\u00e7\u00e3o<\/th><\/tr><\/thead><tbody><tr><td><strong><a href=\"http:\/\/lattes.cnpq.br\/3742247493054985\" target=\"_blank\" rel=\"noreferrer noopener\">Anderson Catapan<\/a><\/strong><\/td><td>andecatapan@yahoo.com.br&nbsp;<\/td><td>Governan\u00e7a P\u00fablica e Desenvolvimento<\/td><td><strong>Post Doctor&nbsp;<\/strong>in Business Administration na Florida Christian University, Orlando, EUA<strong>P\u00f3s-Doutorado<\/strong>&nbsp;em Gest\u00e3o &#8211; Universidade Fernando Pessoa, Porto, Portugal<br><strong>Doutorado<\/strong>&nbsp;em Administra\u00e7\u00e3o &#8211; 2014 &#8211; PUC\/PR.<br><strong>Mestre<\/strong>&nbsp;em Contabilidade &#8211; UFPR.<br><strong>Gradua\u00e7\u00e3o<\/strong>&nbsp;em Ci\u00eancias Cont\u00e1beis &#8211; PUC-PR.<br><strong>Gradua\u00e7\u00e3o<\/strong>&nbsp;em Engenharia El\u00e9trica &#8211; UFPR.<\/td><\/tr><tr><td><strong><a href=\"http:\/\/lattes.cnpq.br\/9598234169736125\" target=\"_blank\" rel=\"noreferrer noopener\"><strong>Ricardo Lobato Torres<\/strong><\/a><a href=\"http:\/\/lattes.cnpq.br\/3742247493054985\" target=\"_blank\" rel=\"noreferrer noopener\"><\/a><\/strong><\/td><td>ricardotorres@ufpr.br<\/td><td>Planejamento e Pol\u00edticas P\u00fablicas<\/td><td>Doutorado em Economia da Ind\u00fastria e da Tecnologia &#8211; UFRJ.<br>Mestrado em Economia &#8211; UFSC.<br>Gradua\u00e7\u00e3o em Ci\u00eancias Econ\u00f4micas &#8211; UFPR.<\/td><\/tr><\/tbody><\/table><\/figure>\n\n\n\n<div class=\"wp-block-buttons is-layout-flex wp-block-buttons-is-layout-flex\"><\/div>\n\n\n\n<div class=\"wp-block-file\"><a id=\"wp-block-file--media-c07ed748-18fb-4d5d-af09-98c1843e55b2\" href=\"https:\/\/utfpr-ct-static-content.s3.amazonaws.com\/utfpr.curitiba.br\/wp-content\/uploads\/sites\/64\/2023\/05\/Texto-de-Apresentacao-Completo-das-Linhas-de-Pesquisa.pdf\" target=\"_blank\" rel=\"noreferrer noopener\">Texto-de-Apresentacao-Completo-das-Linhas-de-Pesquisa<\/a><a href=\"https:\/\/utfpr-ct-static-content.s3.amazonaws.com\/utfpr.curitiba.br\/wp-content\/uploads\/sites\/64\/2023\/05\/Texto-de-Apresentacao-Completo-das-Linhas-de-Pesquisa.pdf\" class=\"wp-block-file__button\" download aria-describedby=\"wp-block-file--media-c07ed748-18fb-4d5d-af09-98c1843e55b2\">Baixar<\/a><\/div>\n\n\n\n<div class=\"wp-block-file\"><a id=\"wp-block-file--media-79499d46-49c3-4cf3-b96f-a07be3c52d6a\" href=\"https:\/\/utfpr-ct-static-content.s3.amazonaws.com\/utfpr.curitiba.br\/wp-content\/uploads\/sites\/64\/2023\/05\/Guia-de-Creditos-Mestrado.pdf\" target=\"_blank\" rel=\"noreferrer noopener\">Guia-de-Creditos-Mestrado<\/a><a href=\"https:\/\/utfpr-ct-static-content.s3.amazonaws.com\/utfpr.curitiba.br\/wp-content\/uploads\/sites\/64\/2023\/05\/Guia-de-Creditos-Mestrado.pdf\" class=\"wp-block-file__button\" download aria-describedby=\"wp-block-file--media-79499d46-49c3-4cf3-b96f-a07be3c52d6a\">Baixar<\/a><\/div>\n\n\n\n<div class=\"wp-block-file\"><a id=\"wp-block-file--media-89d8d31d-a4df-4581-9633-8d4b3697b6dc\" href=\"https:\/\/utfpr-ct-static-content.s3.amazonaws.com\/utfpr.curitiba.br\/wp-content\/uploads\/sites\/64\/2023\/05\/Guia-de-Creditos-Doutorado-1.pdf\" target=\"_blank\" rel=\"noreferrer noopener\">Guia-de-Creditos-Doutorado-1<\/a><a href=\"https:\/\/utfpr-ct-static-content.s3.amazonaws.com\/utfpr.curitiba.br\/wp-content\/uploads\/sites\/64\/2023\/05\/Guia-de-Creditos-Doutorado-1.pdf\" class=\"wp-block-file__button\" download aria-describedby=\"wp-block-file--media-89d8d31d-a4df-4581-9633-8d4b3697b6dc\">Baixar<\/a><\/div>\n\n\n\n<div class=\"wp-block-buttons is-layout-flex wp-block-buttons-is-layout-flex\">\n<div class=\"wp-block-button\"><a class=\"wp-block-button__link\" href=\"http:\/\/www.utfpr.edu.br\/cursos\/coordenacoes\/stricto-sensu\/pgp\" target=\"_blank\" rel=\"noreferrer noopener\">Site do Programa para Mais Informa\u00e7\u00f5es<\/a><\/div>\n<\/div>\n","protected":false},"excerpt":{"rendered":"<p>O Programa de P\u00f3s-Gradua\u00e7\u00e3o em Planejamento e Governan\u00e7a P\u00fablica (PPPGPGP) possui conceito 4 na avalia\u00e7\u00e3o da Capes. O curso de mestrado existe desde 2011 e o de doutorado desde 2019. O PPG est\u00e1 inserido na \u00e1rea de concentra\u00e7\u00e3o \u201cPlanejamento p\u00fablico e desenvolvimento\u201d e os projetos de pesquisas est\u00e3o divididos em duas linhas: (1) Governan\u00e7a P\u00fablica &hellip; <\/p>\n<p class=\"link-more\"><a href=\"https:\/\/utfpr.curitiba.br\/dagee\/programa-de-pos-graduacao-em-planejamento-e-governanca-publica\/\" class=\"more-link\">Continue lendo<span class=\"screen-reader-text\"> &#8220;Programa de P\u00f3s-Gradua\u00e7\u00e3o em Planejamento e Governan\u00e7a P\u00fablica&#8221;<\/span><\/a><\/p>\n","protected":false},"author":5,"featured_media":0,"parent":0,"menu_order":0,"comment_status":"closed","ping_status":"closed","template":"","meta":{"footnotes":""},"class_list":["post-3168","page","type-page","status-publish","hentry"],"_links":{"self":[{"href":"https:\/\/utfpr.curitiba.br\/dagee\/wp-json\/wp\/v2\/pages\/3168","targetHints":{"allow":["GET"]}}],"collection":[{"href":"https:\/\/utfpr.curitiba.br\/dagee\/wp-json\/wp\/v2\/pages"}],"about":[{"href":"https:\/\/utfpr.curitiba.br\/dagee\/wp-json\/wp\/v2\/types\/page"}],"author":[{"embeddable":true,"href":"https:\/\/utfpr.curitiba.br\/dagee\/wp-json\/wp\/v2\/users\/5"}],"replies":[{"embeddable":true,"href":"https:\/\/utfpr.curitiba.br\/dagee\/wp-json\/wp\/v2\/comments?post=3168"}],"version-history":[{"count":5,"href":"https:\/\/utfpr.curitiba.br\/dagee\/wp-json\/wp\/v2\/pages\/3168\/revisions"}],"predecessor-version":[{"id":3756,"href":"https:\/\/utfpr.curitiba.br\/dagee\/wp-json\/wp\/v2\/pages\/3168\/revisions\/3756"}],"wp:attachment":[{"href":"https:\/\/utfpr.curitiba.br\/dagee\/wp-json\/wp\/v2\/media?parent=3168"}],"curies":[{"name":"wp","href":"https:\/\/api.w.org\/{rel}","templated":true}]}}