{"id":3161,"date":"2018-03-02T13:29:02","date_gmt":"2018-03-02T16:29:02","guid":{"rendered":"http:\/\/blogs.ct.utfpr.edu.br\/dagee\/?page_id=3161"},"modified":"2024-03-12T09:40:54","modified_gmt":"2024-03-12T12:40:54","slug":"lato-sensu","status":"publish","type":"page","link":"https:\/\/utfpr.curitiba.br\/dagee\/lato-sensu\/","title":{"rendered":"Lato Sensu"},"content":{"rendered":"\t\t<div data-elementor-type=\"wp-page\" data-elementor-id=\"3161\" class=\"elementor elementor-3161\">\n\t\t\t\t\t\t<section class=\"elementor-section elementor-top-section elementor-element elementor-element-67c33192 elementor-section-boxed elementor-section-height-default elementor-section-height-default\" data-id=\"67c33192\" data-element_type=\"section\" data-e-type=\"section\">\n\t\t\t\t\t\t<div class=\"elementor-container elementor-column-gap-default\">\n\t\t\t\t\t<div class=\"elementor-column elementor-col-100 elementor-top-column elementor-element elementor-element-3dddcd63\" data-id=\"3dddcd63\" data-element_type=\"column\" data-e-type=\"column\">\n\t\t\t<div class=\"elementor-widget-wrap elementor-element-populated\">\n\t\t\t\t\t\t<div class=\"elementor-element elementor-element-7d8af5c9 elementor-widget elementor-widget-text-editor\" data-id=\"7d8af5c9\" data-element_type=\"widget\" data-e-type=\"widget\" data-widget_type=\"text-editor.default\">\n\t\t\t\t<div class=\"elementor-widget-container\">\n\t\t\t\t\t\t\t\t\t\n<p>Origin\u00e1rio do Latim, o conceito\u00a0<em>lato sensu<\/em>\u00a0significa \u201cem sentido amplo\u201d, isto \u00e9, uma especializa\u00e7\u00e3o ou MBA (<em>Master in Business Administration<\/em>) que segue um determinado tema espec\u00edfico de uma \u00e1rea. Geralmente, as especializa\u00e7\u00f5es podem ser cursadas na  \u00e1rea de gradua\u00e7\u00e3o do aluno ou em outras. Por outro lado, no MBA, o intuito \u00e9 se especializar em \u00e1reas administrativas.<\/p>\n\n\n\n<p>A exig\u00eancia principal para cursar uma p\u00f3s-gradua\u00e7\u00e3o desse tipo \u00e9 ter o diploma da gradua\u00e7\u00e3o.<\/p>\n\n\n\n<p>Ao final do curso o aluno recebe um certificado de conclus\u00e3o, e n\u00e3o um diploma.<\/p>\n\t\t\t\t\t\t\t\t<\/div>\n\t\t\t\t<\/div>\n\t\t\t\t\t<\/div>\n\t\t<\/div>\n\t\t\t\t\t<\/div>\n\t\t<\/section>\n\t\t\t\t<section class=\"elementor-section elementor-top-section elementor-element elementor-element-24f0dc0 elementor-section-boxed elementor-section-height-default elementor-section-height-default\" data-id=\"24f0dc0\" data-element_type=\"section\" data-e-type=\"section\">\n\t\t\t\t\t\t<div class=\"elementor-container elementor-column-gap-default\">\n\t\t\t\t\t<div class=\"elementor-column elementor-col-100 elementor-top-column elementor-element elementor-element-dfdc515\" data-id=\"dfdc515\" data-element_type=\"column\" data-e-type=\"column\">\n\t\t\t<div class=\"elementor-widget-wrap elementor-element-populated\">\n\t\t\t\t\t\t<div class=\"elementor-element elementor-element-4a409d6 elementor-widget elementor-widget-spacer\" data-id=\"4a409d6\" data-element_type=\"widget\" data-e-type=\"widget\" data-widget_type=\"spacer.default\">\n\t\t\t\t<div class=\"elementor-widget-container\">\n\t\t\t\t\t\t\t<div class=\"elementor-spacer\">\n\t\t\t<div class=\"elementor-spacer-inner\"><\/div>\n\t\t<\/div>\n\t\t\t\t\t\t<\/div>\n\t\t\t\t<\/div>\n\t\t\t\t<div class=\"elementor-element elementor-element-c98aa8b elementor-widget elementor-widget-heading\" data-id=\"c98aa8b\" data-element_type=\"widget\" data-e-type=\"widget\" data-widget_type=\"heading.default\">\n\t\t\t\t<div class=\"elementor-widget-container\">\n\t\t\t\t\t<h2 class=\"elementor-heading-title elementor-size-default\">Saiba mais<\/h2>\t\t\t\t<\/div>\n\t\t\t\t<\/div>\n\t\t\t\t<section class=\"elementor-section elementor-inner-section elementor-element elementor-element-a33c3e4 elementor-section-boxed elementor-section-height-default elementor-section-height-default\" data-id=\"a33c3e4\" data-element_type=\"section\" data-e-type=\"section\">\n\t\t\t\t\t\t<div class=\"elementor-container elementor-column-gap-default\">\n\t\t\t\t\t<div class=\"elementor-column elementor-col-50 elementor-inner-column elementor-element elementor-element-0929e2c\" data-id=\"0929e2c\" data-element_type=\"column\" data-e-type=\"column\">\n\t\t\t<div class=\"elementor-widget-wrap\">\n\t\t\t\t\t\t\t<\/div>\n\t\t<\/div>\n\t\t\t\t<div class=\"elementor-column elementor-col-50 elementor-inner-column elementor-element elementor-element-2b8c105\" data-id=\"2b8c105\" data-element_type=\"column\" data-e-type=\"column\">\n\t\t\t<div class=\"elementor-widget-wrap\">\n\t\t\t\t\t\t\t<\/div>\n\t\t<\/div>\n\t\t\t\t\t<\/div>\n\t\t<\/section>\n\t\t\t\t<section class=\"elementor-section elementor-inner-section elementor-element elementor-element-35af7e4 elementor-section-boxed elementor-section-height-default elementor-section-height-default\" data-id=\"35af7e4\" data-element_type=\"section\" data-e-type=\"section\">\n\t\t\t\t\t\t<div class=\"elementor-container elementor-column-gap-default\">\n\t\t\t\t\t<div class=\"elementor-column elementor-col-50 elementor-inner-column elementor-element elementor-element-58c2de0\" data-id=\"58c2de0\" data-element_type=\"column\" data-e-type=\"column\">\n\t\t\t<div class=\"elementor-widget-wrap\">\n\t\t\t\t\t\t\t<\/div>\n\t\t<\/div>\n\t\t\t\t<div class=\"elementor-column elementor-col-50 elementor-inner-column elementor-element elementor-element-fc81935\" data-id=\"fc81935\" data-element_type=\"column\" data-e-type=\"column\">\n\t\t\t<div class=\"elementor-widget-wrap\">\n\t\t\t\t\t\t\t<\/div>\n\t\t<\/div>\n\t\t\t\t\t<\/div>\n\t\t<\/section>\n\t\t\t\t\t<\/div>\n\t\t<\/div>\n\t\t\t\t\t<\/div>\n\t\t<\/section>\n\t\t\t\t<\/div>\n\t\t","protected":false},"excerpt":{"rendered":"<p>Origin\u00e1rio do Latim, o conceito\u00a0lato sensu\u00a0significa \u201cem sentido amplo\u201d, isto \u00e9, uma especializa\u00e7\u00e3o ou MBA (Master in Business Administration) que segue um determinado tema espec\u00edfico de uma \u00e1rea. Geralmente, as especializa\u00e7\u00f5es podem ser cursadas na \u00e1rea de gradua\u00e7\u00e3o do aluno ou em outras. Por outro lado, no MBA, o intuito \u00e9 se especializar em \u00e1reas &hellip; <\/p>\n<p class=\"link-more\"><a href=\"https:\/\/utfpr.curitiba.br\/dagee\/lato-sensu\/\" class=\"more-link\">Continue lendo<span class=\"screen-reader-text\"> &#8220;Lato Sensu&#8221;<\/span><\/a><\/p>\n","protected":false},"author":5,"featured_media":0,"parent":0,"menu_order":0,"comment_status":"closed","ping_status":"closed","template":"","meta":{"footnotes":""},"class_list":["post-3161","page","type-page","status-publish","hentry"],"_links":{"self":[{"href":"https:\/\/utfpr.curitiba.br\/dagee\/wp-json\/wp\/v2\/pages\/3161","targetHints":{"allow":["GET"]}}],"collection":[{"href":"https:\/\/utfpr.curitiba.br\/dagee\/wp-json\/wp\/v2\/pages"}],"about":[{"href":"https:\/\/utfpr.curitiba.br\/dagee\/wp-json\/wp\/v2\/types\/page"}],"author":[{"embeddable":true,"href":"https:\/\/utfpr.curitiba.br\/dagee\/wp-json\/wp\/v2\/users\/5"}],"replies":[{"embeddable":true,"href":"https:\/\/utfpr.curitiba.br\/dagee\/wp-json\/wp\/v2\/comments?post=3161"}],"version-history":[{"count":8,"href":"https:\/\/utfpr.curitiba.br\/dagee\/wp-json\/wp\/v2\/pages\/3161\/revisions"}],"predecessor-version":[{"id":4413,"href":"https:\/\/utfpr.curitiba.br\/dagee\/wp-json\/wp\/v2\/pages\/3161\/revisions\/4413"}],"wp:attachment":[{"href":"https:\/\/utfpr.curitiba.br\/dagee\/wp-json\/wp\/v2\/media?parent=3161"}],"curies":[{"name":"wp","href":"https:\/\/api.w.org\/{rel}","templated":true}]}}