{"id":3137,"date":"2018-02-28T16:25:11","date_gmt":"2018-02-28T19:25:11","guid":{"rendered":"http:\/\/blogs.ct.utfpr.edu.br\/dagee\/?page_id=3137"},"modified":"2023-04-19T16:59:41","modified_gmt":"2023-04-19T19:59:41","slug":"mba-em-planejamento-e","status":"publish","type":"page","link":"https:\/\/utfpr.curitiba.br\/dagee\/mba-em-planejamento-e\/","title":{"rendered":"MBA em Planejamento e Governan\u00e7a P\u00fablica"},"content":{"rendered":"\n<p><strong>Modalidade:<\/strong>\u00a0Semipresencial<br><strong>\u00c1rea: <\/strong>Administra\u00e7\u00e3o P\u00fablica<strong><br>Carga hor\u00e1ria:<\/strong>\u00a0360<br><strong>Dura\u00e7\u00e3o:<\/strong>\u00a018 meses<br><strong>Frequ\u00eancia:<\/strong>\u00a0semanal (a cada quinze dias a dist\u00e2ncia intercalado com aulas presenciais)<br><strong>Per\u00edodo:<\/strong>\u00a018 meses<br><strong>Dias em que ocorrem:<\/strong>\u00a0sexta-feira a noite e s\u00e1bado todo o dia<\/p>\n\n\n\n<p><br><strong>Coordenador:<\/strong>\u00a0Christian Luiz da Silva<br><strong>E-mail:<\/strong>\u00a0<a rel=\"noreferrer noopener\" href=\"mailto:christiansilva@utfpr.edu.br\" target=\"_blank\">christiansilva@utfpr.edu.br<br><\/a><strong>Telefone:\u00a0<\/strong>(41) 3310-4611<\/p>\n","protected":false},"excerpt":{"rendered":"<p>Modalidade:\u00a0Semipresencial\u00c1rea: Administra\u00e7\u00e3o P\u00fablicaCarga hor\u00e1ria:\u00a0360Dura\u00e7\u00e3o:\u00a018 mesesFrequ\u00eancia:\u00a0semanal (a cada quinze dias a dist\u00e2ncia intercalado com aulas presenciais)Per\u00edodo:\u00a018 mesesDias em que ocorrem:\u00a0sexta-feira a noite e s\u00e1bado todo o dia Coordenador:\u00a0Christian Luiz da SilvaE-mail:\u00a0christiansilva@utfpr.edu.brTelefone:\u00a0(41) 3310-4611<\/p>\n","protected":false},"author":5,"featured_media":0,"parent":0,"menu_order":0,"comment_status":"closed","ping_status":"closed","template":"","meta":{"footnotes":""},"class_list":["post-3137","page","type-page","status-publish","hentry"],"_links":{"self":[{"href":"https:\/\/utfpr.curitiba.br\/dagee\/wp-json\/wp\/v2\/pages\/3137","targetHints":{"allow":["GET"]}}],"collection":[{"href":"https:\/\/utfpr.curitiba.br\/dagee\/wp-json\/wp\/v2\/pages"}],"about":[{"href":"https:\/\/utfpr.curitiba.br\/dagee\/wp-json\/wp\/v2\/types\/page"}],"author":[{"embeddable":true,"href":"https:\/\/utfpr.curitiba.br\/dagee\/wp-json\/wp\/v2\/users\/5"}],"replies":[{"embeddable":true,"href":"https:\/\/utfpr.curitiba.br\/dagee\/wp-json\/wp\/v2\/comments?post=3137"}],"version-history":[{"count":3,"href":"https:\/\/utfpr.curitiba.br\/dagee\/wp-json\/wp\/v2\/pages\/3137\/revisions"}],"predecessor-version":[{"id":3507,"href":"https:\/\/utfpr.curitiba.br\/dagee\/wp-json\/wp\/v2\/pages\/3137\/revisions\/3507"}],"wp:attachment":[{"href":"https:\/\/utfpr.curitiba.br\/dagee\/wp-json\/wp\/v2\/media?parent=3137"}],"curies":[{"name":"wp","href":"https:\/\/api.w.org\/{rel}","templated":true}]}}