{"id":3048,"date":"2017-03-12T17:57:49","date_gmt":"2017-03-12T20:57:49","guid":{"rendered":"http:\/\/blogs.ct.utfpr.edu.br\/dagee\/?page_id=3048"},"modified":"2024-03-12T09:35:30","modified_gmt":"2024-03-12T12:35:30","slug":"pos-graduacao","status":"publish","type":"page","link":"https:\/\/utfpr.curitiba.br\/dagee\/pos-graduacao\/","title":{"rendered":"P\u00d3S- GRADUA\u00c7\u00c3O"},"content":{"rendered":"\t\t<div data-elementor-type=\"wp-page\" data-elementor-id=\"3048\" class=\"elementor elementor-3048\">\n\t\t\t\t\t\t<section class=\"elementor-section elementor-top-section elementor-element elementor-element-4cde25e4 elementor-section-boxed elementor-section-height-default elementor-section-height-default\" data-id=\"4cde25e4\" data-element_type=\"section\" data-e-type=\"section\">\n\t\t\t\t\t\t<div class=\"elementor-container elementor-column-gap-default\">\n\t\t\t\t\t<div class=\"elementor-column elementor-col-100 elementor-top-column elementor-element elementor-element-41af2ece\" data-id=\"41af2ece\" data-element_type=\"column\" data-e-type=\"column\">\n\t\t\t<div class=\"elementor-widget-wrap elementor-element-populated\">\n\t\t\t\t\t\t<div class=\"elementor-element elementor-element-1b62d60 elementor-widget elementor-widget-text-editor\" data-id=\"1b62d60\" data-element_type=\"widget\" data-e-type=\"widget\" data-widget_type=\"text-editor.default\">\n\t\t\t\t<div class=\"elementor-widget-container\">\n\t\t\t\t\t\t\t\t\t\n<figure class=\"wp-block-image size-large\"><img fetchpriority=\"high\" decoding=\"async\" width=\"1024\" height=\"225\" src=\"https:\/\/utfpr-ct-static-content.s3.amazonaws.com\/utfpr.curitiba.br\/wp-content\/uploads\/sites\/64\/2023\/05\/POSdagee-1024x225.png\" alt=\"\" class=\"wp-image-3889\" srcset=\"https:\/\/utfpr-ct-static-content.s3.amazonaws.com\/utfpr.curitiba.br\/wp-content\/uploads\/sites\/64\/2023\/05\/POSdagee-1024x225.png 1024w, https:\/\/utfpr-ct-static-content.s3.amazonaws.com\/utfpr.curitiba.br\/wp-content\/uploads\/sites\/64\/2023\/05\/POSdagee-300x66.png 300w, https:\/\/utfpr-ct-static-content.s3.amazonaws.com\/utfpr.curitiba.br\/wp-content\/uploads\/sites\/64\/2023\/05\/POSdagee-768x169.png 768w, https:\/\/utfpr-ct-static-content.s3.amazonaws.com\/utfpr.curitiba.br\/wp-content\/uploads\/sites\/64\/2023\/05\/POSdagee-1536x338.png 1536w, https:\/\/utfpr-ct-static-content.s3.amazonaws.com\/utfpr.curitiba.br\/wp-content\/uploads\/sites\/64\/2023\/05\/POSdagee-2048x451.png 2048w\" sizes=\"(max-width: 706px) 89vw, (max-width: 767px) 82vw, 740px\" \/><\/figure>\n\n\n\n<p>Por defini\u00e7\u00e3o, &#8220;P\u00f3s-Gradua\u00e7\u00e3o&#8221; \u00e9 o grau ou forma\u00e7\u00e3o superior e acad\u00eamica destinada a pessoas que j\u00e1 conclu\u00edram o curso de gradua\u00e7\u00e3o. No Brasil, o mestrado, o doutorado, a especializa\u00e7\u00e3o e o aperfei\u00e7oamento s\u00e3o considerados cursos de p\u00f3s-gradua\u00e7\u00e3o.<\/p>\n\n\n\n<p>De acodo com o Minist\u00e9rio da Educa\u00e7\u00e3o, a p\u00f3s-gradua\u00e7\u00e3o pode ser classificada como Lato Sensu (&#8220;sentido amplo&#8221;) ou Stricto Sensu (&#8220;em sentido espec\u00edfico&#8221;).<\/p>\n\n\n\n<p>As p\u00f3s-gradua\u00e7\u00f5es lato sensu compreendem programas de especializa\u00e7\u00e3o e incluem os cursos designados como MBA (Master Business Administration). Com dura\u00e7\u00e3o m\u00ednima de 360 horas, ao final do curso o aluno obter\u00e1 certificado e n\u00e3o diploma. Ademais, s\u00e3o abertos a candidatos diplomados em cursos superiores e que atendam \u00e0s exig\u00eancias das institui\u00e7\u00f5es de ensino \u2013 Art. 44, III, Lei n\u00ba 9.394\/1996.<\/p>\n\n\n\n<p>As p\u00f3s-gradua\u00e7\u00f5es stricto sensu compreendem programas de mestrado e doutorado abertos a candidatos diplomados em cursos superiores de gradua\u00e7\u00e3o e que atendam \u00e0s exig\u00eancias das institui\u00e7\u00f5es de ensino e ao edital de sele\u00e7\u00e3o dos alunos (Art. 44, III, Lei n\u00ba 9.394\/1996). Ao final do curso o aluno obter\u00e1 diploma.<\/p>\n\t\t\t\t\t\t\t\t<\/div>\n\t\t\t\t<\/div>\n\t\t\t\t\t<\/div>\n\t\t<\/div>\n\t\t\t\t\t<\/div>\n\t\t<\/section>\n\t\t\t\t<section class=\"elementor-section elementor-top-section elementor-element elementor-element-ffdeacc elementor-section-boxed elementor-section-height-default elementor-section-height-default\" data-id=\"ffdeacc\" data-element_type=\"section\" data-e-type=\"section\">\n\t\t\t\t\t\t<div class=\"elementor-container elementor-column-gap-default\">\n\t\t\t\t\t<div class=\"elementor-column elementor-col-100 elementor-top-column elementor-element elementor-element-4707100\" data-id=\"4707100\" data-element_type=\"column\" data-e-type=\"column\">\n\t\t\t<div class=\"elementor-widget-wrap elementor-element-populated\">\n\t\t\t\t\t\t<div class=\"elementor-element elementor-element-263000e elementor-widget elementor-widget-spacer\" data-id=\"263000e\" data-element_type=\"widget\" data-e-type=\"widget\" data-widget_type=\"spacer.default\">\n\t\t\t\t<div class=\"elementor-widget-container\">\n\t\t\t\t\t\t\t<div class=\"elementor-spacer\">\n\t\t\t<div class=\"elementor-spacer-inner\"><\/div>\n\t\t<\/div>\n\t\t\t\t\t\t<\/div>\n\t\t\t\t<\/div>\n\t\t\t\t<div class=\"elementor-element elementor-element-4c33605 elementor-widget elementor-widget-heading\" data-id=\"4c33605\" data-element_type=\"widget\" data-e-type=\"widget\" data-widget_type=\"heading.default\">\n\t\t\t\t<div class=\"elementor-widget-container\">\n\t\t\t\t\t<h2 class=\"elementor-heading-title elementor-size-default\">Saiba mais<\/h2>\t\t\t\t<\/div>\n\t\t\t\t<\/div>\n\t\t\t\t<section class=\"elementor-section elementor-inner-section elementor-element elementor-element-7046003 elementor-section-boxed elementor-section-height-default elementor-section-height-default\" data-id=\"7046003\" data-element_type=\"section\" data-e-type=\"section\">\n\t\t\t\t\t\t<div class=\"elementor-container elementor-column-gap-default\">\n\t\t\t\t\t<div class=\"elementor-column elementor-col-50 elementor-inner-column elementor-element elementor-element-c3c1b9f\" data-id=\"c3c1b9f\" data-element_type=\"column\" data-e-type=\"column\">\n\t\t\t<div class=\"elementor-widget-wrap\">\n\t\t\t\t\t\t\t<\/div>\n\t\t<\/div>\n\t\t\t\t<div class=\"elementor-column elementor-col-50 elementor-inner-column elementor-element elementor-element-72c0d31\" data-id=\"72c0d31\" data-element_type=\"column\" data-e-type=\"column\">\n\t\t\t<div class=\"elementor-widget-wrap\">\n\t\t\t\t\t\t\t<\/div>\n\t\t<\/div>\n\t\t\t\t\t<\/div>\n\t\t<\/section>\n\t\t\t\t\t<\/div>\n\t\t<\/div>\n\t\t\t\t\t<\/div>\n\t\t<\/section>\n\t\t\t\t<\/div>\n\t\t","protected":false},"excerpt":{"rendered":"<p>Por defini\u00e7\u00e3o, &#8220;P\u00f3s-Gradua\u00e7\u00e3o&#8221; \u00e9 o grau ou forma\u00e7\u00e3o superior e acad\u00eamica destinada a pessoas que j\u00e1 conclu\u00edram o curso de gradua\u00e7\u00e3o. No Brasil, o mestrado, o doutorado, a especializa\u00e7\u00e3o e o aperfei\u00e7oamento s\u00e3o considerados cursos de p\u00f3s-gradua\u00e7\u00e3o. De acodo com o Minist\u00e9rio da Educa\u00e7\u00e3o, a p\u00f3s-gradua\u00e7\u00e3o pode ser classificada como Lato Sensu (&#8220;sentido amplo&#8221;) ou &hellip; <\/p>\n<p class=\"link-more\"><a href=\"https:\/\/utfpr.curitiba.br\/dagee\/pos-graduacao\/\" class=\"more-link\">Continue lendo<span class=\"screen-reader-text\"> &#8220;P\u00d3S- GRADUA\u00c7\u00c3O&#8221;<\/span><\/a><\/p>\n","protected":false},"author":5,"featured_media":0,"parent":0,"menu_order":0,"comment_status":"closed","ping_status":"closed","template":"","meta":{"footnotes":""},"class_list":["post-3048","page","type-page","status-publish","hentry"],"_links":{"self":[{"href":"https:\/\/utfpr.curitiba.br\/dagee\/wp-json\/wp\/v2\/pages\/3048","targetHints":{"allow":["GET"]}}],"collection":[{"href":"https:\/\/utfpr.curitiba.br\/dagee\/wp-json\/wp\/v2\/pages"}],"about":[{"href":"https:\/\/utfpr.curitiba.br\/dagee\/wp-json\/wp\/v2\/types\/page"}],"author":[{"embeddable":true,"href":"https:\/\/utfpr.curitiba.br\/dagee\/wp-json\/wp\/v2\/users\/5"}],"replies":[{"embeddable":true,"href":"https:\/\/utfpr.curitiba.br\/dagee\/wp-json\/wp\/v2\/comments?post=3048"}],"version-history":[{"count":7,"href":"https:\/\/utfpr.curitiba.br\/dagee\/wp-json\/wp\/v2\/pages\/3048\/revisions"}],"predecessor-version":[{"id":4410,"href":"https:\/\/utfpr.curitiba.br\/dagee\/wp-json\/wp\/v2\/pages\/3048\/revisions\/4410"}],"wp:attachment":[{"href":"https:\/\/utfpr.curitiba.br\/dagee\/wp-json\/wp\/v2\/media?parent=3048"}],"curies":[{"name":"wp","href":"https:\/\/api.w.org\/{rel}","templated":true}]}}