{"id":3038,"date":"2017-03-12T15:12:47","date_gmt":"2017-03-12T18:12:47","guid":{"rendered":"http:\/\/blogs.ct.utfpr.edu.br\/dagee\/?page_id=3038"},"modified":"2023-05-09T16:57:54","modified_gmt":"2023-05-09T19:57:54","slug":"gestao-financeira","status":"publish","type":"page","link":"https:\/\/utfpr.curitiba.br\/dagee\/gestao-financeira\/","title":{"rendered":"MBA em Gest\u00e3o Financeira"},"content":{"rendered":"\n<figure class=\"wp-block-image size-large\"><img fetchpriority=\"high\" decoding=\"async\" width=\"1024\" height=\"531\" src=\"https:\/\/utfpr-ct-static-content.s3.amazonaws.com\/utfpr.curitiba.br\/wp-content\/uploads\/sites\/64\/2023\/05\/MBA-em-Financas-1024x531.png\" alt=\"\" class=\"wp-image-3886\" srcset=\"https:\/\/utfpr-ct-static-content.s3.amazonaws.com\/utfpr.curitiba.br\/wp-content\/uploads\/sites\/64\/2023\/05\/MBA-em-Financas-1024x531.png 1024w, https:\/\/utfpr-ct-static-content.s3.amazonaws.com\/utfpr.curitiba.br\/wp-content\/uploads\/sites\/64\/2023\/05\/MBA-em-Financas-300x156.png 300w, https:\/\/utfpr-ct-static-content.s3.amazonaws.com\/utfpr.curitiba.br\/wp-content\/uploads\/sites\/64\/2023\/05\/MBA-em-Financas-768x399.png 768w, https:\/\/utfpr-ct-static-content.s3.amazonaws.com\/utfpr.curitiba.br\/wp-content\/uploads\/sites\/64\/2023\/05\/MBA-em-Financas-1536x797.png 1536w, https:\/\/utfpr-ct-static-content.s3.amazonaws.com\/utfpr.curitiba.br\/wp-content\/uploads\/sites\/64\/2023\/05\/MBA-em-Financas-2048x1063.png 2048w\" sizes=\"(max-width: 706px) 89vw, (max-width: 767px) 82vw, 740px\" \/><\/figure>\n\n\n\n<p>Este curso \u00e9 destinado aqueles que buscam um processo de melhoria cont\u00ednua, bem como de excel\u00eancia pessoal e profissional.<\/p>\n\n\n\n<p><\/p>\n\n\n\n<p>Secret\u00e1rio &#8211; Carlos Alexandre Becker<\/p>\n\n\n\n<p>Fone: (41) 3310-4820<\/p>\n\n\n\n<p>carlosbecker@utfpr.edu.br  <\/p>\n\n\n\n<p><\/p>\n\n\n\n<p>Coordenador &#8211; Prof. Dr. Ant\u00f4nio Barbosa Lemes J\u00fanior<\/p>\n\n\n\n<p>Fone: (41) 9 9186-1868<\/p>\n\n\n\n<p>antoniobarbosa.lemes@gmail.com<\/p>\n\n\n\n<p><\/p>\n","protected":false},"excerpt":{"rendered":"<p>Este curso \u00e9 destinado aqueles que buscam um processo de melhoria cont\u00ednua, bem como de excel\u00eancia pessoal e profissional. Secret\u00e1rio &#8211; Carlos Alexandre Becker Fone: (41) 3310-4820 carlosbecker@utfpr.edu.br Coordenador &#8211; Prof. Dr. Ant\u00f4nio Barbosa Lemes J\u00fanior Fone: (41) 9 9186-1868 antoniobarbosa.lemes@gmail.com<\/p>\n","protected":false},"author":5,"featured_media":0,"parent":0,"menu_order":0,"comment_status":"closed","ping_status":"closed","template":"","meta":{"footnotes":""},"class_list":["post-3038","page","type-page","status-publish","hentry"],"_links":{"self":[{"href":"https:\/\/utfpr.curitiba.br\/dagee\/wp-json\/wp\/v2\/pages\/3038","targetHints":{"allow":["GET"]}}],"collection":[{"href":"https:\/\/utfpr.curitiba.br\/dagee\/wp-json\/wp\/v2\/pages"}],"about":[{"href":"https:\/\/utfpr.curitiba.br\/dagee\/wp-json\/wp\/v2\/types\/page"}],"author":[{"embeddable":true,"href":"https:\/\/utfpr.curitiba.br\/dagee\/wp-json\/wp\/v2\/users\/5"}],"replies":[{"embeddable":true,"href":"https:\/\/utfpr.curitiba.br\/dagee\/wp-json\/wp\/v2\/comments?post=3038"}],"version-history":[{"count":6,"href":"https:\/\/utfpr.curitiba.br\/dagee\/wp-json\/wp\/v2\/pages\/3038\/revisions"}],"predecessor-version":[{"id":3888,"href":"https:\/\/utfpr.curitiba.br\/dagee\/wp-json\/wp\/v2\/pages\/3038\/revisions\/3888"}],"wp:attachment":[{"href":"https:\/\/utfpr.curitiba.br\/dagee\/wp-json\/wp\/v2\/media?parent=3038"}],"curies":[{"name":"wp","href":"https:\/\/api.w.org\/{rel}","templated":true}]}}