{"id":2313,"date":"2015-03-02T11:46:46","date_gmt":"2015-03-02T14:46:46","guid":{"rendered":"http:\/\/themes.muffingroup.com\/be\/university\/?page_id=2313"},"modified":"2025-05-14T13:06:10","modified_gmt":"2025-05-14T16:06:10","slug":"contact","status":"publish","type":"page","link":"https:\/\/utfpr.curitiba.br\/dagee\/contact\/","title":{"rendered":"CONTATOS"},"content":{"rendered":"\n<p class=\"has-text-align-left\"><p>Endere\u00e7o Dagee: Av Sete de Setembro, 3165, Curitiba, PR, Brazil, 80230901<\/p><\/p>\n\n\n\n<p class=\"has-text-align-left\"><p>E-mail: dagee-ct@utfpr.edu.br<\/p><\/p>\n\n\n\n<p class=\"has-text-align-left\"><p>E-mail coordena\u00e7\u00e3o Bacharelado em Administra\u00e7\u00e3o &#8211; Campus Curitiba: <a href=\"mailto:coadm-ct@utfpr.edu.br\">coadm-ct@utfpr.edu.br<\/a><\/p><\/p>\n\n\n\n<p class=\"has-text-align-left\"><p>Telefones coordena\u00e7\u00e3o Bacharelado Curitiba: (41) 3310-4665<\/p><\/p>\n\n\n\n<p>&nbsp;<\/p>\n\n\n\n<p>E-MAILS DOCENTES<\/p>\n\n\n\n<p><p>Lista de e-mail e cargos dos professores do Dagee:<\/p><\/p>\n\n\n\n<p><\/p>\n\n\n\n<div data-wp-interactive=\"core\/file\" class=\"wp-block-file\"><object data-wp-bind--hidden=\"!state.hasPdfPreview\" hidden class=\"wp-block-file__embed\" data=\"https:\/\/utfpr-ct-static-content.s3.amazonaws.com\/utfpr.curitiba.br\/wp-content\/uploads\/sites\/64\/2025\/05\/Tabela-com-e-mails-professores-completa-2025.pdf\" type=\"application\/pdf\" style=\"width:100%;height:600px\" aria-label=\"Incorporado de Tabela com e-mails professores completa - 2025.\"><\/object><a id=\"wp-block-file--media-80891ee2-64c4-49c1-a5df-d9bb63dfc2ab\" href=\"https:\/\/utfpr-ct-static-content.s3.amazonaws.com\/utfpr.curitiba.br\/wp-content\/uploads\/sites\/64\/2025\/05\/Tabela-com-e-mails-professores-completa-2025.pdf\" target=\"_blank\" rel=\"noreferrer noopener\">Tabela com e-mails professores completa &#8211; 2025<\/a><a href=\"https:\/\/utfpr-ct-static-content.s3.amazonaws.com\/utfpr.curitiba.br\/wp-content\/uploads\/sites\/64\/2025\/05\/Tabela-com-e-mails-professores-completa-2025.pdf\" class=\"wp-block-file__button wp-element-button\" download aria-describedby=\"wp-block-file--media-80891ee2-64c4-49c1-a5df-d9bb63dfc2ab\">Baixar<\/a><\/div>\n\n\n\n<h2 class=\"wp-block-heading\">SITES<\/h2>\n\n\n\n<p>Site Curso Bacharelado em Administra\u00e7\u00e3o UTFPR: <a href=\"http:\/\/www.utfpr.edu.br\/cursos\/graduacao\/bacharelado\/administracao\" target=\"_blank\" rel=\"noreferrer noopener\">http:\/\/www.utfpr.edu.br\/cursos\/graduacao\/bacharelado\/administracao<\/a><\/p>\n\n\n\n<p>Site MBA &#8211; Gest\u00e3o Empresarial: <a href=\"https:\/\/utfpr.curitiba.br\/mbagestaoempresarial\/\" target=\"_blank\" rel=\"noreferrer noopener\">https:\/\/utfpr.curitiba.br\/mbagestaoempresarial\/<\/a><\/p>\n\n\n\n<p>Site PPGA Curitiba: <a href=\"http:\/\/www.utfpr.edu.br\/cursos\/mestrado-e-doutorado\/ppga\" target=\"_blank\" rel=\"noreferrer noopener\">http:\/\/www.utfpr.edu.br\/cursos\/mestrado-e-doutorado\/ppga<\/a><\/p>\n\n\n\n<p>Site Stricto Sensu PPGPGP: <a href=\"http:\/\/www.utfpr.edu.br\/cursos\/coordenacoes\/stricto-sensu\/pgp\" target=\"_blank\" rel=\"noreferrer noopener\">http:\/\/www.utfpr.edu.br\/cursos\/coordenacoes\/stricto-sensu\/pgp<\/a><\/p>\n\n\n\n<h2 class=\"wp-block-heading\">REDES SOCIAIS<\/h2>\n\n\n\n<p>Facebook: DAGEE &#8211; Escola de Gest\u00e3o e Economia UTFPR<\/p>\n\n\n\n<p>Instagram Gradua\u00e7\u00e3o Administra\u00e7\u00e3o UTFPR &#8211; Curitiba: @cursodeadministracaoutfpr<\/p>\n\n\n\n<p>Instagram P\u00f3s-Gradua\u00e7\u00e3o Lato Sensu UTFPR &#8211; FUNTEF &#8211; PR: @pos_utfpr_especializacao<\/p>\n","protected":false},"excerpt":{"rendered":"<p>Endere\u00e7o Dagee: Av Sete de Setembro, 3165, Curitiba, PR, Brazil, 80230901 E-mail: dagee-ct@utfpr.edu.br E-mail coordena\u00e7\u00e3o Bacharelado em Administra\u00e7\u00e3o &#8211; Campus Curitiba: coadm-ct@utfpr.edu.br Telefones coordena\u00e7\u00e3o Bacharelado Curitiba: (41) 3310-4665 &nbsp; E-MAILS DOCENTES Lista de e-mail e cargos dos professores do Dagee: SITES Site Curso Bacharelado em Administra\u00e7\u00e3o UTFPR: http:\/\/www.utfpr.edu.br\/cursos\/graduacao\/bacharelado\/administracao Site MBA &#8211; Gest\u00e3o Empresarial: https:\/\/utfpr.curitiba.br\/mbagestaoempresarial\/ Site &hellip; <\/p>\n<p class=\"link-more\"><a href=\"https:\/\/utfpr.curitiba.br\/dagee\/contact\/\" class=\"more-link\">Continue lendo<span class=\"screen-reader-text\"> &#8220;CONTATOS&#8221;<\/span><\/a><\/p>\n","protected":false},"author":5,"featured_media":0,"parent":0,"menu_order":0,"comment_status":"closed","ping_status":"closed","template":"","meta":{"footnotes":""},"class_list":["post-2313","page","type-page","status-publish","hentry"],"_links":{"self":[{"href":"https:\/\/utfpr.curitiba.br\/dagee\/wp-json\/wp\/v2\/pages\/2313","targetHints":{"allow":["GET"]}}],"collection":[{"href":"https:\/\/utfpr.curitiba.br\/dagee\/wp-json\/wp\/v2\/pages"}],"about":[{"href":"https:\/\/utfpr.curitiba.br\/dagee\/wp-json\/wp\/v2\/types\/page"}],"author":[{"embeddable":true,"href":"https:\/\/utfpr.curitiba.br\/dagee\/wp-json\/wp\/v2\/users\/5"}],"replies":[{"embeddable":true,"href":"https:\/\/utfpr.curitiba.br\/dagee\/wp-json\/wp\/v2\/comments?post=2313"}],"version-history":[{"count":31,"href":"https:\/\/utfpr.curitiba.br\/dagee\/wp-json\/wp\/v2\/pages\/2313\/revisions"}],"predecessor-version":[{"id":4855,"href":"https:\/\/utfpr.curitiba.br\/dagee\/wp-json\/wp\/v2\/pages\/2313\/revisions\/4855"}],"wp:attachment":[{"href":"https:\/\/utfpr.curitiba.br\/dagee\/wp-json\/wp\/v2\/media?parent=2313"}],"curies":[{"name":"wp","href":"https:\/\/api.w.org\/{rel}","templated":true}]}}