{"id":2311,"date":"2015-03-02T11:46:37","date_gmt":"2015-03-02T11:46:37","guid":{"rendered":"http:\/\/themes.muffingroup.com\/be\/university\/?page_id=2311"},"modified":"2024-03-12T10:17:15","modified_gmt":"2024-03-12T13:17:15","slug":"courses","status":"publish","type":"page","link":"https:\/\/utfpr.curitiba.br\/dagee\/courses\/","title":{"rendered":"CURSOS"},"content":{"rendered":"\t\t<div data-elementor-type=\"wp-page\" data-elementor-id=\"2311\" class=\"elementor elementor-2311\">\n\t\t\t\t\t\t<section class=\"elementor-section elementor-top-section elementor-element elementor-element-2d9012b0 elementor-section-boxed elementor-section-height-default elementor-section-height-default\" data-id=\"2d9012b0\" data-element_type=\"section\" data-e-type=\"section\">\n\t\t\t\t\t\t<div class=\"elementor-container elementor-column-gap-default\">\n\t\t\t\t\t<div class=\"elementor-column elementor-col-100 elementor-top-column elementor-element elementor-element-5a9dfb5d\" data-id=\"5a9dfb5d\" data-element_type=\"column\" data-e-type=\"column\">\n\t\t\t<div class=\"elementor-widget-wrap elementor-element-populated\">\n\t\t\t\t\t\t<div class=\"elementor-element elementor-element-57acf1f elementor-widget elementor-widget-text-editor\" data-id=\"57acf1f\" data-element_type=\"widget\" data-e-type=\"widget\" data-widget_type=\"text-editor.default\">\n\t\t\t\t<div class=\"elementor-widget-container\">\n\t\t\t\t\t\t\t\t\t\n<p>A Escola de Gest\u00e3o e Economia da UTFPR atende \u00e0 demanda do mercado e \u00e0 evolu\u00e7\u00e3o do ensino voltado \u00e0 administra\u00e7\u00e3o, o Dagee atualmente oferece os seguintes cursos:<\/p>\n\n\n\n<ul class=\"wp-block-list\"><li>Bacharelado em Administra\u00e7\u00e3o<\/li><li>P\u00f3s-Gradua\u00e7\u00e3o em Gest\u00e3o Financeira<\/li><li>MBA em Gest\u00e3o Empresarial<\/li><li>MBA em Gest\u00e3o Financeira<\/li><li>MBA em Marketing<\/li><li>MBA em Planejamento e Governan\u00e7a P\u00fablica<\/li><li>Mestrado em Administra\u00e7\u00e3o<\/li><li>Programa de P\u00f3s-Gradua\u00e7\u00e3o em Administra\u00e7\u00e3o<\/li><li>Programa de P\u00f3s-Gradua\u00e7\u00e3o em Planejamento e Governan\u00e7a P\u00fablica<\/li><\/ul>\n\t\t\t\t\t\t\t\t<\/div>\n\t\t\t\t<\/div>\n\t\t\t\t\t<\/div>\n\t\t<\/div>\n\t\t\t\t\t<\/div>\n\t\t<\/section>\n\t\t\t\t<section class=\"elementor-section elementor-top-section elementor-element elementor-element-fb88b52 elementor-section-boxed elementor-section-height-default elementor-section-height-default\" data-id=\"fb88b52\" data-element_type=\"section\" data-e-type=\"section\">\n\t\t\t\t\t\t<div class=\"elementor-container elementor-column-gap-default\">\n\t\t\t\t\t<div class=\"elementor-column elementor-col-100 elementor-top-column elementor-element elementor-element-653e1a6\" data-id=\"653e1a6\" data-element_type=\"column\" data-e-type=\"column\">\n\t\t\t<div class=\"elementor-widget-wrap elementor-element-populated\">\n\t\t\t\t\t\t<div class=\"elementor-element elementor-element-717192d elementor-widget elementor-widget-spacer\" data-id=\"717192d\" data-element_type=\"widget\" data-e-type=\"widget\" data-widget_type=\"spacer.default\">\n\t\t\t\t<div class=\"elementor-widget-container\">\n\t\t\t\t\t\t\t<div class=\"elementor-spacer\">\n\t\t\t<div class=\"elementor-spacer-inner\"><\/div>\n\t\t<\/div>\n\t\t\t\t\t\t<\/div>\n\t\t\t\t<\/div>\n\t\t\t\t<div class=\"elementor-element elementor-element-3ebd685 elementor-widget elementor-widget-heading\" data-id=\"3ebd685\" data-element_type=\"widget\" data-e-type=\"widget\" data-widget_type=\"heading.default\">\n\t\t\t\t<div class=\"elementor-widget-container\">\n\t\t\t\t\t<h2 class=\"elementor-heading-title elementor-size-default\">Saiba mais<\/h2>\t\t\t\t<\/div>\n\t\t\t\t<\/div>\n\t\t\t\t<section class=\"elementor-section elementor-inner-section elementor-element elementor-element-0cce948 elementor-section-boxed elementor-section-height-default elementor-section-height-default\" data-id=\"0cce948\" data-element_type=\"section\" data-e-type=\"section\">\n\t\t\t\t\t\t<div class=\"elementor-container elementor-column-gap-default\">\n\t\t\t\t\t<div class=\"elementor-column elementor-col-50 elementor-inner-column elementor-element elementor-element-3392ae0\" data-id=\"3392ae0\" data-element_type=\"column\" data-e-type=\"column\">\n\t\t\t<div class=\"elementor-widget-wrap\">\n\t\t\t\t\t\t\t<\/div>\n\t\t<\/div>\n\t\t\t\t<div class=\"elementor-column elementor-col-50 elementor-inner-column elementor-element elementor-element-b43d8c5\" data-id=\"b43d8c5\" data-element_type=\"column\" data-e-type=\"column\">\n\t\t\t<div class=\"elementor-widget-wrap\">\n\t\t\t\t\t\t\t<\/div>\n\t\t<\/div>\n\t\t\t\t\t<\/div>\n\t\t<\/section>\n\t\t\t\t\t<\/div>\n\t\t<\/div>\n\t\t\t\t\t<\/div>\n\t\t<\/section>\n\t\t\t\t<\/div>\n\t\t","protected":false},"excerpt":{"rendered":"<p>A Escola de Gest\u00e3o e Economia da UTFPR atende \u00e0 demanda do mercado e \u00e0 evolu\u00e7\u00e3o do ensino voltado \u00e0 administra\u00e7\u00e3o, o Dagee atualmente oferece os seguintes cursos: Bacharelado em Administra\u00e7\u00e3o P\u00f3s-Gradua\u00e7\u00e3o em Gest\u00e3o Financeira MBA em Gest\u00e3o Empresarial MBA em Gest\u00e3o Financeira MBA em Marketing MBA em Planejamento e Governan\u00e7a P\u00fablica Mestrado em Administra\u00e7\u00e3o &hellip; <\/p>\n<p class=\"link-more\"><a href=\"https:\/\/utfpr.curitiba.br\/dagee\/courses\/\" class=\"more-link\">Continue lendo<span class=\"screen-reader-text\"> &#8220;CURSOS&#8221;<\/span><\/a><\/p>\n","protected":false},"author":5,"featured_media":0,"parent":0,"menu_order":0,"comment_status":"closed","ping_status":"open","template":"","meta":{"footnotes":""},"class_list":["post-2311","page","type-page","status-publish","hentry"],"_links":{"self":[{"href":"https:\/\/utfpr.curitiba.br\/dagee\/wp-json\/wp\/v2\/pages\/2311","targetHints":{"allow":["GET"]}}],"collection":[{"href":"https:\/\/utfpr.curitiba.br\/dagee\/wp-json\/wp\/v2\/pages"}],"about":[{"href":"https:\/\/utfpr.curitiba.br\/dagee\/wp-json\/wp\/v2\/types\/page"}],"author":[{"embeddable":true,"href":"https:\/\/utfpr.curitiba.br\/dagee\/wp-json\/wp\/v2\/users\/5"}],"replies":[{"embeddable":true,"href":"https:\/\/utfpr.curitiba.br\/dagee\/wp-json\/wp\/v2\/comments?post=2311"}],"version-history":[{"count":8,"href":"https:\/\/utfpr.curitiba.br\/dagee\/wp-json\/wp\/v2\/pages\/2311\/revisions"}],"predecessor-version":[{"id":4423,"href":"https:\/\/utfpr.curitiba.br\/dagee\/wp-json\/wp\/v2\/pages\/2311\/revisions\/4423"}],"wp:attachment":[{"href":"https:\/\/utfpr.curitiba.br\/dagee\/wp-json\/wp\/v2\/media?parent=2311"}],"curies":[{"name":"wp","href":"https:\/\/api.w.org\/{rel}","templated":true}]}}