{"id":2307,"date":"2015-03-02T11:46:04","date_gmt":"2015-03-02T14:46:04","guid":{"rendered":"http:\/\/themes.muffingroup.com\/be\/university\/?page_id=2307"},"modified":"2024-03-12T10:14:44","modified_gmt":"2024-03-12T13:14:44","slug":"our-university","status":"publish","type":"page","link":"https:\/\/utfpr.curitiba.br\/dagee\/our-university\/","title":{"rendered":"SOBRE O DAGEE"},"content":{"rendered":"\t\t<div data-elementor-type=\"wp-page\" data-elementor-id=\"2307\" class=\"elementor elementor-2307\">\n\t\t\t\t\t\t<section class=\"elementor-section elementor-top-section elementor-element elementor-element-1d34208c elementor-section-boxed elementor-section-height-default elementor-section-height-default\" data-id=\"1d34208c\" data-element_type=\"section\" data-e-type=\"section\">\n\t\t\t\t\t\t<div class=\"elementor-container elementor-column-gap-default\">\n\t\t\t\t\t<div class=\"elementor-column elementor-col-100 elementor-top-column elementor-element elementor-element-3d39a970\" data-id=\"3d39a970\" data-element_type=\"column\" data-e-type=\"column\">\n\t\t\t<div class=\"elementor-widget-wrap elementor-element-populated\">\n\t\t\t\t\t\t<div class=\"elementor-element elementor-element-5d8bbc4f elementor-widget elementor-widget-text-editor\" data-id=\"5d8bbc4f\" data-element_type=\"widget\" data-e-type=\"widget\" data-widget_type=\"text-editor.default\">\n\t\t\t\t<div class=\"elementor-widget-container\">\n\t\t\t\t\t\t\t\t\t\n<p><strong>Escola de Gest\u00e3o e Economia &#8211; UTFPR<\/strong><\/p>\n\n\n\n<p>A Escola de Gest\u00e3o e Economia \u00e9 a marca do Departamento Acad\u00eamico de Gest\u00e3o e Economia (Dagee) da Universidade Tecnol\u00f3gica Federal do Paran\u00e1 (UTFPR) \u2013 Campus Curitiba. Sua finalidade \u00e9 promover maior integra\u00e7\u00e3o e intera\u00e7\u00e3o do conhecimento na \u00e1rea de Gest\u00e3o e Economia. <\/p>\n\n\n\n<p>\u00c9 destacada por compet\u00eancias de profissionais em diferentes \u00e1reas das Ci\u00eancias Sociais Aplicadas, em um ambiente de aprendizado cont\u00ednuo e de busca por novos conhecimentos, para serem disseminados e aplicados em diferentes organiza\u00e7\u00f5es. Al\u00e9m disso, reconhecendo as especificidades e din\u00e2micas das organiza\u00e7\u00f5es p\u00fablicas e privadas, esses profissionais est\u00e3o aptos a perceber e propor metodologias pr\u00f3prias para cada uma dessas realidades. <\/p>\n\n\n\n<p>Atualmente, s\u00e3o mais de 25 professores doutores com especialidades em diversos campos, tais como: controladoria e marketing, economia e pol\u00edticas p\u00fablicas, engenharia de produ\u00e7\u00e3o, finan\u00e7as corporativas e p\u00fablicas, governan\u00e7a p\u00fablica e privada e tecnologias organizacionais. <\/p>\n\n\n\n<p>A Escola disp\u00f5e de uma estrutura de ensino verticalizada, desde a gradua\u00e7\u00e3o em Administra\u00e7\u00e3o, com especializa\u00e7\u00f5es (MBA) em Gest\u00e3o Empresarial, Gest\u00e3o Financeira e Planejamento e Governan\u00e7a P\u00fablica, at\u00e9 os programas de p\u00f3s-gradua\u00e7\u00e3o (mestrados) em Administra\u00e7\u00e3o e Planejamento e Governan\u00e7a P\u00fablica.<\/p>\n\t\t\t\t\t\t\t\t<\/div>\n\t\t\t\t<\/div>\n\t\t\t\t\t<\/div>\n\t\t<\/div>\n\t\t\t\t\t<\/div>\n\t\t<\/section>\n\t\t\t\t<section class=\"elementor-section elementor-top-section elementor-element elementor-element-716d568 elementor-section-boxed elementor-section-height-default elementor-section-height-default\" data-id=\"716d568\" data-element_type=\"section\" data-e-type=\"section\">\n\t\t\t\t\t\t<div class=\"elementor-container elementor-column-gap-default\">\n\t\t\t\t\t<div class=\"elementor-column elementor-col-100 elementor-top-column elementor-element elementor-element-0919c6e\" data-id=\"0919c6e\" data-element_type=\"column\" data-e-type=\"column\">\n\t\t\t<div class=\"elementor-widget-wrap elementor-element-populated\">\n\t\t\t\t\t\t<div class=\"elementor-element elementor-element-d6fe96c elementor-widget elementor-widget-spacer\" data-id=\"d6fe96c\" data-element_type=\"widget\" data-e-type=\"widget\" data-widget_type=\"spacer.default\">\n\t\t\t\t<div class=\"elementor-widget-container\">\n\t\t\t\t\t\t\t<div class=\"elementor-spacer\">\n\t\t\t<div class=\"elementor-spacer-inner\"><\/div>\n\t\t<\/div>\n\t\t\t\t\t\t<\/div>\n\t\t\t\t<\/div>\n\t\t\t\t<div class=\"elementor-element elementor-element-fbd2904 elementor-widget elementor-widget-heading\" data-id=\"fbd2904\" data-element_type=\"widget\" data-e-type=\"widget\" data-widget_type=\"heading.default\">\n\t\t\t\t<div class=\"elementor-widget-container\">\n\t\t\t\t\t<h2 class=\"elementor-heading-title elementor-size-default\">Saiba mais<\/h2>\t\t\t\t<\/div>\n\t\t\t\t<\/div>\n\t\t\t\t<section class=\"elementor-section elementor-inner-section elementor-element elementor-element-507d5cf elementor-section-boxed elementor-section-height-default elementor-section-height-default\" data-id=\"507d5cf\" data-element_type=\"section\" data-e-type=\"section\">\n\t\t\t\t\t\t<div class=\"elementor-container elementor-column-gap-default\">\n\t\t\t\t\t<div class=\"elementor-column elementor-col-50 elementor-inner-column elementor-element elementor-element-42c10dd\" data-id=\"42c10dd\" data-element_type=\"column\" data-e-type=\"column\">\n\t\t\t<div class=\"elementor-widget-wrap\">\n\t\t\t\t\t\t\t<\/div>\n\t\t<\/div>\n\t\t\t\t<div class=\"elementor-column elementor-col-50 elementor-inner-column elementor-element elementor-element-0874c6a\" data-id=\"0874c6a\" data-element_type=\"column\" data-e-type=\"column\">\n\t\t\t<div class=\"elementor-widget-wrap\">\n\t\t\t\t\t\t\t<\/div>\n\t\t<\/div>\n\t\t\t\t\t<\/div>\n\t\t<\/section>\n\t\t\t\t\t<\/div>\n\t\t<\/div>\n\t\t\t\t\t<\/div>\n\t\t<\/section>\n\t\t\t\t<\/div>\n\t\t","protected":false},"excerpt":{"rendered":"<p>Escola de Gest\u00e3o e Economia &#8211; UTFPR A Escola de Gest\u00e3o e Economia \u00e9 a marca do Departamento Acad\u00eamico de Gest\u00e3o e Economia (Dagee) da Universidade Tecnol\u00f3gica Federal do Paran\u00e1 (UTFPR) \u2013 Campus Curitiba. Sua finalidade \u00e9 promover maior integra\u00e7\u00e3o e intera\u00e7\u00e3o do conhecimento na \u00e1rea de Gest\u00e3o e Economia. \u00c9 destacada por compet\u00eancias de &hellip; <\/p>\n<p class=\"link-more\"><a href=\"https:\/\/utfpr.curitiba.br\/dagee\/our-university\/\" class=\"more-link\">Continue lendo<span class=\"screen-reader-text\"> &#8220;SOBRE O DAGEE&#8221;<\/span><\/a><\/p>\n","protected":false},"author":5,"featured_media":0,"parent":0,"menu_order":0,"comment_status":"closed","ping_status":"closed","template":"","meta":{"footnotes":""},"class_list":["post-2307","page","type-page","status-publish","hentry"],"_links":{"self":[{"href":"https:\/\/utfpr.curitiba.br\/dagee\/wp-json\/wp\/v2\/pages\/2307","targetHints":{"allow":["GET"]}}],"collection":[{"href":"https:\/\/utfpr.curitiba.br\/dagee\/wp-json\/wp\/v2\/pages"}],"about":[{"href":"https:\/\/utfpr.curitiba.br\/dagee\/wp-json\/wp\/v2\/types\/page"}],"author":[{"embeddable":true,"href":"https:\/\/utfpr.curitiba.br\/dagee\/wp-json\/wp\/v2\/users\/5"}],"replies":[{"embeddable":true,"href":"https:\/\/utfpr.curitiba.br\/dagee\/wp-json\/wp\/v2\/comments?post=2307"}],"version-history":[{"count":10,"href":"https:\/\/utfpr.curitiba.br\/dagee\/wp-json\/wp\/v2\/pages\/2307\/revisions"}],"predecessor-version":[{"id":4420,"href":"https:\/\/utfpr.curitiba.br\/dagee\/wp-json\/wp\/v2\/pages\/2307\/revisions\/4420"}],"wp:attachment":[{"href":"https:\/\/utfpr.curitiba.br\/dagee\/wp-json\/wp\/v2\/media?parent=2307"}],"curies":[{"name":"wp","href":"https:\/\/api.w.org\/{rel}","templated":true}]}}