{"id":31,"date":"2019-03-25T16:17:46","date_gmt":"2019-03-25T19:17:46","guid":{"rendered":"https:\/\/utfpr.curitiba.br\/daeso\/?page_id=31"},"modified":"2019-03-25T16:23:11","modified_gmt":"2019-03-25T19:23:11","slug":"pesquisa","status":"publish","type":"page","link":"https:\/\/utfpr.curitiba.br\/daeso\/pesquisa\/","title":{"rendered":"Pesquisa"},"content":{"rendered":"\n<h2 class=\"wp-block-heading\">Grupos de Pesquisa e Estudos do DAESO<\/h2>\n\n\n\n<figure class=\"wp-block-image\"><img fetchpriority=\"high\" decoding=\"async\" width=\"851\" height=\"315\" src=\"http:\/\/utfpr-ct-static-content.s3.amazonaws.com\/utfpr.curitiba.br\/wp-content\/uploads\/sites\/8\/2019\/03\/neabi.jpg\" alt=\"\" class=\"wp-image-33\" srcset=\"https:\/\/utfpr-ct-static-content.s3.amazonaws.com\/utfpr.curitiba.br\/wp-content\/uploads\/sites\/8\/2019\/03\/neabi.jpg 851w, https:\/\/utfpr-ct-static-content.s3.amazonaws.com\/utfpr.curitiba.br\/wp-content\/uploads\/sites\/8\/2019\/03\/neabi-300x111.jpg 300w, https:\/\/utfpr-ct-static-content.s3.amazonaws.com\/utfpr.curitiba.br\/wp-content\/uploads\/sites\/8\/2019\/03\/neabi-768x284.jpg 768w\" sizes=\"(max-width: 851px) 100vw, 851px\" \/><\/figure>\n\n\n\n<h2 class=\"wp-block-heading\"><strong>APRESENTA\u00c7\u00c3O<br><\/strong><\/h2>\n\n\n\n<p><em>A cria\u00e7\u00e3o de um n\u00facleo de estudos afro-brasileiros e ind\u00edgenas na UTFPR surgiu em decorr\u00eancia da necessidade de supera\u00e7\u00e3o, atrav\u00e9s de medidas de enfrentamento do racismo, das mazelas derivadas dos quatro s\u00e9culos de escravid\u00e3o criminosa no Brasil. Surgiu ainda da necessidade de subsidiar a pr\u00f3pria UTFPR na implementa\u00e7\u00e3o das diretrizes educacionais voltadas para as rela\u00e7\u00f5es \u00e9tnico-raciais nos curr\u00edculos acad\u00eamicos. Os docentes respons\u00e1veis pela funda\u00e7\u00e3o do NEABI-UTFPR reagia contra a viol\u00eancia racial por meio do aprofundamento e difus\u00e3o da consci\u00eancia negra j\u00e1 antes de 2003. Mais tarde, em 2006, formalizou-se institucionalmente o n\u00facleo.<\/em><\/p>\n\n\n\n<figure class=\"wp-block-image\"><img decoding=\"async\" width=\"1000\" height=\"339\" src=\"http:\/\/utfpr-ct-static-content.s3.amazonaws.com\/utfpr.curitiba.br\/wp-content\/uploads\/sites\/8\/2019\/03\/neabi2.jpg\" alt=\"\" class=\"wp-image-36\" srcset=\"https:\/\/utfpr-ct-static-content.s3.amazonaws.com\/utfpr.curitiba.br\/wp-content\/uploads\/sites\/8\/2019\/03\/neabi2.jpg 1000w, https:\/\/utfpr-ct-static-content.s3.amazonaws.com\/utfpr.curitiba.br\/wp-content\/uploads\/sites\/8\/2019\/03\/neabi2-300x102.jpg 300w, https:\/\/utfpr-ct-static-content.s3.amazonaws.com\/utfpr.curitiba.br\/wp-content\/uploads\/sites\/8\/2019\/03\/neabi2-768x260.jpg 768w\" sizes=\"(max-width: 1000px) 100vw, 1000px\" \/><\/figure>\n\n\n\n<h2 class=\"wp-block-heading\"><strong>OBJETIVOS<br><\/strong><\/h2>\n\n\n\n<p><em>Tendo como objetivo geral contribuir criativamente ao debate da quest\u00e3o do negro e do \u00edndio na sociedade brasileira atual e, consequentemente atender \u00e0s diretrizes educacionais previstas LDB, prop\u00f5e os seguintes objetivos espec\u00edficos:<br><br>1. Reunir pesquisadores de diversas \u00e1reas do conhecimento em uma perspectiva de trabalho interdisciplinar.<br>2. Desenvolver pesquisas geradoras de novos conhecimentos sobre a realidade da di\u00e1spora africana no Brasil, a \u00c1frica e sobre os povos ind\u00edgenas do Brasil.<br>3. Criar e manter programas permanentes de ensino que possam complementar, especializar, avan\u00e7ar e ampliar a forma\u00e7\u00e3o dos professores na tem\u00e1tica estabelecida.<br>4. Divulgar o conhecimento sobre a di\u00e1spora africana no Brasil, a \u00c1frica e sobre os povos ind\u00edgenas do Brasil.<br>5. Realizar interc\u00e2mbios com centros cong\u00eaneres, na \u00e1rea acad\u00eamica, no Brasil, na \u00c1frica e outros pa\u00edses que possuam uma cultura afro e ind\u00edgena.<\/em><\/p>\n\n\n\n<p>FACEBOOK: <a href=\"https:\/\/www.facebook.com\/neabiutfpr\">https:\/\/www.facebook.com\/neabiutfpr<\/a><\/p>\n\n\n\n<p>Blog NEABI UTFPR: <a href=\"https:\/\/neabiutfpr.wordpress.com\/\">https:\/\/neabiutfpr.wordpress.com\/<\/a><\/p>\n\n\n\n<p>E-mail de contato: neabiutfpr@gmail.com<\/p>\n\n\n\n<hr class=\"wp-block-separator\"\/>\n\n\n\n<figure class=\"wp-block-image\"><img decoding=\"async\" width=\"750\" height=\"750\" src=\"http:\/\/utfpr-ct-static-content.s3.amazonaws.com\/utfpr.curitiba.br\/wp-content\/uploads\/sites\/8\/2019\/03\/FEF.jpg\" alt=\"\" class=\"wp-image-37\" srcset=\"https:\/\/utfpr-ct-static-content.s3.amazonaws.com\/utfpr.curitiba.br\/wp-content\/uploads\/sites\/8\/2019\/03\/FEF.jpg 750w, https:\/\/utfpr-ct-static-content.s3.amazonaws.com\/utfpr.curitiba.br\/wp-content\/uploads\/sites\/8\/2019\/03\/FEF-150x150.jpg 150w, https:\/\/utfpr-ct-static-content.s3.amazonaws.com\/utfpr.curitiba.br\/wp-content\/uploads\/sites\/8\/2019\/03\/FEF-300x300.jpg 300w\" sizes=\"(max-width: 750px) 100vw, 750px\" \/><\/figure>\n\n\n\n<h2 class=\"wp-block-heading\"><strong>APRESENTA\u00c7\u00c3O<br><\/strong><\/h2>\n\n\n\n<p><em>Os\u00a0<strong>SEMIN\u00c1RIOS FEF 2016\u00a0<\/strong>visam oportunizar a cria\u00e7\u00e3o, na UTFPR, de um espa\u00e7o permanente de divulga\u00e7\u00e3o e reflex\u00e3o cr\u00edtica acerca de conte\u00fados da tradi\u00e7\u00e3o filos\u00f3fica relevantes para as comunidades interna e externa por meio da difus\u00e3o dos resultados recentes das pesquisas de palestrantes convidados.<br>Objetivam tamb\u00e9m destacar aspectos importantes dos conte\u00fados contemplados em disciplinas da \u00e1rea de Filosofia na Universidade e desenvolver t\u00f3picos usualmente n\u00e3o cotejados nas mesmas.<br>Pretende, assim, ampliar o leque de conhecimentos e de potenciais objetos de pesquisa dispon\u00edveis ao seu corpo discente e projetar a UTFPR, local e regionalmente, como um polo de refer\u00eancia no trabalho em torno da Filosofia e do seu ensino.<\/em><\/p>\n\n\n\n<p>Facebook: <a href=\"https:\/\/www.facebook.com\/filosofia.fef\/\">https:\/\/www.facebook.com\/filosofia.fef\/<\/a><\/p>\n\n\n\n<figure class=\"wp-block-image\"><img decoding=\"async\" src=\"http:\/\/utfpr-ct-static-content.s3.amazonaws.com\/utfpr.curitiba.br\/wp-content\/uploads\/sites\/8\/2019\/03\/fef-evento.jpg\" alt=\"\" class=\"wp-image-38\"\/><\/figure>\n","protected":false},"excerpt":{"rendered":"<p>Grupos de Pesquisa e Estudos do DAESO APRESENTA\u00c7\u00c3O A cria\u00e7\u00e3o de um n\u00facleo de estudos afro-brasileiros e ind\u00edgenas na UTFPR<\/p>\n","protected":false},"author":4,"featured_media":0,"parent":0,"menu_order":0,"comment_status":"closed","ping_status":"closed","template":"","meta":{"colormag_page_container_layout":"default_layout","colormag_page_sidebar_layout":"default_layout","footnotes":""},"class_list":["post-31","page","type-page","status-publish","hentry"],"_links":{"self":[{"href":"https:\/\/utfpr.curitiba.br\/daeso\/wp-json\/wp\/v2\/pages\/31","targetHints":{"allow":["GET"]}}],"collection":[{"href":"https:\/\/utfpr.curitiba.br\/daeso\/wp-json\/wp\/v2\/pages"}],"about":[{"href":"https:\/\/utfpr.curitiba.br\/daeso\/wp-json\/wp\/v2\/types\/page"}],"author":[{"embeddable":true,"href":"https:\/\/utfpr.curitiba.br\/daeso\/wp-json\/wp\/v2\/users\/4"}],"replies":[{"embeddable":true,"href":"https:\/\/utfpr.curitiba.br\/daeso\/wp-json\/wp\/v2\/comments?post=31"}],"version-history":[{"count":3,"href":"https:\/\/utfpr.curitiba.br\/daeso\/wp-json\/wp\/v2\/pages\/31\/revisions"}],"predecessor-version":[{"id":39,"href":"https:\/\/utfpr.curitiba.br\/daeso\/wp-json\/wp\/v2\/pages\/31\/revisions\/39"}],"wp:attachment":[{"href":"https:\/\/utfpr.curitiba.br\/daeso\/wp-json\/wp\/v2\/media?parent=31"}],"curies":[{"name":"wp","href":"https:\/\/api.w.org\/{rel}","templated":true}]}}